{"id":132,"date":"2013-11-01T20:39:49","date_gmt":"2013-11-01T19:39:49","guid":{"rendered":"http:\/\/www.lerzso.hu\/?page_id=132"},"modified":"2013-11-10T08:18:54","modified_gmt":"2013-11-10T07:18:54","slug":"mit-jelentett-a-nilus-az-egyiptomiaknak","status":"publish","type":"page","link":"http:\/\/www.lerzso.hu\/?page_id=132","title":{"rendered":"Mit jelentett a N\u00edlus az egyiptomiaknak?"},"content":{"rendered":"<h3><em><strong>Egyiptom, a N\u00edlus aj\u00e1nd\u00e9ka<\/strong><\/em><img loading=\"lazy\" decoding=\"async\" class=\"alignnone size-large wp-image-136\" style=\"color: #2c2b2b; font-family: arial, sans-serif; font-size: 12px; line-height: 18px;\" alt=\"mm_aoet_4_1\" src=\"http:\/\/www.lerzso.hu\/?uamfiletype=attachment&amp;uamgetfile=http:\/\/www.lerzso.hu\/wp-content\/uploads\/2013\/11\/mm_aoet_4_1-1024x669.jpg\" width=\"1024\" height=\"669\" \/><\/h3>\n<h5><strong>Mit jelentett a N\u00edlus az egyiptomiaknak?<\/strong><\/h5>\n<p>Meghallv\u00e1n Egyiptom sz\u00f3t, a legt\u00f6bb ember piramisokra, m\u00fami\u00e1kra \u00e9s hieroglif\u00e1kra gondol, m\u00edg m\u00e1soknak Kleop\u00e1tra kir\u00e1lyn\u0151 az obeliszkek, a v\u00edzilovak vagy a krokodilok jutnak esz\u00e9be. Mindez val\u00f3ban \u00f6sszef\u00fcgg\u00e9sben \u00e1ll Egyiptommal, \u00e9s m\u00e9g sok egy\u00e9b dolog is, amivel k\u00f6nyv\u00fcnk foglalkozik. El\u0151sz\u00f6r azonban meg kell ismerkedn\u00fcnk mag\u00e1val a N\u00edlus folyam\u00e1val, amelynek vize n\u00e9lk\u00fcl nem l\u00e9tezhetett volna a f\u00e1ra\u00f3k birodalma.<\/p>\n<p>M\u00e1sutt abban, hogy elegend\u0151 mennyis\u00e9g\u0171, j\u00f3 term\u00e9st takar\u00edthatnak be, az es\u0151nek is jelent\u0151s szerepe van. Az egyiptomi paraszt azonban nem sz\u00e1m\u00edthatott arra, hogy majd a csapad\u00e9k teszi term\u00e9kenny\u00e9 a f\u00f6ldj\u00e9t, mert arrafel\u00e9 nagyon ritk\u00e1n gy\u00fclekeztek a felh\u0151k. Ez\u00e9rt ott minden \u00e9vben csak abban rem\u00e9nykedhettek, hogy a N\u00edlus \u00e1rad\u00e1sa a kell\u0151 mennyis\u00e9g\u0171 iszappal teszi term\u00e9kenny\u00e9 a f\u00f6ldeket. A N\u00edlus vize minden \u00e9vben, nagyj\u00e1b\u00f3l j\u00fanius k\u00f6zepe fel\u00e9 emelkedni kezdett. A v\u00edzszint folyamatosan n\u0151tt, m\u00edg szeptemberben el\u00e9rte tet\u0151pontj\u00e1t. Ez volt az \u00e1rad\u00e1s id\u0151szaka, \u00e9s ilyenkor az emberek telep\u00fcl\u00e9sei csup\u00e1n par\u00e1nyi szigetk\u00e9nt emelkedtek ki a v\u00edzb\u0151l. Amikor a v\u00edzt\u00f6meg visszah\u00faz\u00f3dott, fekete iszapot hagyott maga ut\u00e1n. Az ebben rejl\u0151, rengeteg \u00e1sv\u00e1nyi anyag hossz\u00fa ideig t\u00e1pl\u00e1lta a gabon\u00e1t, \u00e9s a f\u00f6ldm\u0171vesek gazdag term\u00e9shez jutottak. Mindehhez azonban az is kellett, hogy a f\u00f6ldm\u0171vesek felismerj\u00e9k a term\u00e9szet ritmikus v\u00e1ltoz\u00e1sait, \u00e9s erre alapozva kialak\u00edts\u00e1k a f\u00f6ldm\u0171vel\u00e9s kult\u00far\u00e1j\u00e1t. A parasztok hamar \u00e9szrevett\u00e9k, hogy a v\u00edznek bizonyos ideig el kell fednie a sz\u00e1nt\u00f3f\u00f6ldet ahhoz, hogy le\u00fclepedhessen a term\u00e9keny iszap. Majd a v\u00edznek a maga term\u00e9szetes \u00fatj\u00e1n vissza kellett t\u00e9rnie a N\u00edlusba. Ha az emberek n\u00f6velni akart\u00e1k a term\u00e9s mennyis\u00e9g\u00e9t, akkor a foly\u00f3 viz\u00e9t a magasabban fekv\u0151 ter\u00fcletekre is el kellett vezetni\u00fck, oda, ahov\u00e1 mag\u00e1t\u00f3l nem jutott volna el. A parasztok r\u00e1j\u00f6ttek, hogy csatorn\u00e1kat \u00e9s g\u00e1takat kell \u00e9p\u00edteni\u00fck. Olyan berendez\u00e9seket \u00e9s eszk\u00f6z\u00f6ket is kifejlesztettek, melyek seg\u00edts\u00e9g\u00e9vel a vizet bez\u00e1rhatt\u00e1k, szab\u00e1lyozhatt\u00e1k, vagy felemelhett\u00e9k a magasabban fekv\u0151 ter\u00fcletekre. A hatalmas folyam megmozgatta az emberek k\u00e9pzel\u0151erej\u00e9t, \u00faj dolgokat tal\u00e1ltak ki, fedeztek fel. Arra is r\u00e1j\u00f6ttek, hogy megj\u00f3solhatj\u00e1k az \u00e1rad\u00e1s \u00e9rkezt\u00e9t, ha pontosan megfigyelik a csillagok mozg\u00e1s\u00e1t. S b\u00e1r az \u00e9gboltot mitikus l\u00e9nyek lak\u00f3hely\u00e9nek is tekintett\u00e9k, val\u00f3s tud\u00e1st is szereztek a csillagokr\u00f3l. A N\u00edlus hasznos\u00edt\u00e1sa hozta l\u00e9tre az els\u0151 falvakat is: a g\u00e1tak \u00e9p\u00edt\u00e9se \u00f6sszefog\u00e1st ig\u00e9nyelt, s a k\u00f6z\u00f6sen dolgoz\u00f3 emberek \u00e9rdeke az volt, hogy letelepedjenek a term\u00e9kenny\u00e9 tett f\u00f6ldn\u00e9l.<\/p>\n<p>A sz\u00e1nt\u00f3f\u00f6ldek elhelyezked\u00e9se \u00e9s nagys\u00e1ga a N\u00edlus \u00e1rad\u00e1s\u00e1t\u00f3l f\u00fcgg\u00f6tt. Ez\u00e9rt az ad\u00f3k \u00e9s j\u00e1rul\u00e9kok pontos meghat\u00e1roz\u00e1s\u00e1hoz a f\u00f6ldeket minden \u00e9vben \u00fajra fel kellett m\u00e9rni. Az okos \u00e9s tervszer\u0171 munka szinte \u00f6nmag\u00e1t\u00f3l teremtette meg a geometria alapjait. A N\u00edlus-v\u00f6lgy lak\u00f3i azt is hamar felismert\u00e9k, hogy a foly\u00f3t egy\u00e9b c\u00e9lokra is j\u00f3l hasznos\u00edthatj\u00e1k: m\u00e1r a korai id\u0151kt\u0151l elkezdtek haj\u00f3kat \u00e9p\u00edteni. Att\u00f3l f\u00fcgg\u0151en, hogy milyen c\u00e9llal akart\u00e1k hasznos\u00edtani, k\u00fcl\u00f6nb\u00f6z\u0151 haj\u00f3t\u00edpusokat fejlesztettek ki. Az egyiptomiak nemsok\u00e1ra a haj\u00f3\u00e9p\u00edt\u00e9s mestereinek sz\u00e1m\u00edtottak, s a N\u00edlus a tehersz\u00e1ll\u00edt\u00e1s \u00e9s a term\u00e9nysz\u00e1ll\u00edt\u00e1s egyik legf\u0151bb \u00fatvonal\u00e1v\u00e1 v\u00e1lt.<\/p>\n<p><a href=\"http:\/\/www.lerzso.hu\/?uamfiletype=attachment&amp;uamgetfile=http:\/\/www.lerzso.hu\/wp-content\/uploads\/2013\/11\/mm_aoet_4_2.jpg\"><img loading=\"lazy\" decoding=\"async\" class=\"alignnone size-large wp-image-138\" alt=\"mm_aoet_4_2\" src=\"http:\/\/www.lerzso.hu\/?uamfiletype=attachment&amp;uamgetfile=http:\/\/www.lerzso.hu\/wp-content\/uploads\/2013\/11\/mm_aoet_4_2-1024x639.jpg\" width=\"1024\" height=\"639\" \/><\/a><\/p>\n<table border=\"1\">\n<tbody>\n<tr>\n<td dir=\"\" id=\"\" lang=\"\" style=\"width: 95%;\" scope=\"\" align=\"\" valign=\"\"><strong><span style=\"color: #0000ff;\">A N\u00cdLUS \u00c1RAD\u00c1SA<\/span><\/strong><\/p>\n<p><span style=\"color: #0000ff;\">Az egyiptomiak felismert\u00e9k, hogy a N\u00edlus minden \u00e9vben nagyj\u00e1b\u00f3l akkor \u00e1rad, amikor a Sz\u00edriusz \u2014 hossz\u00fa elt\u0171n\u00e9se ut\u00e1n \u2014 ism\u00e9t felbukkan az \u00e9gen. Erre \u00e1ltal\u00e1ban egy j\u00faliusi napon, hajnalban ker\u00fcl sor. A sz\u00e1mukra fontos Sz\u00edriuszt Sz\u00f3thisznak is nevezt\u00e9k.\u00a0<\/span><\/td>\n<\/tr>\n<\/tbody>\n<\/table>\n<p>&nbsp;<\/p>\n<table border=\"1\">\n<tbody>\n<tr>\n<td><strong><span style=\"color: #0000ff;\">A SADUF<\/span><\/strong><\/p>\n<p><span style=\"color: #0000ff;\">Az \u00dajbirodalom idej\u00e9t\u0151l kezdve a saduf nev\u0171, f\u00e1b\u00f3l k\u00e9sz\u00fclt szerkezet seg\u00edts\u00e9g\u00e9vel emelt\u00e9k \u00e1t a vizet a magasabban fekv\u0151 ter\u00fcletekr<\/span><span style=\"color: #0000ff; line-height: 18px;\">e. A s<\/span><span style=\"color: #0000ff; line-height: 18px;\">zerkezet<\/span><span style=\"color: #0000ff; line-height: 18px;\">et egy f\u00fcgg\u0151leges r\u00fad, egy keresztgerenda, egy k\u00f6t\u00e9l, egy v\u00f6d\u00f6r \u00e9s egy ellens\u00faly\u00a0<\/span><span style=\"color: #0000ff; line-height: 18px;\">alkotja. F\u0151leg a kerteket \u00f6nt\u00f6zt\u00e9k vele. A sadufot, amely meg\u0151rizte \u0151si form\u00e1j\u00e1t, mind a mai napig haszn\u00e1lj\u00e1k.\u00a0<\/span><\/p>\n<p><img loading=\"lazy\" decoding=\"async\" class=\"size-full wp-image-147 alignnone\" style=\"line-height: 18px;\" alt=\"mm_aoet_5_1\" src=\"http:\/\/www.lerzso.hu\/?uamfiletype=attachment&amp;uamgetfile=http:\/\/www.lerzso.hu\/wp-content\/uploads\/2013\/11\/mm_aoet_5_1.jpg\" width=\"481\" height=\"505\" \/><\/p>\n<p><a href=\"http:\/\/www.lerzso.hu\/?uamfiletype=attachment&amp;uamgetfile=http:\/\/www.lerzso.hu\/wp-content\/uploads\/2013\/11\/mm_aoet_5_2.jpg\"><img loading=\"lazy\" decoding=\"async\" class=\"alignnone size-full wp-image-148\" alt=\"mm_aoet_5_2\" src=\"http:\/\/www.lerzso.hu\/?uamfiletype=attachment&amp;uamgetfile=http:\/\/www.lerzso.hu\/wp-content\/uploads\/2013\/11\/mm_aoet_5_2.jpg\" width=\"901\" height=\"874\" \/><\/a><\/td>\n<\/tr>\n<\/tbody>\n<\/table>\n","protected":false},"excerpt":{"rendered":"<p>Egyiptom, a N\u00edlus aj\u00e1nd\u00e9ka Mit jelentett a N\u00edlus az egyiptomiaknak? Meghallv\u00e1n Egyiptom sz\u00f3t, a legt\u00f6bb ember piramisokra, m\u00fami\u00e1kra \u00e9s hieroglif\u00e1kra gondol, m\u00edg m\u00e1soknak Kleop\u00e1tra kir\u00e1lyn\u0151 az obeliszkek, a v\u00edzilovak vagy a krokodilok jutnak esz\u00e9be. Mindez val\u00f3ban \u00f6sszef\u00fcgg\u00e9sben \u00e1ll Egyiptommal, \u00e9s m\u00e9g sok egy\u00e9b dolog is, amivel k\u00f6nyv\u00fcnk foglalkozik. El\u0151sz\u00f6r azonban meg kell ismerkedn\u00fcnk mag\u00e1val a &hellip; <\/p>\n<p><a class=\"more-link btn\" href=\"http:\/\/www.lerzso.hu\/?page_id=132\">Olvass tov\u00e1bb<\/a><\/p>\n","protected":false},"author":1,"featured_media":0,"parent":127,"menu_order":0,"comment_status":"closed","ping_status":"open","template":"","meta":{"footnotes":""},"class_list":["post-132","page","type-page","status-publish","hentry","nodate","item-wrap"],"_links":{"self":[{"href":"http:\/\/www.lerzso.hu\/index.php?rest_route=\/wp\/v2\/pages\/132","targetHints":{"allow":["GET"]}}],"collection":[{"href":"http:\/\/www.lerzso.hu\/index.php?rest_route=\/wp\/v2\/pages"}],"about":[{"href":"http:\/\/www.lerzso.hu\/index.php?rest_route=\/wp\/v2\/types\/page"}],"author":[{"embeddable":true,"href":"http:\/\/www.lerzso.hu\/index.php?rest_route=\/wp\/v2\/users\/1"}],"replies":[{"embeddable":true,"href":"http:\/\/www.lerzso.hu\/index.php?rest_route=%2Fwp%2Fv2%2Fcomments&post=132"}],"version-history":[{"count":15,"href":"http:\/\/www.lerzso.hu\/index.php?rest_route=\/wp\/v2\/pages\/132\/revisions"}],"predecessor-version":[{"id":541,"href":"http:\/\/www.lerzso.hu\/index.php?rest_route=\/wp\/v2\/pages\/132\/revisions\/541"}],"up":[{"embeddable":true,"href":"http:\/\/www.lerzso.hu\/index.php?rest_route=\/wp\/v2\/pages\/127"}],"wp:attachment":[{"href":"http:\/\/www.lerzso.hu\/index.php?rest_route=%2Fwp%2Fv2%2Fmedia&parent=132"}],"curies":[{"name":"wp","href":"https:\/\/api.w.org\/{rel}","templated":true}]}}