{"id":143,"date":"2013-11-01T21:30:37","date_gmt":"2013-11-01T20:30:37","guid":{"rendered":"http:\/\/www.lerzso.hu\/?page_id=143"},"modified":"2013-11-01T21:44:27","modified_gmt":"2013-11-01T20:44:27","slug":"honnan-jon-a-nilus-vize","status":"publish","type":"page","link":"http:\/\/www.lerzso.hu\/?page_id=143","title":{"rendered":"Honnan j\u00f6n a N\u00edlus vize?"},"content":{"rendered":"<h3><em><strong>Egyiptom, a N\u00edlus aj\u00e1nd\u00e9ka<\/strong><\/em><\/h3>\n<p><a href=\"http:\/\/www.lerzso.hu\/?uamfiletype=attachment&amp;uamgetfile=http:\/\/www.lerzso.hu\/wp-content\/uploads\/2013\/11\/mm_aoet_6_1.jpg\"><img loading=\"lazy\" decoding=\"async\" class=\"alignnone size-large wp-image-144\" alt=\"mm_aoet_6_1\" src=\"http:\/\/www.lerzso.hu\/?uamfiletype=attachment&amp;uamgetfile=http:\/\/www.lerzso.hu\/wp-content\/uploads\/2013\/11\/mm_aoet_6_1-1024x755.jpg\" width=\"1024\" height=\"755\" \/><\/a><\/p>\n<p><strong><span style=\"color: #333333; font-family: 'Pontano Sans', arial, sans-serif; font-size: 16px; line-height: normal;\">Honnan j\u00f6n a N\u00edlus vize?<\/span><\/strong><\/p>\n<p>N\u00edlus rendk\u00edv\u00fcl messzir\u0151l hozza a viz\u00e9t: Afrika belsej\u00e9nek k\u00e9t ter\u00fclet\u00e9r\u0151l. Az egyik a hatalmas Eti\u00f3pfenns\u00edk, ahol a K\u00e9k-N\u00edlus sz\u00e1mtalan \u00e1ga ered. A m\u00e1sik ter\u00fclet a Vikt\u00f3ria- tavat \u00f6vez\u0151 hegys\u00e9gekt\u0151l eg\u00e9szen az \u00f3ri\u00e1si d\u00e9l-szud\u00e1ni mocsarakig terjed. innen a Feh\u00e9r-N\u00edlus gy\u0171jti \u00f6ssze a viz\u00e9t. A N\u00edlus \u00e1tlagos v\u00edz\u00e1ll\u00e1s\u00e1t a Feh\u00e9r-N\u00edlus hat\u00e1rozza meg, mert ahol az ered (Eti\u00f3pia hegyei k\u00f6z\u00f6tt, 2800 m\u00e9teres magass\u00e1gban), ott tavasszal \u00e9s ny\u00e1ron el\u00e9g es\u0151 esik. A v\u00edz a hegyek \u00e1sv\u00e1nyaival \u00e9s vulk\u00e1ni iszappal gazdagodik. Az \u00e1rad\u00e1sok\u00e9rt f\u0151leg a K\u00e9k-N\u00edlus a felel\u0151s. A folyam azokat a Hatalmas v\u00edzt\u00f6megeket sz\u00e1ll\u00edtja \u00e9szak fel\u00e9, amelyek ny\u00e1ron a monszunes\u0151kkel zuhognak Eti\u00f3pia hegyeire.<\/p>\n","protected":false},"excerpt":{"rendered":"<p>Egyiptom, a N\u00edlus aj\u00e1nd\u00e9ka Honnan j\u00f6n a N\u00edlus vize? N\u00edlus rendk\u00edv\u00fcl messzir\u0151l hozza a viz\u00e9t: Afrika belsej\u00e9nek k\u00e9t ter\u00fclet\u00e9r\u0151l. Az egyik a hatalmas Eti\u00f3pfenns\u00edk, ahol a K\u00e9k-N\u00edlus sz\u00e1mtalan \u00e1ga ered. A m\u00e1sik ter\u00fclet a Vikt\u00f3ria- tavat \u00f6vez\u0151 hegys\u00e9gekt\u0151l eg\u00e9szen az \u00f3ri\u00e1si d\u00e9l-szud\u00e1ni mocsarakig terjed. innen a Feh\u00e9r-N\u00edlus gy\u0171jti \u00f6ssze a viz\u00e9t. A N\u00edlus \u00e1tlagos v\u00edz\u00e1ll\u00e1s\u00e1t &hellip; <\/p>\n<p><a class=\"more-link btn\" href=\"http:\/\/www.lerzso.hu\/?page_id=143\">Olvass tov\u00e1bb<\/a><\/p>\n","protected":false},"author":1,"featured_media":0,"parent":127,"menu_order":0,"comment_status":"closed","ping_status":"open","template":"","meta":{"footnotes":""},"class_list":["post-143","page","type-page","status-publish","hentry","nodate","item-wrap"],"_links":{"self":[{"href":"http:\/\/www.lerzso.hu\/index.php?rest_route=\/wp\/v2\/pages\/143","targetHints":{"allow":["GET"]}}],"collection":[{"href":"http:\/\/www.lerzso.hu\/index.php?rest_route=\/wp\/v2\/pages"}],"about":[{"href":"http:\/\/www.lerzso.hu\/index.php?rest_route=\/wp\/v2\/types\/page"}],"author":[{"embeddable":true,"href":"http:\/\/www.lerzso.hu\/index.php?rest_route=\/wp\/v2\/users\/1"}],"replies":[{"embeddable":true,"href":"http:\/\/www.lerzso.hu\/index.php?rest_route=%2Fwp%2Fv2%2Fcomments&post=143"}],"version-history":[{"count":1,"href":"http:\/\/www.lerzso.hu\/index.php?rest_route=\/wp\/v2\/pages\/143\/revisions"}],"predecessor-version":[{"id":145,"href":"http:\/\/www.lerzso.hu\/index.php?rest_route=\/wp\/v2\/pages\/143\/revisions\/145"}],"up":[{"embeddable":true,"href":"http:\/\/www.lerzso.hu\/index.php?rest_route=\/wp\/v2\/pages\/127"}],"wp:attachment":[{"href":"http:\/\/www.lerzso.hu\/index.php?rest_route=%2Fwp%2Fv2%2Fmedia&parent=143"}],"curies":[{"name":"wp","href":"https:\/\/api.w.org\/{rel}","templated":true}]}}