{"id":153,"date":"2013-11-01T21:59:59","date_gmt":"2013-11-01T20:59:59","guid":{"rendered":"http:\/\/www.lerzso.hu\/?page_id=153"},"modified":"2013-11-02T18:20:58","modified_gmt":"2013-11-02T17:20:58","slug":"milyen-videkeken-folyik-keresztul-a-nilus","status":"publish","type":"page","link":"http:\/\/www.lerzso.hu\/?page_id=153","title":{"rendered":"Milyen vid\u00e9keken folyik kereszt\u00fcl a N\u00edlus?"},"content":{"rendered":"<h3><em><strong>Egyiptom, a N\u00edlus aj\u00e1nd\u00e9ka<\/strong><\/em><\/h3>\n<p><a href=\"http:\/\/www.lerzso.hu\/?uamfiletype=attachment&amp;uamgetfile=http:\/\/www.lerzso.hu\/wp-content\/uploads\/2013\/11\/mm_aoet_6_1.jpg\"><img loading=\"lazy\" decoding=\"async\" class=\"alignnone size-large wp-image-144\" alt=\"mm_aoet_6_1\" src=\"http:\/\/www.lerzso.hu\/?uamfiletype=attachment&amp;uamgetfile=http:\/\/www.lerzso.hu\/wp-content\/uploads\/2013\/11\/mm_aoet_6_1-1024x755.jpg\" width=\"1024\" height=\"755\" \/><\/a><\/p>\n<h4><strong>Milyen vid\u00e9keken folyik kereszt\u00fcl a N\u00edlus?<\/strong><\/h4>\n<p>A Feh\u00e9r-N\u00edlus forr\u00e1svid\u00e9ke az Egyenl\u00edt\u0151 k\u00f6rny\u00e9k\u00e9n fekszik, ott, ahol ma Tanz\u00e1nia, Burundi, Ruanda, Kenya, Uganda \u00e9s Szud\u00e1n tal\u00e1lhat\u00f3. A K\u00e9k-N\u00edlus Eti\u00f3pia hegyei k\u00f6z\u00fcl \u00e9rkezik. A k\u00e9t foly\u00f3 Khartumn\u00e1l, Szud\u00e1n f\u0151v\u00e1ros\u00e1n\u00e1l egyes\u00fcl. A v\u00e1rost\u00f3l 350 kilom\u00e9ternyire \u00e9szakra a N\u00edlus egyetlen mell\u00e9kfolyama, az Atbara torkollik a foly\u00f3ba. Az Atbara a K\u00e9k-N\u00edlushoz hasonl\u00f3an az Eti\u00f3p-fenns\u00edkon ered. A ny\u00e1ri monszunes\u0151k errefel\u00e9 is lejuthatnak a N\u00edlus v\u00f6lgy\u00e9be, \u00edgy az Atbara vize is hozz\u00e1j\u00e1rul az \u00e1rad\u00e1sokhoz.<\/p>\n<p>A hatalmas folyam innen m\u00e1r mag\u00e1nyosan Halad \u00e9szak fel\u00e9. \u00c1tszeli Szud\u00e1n forr\u00f3 szavann\u00e1it \u00e9s f\u00e9lsivatagos ter\u00fcleteit, an\u00e9lk\u00fcl, hogy ak\u00e1rcsak egyetlen mell\u00e9kfoly\u00f3 is p\u00f3toln\u00e1 azt a v\u00edzmennyis\u00e9get, amit az elp\u00e1rolg\u00e1s miatt vesz\u00edt el. \u00datk\u00f6zben kereszt\u00fclhalad Hat v\u00edzes\u00e9sen, m\u00e1s sz\u00f3val katarakt\u00e1n, melyekt\u0151l maga is er\u0151teljesebb\u00e9 \u00e9s vadabb\u00e1 v\u00e1lik. Az egyik katarakt\u00e1t r\u00f6gt\u00f6n Khartum m\u00f6g\u00f6tt \u00e9ri el, a m\u00e1sikat az Atbara torkolata ut\u00e1n, majd egyet ott, ahol foly\u00e1sa d\u00e9lnyugati ir\u00e1nyba kanyarodik, egyet pedig nem sokkal azut\u00e1n, hogy ism\u00e9t \u00e9szak fel\u00e9 vette az ir\u00e1nyt.<\/p>\n<p>A m\u00e1sodik katarakt\u00e1n\u00e1l a N\u00edlus Hatalmas akad\u00e1lyba \u00fctk\u00f6zik. Sz\u00e1z kilom\u00e9ter hosszan gr\u00e1nitszikl\u00e1k z\u00e1rj\u00e1k el a foly\u00f3 \u00fatj\u00e1t. A v\u00edz k\u00f6rbemosta a sziklat\u00f6mb\u00f6ket, mik\u00f6zben sz\u00e1mtalan par\u00e1nyi \u00e9s kacskaring\u00f3s patakra \u00e9s \u00e1gacsk\u00e1ra szakad. Sek\u00e9ly r\u00e9szek v\u00e1ltakoznak m\u00e9ly, vadul \u00e1raml\u00f3 szakaszokkal. Ez a katarakta szinte lek\u00fczdhetetlen akad\u00e1lyt jelent a haj\u00f3soknak. A N\u00edlus itt Hagyja el Szud\u00e1nt, \u00e9s ezen a ponton l\u00e9p a mai egyiptomi \u00e1llam ter\u00fclet\u00e9re.<\/p>\n<p><a href=\"http:\/\/www.lerzso.hu\/?uamfiletype=attachment&amp;uamgetfile=http:\/\/www.lerzso.hu\/wp-content\/uploads\/2013\/11\/mm_aoet_7_1.jpg\"><img loading=\"lazy\" decoding=\"async\" class=\"alignnone size-full wp-image-155\" alt=\"mm_aoet_7_1\" src=\"http:\/\/www.lerzso.hu\/?uamfiletype=attachment&amp;uamgetfile=http:\/\/www.lerzso.hu\/wp-content\/uploads\/2013\/11\/mm_aoet_7_1.jpg\" width=\"491\" height=\"487\" \/><\/a><\/p>\n<p>&nbsp;<\/p>\n<p>H\u00e1romsz\u00e1z kilom\u00e9terrel arr\u00e1bb a v\u00edznek le kell k\u00fczdenie az els\u0151 katarakta gr\u00e1nitszikl\u00e1it, Asszu\u00e1nn\u00e1l, ott, ahol ma a nagy g\u00e1t a k\u00f6r\u00fclbel\u00fcl 500 kilom\u00e9ter hossz\u00fa Nasszer-t\u00f3v\u00e1 duzzasztja fel a N\u00edlust. A g\u00e1t m\u00f6g\u00f6tt a megrendszab\u00e1lyozott foly\u00f3 an\u00e9lk\u00fcl halad v\u00e9gig Fels\u0151-Egyiptomon, hogy vize \u00e9venk\u00e9nt ki\u00e1radna. K\u00e9t partj\u00e1n hegyek sorakoznak, melyek n\u00e9ha eg\u00e9szen a v\u00edzig \u00e9rnek (ezeket peremhegyeknek h\u00edvj\u00e1k), m\u00edg m\u00e1shol h\u00e1tr\u00e1bb h\u00faz\u00f3dnak, s \u00edgy keskeny vagy sz\u00e9lesebb parti s\u00edks\u00e1g veszi k\u00f6r\u00fcl a foly\u00f3t. A hegyek m\u00f6g\u00f6tt keletre az Arab-sivatag h\u00faz\u00f3dik, m\u00edg nyugatra a L\u00edbiai\u2014sivatag o\u00e1zisai fekszenek.<\/p>\n<p>Assziutt\u00f3l \u00e9szakra a N\u00edlusb\u00f3l kiv\u00e1lik a Bahr el-Jusszuf, a J\u00f3zsef- foly\u00f3, amely nyugatra, a Fajj\u00fam-o\u00e1zisba vezeti el a N\u00edlus viz\u00e9nek egy r\u00e9sz\u00e9t. Kair\u00f3t\u00f3l \u00e9szakra a N\u00edlus t\u00f6bb \u00e1gra szakad, s ezek vize m\u00e9g 200 kilom\u00e9tert halad a F\u00f6ldk\u00f6zi-tenger fel\u00e9. A N\u00edlus karjai \u00e1t\u00f6lelik a folyam delt\u00e1j\u00e1t, melynek sz\u00e9les, term\u00e9keny ter\u00fclete j\u00f3l megk\u00fcl\u00f6nb\u00f6ztethet\u0151 a keskeny, fels\u0151-egyiptomi N\u00edlus-v\u00f6lgyt\u0151l. A N\u00edlus a kagerai forr\u00e1sait\u00f3l, Burundit\u00f3l \u00e9s Tanz\u00e1ni\u00e1t\u00f3l a F\u00f6ldk\u00f6zi-tengerig t\u00f6bb mint 6600 kilom\u00e9tert tesz meg.<\/p>\n<p>&nbsp;<\/p>\n<table border=\"1\">\n<tbody>\n<tr>\n<td>\n<h4><span style=\"color: #0000ff;\">Az O\u00c1ZISOK\u00a0<\/span><\/h4>\n<p><span style=\"color: #0000ff;\">A l\u00edbiai sivatag o\u00e1zisait m\u00e1r az \u00d3birodalom idej\u00e9ben is r\u00e9szben Egyiptomb\u00f3l ir\u00e1ny\u00edtott\u00e1k. Mindegyik egy kiterjedt m\u00e9lyed\u00e9sben fekszik, ahol kutak is tal\u00e1lhat\u00f3ak. Ezek vagy term\u00e9szetes eredet\u0171ek, vagy emberek m\u0171vei. A zord, sivatagi k\u00f6r\u00fclm\u00e9nyek k\u00f6z\u00f6tt csak a kutak k\u00f6zel\u00e9ben lehets\u00e9ges az \u00e9let. A legnagyobb o\u00e1zisok: Kharga, Dakhia, Baharia, Sz\u00edva \u00e9s Fajj\u00fam.\u00a0<\/span><\/p>\n<div><\/div>\n<\/td>\n<\/tr>\n<\/tbody>\n<\/table>\n<p><a href=\"http:\/\/www.lerzso.hu\/?uamfiletype=attachment&amp;uamgetfile=http:\/\/www.lerzso.hu\/wp-content\/uploads\/2013\/11\/mm_aoet_7_2.jpg\"><img loading=\"lazy\" decoding=\"async\" class=\"alignnone size-large wp-image-156\" alt=\"mm_aoet_7_2\" src=\"http:\/\/www.lerzso.hu\/?uamfiletype=attachment&amp;uamgetfile=http:\/\/www.lerzso.hu\/wp-content\/uploads\/2013\/11\/mm_aoet_7_2-1024x968.jpg\" width=\"1024\" height=\"968\" \/><\/a><\/p>\n<table border=\"1\">\n<tbody>\n<tr>\n<td>\n<h4><span style=\"color: #0000ff;\">ABU SZIMBEL<\/span><\/h4>\n<p><span style=\"color: #0000ff;\">A Nasszer-t\u00f3 magas v\u00edzszintje sok templomot \u00e9s s\u00edrt sodort vesz\u00e9lybe. A k\u00e9t Abu Szimbel-i templomot \u00fagy mentett\u00e9k meg, hogy sz\u00e9tf\u0171r\u00e9szelt\u00e9k kisebb darabokra, \u00e9s a k\u0151t\u00f6mb\u00f6ket <i>64 <\/i>m\u00e9terrel feljebb, 180 m\u00e9terrel a sz\u00e1razf\u00f6ld ir\u00e1ny\u00e1ban ism\u00e9t \u00f6sszerakt\u00e1k. Ennek munk\u00e1latai k\u00f6zben h\u00faszezer tonna k\u00f6vet mozgattak meg. A nemzetk\u00f6zi egy\u00fcttm\u0171k\u00f6d\u00e9ssel megval\u00f3s\u00edtott v\u00e1llalkoz\u00e1s 42 milli\u00f3 doll\u00e1rba ker\u00fclt.\u00a0<\/span><\/td>\n<\/tr>\n<\/tbody>\n<\/table>\n<p><a href=\"http:\/\/www.lerzso.hu\/?uamfiletype=attachment&amp;uamgetfile=http:\/\/www.lerzso.hu\/wp-content\/uploads\/2013\/11\/mm_aoet_7_3.jpg\"><img loading=\"lazy\" decoding=\"async\" class=\"alignnone size-full wp-image-157\" alt=\"mm_aoet_7_3\" src=\"http:\/\/www.lerzso.hu\/?uamfiletype=attachment&amp;uamgetfile=http:\/\/www.lerzso.hu\/wp-content\/uploads\/2013\/11\/mm_aoet_7_3.jpg\" width=\"1003\" height=\"991\" \/><\/a><\/p>\n","protected":false},"excerpt":{"rendered":"<p>Egyiptom, a N\u00edlus aj\u00e1nd\u00e9ka Milyen vid\u00e9keken folyik kereszt\u00fcl a N\u00edlus? A Feh\u00e9r-N\u00edlus forr\u00e1svid\u00e9ke az Egyenl\u00edt\u0151 k\u00f6rny\u00e9k\u00e9n fekszik, ott, ahol ma Tanz\u00e1nia, Burundi, Ruanda, Kenya, Uganda \u00e9s Szud\u00e1n tal\u00e1lhat\u00f3. A K\u00e9k-N\u00edlus Eti\u00f3pia hegyei k\u00f6z\u00fcl \u00e9rkezik. A k\u00e9t foly\u00f3 Khartumn\u00e1l, Szud\u00e1n f\u0151v\u00e1ros\u00e1n\u00e1l egyes\u00fcl. A v\u00e1rost\u00f3l 350 kilom\u00e9ternyire \u00e9szakra a N\u00edlus egyetlen mell\u00e9kfolyama, az Atbara torkollik a foly\u00f3ba. &hellip; <\/p>\n<p><a class=\"more-link btn\" href=\"http:\/\/www.lerzso.hu\/?page_id=153\">Olvass tov\u00e1bb<\/a><\/p>\n","protected":false},"author":1,"featured_media":0,"parent":127,"menu_order":0,"comment_status":"closed","ping_status":"open","template":"","meta":{"footnotes":""},"class_list":["post-153","page","type-page","status-publish","hentry","nodate","item-wrap"],"_links":{"self":[{"href":"http:\/\/www.lerzso.hu\/index.php?rest_route=\/wp\/v2\/pages\/153","targetHints":{"allow":["GET"]}}],"collection":[{"href":"http:\/\/www.lerzso.hu\/index.php?rest_route=\/wp\/v2\/pages"}],"about":[{"href":"http:\/\/www.lerzso.hu\/index.php?rest_route=\/wp\/v2\/types\/page"}],"author":[{"embeddable":true,"href":"http:\/\/www.lerzso.hu\/index.php?rest_route=\/wp\/v2\/users\/1"}],"replies":[{"embeddable":true,"href":"http:\/\/www.lerzso.hu\/index.php?rest_route=%2Fwp%2Fv2%2Fcomments&post=153"}],"version-history":[{"count":4,"href":"http:\/\/www.lerzso.hu\/index.php?rest_route=\/wp\/v2\/pages\/153\/revisions"}],"predecessor-version":[{"id":160,"href":"http:\/\/www.lerzso.hu\/index.php?rest_route=\/wp\/v2\/pages\/153\/revisions\/160"}],"up":[{"embeddable":true,"href":"http:\/\/www.lerzso.hu\/index.php?rest_route=\/wp\/v2\/pages\/127"}],"wp:attachment":[{"href":"http:\/\/www.lerzso.hu\/index.php?rest_route=%2Fwp%2Fv2%2Fmedia&parent=153"}],"curies":[{"name":"wp","href":"https:\/\/api.w.org\/{rel}","templated":true}]}}