{"id":162,"date":"2013-11-01T22:21:06","date_gmt":"2013-11-01T21:21:06","guid":{"rendered":"http:\/\/www.lerzso.hu\/?page_id=162"},"modified":"2013-11-01T22:21:06","modified_gmt":"2013-11-01T21:21:06","slug":"eloszo","status":"publish","type":"page","link":"http:\/\/www.lerzso.hu\/?page_id=162","title":{"rendered":"El\u0151sz\u00f3"},"content":{"rendered":"<h4><strong>El\u0151sz\u00f3<\/strong><\/h4>\n<p>Egyiptom csod\u00e1latos birodalm\u00e1t, leny\u0171g\u00f6z\u0151 t\u00f6rt\u00e9nelmi eml\u00e9keit m\u00e1r a r\u00e9gi korokban is tisztelettel emlegett\u00e9k az emberek. H\u00e9rodotosz g\u00f6r\u00f6g t\u00f6rt\u00e9net\u00edr\u00f3 valamikor 2500 \u00e9vvel ezel\u0151tt \u00edgy lelkendezett Egyiptomr\u00f3l: \u201eHadd sz\u00e1moljak be r\u00e9szletesebben egyiptomi tapasztalataimr\u00f3l, mert ott sz\u00e1mos leny\u0171g\u00f6z\u0151 dolgot alkottak, melyek oly hatalmasak, hogy le\u00edr\u00e1sukra az ember alig tal\u00e1l szavakat. Nem lehet \u00f6sszehasonl\u00edtani m\u00e1s orsz\u00e1gok csod\u00e1ival !\u201c Ugyan\u00edgy \u00e1mulnak azok a turist\u00e1k is, akik napjainkban jutnak el a N\u00edlus-parti orsz\u00e1gba. Megcsod\u00e1lj\u00e1k a leny\u0171g\u00f6z\u0151 piramisokat, az \u00f3ri\u00e1si templomok hieroglif\u00e1kkal d\u00edsz\u00edtett falait, a hatalmas szobrokat, a tarka sirfestm\u00e9nyeket, a m\u00fami\u00e1kat, a szinte eredeti \u00e1llapotban megtal\u00e1lt haj\u00f3kat, harci szekereket, b\u00fatorokat, j\u00e1t\u00e9kokat \u00e9s szersz\u00e1mokat.<\/p>\n<p>Mindezekr\u0151l napjainkban m\u00e1r nagyon sokat tudunk. S\u0151t ma m\u00e1r l\u00e9tezik egy olyan tudom\u00e1ny, amely kiz\u00e1r\u00f3lag az \u00f3kori Egyiptommal foglalkozik. Ez nem egy\u00e9b, mint az egyiptol\u00f3gia. Am m\u00e9g a legkitart\u00f3bb tud\u00f3soknak sem siker\u00fclt f\u00e9nyt der\u00edteni\u00fck a f\u00e1ra\u00f3k birodalm\u00e1nak \u00f6sszes rejt\u00e9ly\u00e9re, \u00e9s sok munka v\u00e1r m\u00e9g arra a kutat\u00f3ra, aki nem tesz le arr\u00f3l, hogy megfejtse ezeket a titkokat.<\/p>\n<p>A Mi MiCSODA sorozatnak ebben a k\u00f6tet\u00e9ben azokr\u00f3l az emberekr\u0151l olvashatunk, akik \u00f6tezer \u00e9vvel ezel\u0151tt a N\u00edlus als\u00f3 foly\u00e1sa ment\u00e9n megalap\u00edtott\u00e1k \u00e1llamukat, amely h\u00e1rom \u00e9vezreden kereszt\u00fcl dacolt az id\u0151 m\u00fal\u00e1s\u00e1val. Sok-sok eredeti leletet ismerhet\u00fcnk meg ebb\u0151l az id\u0151szakb\u00f3l. A gyakran izgalmas \u00e9s szokatlan tartalm\u00fa feliratokat v\u00e9gre magyarul olvashatjuk. Az \u00e9rdekl\u0151d\u0151 v\u00e1laszt kaphat a k\u00e9t legizgalmasabb k\u00e9rd\u00e9sre: Hogy \u00e9ltek az egyiptomiak a f\u00e1ra\u00f3k idej\u00e9n? Mit jelent az \u00f3kori Egyiptom az emberis\u00e9g t\u00f6rt\u00e9nete sz\u00e1m\u00e1ra?<\/p>\n","protected":false},"excerpt":{"rendered":"<p>El\u0151sz\u00f3 Egyiptom csod\u00e1latos birodalm\u00e1t, leny\u0171g\u00f6z\u0151 t\u00f6rt\u00e9nelmi eml\u00e9keit m\u00e1r a r\u00e9gi korokban is tisztelettel emlegett\u00e9k az emberek. H\u00e9rodotosz g\u00f6r\u00f6g t\u00f6rt\u00e9net\u00edr\u00f3 valamikor 2500 \u00e9vvel ezel\u0151tt \u00edgy lelkendezett Egyiptomr\u00f3l: \u201eHadd sz\u00e1moljak be r\u00e9szletesebben egyiptomi tapasztalataimr\u00f3l, mert ott sz\u00e1mos leny\u0171g\u00f6z\u0151 dolgot alkottak, melyek oly hatalmasak, hogy le\u00edr\u00e1sukra az ember alig tal\u00e1l szavakat. Nem lehet \u00f6sszehasonl\u00edtani m\u00e1s orsz\u00e1gok csod\u00e1ival !\u201c &hellip; <\/p>\n<p><a class=\"more-link btn\" href=\"http:\/\/www.lerzso.hu\/?page_id=162\">Olvass tov\u00e1bb<\/a><\/p>\n","protected":false},"author":1,"featured_media":0,"parent":127,"menu_order":0,"comment_status":"closed","ping_status":"open","template":"","meta":{"footnotes":""},"class_list":["post-162","page","type-page","status-publish","hentry","nodate","item-wrap"],"_links":{"self":[{"href":"http:\/\/www.lerzso.hu\/index.php?rest_route=\/wp\/v2\/pages\/162","targetHints":{"allow":["GET"]}}],"collection":[{"href":"http:\/\/www.lerzso.hu\/index.php?rest_route=\/wp\/v2\/pages"}],"about":[{"href":"http:\/\/www.lerzso.hu\/index.php?rest_route=\/wp\/v2\/types\/page"}],"author":[{"embeddable":true,"href":"http:\/\/www.lerzso.hu\/index.php?rest_route=\/wp\/v2\/users\/1"}],"replies":[{"embeddable":true,"href":"http:\/\/www.lerzso.hu\/index.php?rest_route=%2Fwp%2Fv2%2Fcomments&post=162"}],"version-history":[{"count":1,"href":"http:\/\/www.lerzso.hu\/index.php?rest_route=\/wp\/v2\/pages\/162\/revisions"}],"predecessor-version":[{"id":163,"href":"http:\/\/www.lerzso.hu\/index.php?rest_route=\/wp\/v2\/pages\/162\/revisions\/163"}],"up":[{"embeddable":true,"href":"http:\/\/www.lerzso.hu\/index.php?rest_route=\/wp\/v2\/pages\/127"}],"wp:attachment":[{"href":"http:\/\/www.lerzso.hu\/index.php?rest_route=%2Fwp%2Fv2%2Fmedia&parent=162"}],"curies":[{"name":"wp","href":"https:\/\/api.w.org\/{rel}","templated":true}]}}