{"id":166,"date":"2013-11-02T18:25:06","date_gmt":"2013-11-02T17:25:06","guid":{"rendered":"http:\/\/www.lerzso.hu\/?page_id=166"},"modified":"2013-11-02T21:29:36","modified_gmt":"2013-11-02T20:29:36","slug":"milyen-volt-az-elet-a-faraok-kora-elott","status":"publish","type":"page","link":"http:\/\/www.lerzso.hu\/?page_id=166","title":{"rendered":"Milyen volt az \u00e9let a f\u00e1ra\u00f3k kora el\u0151tt?"},"content":{"rendered":"<h3><strong><em>A f\u00e1ra\u00f3k hossz\u00fa t\u00f6rt\u00e9nete<\/em><\/strong><\/h3>\n<p><strong>Milyen volt az \u00e9let a f\u00e1ra\u00f3k kora el\u0151tt?<\/strong><\/p>\n<p>Az els\u0151 f\u00e1ra\u00f3 nem minden el\u0151zm\u00e9ny n\u00e9lk\u00fcl teremtette meg az egyiptomi\u00a0\u00d3-birodalmat. M\u00e1r\u00a0\u00e9vezredekkel\u00a0el\u0151tte\u00a0\u00e9ltek emberek a N\u00edlus v\u00f6lgy\u00e9ben, \u00e9s az \u0151 kult\u00far\u00e1juk tette lehet\u0151v\u00e9, hogy ott b\u00e1rki is tart\u00f3san megtelepedjen.<\/p>\n<p>K\u00f6r\u00fclbel\u00fcl Kr. e. 25 000-ig a mai Szahara ter\u00fclete m\u00e9g viszonylag kellemes \u00e9ghajlat\u00fa vid\u00e9k volt, ahol vad\u00e1sz\u00f3 \u00e9s gy\u0171jt\u00f6get\u0151, nom\u00e1d embercsoportok \u00e9ltek. Az ezt k\u00f6vet\u0151 \u00e9vezredekben a Szahara fokozatosan kisz\u00e1radt, s ez arra k\u00e9nyszer\u00edtette az embereket, hogy kedvez\u0151bb vid\u00e9kekre v\u00e1ndoroljanak, \u00edgy bek\u00f6lt\u00f6ztek aN\u00edlus v\u00f6lgy\u00e9be. T\u00edzezer \u00e9vvel k\u00e9s\u0151bb az \u00e9ghajlat ism\u00e9t nedvesebb\u00e9 v\u00e1lt, ekkor az emberek ink\u00e1bb a\u00a0N\u00edlus-v\u00f6lgy\u00a0perem\u00e9nek fenns\u00edkjait r\u00e9szes\u00edtett\u00e9k el\u0151nyben. A magas\u00a0v\u00edz\u00e1ll\u00e1s\u00a0miatt a N\u00edlus-v\u00f6lgyben kellemetlenn\u00e9 v\u00e1lt az \u00e9let. A 7. \u00e9s 6. \u00e9vezredben a peremter\u00fcletek \u00fajra elkezdtek kisz\u00e1radni.<\/p>\n<p>&nbsp;<\/p>\n<table border=\"1\">\n<tbody>\n<tr>\n<td><span style=\"color: #008000;\">Kr.e. 11 000 t\u00e1j\u00e1n k\u00e9sz\u00fcltek ezek az apr\u00f3 kovak\u0151-peng\u00e9k, melyeket fegyverek \u00e9s szersz\u00e1mok \u00e9lek\u00e9nt haszn\u00e1ltak.\u00a0<\/span><\/td>\n<\/tr>\n<\/tbody>\n<\/table>\n<p><a href=\"http:\/\/www.lerzso.hu\/?uamfiletype=attachment&amp;uamgetfile=http:\/\/www.lerzso.hu\/wp-content\/uploads\/2013\/11\/mm_aoet_8_1.jpg\"><img loading=\"lazy\" decoding=\"async\" class=\"alignnone size-full wp-image-172\" alt=\"mm_aoet_8_1\" src=\"http:\/\/www.lerzso.hu\/?uamfiletype=attachment&amp;uamgetfile=http:\/\/www.lerzso.hu\/wp-content\/uploads\/2013\/11\/mm_aoet_8_1.jpg\" width=\"723\" height=\"633\" \/><\/a><\/p>\n<p>K\u00f6r\u00fclbel\u00fcl Kr. e. 5000-ben az egyiptomiak ism\u00e9t bevonultak a N\u00edlus v\u00f6lgy\u00e9be, \u00e9s meg tanultak egy\u00fctt \u00e9lni a nagy foly\u00f3val. Kezdet\u00e9t vette az \u00fajk\u0151korszak. Az emberek falvakban \u00e9ltek, f\u00f6ldet m\u0171veltek \u00e9s \u00e1llatokat tartottak. Kiteny\u00e9sztett\u00e9k a legfontosabb kult\u00farn\u00f6v\u00e9nyeket. A gabona- f\u00e9l\u00e9k k\u00f6z\u00fcl a\u00a0t\u00f6nkeb\u00faz\u00e1t\u00a0\u00e9s az \u00e1rp\u00e1t,\u00a0ezenk\u00edv\u00fcl\u00a0lencs\u00e9t, csicseribors\u00f3t, hagym\u00e1t, sal\u00e1t\u00e1t \u00e9s m\u00e9g sok m\u00e1s n\u00f6v\u00e9nyt termesztettek. A N\u00edlus v\u00f6lgy lak\u00f3i ebben az id\u0151szakban m\u00e1r \u00e1llatokat is tartottak: szarvas marh\u00e1t, kecsk\u00e9t, szamarat \u00e9s diszn\u00f3t teny\u00e9sztettek, de sz\u00e1rnyas j\u00f3sz\u00e1got is, p\u00e9ld\u00e1ul lib\u00e1t. Emellett fontos szerep jutott a vad\u00e1szatnak. Vad\u00e1szatokra a N\u00edlus-v\u00f6lgyet szeg\u00e9lyez\u0151 fenns\u00edkra j\u00e1rtak, a foly\u00f3v\u00f6lgyben \u00e9s a delta mocsaraiban pedig madar\u00e1sztak \u00e9s hal\u00e1sztak. A vad\u00e1szok m\u00e9g att\u00f3l sem riadtak vissza, hogy v\u00edzilovakat ejtsenek el, pedig a hatalmas \u00e1llatok ereje \u00e9s nagys\u00e1ga miatt ez igen vesz\u00e9lyes v\u00e1llalkoz\u00e1snak sz\u00e1m\u00edtott.<\/p>\n<p>&nbsp;<\/p>\n<table border=\"1\">\n<tbody>\n<tr>\n<td><span style=\"color: #008000;\">V\u00edzil\u00f3vad\u00e1szat a papiruszn\u00e1ddal bor\u00edtott mocs\u00e1rban. A vad\u00e1szok papirusztutajokon \u00e1llva, szigonnyal ejtett\u00e9k el az \u00e1llatokat.\u00a0<\/span><\/td>\n<\/tr>\n<\/tbody>\n<\/table>\n<p><a href=\"http:\/\/www.lerzso.hu\/?uamfiletype=attachment&amp;uamgetfile=http:\/\/www.lerzso.hu\/wp-content\/uploads\/2013\/11\/mm_aoet_8_2.jpg\"><img loading=\"lazy\" decoding=\"async\" class=\"alignnone size-large wp-image-170\" alt=\"mm_aoet_8_2\" src=\"http:\/\/www.lerzso.hu\/?uamfiletype=attachment&amp;uamgetfile=http:\/\/www.lerzso.hu\/wp-content\/uploads\/2013\/11\/mm_aoet_8_2-1024x511.jpg\" width=\"1024\" height=\"511\" \/><\/a><\/p>\n<table border=\"1\">\n<tbody>\n<tr>\n<td><span style=\"color: #0000ff;\">V\u00cdZIL\u00d3VAD\u00c1SZAT<\/span><span style=\"color: #0000ff;\"><br \/>\n<\/span><\/p>\n<p><span style=\"color: #0000ff;\">A szigony hegy\u00e9t csontb\u00f3l vagy f\u00e9mb\u0151l k\u00e9sz\u00edtett\u00e9k. Egy zsin\u00f3rra k\u00f6t\u00f6tt\u00e9k, \u00e9s fany\u00e9lre er\u0151s\u00edtett\u00e9k. A vad\u00e1sz a kez\u00e9ben tartotta a zsin\u00f3rt, amikor a fegyvert a v\u00edzil\u00f3 fel\u00e9 haj\u00edtotta. Ha eltal\u00e1lta, a szigony hegye behatolt az \u00e1llat test\u00e9be, \u00e9s lev\u00e1lt a ny\u00e9lr\u0151l. Az \u00e1llat m\u00e9g akkor sem menek\u00fclhetett el a v\u00edz alatt, ha a vad\u00e1sz elengedte a zsin\u00f3rt. A k\u00f6t\u00e9l v\u00e9g\u00e9n az \u00fasz\u00f3 megmutatta a vad\u00e1sznak, hov\u00e1 menek\u00fclt a v\u00edzil\u00f3. A v\u00e9rvesztes\u00e9gt\u0151l legyeng\u00fclt \u00e1llatot hossz\u00fa l\u00e1ndzs\u00e1kkal ejtett\u00e9k el.<\/span><\/td>\n<\/tr>\n<\/tbody>\n<\/table>\n<p>Az emberek nemcsak nyugatr\u00f3l v\u00e1ndoroltak be a N\u00edlus v\u00f6lgy\u00e9be, hanem d\u00e9lr\u0151l \u00e9s \u00e9szakkeletr\u0151l, teh\u00e1t El\u0151-\u00c1zsi\u00e1b\u00f3l is. A betelep\u00fcl\u0151k term\u00e9szetesen igyekeztek meg\u0151rizni nyelv\u00fcket \u00e9s szok\u00e1saikat, s tov\u00e1bbra is kapcsolatban maradtak sz\u00fcl\u0151f\u00f6ldj\u00fckkel, melynek kereskedelmi \u00fatjai nemcsak a k\u00fcl\u00f6nf\u00e9le \u00e1ruk, hanem a szellemi javak \u00e9s \u00fajdons\u00e1gok cser\u00e9j\u00e9t is biztos\u00edtott\u00e1k. A k\u00fcl\u00f6nb\u00f6z\u0151 kult\u00far\u00e1k folyamatosan keveredtek, s ez volt az, ami a leger\u0151teljesebb hat\u00e1st gyakorolta Egyiptom fejl\u0151d\u00e9s\u00e9re. Ebben k\u00fcl\u00f6n\u00f6sen El\u0151-\u00c1zsi\u00e1nak jutott nagy szerep.<\/p>\n<p><a href=\"http:\/\/www.lerzso.hu\/?uamfiletype=attachment&amp;uamgetfile=http:\/\/www.lerzso.hu\/wp-content\/uploads\/2013\/11\/mm_aoet_9_2.jpg\"><img loading=\"lazy\" decoding=\"async\" class=\"alignnone size-large wp-image-184\" alt=\"mm_aoet_9_2\" src=\"http:\/\/www.lerzso.hu\/?uamfiletype=attachment&amp;uamgetfile=http:\/\/www.lerzso.hu\/wp-content\/uploads\/2013\/11\/mm_aoet_9_2-722x1024.jpg\" width=\"722\" height=\"1024\" \/><\/a><\/p>\n<p>&nbsp;<\/p>\n<table border=\"1\">\n<tbody>\n<tr>\n<td><span style=\"color: #0000ff;\">\u00c1SAT\u00c1SOK<\/span><\/p>\n<p><span style=\"color: #0000ff;\">A<\/span><span style=\"color: #0000ff;\">r\u00e9g\u00e9szek sz\u00e1mos telep\u00fcl\u00e9st felt\u00e1rtak a f\u00e1ra\u00f3k el\u0151tti korszakb\u00f3l. Ov\u00e1lis vagy k\u00f6r alak\u00fa, f\u00e1b\u00f3l vagy n\u00e1db\u00f3l k\u00e9sz\u00fclt kunyh\u00f3kat tal\u00e1ltak. Felt\u00e1rtak kos\u00e1rfonattal kib\u00e9lelt t\u00e1rol\u00f3 g\u00f6dr\u00f6ket, f\u00e1b\u00f3l, t\u0171zk\u0151b\u0151l \u00e9s r\u00e9zb\u0151l k\u00e9sz\u00fclt szersz\u00e1mokat, t\u0171zk\u0151 ny\u00edlhegyeket, k\u0151 baltav\u00e9geket, csontb\u00f3l k\u00e9sz\u00fclt szigonyokat \u00e9s horgokat, \u00e9s rendk\u00edv\u00fcl sok, agyagb\u00f3l k\u00e9sz\u00edtett, \u00e9getett ed\u00e9nyt, r\u00e9szben d\u00edsz\u00edt\u00e9ssel, r\u00e9szben d\u00edsz\u00edt\u00e9s n\u00e9lk\u00fcl.<\/span><\/td>\n<\/tr>\n<\/tbody>\n<\/table>\n","protected":false},"excerpt":{"rendered":"<p>A f\u00e1ra\u00f3k hossz\u00fa t\u00f6rt\u00e9nete Milyen volt az \u00e9let a f\u00e1ra\u00f3k kora el\u0151tt? Az els\u0151 f\u00e1ra\u00f3 nem minden el\u0151zm\u00e9ny n\u00e9lk\u00fcl teremtette meg az egyiptomi\u00a0\u00d3-birodalmat. M\u00e1r\u00a0\u00e9vezredekkel\u00a0el\u0151tte\u00a0\u00e9ltek emberek a N\u00edlus v\u00f6lgy\u00e9ben, \u00e9s az \u0151 kult\u00far\u00e1juk tette lehet\u0151v\u00e9, hogy ott b\u00e1rki is tart\u00f3san megtelepedjen. K\u00f6r\u00fclbel\u00fcl Kr. e. 25 000-ig a mai Szahara ter\u00fclete m\u00e9g viszonylag kellemes \u00e9ghajlat\u00fa vid\u00e9k volt, &hellip; <\/p>\n<p><a class=\"more-link btn\" href=\"http:\/\/www.lerzso.hu\/?page_id=166\">Olvass tov\u00e1bb<\/a><\/p>\n","protected":false},"author":1,"featured_media":0,"parent":127,"menu_order":0,"comment_status":"closed","ping_status":"open","template":"","meta":{"footnotes":""},"class_list":["post-166","page","type-page","status-publish","hentry","nodate","item-wrap"],"_links":{"self":[{"href":"http:\/\/www.lerzso.hu\/index.php?rest_route=\/wp\/v2\/pages\/166","targetHints":{"allow":["GET"]}}],"collection":[{"href":"http:\/\/www.lerzso.hu\/index.php?rest_route=\/wp\/v2\/pages"}],"about":[{"href":"http:\/\/www.lerzso.hu\/index.php?rest_route=\/wp\/v2\/types\/page"}],"author":[{"embeddable":true,"href":"http:\/\/www.lerzso.hu\/index.php?rest_route=\/wp\/v2\/users\/1"}],"replies":[{"embeddable":true,"href":"http:\/\/www.lerzso.hu\/index.php?rest_route=%2Fwp%2Fv2%2Fcomments&post=166"}],"version-history":[{"count":9,"href":"http:\/\/www.lerzso.hu\/index.php?rest_route=\/wp\/v2\/pages\/166\/revisions"}],"predecessor-version":[{"id":186,"href":"http:\/\/www.lerzso.hu\/index.php?rest_route=\/wp\/v2\/pages\/166\/revisions\/186"}],"up":[{"embeddable":true,"href":"http:\/\/www.lerzso.hu\/index.php?rest_route=\/wp\/v2\/pages\/127"}],"wp:attachment":[{"href":"http:\/\/www.lerzso.hu\/index.php?rest_route=%2Fwp%2Fv2%2Fmedia&parent=166"}],"curies":[{"name":"wp","href":"https:\/\/api.w.org\/{rel}","templated":true}]}}