{"id":200,"date":"2013-11-02T22:09:00","date_gmt":"2013-11-02T21:09:00","guid":{"rendered":"http:\/\/www.lerzso.hu\/?page_id=200"},"modified":"2013-11-02T22:17:49","modified_gmt":"2013-11-02T21:17:49","slug":"mikor-jutott-egyiptom-hatalma-csucsara","status":"publish","type":"page","link":"http:\/\/www.lerzso.hu\/?page_id=200","title":{"rendered":"Mikor jutott Egyiptom hatalma cs\u00facs\u00e1ra?"},"content":{"rendered":"<h3><strong><em>A f\u00e1ra\u00f3k hossz\u00fa t\u00f6rt\u00e9nete<\/em><\/strong><\/h3>\n<h4><strong>Mikor jutott Egyiptom hatalma cs\u00facs\u00e1ra?<\/strong><\/h4>\n<p>A th\u00e9bai tizenhetedik dinasztia utols\u00f3 uralkod\u00f3inak Kr. e. 1550 t\u00e1j\u00e1n siker\u00fclt el\u0171zni\u00fck Egyiptomb\u00f3l az idegen kir\u00e1lyokat. Jahmesz (Ahm\u00f3sze) elfoglalta Avariszt, \u00e9s megalap\u00edtotta a tizennyolcadik dinaszti\u00e1t, ezzel pedig az \u00dajbirodalmat. A dinasztia tetter\u0151s kir\u00e1lyai a K\u00f6zel-Kelet legjelent\u0151sebb nagyhatalm\u00e1v\u00e1 v\u00e1ltoztatt\u00e1k Egyiptomot. I. Thotmesz (Tuthm\u00f3szisz) N\u00fabi\u00e1ban eg\u00e9szen az \u00f6t\u00f6dik katarakt\u00e1ig nyomult, m\u00edg csapatai \u00c1zsi\u00e1ban el\u00e9rt\u00e9k az Eufr\u00e1teszt.\u00a0<img loading=\"lazy\" decoding=\"async\" class=\"alignnone size-large wp-image-205\" alt=\"mm_aoet_12_1\" src=\"http:\/\/www.lerzso.hu\/?uamfiletype=attachment&amp;uamgetfile=http:\/\/www.lerzso.hu\/wp-content\/uploads\/2013\/11\/mm_aoet_12_1-1024x520.jpg\" width=\"1024\" height=\"520\" \/>Hatsepszut kir\u00e1lyn\u0151 uralkod\u00e1s\u00e1nak idej\u00e9b\u0151l feljegyz\u00e9sek maradtak fenn egy hatalmas kereskedelmi exped\u00edci\u00f3r\u00f3l, amely eljutott Punt orsz\u00e1gba &#8211; ez val\u00f3sz\u00edn\u0171leg a V\u00f6r\u00f6stenger d\u00e9li r\u00e9sz\u00e9n, Eritre\u00e1ban fek\u00fcdt. A dinasztia legnagyobb h\u00f3d\u00edt\u00f3ja III. Thotmesz (Tuthm\u00f3szisz) volt, aki megszil\u00e1rd\u00edtotta Egyiptom uralm\u00e1t Palesztin\u00e1ban \u00e9s Sz\u00edri\u00e1ban, s \u00e9l\u00e9nk keresked\u00e9st folytatott az aranyban gazdag N\u00fabi\u00e1val, ahonnan rengeteg nemesf\u00e9met import\u00e1lt.<\/p>\n<p>&nbsp;<\/p>\n<table border=\"1\">\n<tbody>\n<tr>\n<td><span style=\"color: #0000ff;\">PUNT ORSZ\u00c1G<\/span><\/p>\n<p><span style=\"color: #0000ff;\">A legend\u00e1s orsz\u00e1gb\u00f3l az egyiptomiak egyebek k\u00f6zt gyantat\u00f6mb\u00f6ket import\u00e1ltak a f\u00fcst\u00f6l\u0151szerek k\u00e9sz\u00edt\u00e9s\u00e9hez, valamint megmunk\u00e1lt f\u00e1t, aranyat, elef\u00e1ntagyarat, leop\u00e1rdb\u0151rt \u00e9s majmokat hoztak be. Hatsepszut kir\u00e1lyn\u0151 exped\u00edci\u00f3ja m\u00e9g \u00e9l\u0151 f\u00e1kat is sz\u00e1ll\u00edtott Egyiptomba.<\/span><\/td>\n<\/tr>\n<\/tbody>\n<\/table>\n","protected":false},"excerpt":{"rendered":"<p>A f\u00e1ra\u00f3k hossz\u00fa t\u00f6rt\u00e9nete Mikor jutott Egyiptom hatalma cs\u00facs\u00e1ra? A th\u00e9bai tizenhetedik dinasztia utols\u00f3 uralkod\u00f3inak Kr. e. 1550 t\u00e1j\u00e1n siker\u00fclt el\u0171zni\u00fck Egyiptomb\u00f3l az idegen kir\u00e1lyokat. Jahmesz (Ahm\u00f3sze) elfoglalta Avariszt, \u00e9s megalap\u00edtotta a tizennyolcadik dinaszti\u00e1t, ezzel pedig az \u00dajbirodalmat. A dinasztia tetter\u0151s kir\u00e1lyai a K\u00f6zel-Kelet legjelent\u0151sebb nagyhatalm\u00e1v\u00e1 v\u00e1ltoztatt\u00e1k Egyiptomot. I. Thotmesz (Tuthm\u00f3szisz) N\u00fabi\u00e1ban eg\u00e9szen az \u00f6t\u00f6dik &hellip; <\/p>\n<p><a class=\"more-link btn\" href=\"http:\/\/www.lerzso.hu\/?page_id=200\">Olvass tov\u00e1bb<\/a><\/p>\n","protected":false},"author":1,"featured_media":0,"parent":127,"menu_order":0,"comment_status":"closed","ping_status":"open","template":"","meta":{"footnotes":""},"class_list":["post-200","page","type-page","status-publish","hentry","nodate","item-wrap"],"_links":{"self":[{"href":"http:\/\/www.lerzso.hu\/index.php?rest_route=\/wp\/v2\/pages\/200","targetHints":{"allow":["GET"]}}],"collection":[{"href":"http:\/\/www.lerzso.hu\/index.php?rest_route=\/wp\/v2\/pages"}],"about":[{"href":"http:\/\/www.lerzso.hu\/index.php?rest_route=\/wp\/v2\/types\/page"}],"author":[{"embeddable":true,"href":"http:\/\/www.lerzso.hu\/index.php?rest_route=\/wp\/v2\/users\/1"}],"replies":[{"embeddable":true,"href":"http:\/\/www.lerzso.hu\/index.php?rest_route=%2Fwp%2Fv2%2Fcomments&post=200"}],"version-history":[{"count":5,"href":"http:\/\/www.lerzso.hu\/index.php?rest_route=\/wp\/v2\/pages\/200\/revisions"}],"predecessor-version":[{"id":208,"href":"http:\/\/www.lerzso.hu\/index.php?rest_route=\/wp\/v2\/pages\/200\/revisions\/208"}],"up":[{"embeddable":true,"href":"http:\/\/www.lerzso.hu\/index.php?rest_route=\/wp\/v2\/pages\/127"}],"wp:attachment":[{"href":"http:\/\/www.lerzso.hu\/index.php?rest_route=%2Fwp%2Fv2%2Fmedia&parent=200"}],"curies":[{"name":"wp","href":"https:\/\/api.w.org\/{rel}","templated":true}]}}