{"id":209,"date":"2013-11-02T22:19:14","date_gmt":"2013-11-02T21:19:14","guid":{"rendered":"http:\/\/www.lerzso.hu\/?page_id=209"},"modified":"2013-11-02T23:08:47","modified_gmt":"2013-11-02T22:08:47","slug":"ki-volt-ehnaton","status":"publish","type":"page","link":"http:\/\/www.lerzso.hu\/?page_id=209","title":{"rendered":"Ki volt Ehnaton?"},"content":{"rendered":"<h3><strong><em>A f\u00e1ra\u00f3k hossz\u00fa t\u00f6rt\u00e9nete<\/em><\/strong><\/h3>\n<p><strong><span style=\"color: #333333; font-family: 'Pontano Sans', arial, sans-serif; font-size: 16px;\">Ki volt Ehnaton?<\/span><\/strong><\/p>\n<p><strong style=\"color: #333333; font-family: 'Pontano Sans', arial, sans-serif; font-size: 16px; line-height: normal;\">\u00a0<\/strong><\/p>\n<div>Kr. e. 1350-ben Ehnaton f\u00e1ra\u00f3 \u00fclt a tr\u00f3nra. \u0150 k\u00e9sleked\u00e9s n\u00e9lk\u00fcl hozz\u00e1l\u00e1tott, hogy a szerinte legfontosabb dolgokat alaposan megv\u00e1ltoztassa Egyiptomban. \u00cdgy Th\u00e9ba \u00e9s Memphisz helyett \u00faj f\u0151v\u00e1rost alap\u00edtott El-Amarn\u00e1ban, megtiltotta Amon isten \u00e9s a legt\u00f6bb, addig kultiv\u00e1lt istens\u00e9g tisztelet\u00e9t, \u00e9s helyette a f\u00e9nyl\u0151 napkorongk\u00e9nt vil\u00e1goss\u00e1got \u00e9s \u00e9letet ad\u00f3 Aton isten im\u00e1dat\u00e1t rendelte el. \u00c1ltala kiv\u00e1lasztott szem\u00e9lyeknek, k\u00f6z\u00f6tt\u00fck k\u00fclf\u00f6ldieknek is, magas rangot adott. Az egyiptomi fest\u0151knek \u00e9s szobr\u00e1szoknak mer\u0151ben \u00faj form\u00e1kkal kellett k\u00eds\u00e9rletezni\u00fck. De vajon mi\u00e9rt akart Ehnaton ennyi mindent megv\u00e1ltoztatni? Ennek egyik oka politikai term\u00e9szet\u0171 volt: meg akarta t\u00f6rni Amon isten templom\u00e1nak \u00e9s papjainak hatalm\u00e1t. A templom n\u00f6vekv\u0151 hatalma ugyanis komolyan korl\u00e1tozta a kir\u00e1ly befoly\u00e1s\u00e1t. A v\u00e1ltoz\u00e1s tov\u00e1bbi okait a kir\u00e1ly szem\u00e9lyis\u00e9g\u00e9ben, akarnoks\u00e1g\u00e1ban, hatalmi v\u00e1gyainak f\u00e9ktelens\u00e9g\u00e9ben kell keresni.<\/div>\n<p><a href=\"http:\/\/www.lerzso.hu\/?uamfiletype=attachment&amp;uamgetfile=http:\/\/www.lerzso.hu\/wp-content\/uploads\/2013\/11\/mm_aoet_12_2.jpg\"><img loading=\"lazy\" decoding=\"async\" class=\"alignnone size-large wp-image-213\" alt=\"mm_aoet_12_2\" src=\"http:\/\/www.lerzso.hu\/?uamfiletype=attachment&amp;uamgetfile=http:\/\/www.lerzso.hu\/wp-content\/uploads\/2013\/11\/mm_aoet_12_2-1024x401.jpg\" width=\"1024\" height=\"401\" \/><\/a><\/p>\n<div>\n<table border=\"0\">\n<tbody>\n<tr>\n<td><span style=\"color: #008000;\">Tutanhamon harci szeker\u00e9n k\u00fczd a n\u00fabiaiak ellen. A kir\u00e1ly mellett nincs hajt\u00f3, ez\u00e9rt a kant\u00e1rt a dereka k\u00f6r\u00e9 tekerte.<\/span><\/td>\n<\/tr>\n<\/tbody>\n<\/table>\n<\/div>\n<div><\/div>\n<div>Hal\u00e1la ut\u00e1n Tutanhamon f\u00e1ra\u00f3 idej\u00e9n a templom \u00e9s a paps\u00e1g hamar visszaszerezte r\u00e9gi jogait. A zsarnok uralkod\u00f3 akkora ellenszenvet v\u00e1ltott ki, hogy nev\u00e9t ett\u0151l kezdve minden\u00fctt kit\u00f6r\u00f6lt\u00e9k vagy kiv\u00e9st\u00e9k a feliratokb\u00f3l, ahol csak r\u00e1tal\u00e1ltak. Az egyik sz\u00f6veg Ehnatont \u201eaz amarnai b\u0171n\u00f6z\u0151nek\u201d nevezte. A Kr. e. 1300 t\u00e1j\u00e1n hatalomra jut\u00f3, tizenkilencedik dinasztia egyik legnagyobb uralkod\u00f3ja II. Ramszesz volt. A N\u00edlus delt\u00e1j\u00e1ban \u00faj f\u0151v\u00e1rost \u00e9p\u00edtett, \u00e9s orsz\u00e1gszerte sz\u00e1mtalan templomot emeltetett. Sokat h\u00e1bor\u00fazott a hettit\u00e1kkal, m\u00edg v\u00e9g\u00fcl 16 \u00e9vvel a nevezetes k\u00e1desi csata ut\u00e1n a k\u00e9t birodalom b\u00e9k\u00e9t k\u00f6t\u00f6tt. Egyiptomot azonban tov\u00e1bbra is ellens\u00e9gek fenyegett\u00e9k. Kr. e. 1200 t\u00e1j\u00e1n III. Ramszesz, a huszadik dinasztia legjelent\u0151sebb f\u00e1ra\u00f3ja legy\u0151zte a tengeri n\u00e9peket \u00e9s az Egyiptomra t\u00f6r\u0151 l\u00edbiaiakat. \u0150t azonban gyenge uralkod\u00f3k k\u00f6vett\u00e9k, s eg\u00e9sz Egyiptom ereje meggyeng\u00fclt. Az orsz\u00e1got a fejetlens\u00e9g jellemezte. A gazdas\u00e1g \u00e9s a kereskedelem romokban hevert, s rendszeresen rabl\u00f3k fosztogatt\u00e1k a f\u00e1ra\u00f3k s\u00edrjait. Kezdet\u00e9t vette a harmadik \u00e1tmeneti id\u0151szak. Az orsz\u00e1g ism\u00e9t kett\u00e9szakadt. Th\u00e9b\u00e1ban Amon f\u0151papjai uralkodtak, a delt\u00e1ban fekv\u0151 Tanisz v\u00e1ros\u00e1ban pedig 21. dinasztia f\u00e1ra\u00f3i. Egyiptom hanyatl\u00e1s\u00e1t azonban nem tudt\u00e1k meg\u00e1ll\u00edtani.<\/div>\n<div><\/div>\n<table border=\"1\">\n<tbody>\n<tr>\n<td><span style=\"color: #0000ff;\">A HARCI SZEK\u00c9R<\/span><span style=\"color: #0000ff;\">Az \u00faj fegyvert \u00c1zsi\u00e1ban fejlesztett\u00e9k ki, de nemsok\u00e1ra m\u00e1r az egyiptomiak is els\u0151 oszt\u00e1ly\u00fa harci szekereket k\u00e9sz\u00edtettek. Az egytengely\u0171 szekeret k\u00e9t l\u00f3 h\u00fazta, a leg\u00e9nys\u00e9g pedig legt\u00f6bbsz\u00f6r egy hajt\u00f3b\u00f3l \u00e9s egy \u00edj\u00e1szb\u00f3l \u00e1llt. A kerekek \u00e1ltal\u00e1ban egym\u00e9teres \u00e1tm\u00e9r\u0151j\u0171ek voltak, a szek\u00e9r alj\u00e1t pedig a r\u00e1zk\u00f3d\u00e1st tomp\u00edt\u00f3 b\u0151rsz\u00edjakb\u00f3l font\u00e1k.\u00a0A harci szekeret nemcsak h\u00e1bor\u00faban, hanem m\u00e1s alkalmakkor is haszn\u00e1lt\u00e1k.<\/span><\/td>\n<\/tr>\n<\/tbody>\n<\/table>\n<p>&nbsp;<\/p>\n<p>A k\u00e9s\u0151i id\u0151szakban Egyiptomban t\u00f6bbnyire k\u00fclf\u00f6ldi kir\u00e1lyok ker\u00fcltek tr\u00f3nra. Kr. e. 700 k\u00f6r\u00fcl a huszon\u00f6t\u00f6dik dinasztia n\u00fabiai kir\u00e1lyai hatalmas, a hatodik katarakt\u00e1t\u00f3l eg\u00e9szen a F\u00f6ldk\u00f6zi-tengerig terjed\u0151 birodalmat alak\u00edtottak ki. \u0150ket az assz\u00edrok, a perzs\u00e1k k\u00f6vett\u00e9k, majd h\u00e1rom egyiptomi dinasztia ut\u00e1n ism\u00e9t a perzs\u00e1k j\u00f6ttek.<\/p>\n<p><a href=\"http:\/\/www.lerzso.hu\/?uamfiletype=attachment&amp;uamgetfile=http:\/\/www.lerzso.hu\/wp-content\/uploads\/2013\/11\/mm_aoet_13_1.jpg\"><img loading=\"lazy\" decoding=\"async\" class=\"size-large wp-image-215 alignleft\" alt=\"mm_aoet_13_1\" src=\"http:\/\/www.lerzso.hu\/?uamfiletype=attachment&amp;uamgetfile=http:\/\/www.lerzso.hu\/wp-content\/uploads\/2013\/11\/mm_aoet_13_1-592x1024.jpg\" width=\"592\" height=\"1024\" \/><\/a><\/p>\n<table border=\"1\">\n<tbody>\n<tr>\n<td><span style=\"color: #008000;\">A Jobb oldali k\u00e9pen a f\u00e1ra\u00f3 csal\u00e1dja l\u00e1tszik, a Napk\u00e9nt Sug\u00e1rz\u00f3 Aton isten f\u00e9ny\u00e9ben. A napsugarak kezekben v\u00e9gz\u0151dnek. Aton napisten \u00e9letet ad\u00f3 kezei a hieroglif\u00e1t tartj\u00e1k az uralkod\u00f3 \u00e9s a kir\u00e1lyn\u00e9 arca el\u00e9. A hieroglifa jelent\u00e9se anh, vagyis \u00e9let.<\/span><\/td>\n<\/tr>\n<\/tbody>\n<\/table>\n","protected":false},"excerpt":{"rendered":"<p>A f\u00e1ra\u00f3k hossz\u00fa t\u00f6rt\u00e9nete Ki volt Ehnaton? \u00a0 Kr. e. 1350-ben Ehnaton f\u00e1ra\u00f3 \u00fclt a tr\u00f3nra. \u0150 k\u00e9sleked\u00e9s n\u00e9lk\u00fcl hozz\u00e1l\u00e1tott, hogy a szerinte legfontosabb dolgokat alaposan megv\u00e1ltoztassa Egyiptomban. \u00cdgy Th\u00e9ba \u00e9s Memphisz helyett \u00faj f\u0151v\u00e1rost alap\u00edtott El-Amarn\u00e1ban, megtiltotta Amon isten \u00e9s a legt\u00f6bb, addig kultiv\u00e1lt istens\u00e9g tisztelet\u00e9t, \u00e9s helyette a f\u00e9nyl\u0151 napkorongk\u00e9nt vil\u00e1goss\u00e1got \u00e9s \u00e9letet &hellip; <\/p>\n<p><a class=\"more-link btn\" href=\"http:\/\/www.lerzso.hu\/?page_id=209\">Olvass tov\u00e1bb<\/a><\/p>\n","protected":false},"author":1,"featured_media":0,"parent":127,"menu_order":0,"comment_status":"closed","ping_status":"open","template":"","meta":{"footnotes":""},"class_list":["post-209","page","type-page","status-publish","hentry","nodate","item-wrap"],"_links":{"self":[{"href":"http:\/\/www.lerzso.hu\/index.php?rest_route=\/wp\/v2\/pages\/209","targetHints":{"allow":["GET"]}}],"collection":[{"href":"http:\/\/www.lerzso.hu\/index.php?rest_route=\/wp\/v2\/pages"}],"about":[{"href":"http:\/\/www.lerzso.hu\/index.php?rest_route=\/wp\/v2\/types\/page"}],"author":[{"embeddable":true,"href":"http:\/\/www.lerzso.hu\/index.php?rest_route=\/wp\/v2\/users\/1"}],"replies":[{"embeddable":true,"href":"http:\/\/www.lerzso.hu\/index.php?rest_route=%2Fwp%2Fv2%2Fcomments&post=209"}],"version-history":[{"count":9,"href":"http:\/\/www.lerzso.hu\/index.php?rest_route=\/wp\/v2\/pages\/209\/revisions"}],"predecessor-version":[{"id":221,"href":"http:\/\/www.lerzso.hu\/index.php?rest_route=\/wp\/v2\/pages\/209\/revisions\/221"}],"up":[{"embeddable":true,"href":"http:\/\/www.lerzso.hu\/index.php?rest_route=\/wp\/v2\/pages\/127"}],"wp:attachment":[{"href":"http:\/\/www.lerzso.hu\/index.php?rest_route=%2Fwp%2Fv2%2Fmedia&parent=209"}],"curies":[{"name":"wp","href":"https:\/\/api.w.org\/{rel}","templated":true}]}}