{"id":235,"date":"2013-11-03T10:20:34","date_gmt":"2013-11-03T09:20:34","guid":{"rendered":"http:\/\/www.lerzso.hu\/?page_id=235"},"modified":"2013-11-03T11:02:30","modified_gmt":"2013-11-03T10:02:30","slug":"mit-nevezunk-tortenelmi-forrasnak","status":"publish","type":"page","link":"http:\/\/www.lerzso.hu\/?page_id=235","title":{"rendered":"Mit nevez\u00fcnk t\u00f6rt\u00e9nelmi forr\u00e1snak?"},"content":{"rendered":"<h3><span style=\"color: #000000;\"><em><strong><span style=\"font-size: 16px;\">Amit Egyiptomr\u00f3l tudunk<\/span><\/strong><\/em><\/span><\/h3>\n<h4><strong>Mit nevez\u00fcnk t\u00f6rt\u00e9nelmi forr\u00e1snak?<\/strong><\/h4>\n<p>Abban, hogy t\u00f6bbet tudjunk meg Egyiptom t\u00f6rt\u00e9net\u00e9r\u0151l a legk\u00fcl\u00f6nfel\u00e9bb forr\u00e1sok seg\u00edthetnek minket. A kult\u00fara sokf\u00e9le t\u00f6rt\u00e9netet is \u0151riz arr\u00f3l, hogy mi hogyan zajlott a m\u00faltban. Ezek rendk\u00edv\u00fcl fontos adal\u00e9kokat tartalmaznak, \u00e1m gyakran \u2014 mint minden mese \u2014 a fant\u00e1zi\u00e1val eg\u00e9sz\u00edtik ki a val\u00f3s\u00e1gos esem\u00e9nyeket. Ez\u00e9rt a tudom\u00e1ny nem t\u00e1maszkodhat egyed\u00fcl a fennmaradt t\u00f6rt\u00e9netekre, m\u00edtoszokra.<\/p>\n<p>A t\u00f6rt\u00e9n\u00e9szeknek a megfelel\u0151 korb\u00f3l \u00e9s helyr\u0151l sz\u00e1rmaz\u00f3 leletekre is sz\u00fcks\u00e9g\u00fck van ahhoz, hogy a val\u00f3s\u00e1gos t\u00e9nyeknek megfelel\u0151 k\u00f6vetkeztet\u00e9sekre jussanak. Az ezt seg\u00edt\u0151 eredeti leleteket t\u00f6rt\u00e9nelmi forr\u00e1soknak nevezz\u00fck.<\/p>\n<p>Egyiptomban h\u00e1romfajta t\u00f6rt\u00e9nelmi forr\u00e1st tal\u00e1ltak: t\u00e1rgyakat, k\u00e9peket \u00e9s sz\u00f6vegeket. A t\u00e1rgyi leletek k\u00f6z\u00e9 tartoznak p\u00e9ld\u00e1ul a templomok, a h\u00e1zak, a s\u00edrok, a szobrok, a m\u00fami\u00e1k, a fegyverek, a b\u00fatorok, az agyaged\u00e9nyek, de egy hangszer, egy t\u00e1rsasj\u00e1t\u00e9k, egy ing, egy szand\u00e1l, egy papirusz, egy baba, egy nyakl\u00e1nc, egy f\u00fclbeval\u00f3 vagy egy gy\u00f6ngysor is ide tartozik. Ezek a forr\u00e1sok megmutatj\u00e1k a t\u00f6rt\u00e9n\u00e9szeknek, hogy milyen t\u00e1rgyaik voltak akkoriban az embereknek, hogy mire \u00e9s hogyan haszn\u00e1lt\u00e1k ezeket, \u00e9s hogy hogyan m\u0171k\u00f6dtek. Az el\u0151bb felsorolt t\u00e1rgyak n\u00e9melyik\u00e9t k\u00e9pek d\u00edsz\u00edtik: v\u00e9setek \u00e9kes\u00edtik a templomok fal\u00e1t, festm\u00e9nyek a s\u00edrfalait, a mennyezet\u00e9t, a m\u00fami\u00e1k kopors\u00f3it \u00e9s az ed\u00e9nyeket. A k\u00e9pek azonban gyakran csak egy oldalr\u00f3l \u00e1br\u00e1zolj\u00e1k a t\u00e1rgyakat, ez\u00e9rt nem mindig egy\u00e9rtelm\u0171, hogy milyen is volt az teljes eg\u00e9sz\u00e9ben vagy, hogy mire haszn\u00e1lt\u00e1k.<\/p>\n<p>Ugyanakkor a k\u00e9pek gyakran \u00f6sszef\u00fcgg\u00e9s\u00fckben \u00e1br\u00e1zolj\u00e1k a t\u00e1rgyakat, ez\u00e9rt n\u00e9ha ki lehet k\u00f6vetkeztetni, hogy mire haszn\u00e1lt\u00e1k ezeket az emberek.<\/p>\n<p>Sz\u00f6vegeket \u00e9s feliratokat a legk\u00fcl\u00f6nf\u00e9l\u00e9bb t\u00e1rgyakon tal\u00e1lhatunk: szikl\u00e1kon, templomfalakon, bels\u0151 falakon, b\u00fatorokon, fegyvereken \u00e9s szobrokon, cser\u00e9pt\u00f6red\u00e9keken, de mindenekel\u0151tt papiruszon. Ezek az \u00edr\u00e1sok t\u00f6bbnyire csak nagy vonalakban tudj\u00e1k visszaadni, hogy milyen volt egy-egy t\u00e1rgy. M\u00e1sr\u00e9szt viszont meg\u0151rzik a neveket, sz\u00e1mokat, r\u00f6gz\u00edtik a mennyis\u00e9get \u00e9s a nagys\u00e1gokat, t\u00f6rt\u00e9neteket mes\u00e9lnek, r\u00e9gm\u00falt esem\u00e9nyekr\u0151l sz\u00e1molnak be, meg\u0151rzik, mit gondoltak \u00e9s mit \u00e9reztek a r\u00e9g let\u0171nt korok emberei.<\/p>\n<p>Egyik forr\u00e1sanyag sem ad meg minden felvil\u00e1gos\u00edt\u00e1st arr\u00f3l, amit tudni szeretn\u00e9nk. B\u00e1rmely dologr\u00f3l akkor tudhatunk meg a legt\u00f6bbet, ha t\u00f6bbfajta forr\u00e1sunk van r\u00f3la \u2014 p\u00e9ld\u00e1ul k\u00e9p\u00fcnk \u00e9s sz\u00f6veg\u00fcnk. Sok k\u00e9rd\u00e9s m\u00e9g \u00edgy is megv\u00e1laszolatlan marad. A t\u00f6rt\u00e9n\u00e9szek gyakran vitatkoznak azon, Hogyan kell \u00e9rtelmezni az egyes forr\u00e1sokat. A vita fontos r\u00e9sze a tudom\u00e1nynak, mert ennek r\u00e9v\u00e9n fontos n\u00e9z\u0151pontokkal \u00e9s r\u00e9szletekkel eg\u00e9sz\u00fclhet ki egy-egy ember addigi tud\u00e1sa. Gyakran el\u0151fordul, Hogy egy-egy probl\u00e9m\u00e1t \u2014 amellyel n\u00e9h\u00e1ny kutat\u00f3 egyed\u00fcl m\u00e1r \u00e9vek \u00f3ta nem tudott megbirk\u00f3zni \u2014 v\u00e9g\u00fcl a k\u00f6z\u00f6s gondolkod\u00e1ssal siker\u00fcl megoldani.<\/p>\n<p>&nbsp;<\/p>\n<table border=\"1\">\n<tbody>\n<tr>\n<td><span style=\"color: #008000;\"><i>A karnaki templom els\u0151 pilonja (k\u00e9ttorny\u00fa kapu\u00e9p\u00edtm\u00e9nye). A bej\u00e1rat mindk\u00e9t oldal\u00e1n j\u00f3kora f\u00fcgg\u0151leges m\u00e9lyed\u00e9seket tal\u00e1lunk a k\u0151falban. Mindegyik f\u00f6l\u00f6tt egy n\u00e9gysz\u00f6gletes ny\u00edl\u00e1st hagytak. Hogy ezek mire szolg\u00e1ltak, az a k\u00f6vetkez\u0151 k\u00e9p\u00e9n kider\u00fcl.<\/i><\/span><\/td>\n<\/tr>\n<\/tbody>\n<\/table>\n<p><a href=\"http:\/\/www.lerzso.hu\/?uamfiletype=attachment&amp;uamgetfile=http:\/\/www.lerzso.hu\/wp-content\/uploads\/2013\/11\/mm_aoet_15_1.jpg\"><img loading=\"lazy\" decoding=\"async\" class=\"alignnone size-large wp-image-238\" alt=\"mm_aoet_15_1\" src=\"http:\/\/www.lerzso.hu\/?uamfiletype=attachment&amp;uamgetfile=http:\/\/www.lerzso.hu\/wp-content\/uploads\/2013\/11\/mm_aoet_15_1-1024x607.jpg\" width=\"1024\" height=\"607\" \/><\/a><\/p>\n<p>&nbsp;<\/p>\n<p>&nbsp;<\/p>\n<table border=\"1\">\n<tbody>\n<tr>\n<td><span style=\"color: #008000;\">Ez a domborm\u0171 a luxori templom fal\u00e1n tal\u00e1lhat\u00f3, \u00e1s egy pilon (tart\u00f3pill\u00e9r) k\u00fcls\u0151 oldal\u00e1t d\u00edsz\u00edti. Az \u00e9rt\u00e9kes forr\u00e1s megmutatja, milyen c\u00e9lt szolg\u00e1ltak a falban a bem\u00e9lyed\u00e9sek \u00e9s a ny\u00edl\u00e1sok. A bem\u00e9lyed\u00e9sekben n\u00e9gy, hossz\u00fa r\u00fad \u00e1llt, amelyeket a ny\u00edl\u00e1sokon kereszt\u00fcl er\u0151s\u00edtettek a falhoz. A rudak magasabbra ny\u00faltak, mint a pilon legteteje, \u00e9s hegy\u00fckre tarka z\u00e1szl\u00f3kat t\u0171ztek. Azt, hogy a z\u00e1szl\u00f3k tark\u00e1k voltak, \u00edr\u00e1sos forr\u00e1sokb\u00f3l tudhattuk meg.\u00a0<\/span><\/td>\n<\/tr>\n<\/tbody>\n<\/table>\n<p><a href=\"http:\/\/www.lerzso.hu\/?uamfiletype=attachment&amp;uamgetfile=http:\/\/www.lerzso.hu\/wp-content\/uploads\/2013\/11\/mm_aoet_16_1.jpg\"><img loading=\"lazy\" decoding=\"async\" class=\"alignnone size-large wp-image-239\" alt=\"mm_aoet_16_1\" src=\"http:\/\/www.lerzso.hu\/?uamfiletype=attachment&amp;uamgetfile=http:\/\/www.lerzso.hu\/wp-content\/uploads\/2013\/11\/mm_aoet_16_1-1024x617.jpg\" width=\"1024\" height=\"617\" \/><\/a><\/p>\n<p>&nbsp;<\/p>\n<table border=\"1\">\n<tbody>\n<tr>\n<td><span style=\"color: #0000ff;\">OBELISZKEK<\/span><\/p>\n<p><span style=\"color: #0000ff;\">A pilon el\u0151tt \u00e1ltal\u00e1ban k\u00e9t obeliszk \u00e1llt. Ezeket egyetlen hatalmas, r\u00f3zsagr\u00e1nit t\u00f6mbb\u0151l faragt\u00e1k ki. Magass\u00e1guk a 30 m\u00e9tert, s\u00falyuk a 300 tonn\u00e1t is el\u00e9rhette. Az obeliszkek felfel\u00e9 elkeskenyednek, \u00e9s arannyal bevont hegy\u00fck olyan, mint egy kis piramis. Az obeliszkek fontos szerepet j\u00e1tszottak a napisten tisztelet\u00e9ben, \u00e9s maguk is az \u00e9let megmarad\u00e1s\u00e1t szimboliz\u00e1lt\u00e1k.\u00a0<\/span><\/td>\n<\/tr>\n<\/tbody>\n<\/table>\n","protected":false},"excerpt":{"rendered":"<p>Amit Egyiptomr\u00f3l tudunk Mit nevez\u00fcnk t\u00f6rt\u00e9nelmi forr\u00e1snak? Abban, hogy t\u00f6bbet tudjunk meg Egyiptom t\u00f6rt\u00e9net\u00e9r\u0151l a legk\u00fcl\u00f6nfel\u00e9bb forr\u00e1sok seg\u00edthetnek minket. A kult\u00fara sokf\u00e9le t\u00f6rt\u00e9netet is \u0151riz arr\u00f3l, hogy mi hogyan zajlott a m\u00faltban. Ezek rendk\u00edv\u00fcl fontos adal\u00e9kokat tartalmaznak, \u00e1m gyakran \u2014 mint minden mese \u2014 a fant\u00e1zi\u00e1val eg\u00e9sz\u00edtik ki a val\u00f3s\u00e1gos esem\u00e9nyeket. Ez\u00e9rt a tudom\u00e1ny nem &hellip; <\/p>\n<p><a class=\"more-link btn\" href=\"http:\/\/www.lerzso.hu\/?page_id=235\">Olvass tov\u00e1bb<\/a><\/p>\n","protected":false},"author":1,"featured_media":0,"parent":127,"menu_order":0,"comment_status":"closed","ping_status":"open","template":"","meta":{"footnotes":""},"class_list":["post-235","page","type-page","status-publish","hentry","nodate","item-wrap"],"_links":{"self":[{"href":"http:\/\/www.lerzso.hu\/index.php?rest_route=\/wp\/v2\/pages\/235","targetHints":{"allow":["GET"]}}],"collection":[{"href":"http:\/\/www.lerzso.hu\/index.php?rest_route=\/wp\/v2\/pages"}],"about":[{"href":"http:\/\/www.lerzso.hu\/index.php?rest_route=\/wp\/v2\/types\/page"}],"author":[{"embeddable":true,"href":"http:\/\/www.lerzso.hu\/index.php?rest_route=\/wp\/v2\/users\/1"}],"replies":[{"embeddable":true,"href":"http:\/\/www.lerzso.hu\/index.php?rest_route=%2Fwp%2Fv2%2Fcomments&post=235"}],"version-history":[{"count":9,"href":"http:\/\/www.lerzso.hu\/index.php?rest_route=\/wp\/v2\/pages\/235\/revisions"}],"predecessor-version":[{"id":252,"href":"http:\/\/www.lerzso.hu\/index.php?rest_route=\/wp\/v2\/pages\/235\/revisions\/252"}],"up":[{"embeddable":true,"href":"http:\/\/www.lerzso.hu\/index.php?rest_route=\/wp\/v2\/pages\/127"}],"wp:attachment":[{"href":"http:\/\/www.lerzso.hu\/index.php?rest_route=%2Fwp%2Fv2%2Fmedia&parent=235"}],"curies":[{"name":"wp","href":"https:\/\/api.w.org\/{rel}","templated":true}]}}