{"id":265,"date":"2013-11-03T11:53:27","date_gmt":"2013-11-03T10:53:27","guid":{"rendered":"http:\/\/www.lerzso.hu\/?page_id=265"},"modified":"2013-11-03T12:29:23","modified_gmt":"2013-11-03T11:29:23","slug":"265-2","status":"publish","type":"page","link":"http:\/\/www.lerzso.hu\/?page_id=265","title":{"rendered":"Mit kutat az egyiptol\u00f3gia?"},"content":{"rendered":"<h3><em><strong>Amit Egyiptomr\u00f3l tudunk<\/strong><\/em><\/h3>\n<h4><strong>Mit kutat az egyiptol\u00f3gia?<\/strong><\/h4>\n<p>Az \u00f3kori Egyiptom t\u00f6rt\u00e9net\u00e9vel az egyiptol\u00f3gusok foglalkoznak. Mivel Champol a lion volt az els\u0151, aki teljes erej\u00e9t annak szentelte, hogy felkutassa a f\u00e1ra\u00f3k Egyiptom\u00e1nak titkait, \u00e9s mivel munk\u00e1ja rendk\u00edv\u00fcl sikeresnek bizonyult, tal\u00e1n nem t\u00falz\u00e1s, ha \u0151t tekintj\u00fck a vil\u00e1g els\u0151 egyiptol\u00f3gus\u00e1nak. 1830-ban P\u00e1rizsban az egyiptol\u00f3gia professzora lett \u00a0ezt a c\u00edmet kifejezetten az \u0151 kedv\u00e9\u00e9rt alap\u00edtott\u00e1k.<\/p>\n<p><a href=\"http:\/\/www.lerzso.hu\/?uamfiletype=attachment&amp;uamgetfile=http:\/\/www.lerzso.hu\/wp-content\/uploads\/2013\/11\/mm_aoet_19_1.jpg\"><img loading=\"lazy\" decoding=\"async\" class=\"alignnone size-large wp-image-269\" alt=\"mm_aoet_19_1\" src=\"http:\/\/www.lerzso.hu\/?uamfiletype=attachment&amp;uamgetfile=http:\/\/www.lerzso.hu\/wp-content\/uploads\/2013\/11\/mm_aoet_19_1-1024x543.jpg\" width=\"1024\" height=\"543\" \/><\/a><\/p>\n<table border=\"1\">\n<tbody>\n<tr>\n<td><span style=\"color: #008000;\">T\u00e1mad az egyiptomi hadsereg. Ez az eleven \u00e9s rendk\u00edv\u00fcl er\u0151teljes k\u00e9p ugyan t\u00f6rt\u00e9nelmi forr\u00e1sokra t\u00e1maszkodva k\u00e9sz\u00fclt, de csup\u00e1n egy rekonstrukci\u00f3, teh\u00e1t a fant\u00e1zia term\u00e9ke. Nem lehet\u00fcnk biztosak abban, hogy a f\u00e1ra\u00f3 oroszl\u00e1nja val\u00f3ban r\u00e9szt vett a k\u00fczdelemben.\u00a0<\/span><\/td>\n<\/tr>\n<\/tbody>\n<\/table>\n<p>N\u00e9metorsz\u00e1gban els\u0151k\u00e9nt a Champollion munk\u00e1j\u00e1t folytat\u00f3 Richard 1epsius nevezhette mag\u00e1t ugyancsak az egyiptol\u00f3gia professzor\u00e1nak, 1842-t\u0151l.<\/p>\n<p>Az egyiptol\u00f3gia \u00f6nmag\u00e1ban nem tud minden k\u00e9rd\u00e9sre v\u00e1laszt adni. Nem tartozik szorosan ehhez a szakter\u00fclethez p\u00e9ld\u00e1ul az, hogy hogyan lehet kisz\u00e1molni a csillagok j\u00e1r\u00e1s\u00e1t, vagy hogy milyenek voltak a csillagk\u00e9pek n\u00e9gyezer \u00e9vvel ezel\u0151tt. Az sem tananyag, hogy hogyan lehet belen\u00e9zni egy m\u00famia belsej\u00e9be, mik\u00e9nt lehet a n\u00f6v\u00e9nyek, \u00e1llatok, k\u00f6vek \u00e9s f\u00e9mek maradv\u00e1nyait term\u00e9szettudom\u00e1nyos m\u00f3dszerekkel meghat\u00e1rozni, hogyan lehet a leleteket konzerv\u00e1lni, vagy mik\u00e9nt kell egy fadarab kor\u00e1t meghat\u00e1rozni. Az egyiptol\u00f3gusok ez\u00e9rt egyre gyakrabban m\u0171k\u00f6dnek egy\u00fctt m\u00e1s tud\u00f3sokkal: a csillag\u00e1szokkal, az orvosokkal, a biol\u00f3gusokkal, a vegy\u00e9szekkel, a geol\u00f3gusokkal, a fizikusokkal \u00e9s m\u00e9g egy\u00e9b szak\u00e9rt\u0151kkel. Egy\u00fcttm\u0171k\u00f6d\u00e9s\u00fck eredm\u00e9nyek\u00e9nt m\u00e1r sok k\u00e9rd\u00e9sre siker\u00fclt v\u00e1laszt kapni.<\/p>\n<p><a href=\"http:\/\/www.lerzso.hu\/?uamfiletype=attachment&amp;uamgetfile=http:\/\/www.lerzso.hu\/wp-content\/uploads\/2013\/11\/mm_aoet_19_2.jpg\"><img loading=\"lazy\" decoding=\"async\" class=\"alignnone size-full wp-image-272\" alt=\"mm_aoet_19_2\" src=\"http:\/\/www.lerzso.hu\/?uamfiletype=attachment&amp;uamgetfile=http:\/\/www.lerzso.hu\/wp-content\/uploads\/2013\/11\/mm_aoet_19_2.jpg\" width=\"467\" height=\"471\" \/><\/a><\/p>\n<table border=\"1\">\n<tbody>\n<tr>\n<td><span style=\"color: #008000;\"><i>Egy bilhartia (schistosoma haematobium) pet\u00e9j\u00e9nek felnagy\u00edtott felv\u00e9tele. A sz\u00f6vet egy m\u00fami\u00e1b\u00f3l sz\u00e1rmazik, amely azt mutatja, hogy az \u00e9l\u0151sk\u00f6d\u0151 okozta betegs\u00e9g <\/i><i>\u2014 a bilhartiosis \u2014 m\u00e1r az \u00f3kori Egyiptomban is ismert volt.\u00a0<\/i><\/span><\/td>\n<\/tr>\n<\/tbody>\n<\/table>\n<p>&nbsp;<\/p>\n<p>Az egyiptol\u00f3gusok \u00e9s a geol\u00f3gusok egy\u00fcttm\u0171k\u00f6d\u00e9s\u00e9nek k\u00f6sz\u00f6nhet\u0151en ma m\u00e1r nagyon sok esetben meg tudjuk mondani, hogy az orsz\u00e1g melyik k\u0151b\u00e1ny\u00e1j\u00e1b\u00f3l sz\u00e1rmaznak az adott k\u00f6vek. A v\u00e9s\u0151k nyom\u00e1t megvizsg\u00e1lva meg\u00e1llap\u00edthatjuk, hogy a k\u0151b\u00e1ny\u00e1ban mikor dolgoztak a k\u0151fejt\u0151k a sz\u00f3ban forg\u00f3 helyen.<\/p>\n<p>Az egyiptol\u00f3gusok nem mindig ismerik egy sz\u00f3 pontos jelent\u00e9s\u00e9t. A wcl sz\u00f3r\u00f3l Pl. csak annyit tudtak, hogy ezzel valamilyen gy\u00fcm\u00f6lcs\u00f6t jel\u00f6ltek. Nagy szerencse, hogy tal\u00e1ltak olyan fazekakat, amelyekre az egyiptomiak \u00e9ppen ezt a sz\u00f3t \u00edrt\u00e1k r\u00e1, \u00e9s amelyekben ott voltak a gy\u00fcm\u00f6lcs\u00f6k is. Amikor a biol\u00f3gusok megvizsg\u00e1lt\u00e1k ezeket, kider\u00fclt, hogy f\u00f6ldi mandul\u00e1k voltak (egy n\u00f6v\u00e9ny t\u00e1pl\u00e1l\u00f3 gy\u00f6k\u00e9rgum\u00f3i). Ebb\u0151l val\u00f3sz\u00edn\u0171s\u00edtett\u00e9k, hogy a wch sz\u00f3 a f\u00f6ldi mandul\u00e1t jelentette, felt\u00e9ve persze, hogy az \u0151si egyiptomiak ez\u00fattal is a megfelel\u0151 felirat\u00fa ed\u00e9nyben t\u00e1rolt\u00e1k a sz\u00f3ban forg\u00f3 n\u00f6v\u00e9nyt.<\/p>\n<p>Az eredetileg gy\u00f3gy\u00e1szati c\u00e9llal kifejlesztett komputer-tomogr\u00e1fi\u00e1t is fel lehet haszn\u00e1lni az egyiptomi m\u00fami\u00e1k vizsg\u00e1lata sor\u00e1n. A m\u00f3dszer seg\u00edts\u00e9g\u00e9vel a m\u00fami\u00e1t \u00edgy is meg lehet vizsg\u00e1lni, hogy k\u00f6zben nem kell kicsomagolni, felv\u00e1gni, \u00e9s ezzel k\u00e1ros\u00edtani. A komputer-tomogr\u00e1fi\u00e1val k\u00e9sz\u00fclt felv\u00e9telek r\u00e9szletesen megmutatj\u00e1k, hogyan mumifik\u00e1lt\u00e1k a holttesteket. Gyakran m\u00e9g bizonyos betegs\u00e9gek okoz\u00f3it is felismerhetj\u00fck, valamint ezek k\u00f6vetkezm\u00e9nyei \u00e9s bizonyos testi elv\u00e1ltoz\u00e1sok is l\u00e1that\u00f3ak.<\/p>\n<p>A m\u00famia sz\u00f6veteit megvizsg\u00e1lva meg\u00e1llap\u00edthat\u00f3 az elhunyt v\u00e9rcsoportja. Ma m\u00e1r DNS-vizsg\u00e1latok is lehets\u00e9gesek. Ezekb\u0151l \u00e9rt\u00e9kes inform\u00e1ci\u00f3kat nyerhet\u00fcnk az elhunyt csal\u00e1di kapcsolatair\u00f3l. A kir\u00e1lyok m\u00fami\u00e1inak vizsg\u00e1lataib\u00f3l \u00edgy azt is ki lehet der\u00edteni, hogy kik voltak k\u00f6z\u00fcl\u00fck egym\u00e1s v\u00e9rrokonai. Ez seg\u00edt a t\u00f6rt\u00e9n\u00e9szeknek abban, hogy v\u00e1laszt kapjanak az egyes dinaszti\u00e1kat \u00e9rint\u0151, m\u00e9g nyitott k\u00e9rd\u00e9sekre.<\/p>\n<p>A sz\u00e1m\u00edt\u00f3g\u00e9p is az egyiptol\u00f3gusok n\u00e9lk\u00fcl\u00f6zhetetlen munkaeszk\u00f6z\u00e9v\u00e9 v\u00e1lt, hiszen ezzel k\u00f6nny\u0171 hieroglif\u00e1kat rajzolni. \u00d3ri\u00e1si mennyis\u00e9g\u0171 sz\u00f6veget lehet a sz\u00e1m\u00edt\u00f3g\u00e9ppel feldolgozni, rendszerezni \u00e9s \u00e1tn\u00e9zni. Az \u00faj technika seg\u00edts\u00e9g\u00e9vel k\u00f6nnyebb \u00e9p\u00fcleteket rajzolni vagy rekonstru\u00e1lni, \u00e9s az internet-kapcsolatok r\u00e9v\u00e9n a kutat\u00f3k a leggyorsabban inform\u00e1lhatj\u00e1k egym\u00e1st.<\/p>\n","protected":false},"excerpt":{"rendered":"<p>Amit Egyiptomr\u00f3l tudunk Mit kutat az egyiptol\u00f3gia? Az \u00f3kori Egyiptom t\u00f6rt\u00e9net\u00e9vel az egyiptol\u00f3gusok foglalkoznak. Mivel Champol a lion volt az els\u0151, aki teljes erej\u00e9t annak szentelte, hogy felkutassa a f\u00e1ra\u00f3k Egyiptom\u00e1nak titkait, \u00e9s mivel munk\u00e1ja rendk\u00edv\u00fcl sikeresnek bizonyult, tal\u00e1n nem t\u00falz\u00e1s, ha \u0151t tekintj\u00fck a vil\u00e1g els\u0151 egyiptol\u00f3gus\u00e1nak. 1830-ban P\u00e1rizsban az egyiptol\u00f3gia professzora lett \u00a0ezt &hellip; <\/p>\n<p><a class=\"more-link btn\" href=\"http:\/\/www.lerzso.hu\/?page_id=265\">Olvass tov\u00e1bb<\/a><\/p>\n","protected":false},"author":1,"featured_media":0,"parent":127,"menu_order":0,"comment_status":"closed","ping_status":"open","template":"","meta":{"footnotes":""},"class_list":["post-265","page","type-page","status-publish","hentry","nodate","item-wrap"],"_links":{"self":[{"href":"http:\/\/www.lerzso.hu\/index.php?rest_route=\/wp\/v2\/pages\/265","targetHints":{"allow":["GET"]}}],"collection":[{"href":"http:\/\/www.lerzso.hu\/index.php?rest_route=\/wp\/v2\/pages"}],"about":[{"href":"http:\/\/www.lerzso.hu\/index.php?rest_route=\/wp\/v2\/types\/page"}],"author":[{"embeddable":true,"href":"http:\/\/www.lerzso.hu\/index.php?rest_route=\/wp\/v2\/users\/1"}],"replies":[{"embeddable":true,"href":"http:\/\/www.lerzso.hu\/index.php?rest_route=%2Fwp%2Fv2%2Fcomments&post=265"}],"version-history":[{"count":5,"href":"http:\/\/www.lerzso.hu\/index.php?rest_route=\/wp\/v2\/pages\/265\/revisions"}],"predecessor-version":[{"id":273,"href":"http:\/\/www.lerzso.hu\/index.php?rest_route=\/wp\/v2\/pages\/265\/revisions\/273"}],"up":[{"embeddable":true,"href":"http:\/\/www.lerzso.hu\/index.php?rest_route=\/wp\/v2\/pages\/127"}],"wp:attachment":[{"href":"http:\/\/www.lerzso.hu\/index.php?rest_route=%2Fwp%2Fv2%2Fmedia&parent=265"}],"curies":[{"name":"wp","href":"https:\/\/api.w.org\/{rel}","templated":true}]}}