{"id":274,"date":"2013-11-03T12:39:12","date_gmt":"2013-11-03T11:39:12","guid":{"rendered":"http:\/\/www.lerzso.hu\/?page_id=274"},"modified":"2013-11-03T12:40:57","modified_gmt":"2013-11-03T11:40:57","slug":"mi-az-amit-meg-nem-tudunk-egyiptomrol","status":"publish","type":"page","link":"http:\/\/www.lerzso.hu\/?page_id=274","title":{"rendered":"Mi az, amit m\u00e9g nem tudunk Egyiptomr\u00f3l?"},"content":{"rendered":"<h3><em><strong>Amit Egyiptomr\u00f3l tudunk<\/strong><\/em><\/h3>\n<h4><strong>Mi az, amit m\u00e9g nem tudunk Egyiptomr\u00f3l?<\/strong><\/h4>\n<p>Mindabb\u00f3l, amit az \u00f3kori Egyiptomr\u00f3l tudni szeretn\u00e9nk, bizonyos dolgok m\u00e1r ismertek, sok mindenr\u0151l tudunk valamit, de m\u00e9g sok ter\u00fclet felder\u00edt\u00e9sre v\u00e1r. Olyasmi is b\u0151ven akad, ami heves vit\u00e1t v\u00e1lt ki az egyiptol\u00f3gusok k\u00f6r\u00e9ben. Ezek k\u00f6z\u00fcl mutatunk most be n\u00e9h\u00e1ny p\u00e9ld\u00e1t.<\/p>\n<p>Sz\u00edvesen tudn\u00e1nk t\u00f6bbet arr\u00f3l, hogyan egyes\u00edtett\u00e9k Als\u00f3- \u00e9s Fels\u0151-Egyiptomot. A jelen pillanatban is tartanak azok az \u00e1sat\u00e1sok, amelyek eredm\u00e9nyeit\u0151l azt v\u00e1rjuk, hogy \u00faj f\u00e9nyben vil\u00e1g\u00edts\u00e1k meg ezt a k\u00e9rd\u00e9st.<\/p>\n<p>M\u00e9g mindig nem tudjuk pontosan, hogyan \u00e9p\u00edtett\u00e9k a piramisokat. Az sem vil\u00e1gos, hogyan tudt\u00e1k az egyiptomiak haj\u00f3ra rakni a hihetetlen\u00fcl neh\u00e9z obeliszkeket. Mindk\u00e9t k\u00e9rd\u00e9sr\u0151l sz\u00e1mtalan elk\u00e9pzel\u00e9s sz\u00fcletett, \u00e1m ezek egyike sem tud mindenre megnyugtat\u00f3 v\u00e1laszt adni.<\/p>\n<p>A tizennyolcadik dinasztia m\u00e1sodik uralkod\u00f3j\u00e1nak, I. Amenotepnek (Amen\u00f3phisz) a m\u00fami\u00e1j\u00e1t egy m\u00e1sokkal k\u00f6z\u00f6s s\u00edrban tal\u00e1lt\u00e1k meg. Rejt\u00e9ly, hogy hol lehet a kir\u00e1ly saj\u00e1t s\u00edreml\u00e9ke, mint ahogyan azt sem tudjuk, merre van Nagy S\u00e1ndor vagy a Ptolemaida uralkod\u00f3k s\u00edrja.<\/p>\n<p>Sok \u00f3-egyiptomi hangszert t\u00e1rtak fel, \u00e9s t\u00f6bb k\u00e9p \u00e1br\u00e1zol zen\u00e9szeket, \u00e9nekeseket, s\u0151t n\u00e9h\u00e1ny dalnak is fennmaradt a sz\u00f6vege. Ennek ellen\u00e9re csak nagyon keveset tudunk arr\u00f3l, hogy milyen is lehetett maga az egyiptomi zene.<\/p>\n<table border=\"1\">\n<tbody>\n<tr>\n<td><span style=\"color: #008000;\">Zen\u00e9l\u0151 l\u00e1nyok. Egyik\u00fck kett\u0151s obo\u00e1n, a m\u00e1sik h\u00e1rf\u00e1n, a harmadik pedig lanton j\u00e1tszik. A k\u00e9p Naht s\u00edrj\u00e1b\u00f3l, Th\u00e9b\u00e1b\u00f3l sz\u00e1rmazik, a 18. dinasztia idej\u00e9b\u0151l.<\/span><\/td>\n<\/tr>\n<\/tbody>\n<\/table>\n<p><a href=\"http:\/\/www.lerzso.hu\/?uamfiletype=attachment&amp;uamgetfile=http:\/\/www.lerzso.hu\/wp-content\/uploads\/2013\/11\/mm_aoet_20_1.jpg\"><img loading=\"lazy\" decoding=\"async\" class=\"alignnone size-large wp-image-275\" alt=\"mm_aoet_20_1\" src=\"http:\/\/www.lerzso.hu\/?uamfiletype=attachment&amp;uamgetfile=http:\/\/www.lerzso.hu\/wp-content\/uploads\/2013\/11\/mm_aoet_20_1-935x1024.jpg\" width=\"935\" height=\"1024\" \/><\/a><\/p>\n<p>&nbsp;<\/p>\n<table border=\"1\">\n<tbody>\n<tr>\n<td><span style=\"color: #0000ff;\">A CS\u00c9PEL\u0150 DALA<\/span><\/p>\n<p><span style=\"color: #0000ff;\">A k\u00f6vetkez\u0151 dalt egy sz\u00e1nt\u00f3vet\u0151 \u00e9nekelte, mik\u00f6zben marh\u00e1it a f\u00f6ldre rakott gabon\u00e1ra hajtotta, hogy kitaposs\u00e1k a gabona- szemeket a kal\u00e1szokb\u00f3l: \u201eCs\u00e9peljetek j\u00f3l, cs\u00e9peljetek j\u00f3l, ti \u00f6kr\u00f6k! Cs\u00e9peljetek j\u00f3l, cs\u00e9peljetek j\u00f3l! A szalm\u00e1b\u00f3l takarm\u00e1ny lesz, a magok pedig az uratok\u00e9. Sz\u00edvetek ne akarjon pihenni, hiszen h\u0171v\u00f6s van.\u201d<\/span><\/td>\n<\/tr>\n<\/tbody>\n<\/table>\n<p>L\u00e9teznek t\u00f6rt\u00e9netek, melyeket j\u00f3 lenne v\u00e9gig elolvasni, \u00e1m a papirusz egy r\u00e9sze megsemmis\u00fclt. Lehet, hogy valamikor majd napvil\u00e1gra ker\u00fcl egy olyan tekercs, amelyiken v\u00e9gre v\u00e9gigolvashatjuk az ilyen, f\u00e9lbemaradt t\u00f6rt\u00e9neteket is.<\/p>\n<p>A s\u00edrkamr\u00e1k festm\u00e9nyein j\u00e1tszadoz\u00f3 gyerekeket \u00e9s fiatalokat l\u00e1thatunk. Sajnos sok esetben nem tudjuk, milyenek is voltak ezek a j\u00e1t\u00e9kok, vagy hogy milyen szab\u00e1lyok szerint j\u00e1tszott\u00e1k ezeket.<\/p>\n","protected":false},"excerpt":{"rendered":"<p>Amit Egyiptomr\u00f3l tudunk Mi az, amit m\u00e9g nem tudunk Egyiptomr\u00f3l? Mindabb\u00f3l, amit az \u00f3kori Egyiptomr\u00f3l tudni szeretn\u00e9nk, bizonyos dolgok m\u00e1r ismertek, sok mindenr\u0151l tudunk valamit, de m\u00e9g sok ter\u00fclet felder\u00edt\u00e9sre v\u00e1r. Olyasmi is b\u0151ven akad, ami heves vit\u00e1t v\u00e1lt ki az egyiptol\u00f3gusok k\u00f6r\u00e9ben. Ezek k\u00f6z\u00fcl mutatunk most be n\u00e9h\u00e1ny p\u00e9ld\u00e1t. Sz\u00edvesen tudn\u00e1nk t\u00f6bbet arr\u00f3l, hogyan &hellip; <\/p>\n<p><a class=\"more-link btn\" href=\"http:\/\/www.lerzso.hu\/?page_id=274\">Olvass tov\u00e1bb<\/a><\/p>\n","protected":false},"author":1,"featured_media":0,"parent":127,"menu_order":0,"comment_status":"closed","ping_status":"open","template":"","meta":{"footnotes":""},"class_list":["post-274","page","type-page","status-publish","hentry","nodate","item-wrap"],"_links":{"self":[{"href":"http:\/\/www.lerzso.hu\/index.php?rest_route=\/wp\/v2\/pages\/274","targetHints":{"allow":["GET"]}}],"collection":[{"href":"http:\/\/www.lerzso.hu\/index.php?rest_route=\/wp\/v2\/pages"}],"about":[{"href":"http:\/\/www.lerzso.hu\/index.php?rest_route=\/wp\/v2\/types\/page"}],"author":[{"embeddable":true,"href":"http:\/\/www.lerzso.hu\/index.php?rest_route=\/wp\/v2\/users\/1"}],"replies":[{"embeddable":true,"href":"http:\/\/www.lerzso.hu\/index.php?rest_route=%2Fwp%2Fv2%2Fcomments&post=274"}],"version-history":[{"count":2,"href":"http:\/\/www.lerzso.hu\/index.php?rest_route=\/wp\/v2\/pages\/274\/revisions"}],"predecessor-version":[{"id":277,"href":"http:\/\/www.lerzso.hu\/index.php?rest_route=\/wp\/v2\/pages\/274\/revisions\/277"}],"up":[{"embeddable":true,"href":"http:\/\/www.lerzso.hu\/index.php?rest_route=\/wp\/v2\/pages\/127"}],"wp:attachment":[{"href":"http:\/\/www.lerzso.hu\/index.php?rest_route=%2Fwp%2Fv2%2Fmedia&parent=274"}],"curies":[{"name":"wp","href":"https:\/\/api.w.org\/{rel}","templated":true}]}}