{"id":279,"date":"2013-11-03T13:39:02","date_gmt":"2013-11-03T12:39:02","guid":{"rendered":"http:\/\/www.lerzso.hu\/?page_id=279"},"modified":"2013-11-03T16:06:03","modified_gmt":"2013-11-03T15:06:03","slug":"milyen-volt-a-farao-hatalma","status":"publish","type":"page","link":"http:\/\/www.lerzso.hu\/?page_id=279","title":{"rendered":"Milyen volt a f\u00e1ra\u00f3 hatalma?"},"content":{"rendered":"<h3><strong><em>A f\u00e1ra\u00f3: kir\u00e1ly \u00e9s istens\u00e9g<\/em><\/strong><\/h3>\n<h4><strong>Milyen volt a f\u00e1ra\u00f3 hatalma?<\/strong><\/h4>\n<table border=\"1\">\n<tbody>\n<tr>\n<td><span style=\"color: #008000;\">A 18. dinaszti\u00e1hoz tartoz\u00f3 Tutanhamon f\u00e1ra\u00f3 arany maszkja.\u00a0<\/span><\/td>\n<\/tr>\n<\/tbody>\n<\/table>\n<p><a href=\"http:\/\/www.lerzso.hu\/?uamfiletype=attachment&amp;uamgetfile=http:\/\/www.lerzso.hu\/wp-content\/uploads\/2013\/11\/mm_aoet_21_1.jpg\"><img loading=\"lazy\" decoding=\"async\" class=\"alignnone size-large wp-image-286\" alt=\"mm_aoet_21_1\" src=\"http:\/\/www.lerzso.hu\/?uamfiletype=attachment&amp;uamgetfile=http:\/\/www.lerzso.hu\/wp-content\/uploads\/2013\/11\/mm_aoet_21_1-731x1024.jpg\" width=\"731\" height=\"1024\" \/><\/a><\/p>\n<table border=\"1\">\n<tbody>\n<tr>\n<td><span style=\"color: #0000ff;\">TUTANHAMON MASZKJA<\/span><\/p>\n<p><span style=\"color: #0000ff;\">A f\u00e1ra\u00f3 maszkja k\u00f6zvetlen\u00fcl a m\u00fami\u00e1n fek\u00fcdt. Az arcot vastag aranylemezb\u0151l form\u00e1zt\u00e1k, majd f\u00e9ldr\u00e1gak\u00f6vekkel \u00e9s sz\u00ednes zom\u00e1ncbet\u00e9tekkel d\u00edsz\u00edtett\u00e9k. A f\u00e1ra\u00f3 fejkend\u0151je az uralkod\u00f3i d\u00edsz r\u00e9sze. K\u00f6rbefogja a f\u00e1ra\u00f3 fej\u00e9t, \u00e9s az uralkod\u00f3t, a napisten fi\u00e1t \u00fagy \u00e1br\u00e1zolja, mintha \u0151 lenne a Nap. A fejkend\u0151 arany cs\u00edkjai a napsugarakat jel\u00f6lik, a lazulib\u00f3l k\u00e9sz\u00fclt k\u00e9k cs\u00edkok pedig az \u00e9g k\u00e9kj\u00e9t jelk\u00e9pezik. A f\u00e1ra\u00f3 homlok\u00e1n k\u00e9t v\u00e9d\u0151istene \u00e1gaskodik, balra Uto egy kobra alakj\u00e1ban, jobbra Nehbet, kesely\u0171 k\u00e9p\u00e9ben. Az ifj\u00fa uralkod\u00f3 \u00e1ll\u00e1n a fonott, isteni szak\u00e1llat visel<\/span>i.<\/td>\n<\/tr>\n<\/tbody>\n<\/table>\n<p>&nbsp;<\/p>\n<p>Az egyiptomi uralkod\u00f3 ruh\u00e1zata csak n\u00e9h\u00e1ny r\u00e9szlet\u00e9ben t\u00e9rt el az alattval\u00f3k\u00e9it\u00f3l, mivel t\u00f6bbnyire mindenki csup\u00e1n egy r\u00f6vid k\u00f6t\u00e9nyt viselt. Kir\u00e1lyi hatalm\u00e1nak bizonyos jelk\u00e9pei emelt\u00e9k a k\u00f6zrend\u0171 emberek t\u00f6mege f\u00f6l\u00e9. Ezek k\u00f6z\u00e9 tartozik a legyez\u0151, a p\u00e1sztorbot \u00e9s a korb\u00e1cs, valamint a kir\u00e1lyi fejkend\u0151, a koron\u00e1k \u00e9s az ureuszk\u00edgy\u00f3.<\/p>\n<p>&nbsp;<\/p>\n<table border=\"1\">\n<tbody>\n<tr>\n<td><span style=\"color: #0000ff;\">KORB\u00c1CS \u00c9S P\u00c1SZTORBOT<\/span><\/p>\n<p><span style=\"color: #0000ff;\">A mell el\u0151tt keresztezett korb\u00e1cs \u00e9s p\u00e1sztorbot Ozirisz Isten megk\u00fcl\u00f6nb\u00f6ztet\u0151 jele. A p\u00e1sztorbotb\u00f3l az\u00e9rt lett uralkod\u00f3i jogar, mert a f\u00e1ra\u00f3 \u00fagy vezeti n\u00e9p\u00e9t, mint a p\u00e1sztor a ny\u00e1jat.\u00a0<\/span><\/td>\n<\/tr>\n<\/tbody>\n<\/table>\n<p><a href=\"http:\/\/www.lerzso.hu\/?uamfiletype=attachment&amp;uamgetfile=http:\/\/www.lerzso.hu\/wp-content\/uploads\/2013\/11\/mm_aoet_22_1.jpg\"><img loading=\"lazy\" decoding=\"async\" class=\"alignnone size-full wp-image-284\" alt=\"mm_aoet_22_1\" src=\"http:\/\/www.lerzso.hu\/?uamfiletype=attachment&amp;uamgetfile=http:\/\/www.lerzso.hu\/wp-content\/uploads\/2013\/11\/mm_aoet_22_1.jpg\" width=\"699\" height=\"696\" \/><\/a><\/p>\n<table border=\"1\">\n<tbody>\n<tr>\n<td><span style=\"color: #008000;\">P\u00e1sztorbot \u00e9s korb\u00e1cs \u2014 a f\u00e1ra\u00f3k jelv\u00e9nyei. Th\u00e9ba, 18. dinasztia Tutanhamon s\u00edrja.\u00a0<\/span><\/td>\n<\/tr>\n<\/tbody>\n<\/table>\n<p>Ezekr\u0151l a jelv\u00e9nyekr\u0151l lehetett felismerni az uralkod\u00f3t. A t\u00f6rt\u00e9nelmi forr\u00e1sokb\u00f3l kider\u00fcl, milyen nagy volt a f\u00e1ra\u00f3 hatalma. Az egyiptomi Szinuhe \u00e9lett\u00f6rt\u00e9net\u00e9t n\u00e9gyezer \u00e9vvel ezel\u0151tt jegyezt\u00e9k fel. Szinuhe t\u00f6bb \u00e9vig \u00e9lt k\u00fclf\u00f6ld\u00f6n, miel\u0151tt visszat\u00e9rt volna Egyiptomba. \u00c9rkez\u00e9se ut\u00e1n felsz\u00f3l\u00edtott\u00e1k, hogy j\u00e1ruljon az uralkod\u00f3 el\u00e9. Az utaz\u00f3 a k\u00f6vetkez\u0151ket \u00edrta ezekr\u0151l a pillanatokr\u00f3l: \u201e\u0150fels\u00e9g\u00e9t nagy tr\u00f3nj\u00e1n tal\u00e1ltam, feh\u00e9rarany f\u00fclk\u00e9ben. S m\u00edg hasra borulva maradtam el\u0151tte, semmir\u0151l sem tudtam. Ez az isten pedig bar\u00e1ts\u00e1gosan megsz\u00f3l\u00edtott \u2014 s \u00e9n olyan voltam, mint a hom\u00e1lyban elragadott ember: lelkem elhagy, testem er\u0151tlen, sz\u00edvem nincs keblemben, hogy tudjam, ink\u00e1bb \u00e9lek, mint halok. \u0150fels\u00e9ge pedig \u00edgy sz\u00f3lt a bar\u00e1tok k\u00f6z\u00fcl egynek: \u201eEmeld fel \u0151t, hadd besz\u00e9ljen hozz\u00e1m!\u201d. (Dobrovits Alad\u00e1r ford\u00edt\u00e1sa)<\/p>\n<p>A sz\u00f6vegb\u0151l kider\u00fcl, hogy Szinuhe, az alattval\u00f3 uralkod\u00f3j\u00e1t istennek tartotta. Az istens\u00e9g k\u00f6zels\u00e9ge olyan szent borzong\u00e1ssal t\u00f6lt\u00f6tte el, hogy majdnem eszm\u00e9let\u00e9t vesztette.<\/p>\n<p>Ha az uralkod\u00f3 az alattval\u00f3k szem\u00e9ben istens\u00e9gnek sz\u00e1m\u00edtott, akkor milyen lehetett viszonya a t\u00f6bbi istennel? Val\u00f3ban olyan hatalmasnak \u00e9rezte mag\u00e1t, mint a vil\u00e1g teremt\u0151je? Erre a k\u00e9rd\u00e9sre egy olyan sz\u00f6vegb\u0151l kaphatunk v\u00e1laszt, amelyben a K\u00f6z\u00e9pbirodalom egyik ura maga besz\u00e9l: \u201eHarahti isten teremtett engem, hogy megtegyem azt, amit meg kellett tenni, hogy v\u00e9grehajtsam, amit parancsolt. Ennek az orsz\u00e1gnak a p\u00e1sztor\u00e1v\u00e1 tett engem.\u201d Vil\u00e1gosan l\u00e1that\u00f3, hogy a kir\u00e1ly csup\u00e1n az isten teremtm\u00e9nye, akinek a megb\u00edz\u00e1s\u00e1b\u00f3l cselekszik.<\/p>\n<p>&nbsp;<\/p>\n<table border=\"1\">\n<tbody>\n<tr>\n<td><span style=\"color: #008000;\">Szoborcsoport a luxori templomb\u00f3l, a 18. dinasztia idej\u00e9b\u0151l.<\/span><\/td>\n<\/tr>\n<\/tbody>\n<\/table>\n<p><a href=\"http:\/\/www.lerzso.hu\/?uamfiletype=attachment&amp;uamgetfile=http:\/\/www.lerzso.hu\/wp-content\/uploads\/2013\/11\/mm_aoet_22_2.jpg\"><img loading=\"lazy\" decoding=\"async\" class=\"alignnone size-large wp-image-288\" alt=\"mm_aoet_22_2\" src=\"http:\/\/www.lerzso.hu\/?uamfiletype=attachment&amp;uamgetfile=http:\/\/www.lerzso.hu\/wp-content\/uploads\/2013\/11\/mm_aoet_22_2-867x1024.jpg\" width=\"867\" height=\"1024\" \/><\/a><\/p>\n<p>&nbsp;<\/p>\n<table border=\"1\">\n<tbody>\n<tr>\n<td><span style=\"color: #0000ff;\">Haremhab f\u00e1ra\u00f3 k\u00e9t borral teli ed\u00e9nyt \u00e1ldoz Atum istennek. Az uralkod\u00f3 al\u00e1zatos testtart\u00e1sban t\u00e9rdel. \u0150t kisebbnek \u00e1br\u00e1zolj\u00e1k, mint az istent. Az \u00e1br\u00e1zol\u00e1s egy\u00e9rtelm\u0171en \u00e9rz\u00e9kelteti, hogy a kir\u00e1ly rangban j\u00f3val az isten alatt \u00e1llt.\u00a0<\/span><\/td>\n<\/tr>\n<\/tbody>\n<\/table>\n<p>Egy \u00fajbirodalombeli sz\u00f6vegb\u0151l kider\u00fcl, hogy milyen nagy sz\u00fcks\u00e9ge volt az uralkod\u00f3nak az istenek t\u00e1mogat\u00e1s\u00e1ra. A sz\u00f6vegben II. Ramszesz mond im\u00e1t Amon istenhez, amikor a k\u00e1desi csata idej\u00e9n csapatai cserben hagyt\u00e1k, \u00e9s k\u00f6r\u00fclvette az ellens\u00e9g: \u201eT\u00e9ged sz\u00f3l\u00edtalak \u00e9n aty\u00e1m, Amon, itt, k\u00f6rbev\u00e9ve idegenekkel! Ellenem egyes\u00fcltek az idegen f\u00f6ldek fiai, \u00e9s \u00e9n magam vagyok, senki sincs velem. Hatalmas seregem elhagyott, egyetlen harci szekerem vezet\u0151je sem keresett engem. Ki\u00e1ltottam \u00e9s h\u00edvtam \u0151ket, de senki sem hallotta meg szavam. De \u00e9n felismertem, hogy Amon t\u00f6bbet \u00e9r nekem, mint sokmilli\u00f3 gyalogos katona, mint sz\u00e1zezernyi harci szek\u00e9r, t\u00f6bbet, mint t\u00edzezer fiv\u00e9r \u00e9s fi\u00fa, akik szorosan \u00f6sszetartanak. A sok ember m\u0171ve semmit sem \u00e9r, Amon jobb, mint \u0151k!\u201d Ebb\u0151l vil\u00e1gosan kider\u00fcl, hogy II. Ramszesz nem olyan hatalmas, mint Amon isten. Az istens\u00e9g seg\u00edts\u00e9g\u00e9t k\u00e9ri, amikor az emberek ereje m\u00e1r nem mentheti meg. A f\u00e1ra\u00f3 teh\u00e1t az emberek szem\u00e9ben istennek t\u0171nt, de az istens\u00e9g szem\u00e9ben csup\u00e1n egy ember. A kir\u00e1ly teh\u00e1t valahol f\u00e9l\u00faton van az emberek \u00e9s az istenek k\u00f6z\u00f6tt.<\/p>\n<p>A f\u00e1ra\u00f3 ennek ellen\u00e9re az istenek csal\u00e1dj\u00e1nak a tagja. Hivatalos c\u00edme az volt, hogy \u201eR\u00e9 fia\u201d, \u00e9s H\u00f3rusz istent is helyettes\u00edtette a f\u00f6ld\u00f6n. \u00c9ppen ez\u00e9rt csak \u0151 besz\u00e9lhetett az istenekkel, \u00e9s \u0151 k\u00e9rhette meg \u0151ket arra, hogy Egyiptomnak megadjanak mindent, ami az \u00e9lethez csak kell. A hely, ahol a f\u00e1ra\u00f3 az istenekhez besz\u00e9l, nem egy\u00e9b, mint a templom. itt ny\u00fajtotta \u00e1t nekik \u00e1ldozatait, mivel \u0151 nemcsak Egyiptom ura \u00e9s kir\u00e1lya, de egyben a birodalom valamennyi templom\u00e1nak legf\u0151bb papja is volt.<\/p>\n<p>Az emberek term\u00e9szetesen tudt\u00e1k, hogy a f\u00e1ra\u00f3 haland\u00f3. De csak addig \u2014 gondolt\u00e1k \u2014\u201a am\u00edg itt van a f\u00f6ld\u00f6n. Hal\u00e1la ut\u00e1n a f\u00e1ra\u00f3 visszat\u00e9r \u00e9gi \u0151sei k\u00f6z\u00e9, \u00e9s igazi isten lesz bel\u0151le. Ott, a t\u00falvil\u00e1gon \u2014 \u00edgy gondolt\u00e1k az egyiptomiak \u2014 majd az id\u0151k v\u00e9gezet\u00e9ig uralkodik azok felett az emberek felett, akik az \u0151 idej\u00e9n \u00e9ltek a f\u00f6ld\u00f6n.<\/p>\n<p>Az egyiptomiak nem tudt\u00e1k elk\u00e9pzelni, hogy a t\u00e1rsadalom az \u00e1ltaluk ismert, hierarchikus rend n\u00e9lk\u00fcl is m\u0171k\u00f6dhet. Ez az elk\u00e9pzel\u00e9s m\u00e9g hossz\u00fa ideig tartotta mag\u00e1t, de az id\u0151k sor\u00e1n mindig v\u00e1ltozott annak meg\u00edt\u00e9l\u00e9se, hogy az \u00e9let mely ter\u00fcleteire terjed ki a vezet\u0151k hatalma, \u00e9s hol \u00e9lvezhetnek nagyobb szabads\u00e1got a vezetettek. Az \u00f3korban azonban a vezet\u0151k sok\u00e1ig mindenre kiterjed\u0151 \u2014 isteni \u2014 hatalommal rendelkeztek, vagyis az \u00e9let szinte minden ter\u00fclet\u00e9t befoly\u00e1solhatt\u00e1k.<\/p>\n<p>Kezdetben a f\u00e1ra\u00f3k ir\u00e1nti, vall\u00e1sos tisztelet m\u00e9g azt is tiltotta, hogy nev\u00fck\u00f6n nevezz\u00e9k az uralkod\u00f3t. Hiszen a n\u00e9v kimond\u00e1sa f\u00f6ldiess\u00e9, anyagiass\u00e1 tette volna azt, ami \u00e9gi.<\/p>\n<p>K\u00fcl\u00f6n\u00f6sen az \u00d3- \u00e9s a K\u00f6z\u00e9p-birodalom istens\u00e9gekhez hasonl\u00f3 f\u00e1ra\u00f3inak volt nagy a hatalmuk. Az uralkod\u00f3kat k\u00e9s\u0151bb egyre ink\u00e1bb embernek tekintett\u00e9k. Az egyiptomi t\u00f6rt\u00e9nelem k\u00e9s\u0151bbi szakaszaiban m\u00e1r az is el\u0151fordult, hogy n\u00e9h\u00e1ny egyiptomi annak alapj\u00e1n \u00edt\u00e9lte meg ur\u00e1t, hogy az teljes\u00edtette-e a vezet\u0151 poszton \u00e1ll\u00f3k k\u00f6teless\u00e9geit.<\/p>\n<p>&nbsp;<\/p>\n<table border=\"1\">\n<tbody>\n<tr>\n<td><span style=\"color: #0000ff;\">OZIRISZ \u00c9S H\u00d3RUSZ<\/span><span style=\"color: #0000ff;\">Ha a f\u00e1ra\u00f3 meghal, fia \u00e1tveszi t\u0151le H\u00f3rusz szerep\u00e9t. Az elhunyt uralkod\u00f3b\u00f3l Ozirisz lesz, aki az id\u0151k v\u00e9gezet\u00e9ig uralkodik a t\u00falvil\u00e1gon. Az \u00e9l\u0151 f\u00e1ra\u00f3 teh\u00e1t val\u00f3j\u00e1ban H\u00f3rusz, akib\u0151l hal\u00e1la ut\u00e1n Ozirisz lesz. A f\u00e1ra\u00f3 \u00e9s fia elj\u00e1tssza Ozirisz \u00e9s H\u00f3rusz isten szerep\u00e9t, akikr\u0151l a k\u00f6vetkez\u0151ket tudhatjuk meg egy egyiptomi legend\u00e1b\u00f3l: a j\u00f3s\u00e1gos Oziriszt meg\u00f6lte fiv\u00e9re, Sz\u00e9th. Sz\u00e9th maga akart a tr\u00f3nra \u00fclni, ez\u00e9rt megpr\u00f3b\u00e1lta Ozirisz fi\u00e1t, H\u00f3ruszt is meg\u00f6lni. \u00cdzisz, H\u00f3rusz anyja elrejtette fi\u00e1t a zsarnok el\u0151l. H\u00f3rusz feln\u0151ttk\u00e9nt meg\u00f6lte apja gyilkos\u00e1t, \u00e9s \u00edgy Ozirisz t\u00f6rv\u00e9nyes ut\u00f3da lehetett.<\/span><\/td>\n<\/tr>\n<\/tbody>\n<\/table>\n","protected":false},"excerpt":{"rendered":"<p>A f\u00e1ra\u00f3: kir\u00e1ly \u00e9s istens\u00e9g Milyen volt a f\u00e1ra\u00f3 hatalma? A 18. dinaszti\u00e1hoz tartoz\u00f3 Tutanhamon f\u00e1ra\u00f3 arany maszkja.\u00a0 TUTANHAMON MASZKJA A f\u00e1ra\u00f3 maszkja k\u00f6zvetlen\u00fcl a m\u00fami\u00e1n fek\u00fcdt. Az arcot vastag aranylemezb\u0151l form\u00e1zt\u00e1k, majd f\u00e9ldr\u00e1gak\u00f6vekkel \u00e9s sz\u00ednes zom\u00e1ncbet\u00e9tekkel d\u00edsz\u00edtett\u00e9k. A f\u00e1ra\u00f3 fejkend\u0151je az uralkod\u00f3i d\u00edsz r\u00e9sze. K\u00f6rbefogja a f\u00e1ra\u00f3 fej\u00e9t, \u00e9s az uralkod\u00f3t, a napisten fi\u00e1t &hellip; <\/p>\n<p><a class=\"more-link btn\" href=\"http:\/\/www.lerzso.hu\/?page_id=279\">Olvass tov\u00e1bb<\/a><\/p>\n","protected":false},"author":1,"featured_media":0,"parent":127,"menu_order":0,"comment_status":"closed","ping_status":"open","template":"","meta":{"footnotes":""},"class_list":["post-279","page","type-page","status-publish","hentry","nodate","item-wrap"],"_links":{"self":[{"href":"http:\/\/www.lerzso.hu\/index.php?rest_route=\/wp\/v2\/pages\/279","targetHints":{"allow":["GET"]}}],"collection":[{"href":"http:\/\/www.lerzso.hu\/index.php?rest_route=\/wp\/v2\/pages"}],"about":[{"href":"http:\/\/www.lerzso.hu\/index.php?rest_route=\/wp\/v2\/types\/page"}],"author":[{"embeddable":true,"href":"http:\/\/www.lerzso.hu\/index.php?rest_route=\/wp\/v2\/users\/1"}],"replies":[{"embeddable":true,"href":"http:\/\/www.lerzso.hu\/index.php?rest_route=%2Fwp%2Fv2%2Fcomments&post=279"}],"version-history":[{"count":8,"href":"http:\/\/www.lerzso.hu\/index.php?rest_route=\/wp\/v2\/pages\/279\/revisions"}],"predecessor-version":[{"id":281,"href":"http:\/\/www.lerzso.hu\/index.php?rest_route=\/wp\/v2\/pages\/279\/revisions\/281"}],"up":[{"embeddable":true,"href":"http:\/\/www.lerzso.hu\/index.php?rest_route=\/wp\/v2\/pages\/127"}],"wp:attachment":[{"href":"http:\/\/www.lerzso.hu\/index.php?rest_route=%2Fwp%2Fv2%2Fmedia&parent=279"}],"curies":[{"name":"wp","href":"https:\/\/api.w.org\/{rel}","templated":true}]}}