{"id":290,"date":"2013-11-03T15:58:57","date_gmt":"2013-11-03T14:58:57","guid":{"rendered":"http:\/\/www.lerzso.hu\/?page_id=290"},"modified":"2013-11-03T16:26:24","modified_gmt":"2013-11-03T15:26:24","slug":"hogyan-elt-a-farao","status":"publish","type":"page","link":"http:\/\/www.lerzso.hu\/?page_id=290","title":{"rendered":"Hogyan \u00e9lt a f\u00e1ra\u00f3?"},"content":{"rendered":"<h3><strong><em>A f\u00e1ra\u00f3: kir\u00e1ly \u00e9s istens\u00e9g<\/em><\/strong><\/h3>\n<h4><strong>Hogyan \u00e9lt a f\u00e1ra\u00f3?<\/strong><\/h4>\n<p>Az egyiptomiak k\u0151b\u0151l emelt\u00e9k a templomokat az isteneknek, vagy a s\u00edreml\u00e9keket az embereknek \u00e9s az uralkod\u00f3knak, mert a k\u0151 volt az \u00f6r\u00f6kk\u00e9val\u00f3s\u00e1g anyaga. Az evil\u00e1gi h\u00e9tk\u00f6znapjaihoz kapcsol\u00f3d\u00f3 \u00e9p\u00fcletekn\u00e9l megel\u00e9gedtek a napon sz\u00e1r\u00edtott, n\u00edlusi agyagb\u00f3l k\u00e9sz\u00fclt t\u00e9gl\u00e1kkal, amelyekb\u0151l az alattval\u00f3k h\u00e1zait \u00e9s a f\u00e1ra\u00f3k palot\u00e1it is \u00e9p\u00edtett\u00e9k (kev\u00e9s kiv\u00e9telt\u0151l eltekintve).<\/p>\n<p><a href=\"http:\/\/www.lerzso.hu\/?uamfiletype=attachment&amp;uamgetfile=http:\/\/www.lerzso.hu\/wp-content\/uploads\/2013\/11\/mm_aoet_23_1.jpg\"><img loading=\"lazy\" decoding=\"async\" class=\"alignnone size-large wp-image-291\" alt=\"mm_aoet_23_1\" src=\"http:\/\/www.lerzso.hu\/?uamfiletype=attachment&amp;uamgetfile=http:\/\/www.lerzso.hu\/wp-content\/uploads\/2013\/11\/mm_aoet_23_1-747x1024.jpg\" width=\"747\" height=\"1024\" \/><\/a><\/p>\n<p>III. Ramszesz hatalmas temploma mellett a nyugati oldalon, Th\u00e9b\u00e1ban felt\u00e1rt\u00e1k az uralkod\u00f3 palot\u00e1j\u00e1t is, melynek alaprajz\u00e1t a fenti k\u00e9pen l\u00e1thatjuk. A bej\u00e1rat (A) ut\u00e1n az ember el\u0151sz\u00f6r egy k\u00e9t oszloppal d\u00edsz\u00edtett el\u0151csarnokba \u00e9r (B). innen juthatunk be a nagy, k\u00f6zponti terembe, melynek mennyezet\u00e9t hat oszlop tartotta (C). A nagyterem h\u00e1ts\u00f3 fal\u00e1n\u00e1l \u00e1llt az uralkod\u00f3 tr\u00f3nja, ezen \u00fclve fogadta a magas rang\u00fa tisztvisel\u0151ket vagy a k\u00f6veteket. A tr\u00f3nt\u00f3l balra ny\u00edl\u00f3 ajt\u00f3 a palota mag\u00e1nlakoszt\u00e1lyaiba vezetett (D). itt tal\u00e1lhat\u00f3 a lakr\u00e9sz, ahol egy \u00fajabb tr\u00f3n \u00e1llt, a h\u00e1l\u00f3szoba (E), valamint a f\u00fcrd\u0151szoba \u00e9s a v\u00e9c\u00e9 (F).<\/p>\n<p>A palota ezen r\u00e9szei mellett balra tal\u00e1lhat\u00f3ak a kir\u00e1lyn\u00e9 lakoszt\u00e1lyai. A f\u00e1ra\u00f3 \u00e9s a kir\u00e1lyn\u00e9 lakr\u00e9sze mellett m\u00e9g h\u00e1rom lakoszt\u00e1lyt alak\u00edtottak ki a legmegb\u00edzhat\u00f3bb szolg\u00e1k sz\u00e1m\u00e1ra.<\/p>\n<p>A falak \u00e9s a tet\u0151 \u00edvei a n\u00edlusi agyagb\u00f3l sz\u00e1r\u00edtott t\u00e9gl\u00e1kb\u00f3l k\u00e9sz\u00fcltek. K\u0151b\u0151l az ajt\u00f3k keret\u00e9t, a 7,5 m magas oszlopokat, a tr\u00f3nok alapzat\u00e1t, valamint a padl\u00f3t, a f\u00fcrd\u0151szoba \u00e9s a v\u00e9c\u00e9 falbor\u00edt\u00e1s\u00e1t k\u00e9sz\u00edtett\u00e9k. Ott, ahol a palota a templom fal\u00e1val hat\u00e1ros (G), a k\u00e9t oszlop m\u00f6g\u00fcl l\u00e9pcs\u0151k indulnak fel a nagy ablakhoz, ahonnan bel\u00e1tni a templom udvar\u00e1t. Az udvarban az uralkod\u00f3 l\u00e1ba el\u0151tt gy\u0171ltek \u00f6ssze azok a hivatalnokok \u00e9s tisztek, akiket a f\u00e1ra\u00f3 kimagasl\u00f3 teljes\u00edtm\u00e9ny\u00fck\u00e9rt arany \u00e9kszerekkel t\u00fcntetett ki.<\/p>\n<p>Ebben a palot\u00e1ban csak akkor tart\u00f3zkodott az uralkod\u00f3, ha valamelyik nagyobb \u00fcnnep alkalm\u00e1b\u00f3l a templomba l\u00e1togatott. Az emberek hite szerint \u0151 a hal\u00e1la ut\u00e1n is itt maradt, hogy r\u00e9szt vehessen az \u00fcnneps\u00e9geken.<\/p>\n<p>Ideje nagy r\u00e9sz\u00e9ben az uralkod\u00f3 egy m\u00e1sik palot\u00e1ban lakott. A r\u00e9g\u00e9szek n\u00e9melyik lak\u00f3palot\u00e1ban megtal\u00e1lt\u00e1k az egykori falfestm\u00e9nyek sz\u00e9p maradv\u00e1nyait. Ezeken l\u00e1that\u00f3, hogy a mennyezetet, a padl\u00f3t \u00e9s a falakat tark\u00e1ra festett\u00e9k, t\u00f6bbnyire n\u00f6v\u00e9nyekkel \u00e9s \u00e1llatok figur\u00e1ival, de n\u00e9ha m\u00e1s mint\u00e1kat is alkalmaztak. A k\u00e9pek rendk\u00edv\u00fcl \u00e9letszer\u0171ek \u00e9s lend\u00fcletesek voltak. L\u00e1tv\u00e1nyuk r\u00e9v\u00e9n a term\u00e9szet bek\u00f6lt\u00f6z\u00f6tt a palot\u00e1ba, s vid\u00e1mabb\u00e1 \u00e9s kellemesebb\u00e9 v\u00e1ltozott a v\u00e1rosi \u00e9let.<\/p>\n<p><a href=\"http:\/\/www.lerzso.hu\/?uamfiletype=attachment&amp;uamgetfile=http:\/\/www.lerzso.hu\/wp-content\/uploads\/2013\/11\/mm_aoet_24_1.jpg\"><img loading=\"lazy\" decoding=\"async\" class=\"alignnone size-large wp-image-296\" alt=\"mm_aoet_24_1\" src=\"http:\/\/www.lerzso.hu\/?uamfiletype=attachment&amp;uamgetfile=http:\/\/www.lerzso.hu\/wp-content\/uploads\/2013\/11\/mm_aoet_24_1-1024x716.jpg\" width=\"1024\" height=\"716\" \/><\/a><\/p>\n<table border=\"1\">\n<tbody>\n<tr>\n<td><span style=\"color: #008000;\">Ehnaton f\u00e1ra\u00f3 idej\u00e9n k\u00e9sz\u00fclt az el-amarnai palota d\u00edszes padl\u00f3ja. \u00c1br\u00e1j\u00e1n a mocs\u00e1rn\u00e1l h\u00e1rom kacsa rep\u00fcl, a ciprusf\u00fcvek (balra) \u00e9s a papiruszbokrok (Jobbra) felett.\u00a0<\/span><\/td>\n<\/tr>\n<\/tbody>\n<\/table>\n<p>Az uralkod\u00f3 testi j\u00f3l\u00e9t\u00e9r\u0151l t\u00f6bb szolga gondoskodott. A szolg\u00e1k k\u00f6z\u00fcl n\u00e9melyek a ruh\u00e1zat\u00e1\u00e9rt, az \u00e9kszerei\u00e9rt, m\u00e1sok az ennival\u00f3k\u00e9rt, a h\u00fas\u00e9rt, a gy\u00fcm\u00f6lcs\u00e9rt, a keny\u00e9r\u00e9rt, a s\u00f6rk\u00e9szlet\u00e9rt vagy a borospinc\u00e9\u00e9rt voltak felel\u0151sek.<\/p>\n<p><a href=\"http:\/\/www.lerzso.hu\/?uamfiletype=attachment&amp;uamgetfile=http:\/\/www.lerzso.hu\/wp-content\/uploads\/2013\/11\/mm_aoet_25_1.jpg\"><img loading=\"lazy\" decoding=\"async\" class=\"alignnone size-large wp-image-300\" alt=\"mm_aoet_25_1\" src=\"http:\/\/www.lerzso.hu\/?uamfiletype=attachment&amp;uamgetfile=http:\/\/www.lerzso.hu\/wp-content\/uploads\/2013\/11\/mm_aoet_25_1-1024x594.jpg\" width=\"1024\" height=\"594\" \/><\/a><\/p>\n<table border=\"1\">\n<tbody>\n<tr>\n<td><span style=\"color: #008000;\">Tutanhamon s\u00edrj\u00e1b\u00f3l sz\u00e1rmazik ez a lelet \u2014 egy legyez\u0151 aranyozott lemeze. Ebbe sz\u00fart\u00e1k a tollakat, amelyek azonban elporladtak az id\u0151k sor\u00e1n. A k\u00e9pen az uralkod\u00f3 struccokra vad\u00e1szik, \u00edgy a legyez\u0151ben is strucctollakat haszn\u00e1ltak. Tutanhamont kop\u00f3ja k\u00eds\u00e9ri. A f\u00e1ra\u00f3 sz\u00e1guld\u00f3 kocsij\u00e1b\u00f3l l\u00f6vi ki nyil\u00e1t, s k\u00e9t madarat m\u00e1r el is ejtett. Az \u00edj\u00e1t tart\u00f3 kez\u00e9n l\u00e1that\u00f3, k\u00e9t hieroglifa er\u0151s kez\u0171nek nevezi az uralkod\u00f3t. Tutanhamon h\u00e1ta m\u00f6g\u00f6tt strucctoll-legyez\u0151 l\u00e1tszik.\u00a0<\/span><\/td>\n<\/tr>\n<\/tbody>\n<\/table>\n<p>A f\u0151k\u00f3stol\u00f3 ny\u00fajtotta \u00e1t az uralkod\u00f3nak az italt \u00e9s az \u00e9telt. A palota \u00e9let\u00e9nek megszervez\u00e9se \u00e9s az uralkod\u00f3 szolg\u00e1lata kem\u00e9nykez\u0171 vezet\u0151t ig\u00e9nyelt. Amikor az uralkod\u00f3 megjelent a nyilv\u00e1noss\u00e1g el\u0151tt, egy hordsz\u00e9ken vitt\u00e9k. A hordsz\u00e9k mellett szolg\u00e1k haladtak, akik az uralkod\u00f3t hatalmas strucctoll-legyez\u0151kkel \u00f3vt\u00e1k meg Egyiptom t\u0171z\u0151 napsugarait\u00f3l.<\/p>\n<p><a href=\"http:\/\/www.lerzso.hu\/?uamfiletype=attachment&amp;uamgetfile=http:\/\/www.lerzso.hu\/wp-content\/uploads\/2013\/11\/mm_aoet_24_2.jpg\"><img loading=\"lazy\" decoding=\"async\" class=\"alignnone size-large wp-image-298\" alt=\"mm_aoet_24_2\" src=\"http:\/\/www.lerzso.hu\/?uamfiletype=attachment&amp;uamgetfile=http:\/\/www.lerzso.hu\/wp-content\/uploads\/2013\/11\/mm_aoet_24_2-625x1024.jpg\" width=\"625\" height=\"1024\" \/><\/a><\/p>\n<p>A kir\u00e1lynak t\u00f6bb feles\u00e9ge volt, akik k\u00f6z\u00fcl egy az \u00dajbirodalom idej\u00e9n a fens\u00e9ges kir\u00e1lyi hitves c\u00edmet viselhette. A h\u00e1remben, a n\u0151k h\u00e1z\u00e1ban \u00e9ltek a f\u00e1ra\u00f3k feles\u00e9gei, a legk\u00fcl\u00f6nf\u00e9l\u00e9bb szolg\u00e1ikkal. Itt nevelt\u00e9k a gyerekeket is. N\u00e9melyik f\u00e1ra\u00f3nak nagy h\u00e1reme \u00e9s rengeteg gyereke volt. II. Ramszesznek p\u00e9ld\u00e1ul negyven le\u00e1ny\u00e1r\u00f3l \u00e9s negyvenkilenc fi\u00e1r\u00f3l tudni.<\/p>\n<p>Az uralkod\u00f3 hatalm\u00e1hoz k\u00e9pest m\u00e9g a fens\u00e9ges kir\u00e1lyi hitvesnek sem lehetett sok belesz\u00f3l\u00e1sa a dolgokba. Az egyiptomi \u00e1llamban minden hatalmat a f\u00e1ra\u00f3 testes\u00edtett meg. id\u0151nk\u00e9nt azonban a term\u00e9szet rendje n\u0151i tr\u00f3n\u00f6r\u00f6k\u00f6st emelt az uralkod\u00f3i sz\u00e9kbe. S mivel az \u00f6r\u00f6kl\u00e9s isteninek hitt t\u00f6rv\u00e9nye er\u0151sebb volt a f\u00f6ldi t\u00f6rv\u00e9nyekn\u00e9l, ilyenkor megv\u00e1ltozott a helyzet: a f\u00e1ra\u00f3n\u0151 ugyanakkora hatalommal rendelkezett, mint mindenki m\u00e1s ezen a poszton.<\/p>\n","protected":false},"excerpt":{"rendered":"<p>A f\u00e1ra\u00f3: kir\u00e1ly \u00e9s istens\u00e9g Hogyan \u00e9lt a f\u00e1ra\u00f3? Az egyiptomiak k\u0151b\u0151l emelt\u00e9k a templomokat az isteneknek, vagy a s\u00edreml\u00e9keket az embereknek \u00e9s az uralkod\u00f3knak, mert a k\u0151 volt az \u00f6r\u00f6kk\u00e9val\u00f3s\u00e1g anyaga. Az evil\u00e1gi h\u00e9tk\u00f6znapjaihoz kapcsol\u00f3d\u00f3 \u00e9p\u00fcletekn\u00e9l megel\u00e9gedtek a napon sz\u00e1r\u00edtott, n\u00edlusi agyagb\u00f3l k\u00e9sz\u00fclt t\u00e9gl\u00e1kkal, amelyekb\u0151l az alattval\u00f3k h\u00e1zait \u00e9s a f\u00e1ra\u00f3k palot\u00e1it is \u00e9p\u00edtett\u00e9k &hellip; <\/p>\n<p><a class=\"more-link btn\" href=\"http:\/\/www.lerzso.hu\/?page_id=290\">Olvass tov\u00e1bb<\/a><\/p>\n","protected":false},"author":1,"featured_media":0,"parent":127,"menu_order":0,"comment_status":"closed","ping_status":"open","template":"","meta":{"footnotes":""},"class_list":["post-290","page","type-page","status-publish","hentry","nodate","item-wrap"],"_links":{"self":[{"href":"http:\/\/www.lerzso.hu\/index.php?rest_route=\/wp\/v2\/pages\/290","targetHints":{"allow":["GET"]}}],"collection":[{"href":"http:\/\/www.lerzso.hu\/index.php?rest_route=\/wp\/v2\/pages"}],"about":[{"href":"http:\/\/www.lerzso.hu\/index.php?rest_route=\/wp\/v2\/types\/page"}],"author":[{"embeddable":true,"href":"http:\/\/www.lerzso.hu\/index.php?rest_route=\/wp\/v2\/users\/1"}],"replies":[{"embeddable":true,"href":"http:\/\/www.lerzso.hu\/index.php?rest_route=%2Fwp%2Fv2%2Fcomments&post=290"}],"version-history":[{"count":5,"href":"http:\/\/www.lerzso.hu\/index.php?rest_route=\/wp\/v2\/pages\/290\/revisions"}],"predecessor-version":[{"id":301,"href":"http:\/\/www.lerzso.hu\/index.php?rest_route=\/wp\/v2\/pages\/290\/revisions\/301"}],"up":[{"embeddable":true,"href":"http:\/\/www.lerzso.hu\/index.php?rest_route=\/wp\/v2\/pages\/127"}],"wp:attachment":[{"href":"http:\/\/www.lerzso.hu\/index.php?rest_route=%2Fwp%2Fv2%2Fmedia&parent=290"}],"curies":[{"name":"wp","href":"https:\/\/api.w.org\/{rel}","templated":true}]}}