{"id":302,"date":"2013-11-03T16:42:08","date_gmt":"2013-11-03T15:42:08","guid":{"rendered":"http:\/\/www.lerzso.hu\/?page_id=302"},"modified":"2013-11-03T17:19:08","modified_gmt":"2013-11-03T16:19:08","slug":"hogyan-iranyitottak-egyiptomot","status":"publish","type":"page","link":"http:\/\/www.lerzso.hu\/?page_id=302","title":{"rendered":"Hogyan ir\u00e1ny\u00edtott\u00e1k Egyiptomot?"},"content":{"rendered":"<h3><em><strong>A f\u00e1ra\u00f3: kir\u00e1ly \u00e9s istens\u00e9g<\/strong><\/em><\/h3>\n<h4><strong>Hogyan ir\u00e1ny\u00edtott\u00e1k Egyiptomot?<\/strong><\/h4>\n<p>A f\u00e1ra\u00f3 Egyiptom mindenhat\u00f3 ura volt. Csak \u0151 hozhatott t\u00f6rv\u00e9nyeket, \u00e9s csak \u0151 nevezhette ki a magas rang\u00fa hivatalnokokat \u00e9s papokat. A f\u00e1ra\u00f3 d\u00f6nt\u00f6tt a h\u00e1bor\u00far\u00f3l \u00e9s a b\u00e9k\u00e9r\u0151l. Hadba k\u00fcldte a seregeket, \u00e9s n\u00e9ha \u00e9l\u00fckre \u00e1llva vezette harcba a csapatokat. Bizonyos esetekben az uralkod\u00f3 meghallgatta bizalmasai tan\u00e1cs\u00e1t, de v\u00e9g\u00fcl mindig az t\u00f6rt\u00e9nt, amit \u0151 l\u00e1tott j\u00f3nak. Senki szav\u00e1t nem kellett figyelembe vennie.<\/p>\n<p><a style=\"color: #074d7c; cursor: pointer;\" href=\"http:\/\/www.lerzso.hu\/?uamfiletype=attachment&amp;uamgetfile=http:\/\/www.lerzso.hu\/wp-content\/uploads\/2013\/11\/mm_aoet_26_1.jpg\"><img loading=\"lazy\" decoding=\"async\" class=\"size-large wp-image-307 alignright\" alt=\"mm_aoet_26_1\" src=\"http:\/\/www.lerzso.hu\/?uamfiletype=attachment&amp;uamgetfile=http:\/\/www.lerzso.hu\/wp-content\/uploads\/2013\/11\/mm_aoet_26_1-329x1024.jpg\" width=\"329\" height=\"1024\" \/><\/a><\/p>\n<table border=\"1\">\n<tbody>\n<tr>\n<td><span style=\"color: #008000;\">A 12. dinasztia egy vez\u00e9r\u00e9nek \u00fcl\u0151szobra. A vez\u00e9r m\u00e9lt\u00f3s\u00e1g\u00e1t Jelzi d\u00edszruh\u00e1ja, a mellr\u00e9szen k\u00e9t p\u00e1nttal megtartott hossz\u00fa k\u00f6t\u00e9ny.\u00a0<\/span><\/td>\n<\/tr>\n<\/tbody>\n<\/table>\n<p>Az uralkod\u00f3 ut\u00e1n a vez\u00e9r sz\u00e1m\u00edtott az orsz\u00e1g leghatalmasabb ember\u00e9nek. Egyiptom legmagasabb rang\u00fa hivatalnokak\u00e9nt \u0151 \u0151rk\u00f6d\u00f6tt a f\u00f6l\u00f6tt, hogy az uralkod\u00f3 t\u00f6rv\u00e9nyeit \u00e9s parancsait mindenki megfelel\u0151en teljes\u00edtse. Az \u00d3- \u00e9s a K\u00f6z\u00e9pbirodalomnak egyszerre csak egy vez\u00e9re lehetett, az \u00dajbirodalomnak azonban kett\u0151. Egyik\u00fck Als\u00f3-Egyiptom\u00e9rt felelt, a m\u00e1sikuk Fels\u0151-Egyiptom\u00e9rt. A vez\u00e9r mindennap jelent\u00e9st tett az uralkod\u00f3nak. T\u00f6r\u0151dnie kellett a t\u00f6rv\u00e9nyekkel \u00e9s a b\u00edr\u00e1skod\u00e1ssal is, a f\u00f6ldek felm\u00e9r\u00e9s\u00e9vel, az \u00f6nt\u00f6z\u0151v\u00edz eloszt\u00e1s\u00e1val, a rend\u0151ri \u00fcgyekkel, a rabl\u00f3k megb\u00fcntet\u00e9s\u00e9vel, az ad\u00f3k pontos megfizet\u00e9s\u00e9vel, az \u00e1llam kiad\u00e1saival, a fizet\u00e9sek kiutal\u00e1s\u00e1val, \u00e9s m\u00e9g sz\u00e1mos m\u00e1s dologgal. Ezen k\u00edv\u00fcl \u0151 k\u00e9pviselte azt a legmagasabb hivatalt is, amelyhez az emberek a panaszaikkal fordulhattak. A vez\u00e9r term\u00e9szetesen nem foglalkozott szem\u00e9lyesen mindezekkel. Egyiptom ugyanis m\u00e1r az \u00d3-birodalom v\u00e9g\u00e9n 38 k\u00f6zigazgat\u00e1si egys\u00e9gb\u0151l \u00e1llt. Az ilyen egys\u00e9gek el\u00f6lj\u00e1r\u00f3i ir\u00e1ny\u00edtott\u00e1k a helybeliek \u00e9let\u00e9t. \u0150k a vez\u00e9rnek jelentettek, \u00e9s neki tartoztak felel\u0151ss\u00e9ggel.<\/p>\n<table border=\"1\">\n<tbody>\n<tr>\n<td><span style=\"color: #0000ff;\">A VEZ\u00c9R HIVATALA<\/span><span style=\"color: #0000ff;\">Amikor egy \u00faj vez\u00e9rt beiktattak hivatal\u00e1ba, a f\u00e1ra\u00f3 a k\u00f6vetkez\u0151 szavakkal figyelmeztette: \u201eJ\u00f3l vigy\u00e1zz, s \u00f3vjad a vez\u00e9r hivatal\u00e1t! Figyelj mindarra, ami a vez\u00e9r nev\u00e9ben t\u00f6rt\u00e9nik, mert a vez\u00e9r m\u00e9lt\u00f3s\u00e1ga az eg\u00e9sz orsz\u00e1g alapk\u00f6ve! Mert megl\u00e1sd, vez\u00e9rnek lenni, az nem \u00e9des \u00e9s kellemes, hanem keser\u0171, mint az epe&#8230; Megl\u00e1sd, a k\u00e9relmez\u0151k j\u00f6nni fognak Fels\u0151- \u00e9s Als\u00f3-Egyiptomb\u00f3l, \u00e9s az eg\u00e9sz orsz\u00e1g a vez\u00e9r tan\u00e1cs\u00e1t \u00e9s d\u00f6nt\u00e9s\u00e9t v\u00e1rja. \u00dcgyelj arra, hogy minden a t\u00f6rv\u00e9ny szerint t\u00f6rt\u00e9njen, hogy minden pontosan \u00e9s szab\u00e1lyszer\u0171en menjen v\u00e9gbe&#8230; Ne \u00edt\u00e9lj igazs\u00e1gtalanul, mert az isten megveti azt, aki nem p\u00e1rtatlan&#8230; Olyannak tekintsd azt, akit ismersz, mint azt, akit nem ismersz! \u00dagy b\u00e1nj\u00e1l azzal, ki k\u00f6zel \u00e1ll hozz\u00e1d, mint azzal, ki idegen n\u00e9ked!\u201d\u00a0<\/span><\/td>\n<\/tr>\n<\/tbody>\n<\/table>\n<p>A ter\u00fcleti egys\u00e9gekben m\u0171k\u00f6dtek nagyobb templomok is, amelyek a birtokaikat meglehet\u0151sen \u00f6n\u00e1ll\u00f3an igazgatt\u00e1k. N\u00e9melyik templomnak nem kellett ad\u00f3t fizetnie, \u00e9s munk\u00e1saikat sem engedt\u00e9k \u00e1t az \u00e1llamnak k\u00f6zmunk\u00e1ra, mert az uralkod\u00f3 kor\u00e1bban rendeleti \u00faton mentes\u00edtette \u0151ket. A vez\u00e9r \u00e9s az el\u00f6lj\u00e1r\u00f3k sz\u00e1mos hivatalnokot ir\u00e1ny\u00edtottak.<\/p>\n<p>\u0150k sz\u00e1molt\u00e1k ki az ad\u00f3kat, \u0151k osztott\u00e1k a fizet\u00e9st, s \u0151k gondoskodtak a munk\u00e1hoz sz\u00fcks\u00e9ges nyersanyagokr\u00f3l, amelyek beszerz\u00e9s\u00e9hez exped\u00edci\u00f3kat ind\u00edtottak. Ek\u00f6zben ellen\u0151rizt\u00e9k a munk\u00e1sokat \u00e9s a munka min\u0151s\u00e9g\u00e9t. Ami fontos volt, azt okm\u00e1nyokban \u00e9s feljegyz\u00e9sekben r\u00f6gz\u00edtett\u00e9k. A hivatalnokok szinte a teljes k\u00f6z\u00e9letet ir\u00e1ny\u00edtott\u00e1k. A k\u00e9zm\u0171vesek, m\u0171v\u00e9szek \u00e9s tud\u00f3sok is hivatalnokok voltak. Az \u00e1llam k\u00f6zvetlen\u00fcl csup\u00e1n azokat az embereket nem ellen\u0151rizte, akik ki sem l\u00e9ptek az otthonukb\u00f3l.<\/p>\n<p>&nbsp;<\/p>\n<table border=\"1\">\n<tbody>\n<tr>\n<td><span style=\"color: #0000ff;\">ARAT\u00c1S<\/span><span style=\"color: #0000ff;\">Menna s\u00edrj\u00e1nak falfestm\u00e9nye munk\u00e1jukat v\u00e9gz\u0151 parasztokat \u00e9s hivatalnokokat \u00e1br\u00e1zol. Bal oldalon, lent n\u00e9h\u00e1ny paraszt sarl\u00f3val v\u00e1gja a kal\u00e1szt. M\u00e1sok nagy kosarakban a cs\u00e9pl\u0151helyre viszik a term\u00e9st. A kal\u00e1szok kiv\u00e1logat\u00e1sa a gyerekek feladata volt, ketten k\u00f6z\u00fcl\u00fck azonban ink\u00e1bb verekszenek, ahelyett, hogy dolgozn\u00e1nak. K\u00f6z\u00e9pen \u00f6kr\u00f6kkel tapostatj\u00e1k ki a gabonaszemeket. Ezt k\u00f6vet\u0151en a magasba dobj\u00e1k a szemeket, hogy a sz\u00e9l kif\u00fajja bel\u0151l\u00fck a szennyez\u0151d\u00e9st. A f\u00e9rfiak feh\u00e9r fejkend\u0151t viselnek, hogy megv\u00e9dj\u00e9k hajukat a port\u00f3l. T\u0151l\u00fck balra \u00e1ll Menna, a f\u00e1ra\u00f3 f\u00f6ldm\u00e9r\u0151je, egy lugas \u00e1rny\u00e9k\u00e1ban. Egy al\u00e1zatos testtart\u00e1s\u00fa paraszt italokat visz neki, hogy semmiben ne szenvedjen hi\u00e1nyt. Menna \u00edrnokai feljegyzik, mennyi gabon\u00e1t kell ad\u00f3k\u00e9nt beszedni. Balra fent egy k\u00f6telekkel dolgoz\u00f3 f\u00f6ldm\u00e9r\u0151t l\u00e1thatunk. Felm\u00e9ri az \u00e9vi gabonaf\u00f6ldek nagys\u00e1g\u00e1t, hogy ki lehessen sz\u00e1m\u00edtani az ad\u00f3t.<\/span><\/td>\n<\/tr>\n<\/tbody>\n<\/table>\n<p><a href=\"http:\/\/www.lerzso.hu\/?uamfiletype=attachment&amp;uamgetfile=http:\/\/www.lerzso.hu\/wp-content\/uploads\/2013\/11\/mm_aoet_27_1.jpg\"><img loading=\"lazy\" decoding=\"async\" class=\"alignnone size-large wp-image-315\" alt=\"mm_aoet_27_1\" src=\"http:\/\/www.lerzso.hu\/?uamfiletype=attachment&amp;uamgetfile=http:\/\/www.lerzso.hu\/wp-content\/uploads\/2013\/11\/mm_aoet_27_1-1024x575.jpg\" width=\"1024\" height=\"575\" \/><\/a><\/p>\n<p>&nbsp;<\/p>\n<table border=\"1\">\n<tbody>\n<tr>\n<td><span style=\"color: #008000;\">A th\u00e9bai Menna s\u00edrj\u00e1nak festm\u00e9nye a 18. dinasztia idej\u00e9b\u0151l.<\/span><\/td>\n<\/tr>\n<\/tbody>\n<\/table>\n","protected":false},"excerpt":{"rendered":"<p>A f\u00e1ra\u00f3: kir\u00e1ly \u00e9s istens\u00e9g Hogyan ir\u00e1ny\u00edtott\u00e1k Egyiptomot? A f\u00e1ra\u00f3 Egyiptom mindenhat\u00f3 ura volt. Csak \u0151 hozhatott t\u00f6rv\u00e9nyeket, \u00e9s csak \u0151 nevezhette ki a magas rang\u00fa hivatalnokokat \u00e9s papokat. A f\u00e1ra\u00f3 d\u00f6nt\u00f6tt a h\u00e1bor\u00far\u00f3l \u00e9s a b\u00e9k\u00e9r\u0151l. Hadba k\u00fcldte a seregeket, \u00e9s n\u00e9ha \u00e9l\u00fckre \u00e1llva vezette harcba a csapatokat. Bizonyos esetekben az uralkod\u00f3 meghallgatta bizalmasai &hellip; <\/p>\n<p><a class=\"more-link btn\" href=\"http:\/\/www.lerzso.hu\/?page_id=302\">Olvass tov\u00e1bb<\/a><\/p>\n","protected":false},"author":1,"featured_media":0,"parent":127,"menu_order":0,"comment_status":"closed","ping_status":"open","template":"","meta":{"footnotes":""},"class_list":["post-302","page","type-page","status-publish","hentry","nodate","item-wrap"],"_links":{"self":[{"href":"http:\/\/www.lerzso.hu\/index.php?rest_route=\/wp\/v2\/pages\/302","targetHints":{"allow":["GET"]}}],"collection":[{"href":"http:\/\/www.lerzso.hu\/index.php?rest_route=\/wp\/v2\/pages"}],"about":[{"href":"http:\/\/www.lerzso.hu\/index.php?rest_route=\/wp\/v2\/types\/page"}],"author":[{"embeddable":true,"href":"http:\/\/www.lerzso.hu\/index.php?rest_route=\/wp\/v2\/users\/1"}],"replies":[{"embeddable":true,"href":"http:\/\/www.lerzso.hu\/index.php?rest_route=%2Fwp%2Fv2%2Fcomments&post=302"}],"version-history":[{"count":10,"href":"http:\/\/www.lerzso.hu\/index.php?rest_route=\/wp\/v2\/pages\/302\/revisions"}],"predecessor-version":[{"id":316,"href":"http:\/\/www.lerzso.hu\/index.php?rest_route=\/wp\/v2\/pages\/302\/revisions\/316"}],"up":[{"embeddable":true,"href":"http:\/\/www.lerzso.hu\/index.php?rest_route=\/wp\/v2\/pages\/127"}],"wp:attachment":[{"href":"http:\/\/www.lerzso.hu\/index.php?rest_route=%2Fwp%2Fv2%2Fmedia&parent=302"}],"curies":[{"name":"wp","href":"https:\/\/api.w.org\/{rel}","templated":true}]}}