{"id":317,"date":"2013-11-03T18:24:16","date_gmt":"2013-11-03T17:24:16","guid":{"rendered":"http:\/\/www.lerzso.hu\/?page_id=317"},"modified":"2013-11-03T18:32:55","modified_gmt":"2013-11-03T17:32:55","slug":"hogyan-dontottek-a-vitas-kerdesekben","status":"publish","type":"page","link":"http:\/\/www.lerzso.hu\/?page_id=317","title":{"rendered":"Hogyan d\u00f6nt\u00f6ttek a vit\u00e1s k\u00e9rd\u00e9sekben?"},"content":{"rendered":"<p>&nbsp;<\/p>\n<h3><strong><em>A f\u00e1ra\u00f3: kir\u00e1ly \u00e9s istens\u00e9g<\/em><\/strong><\/h3>\n<h4><strong>Hogyan d\u00f6nt\u00f6ttek a vit\u00e1s k\u00e9rd\u00e9sekben?<\/strong><\/h4>\n<table border=\"1\">\n<tbody>\n<tr>\n<td><span style=\"color: #008000;\">MAAT ISTENN\u0150, Th\u00e9b\u00e1b\u00f3l, a 29. dinasztia kor\u00e1b\u00f3l<\/span><\/p>\n<p><span style=\"color: #0000ff;\">Az istenn\u0151 az igazs\u00e1goss\u00e1g \u00e9s a jog megtestes\u00edt\u0151je. \u0150 az, aki mindent a helyes \u00fatra terel, \u0151 jelenti az arany k\u00f6z\u00e9putat, vagyis azt az elvet, hogy az ember semmib\u0151l se vegyen t\u00fal sokat vagy t\u00fal keveset. Aki Maatot k\u00f6veti, nyugodtan \u00e1llhat b\u00edr\u00e1i el\u00e9.<\/span><\/td>\n<\/tr>\n<\/tbody>\n<\/table>\n<p><a style=\"color: #074d7c; cursor: pointer;\" href=\"http:\/\/www.lerzso.hu\/?uamfiletype=attachment&amp;uamgetfile=http:\/\/www.lerzso.hu\/wp-content\/uploads\/2013\/11\/mm_aoet_27_2.jpg\"><img loading=\"lazy\" decoding=\"async\" class=\"size-full wp-image-322 alignleft\" alt=\"mm_aoet_27_2\" src=\"http:\/\/www.lerzso.hu\/?uamfiletype=attachment&amp;uamgetfile=http:\/\/www.lerzso.hu\/wp-content\/uploads\/2013\/11\/mm_aoet_27_2.jpg\" width=\"346\" height=\"525\" \/><\/a><\/p>\n<p>Az \u00f3kori Egyiptomban az emberek term\u00e9szetesen ugyanolyan dolgok miatt keveredtek konfliktusba, mint b\u00e1rmely m\u00e1s korban. M\u00e1r akkor is el\u0151fordult, hogy valaki p\u00e9ld\u00e1ul ellopott szersz\u00e1mokat, melyek az \u00e1llam tulajdon\u00e1ban voltak, egy m\u00e1sik megs\u00e9rtette a szomsz\u00e9dj\u00e1t, vagy megv\u00e1dolta valamivel a riv\u00e1lis\u00e1t. Vita t\u00e1madt egy f\u00f6lddarab vagy egy \u00f6r\u00f6ks\u00e9g miatt. Gyakran robbant ki n\u00e9zetelt\u00e9r\u00e9s, ha megv\u00e1s\u00e1roltak vagy k\u00f6lcs\u00f6nadtak valamit. N\u00e9h\u00e1ny ilyen esetr\u0151l a fennmaradt b\u00edr\u00f3s\u00e1gi jegyz\u0151k\u00f6nyvekben is olvashatunk: \u201eEzen a napon Menena munk\u00e1s egy faz\u00e9k friss zs\u00edrt adott Mentmosze rend\u0151rtisztnek, aki azt mondta: cser\u00e9ben gabon\u00e1val fogok fizetni&#8230; H\u00e1romszor is a b\u00edr\u00f3s\u00e1ghoz fordultam&#8230; de \u0151 (t.i. Mentmosze) mind a mai napig semmit sem adott nekem.\u201d Az ilyen \u00fcgyek mellett persze ad\u00f3dtak s\u00falyosabb b\u0171nt\u00e9nyek is \u2014 p\u00e9ld\u00e1ul rabl\u00f3k fosztott\u00e1k ki a kir\u00e1lyi s\u00edrokat. A gyilkoss\u00e1g \u00e9s a gar\u00e1zdas\u00e1g sem volt ritka. Azt is tudjuk, hogy III. Ramszesz f\u00e1ra\u00f3t meggyilkolt\u00e1k, m\u00e9gpedig saj\u00e1t h\u00e1rem\u00e9nek tagjai.<\/p>\n<p>De vajon kinek a feladata volt a tan\u00fak kihallgat\u00e1sa, a b\u00fcntet\u00e9s m\u00e9rt\u00e9k\u00e9nek megszab\u00e1sa, \u00e9s az \u00edt\u00e9let kimond\u00e1sa? Egyiptomban nem volt b\u00edr\u00f3. Ezt a feladatk\u00f6rt a b\u00edr\u00f3i koll\u00e9giumok l\u00e1tt\u00e1k el, amelyek Egyiptom sz\u00e1mos r\u00e9sz\u00e9n m\u0171k\u00f6dtek. A csoport tagjai magas rang\u00fa hivatalnokok, papok \u00e9s olyan szem\u00e9lyek lehettek, akik hivat\u00e1suk vagy tapasztalataik r\u00e9v\u00e9n erre alkalmasnak t\u0171ntek. A kev\u00e9sb\u00e9 komoly \u00fcgyekben az ilyen helyi b\u00edr\u00f3s\u00e1gok d\u00f6nt\u00f6ttek, \u00e1m a legs\u00falyosabb b\u0171nt\u00e9nyeket a Nagy B\u00edr\u00f3i Koll\u00e9gium el\u00e9 utalt\u00e1k, melynek a vez\u00e9r is tagja volt.<\/p>\n<p>A b\u00edr\u00f3s\u00e1g d\u00f6nt\u00e9se p\u00e9ld\u00e1ul \u00edgy hangozhatott: \u201eEnnek az embernek igaza van, m\u00edg a m\u00e1siknak nincs igaza.\u201d<\/p>\n<p>T\u00f6rt\u00e9nt pedig egyszer, hogy Menna, a munk\u00e1s feljelentette Ts\u00e1t, a v\u00edzhord\u00f3t, mert az s\u00e1nta szamarat adott el neki. Ts\u00e1t b\u0171n\u00f6snek tal\u00e1lt\u00e1k, \u00e9s azt r\u00f3tt\u00e1k ki r\u00e1 b\u00fcntet\u00e9s\u00fcl, hogy vagy egy jobb szamarat adjon Menn\u00e1nak, vagy szolg\u00e1ltassa vissza a v\u00e9tel\u00e1rat. M\u00e1s esetben a b\u0171n\u00f6snek esk\u00fct kellett tennie, hogy tett\u00e9t a j\u00f6v\u0151ben nem k\u00f6veti el \u00fajra.<\/p>\n<p>Ha a Nagy B\u00edr\u00f3i Koll\u00e9gium vizsg\u00e1lt ki egy s\u00falyos \u00fcgyet, akkor elrendelhett\u00e9k, hogy a v\u00e1dlottakat er\u0151szakkal k\u00e9nyszer\u00edts\u00e9k vallom\u00e1sra. Ha bebizony\u00edtott\u00e1k a b\u0171n\u00f6ss\u00e9get, akkor kem\u00e9ny b\u00fcntet\u00e9st szabhattak ki. Ilyen volt a sz\u00e1m\u0171zet\u00e9s, a k\u00e9nyszermunka a k\u0151b\u00e1ny\u00e1ban, a v\u00e9resre ver\u00e9s, a nyelv, az orr, a f\u00fclek \u00e9s a k\u00e9z lev\u00e1g\u00e1sa, de ak\u00e1r hal\u00e1lra is \u00edt\u00e9lhettek valakit. Ilyenkor lev\u00e1gt\u00e1k a fej\u00e9t. B\u00e1rhogy is d\u00f6nt\u00f6tt a b\u00edr\u00f3s\u00e1g, az igazs\u00e1gnak \u00e9s a jognak kellett gy\u0151zedelmeskednie.<\/p>\n<p><a href=\"http:\/\/www.lerzso.hu\/?uamfiletype=attachment&amp;uamgetfile=http:\/\/www.lerzso.hu\/wp-content\/uploads\/2013\/11\/mm_aoet_27_3.jpg\"><img loading=\"lazy\" decoding=\"async\" class=\"alignnone size-full wp-image-324\" alt=\"mm_aoet_27_3\" src=\"http:\/\/www.lerzso.hu\/?uamfiletype=attachment&amp;uamgetfile=http:\/\/www.lerzso.hu\/wp-content\/uploads\/2013\/11\/mm_aoet_27_3.jpg\" width=\"947\" height=\"715\" \/><\/a><\/p>\n<p>&nbsp;<\/p>\n<table border=\"1\">\n<tbody>\n<tr>\n<td><span style=\"color: #008000;\">K\u00e9p\u00fcnk\u00f6n lefejezett b\u0171n\u00f6z\u0151k l\u00e1tszanak. VI. Ramszesz s\u00edrj\u00e1nak fal\u00e1t a th\u00e9bai Kir\u00e1lyok V\u00f6lgy\u00e9ben az igazs\u00e1got szolg\u00e1ltat\u00f3 istenek k\u00e9pe d\u00edsz\u00edti. A b\u0171n\u00f6s\u00f6ket, vagyis az elk\u00e1rhozottakat az Alvil\u00e1gban fejezt\u00e9k le.<\/span><\/td>\n<\/tr>\n<\/tbody>\n<\/table>\n","protected":false},"excerpt":{"rendered":"<p>&nbsp; A f\u00e1ra\u00f3: kir\u00e1ly \u00e9s istens\u00e9g Hogyan d\u00f6nt\u00f6ttek a vit\u00e1s k\u00e9rd\u00e9sekben? MAAT ISTENN\u0150, Th\u00e9b\u00e1b\u00f3l, a 29. dinasztia kor\u00e1b\u00f3l Az istenn\u0151 az igazs\u00e1goss\u00e1g \u00e9s a jog megtestes\u00edt\u0151je. \u0150 az, aki mindent a helyes \u00fatra terel, \u0151 jelenti az arany k\u00f6z\u00e9putat, vagyis azt az elvet, hogy az ember semmib\u0151l se vegyen t\u00fal sokat vagy t\u00fal keveset. Aki &hellip; <\/p>\n<p><a class=\"more-link btn\" href=\"http:\/\/www.lerzso.hu\/?page_id=317\">Olvass tov\u00e1bb<\/a><\/p>\n","protected":false},"author":1,"featured_media":0,"parent":127,"menu_order":0,"comment_status":"closed","ping_status":"open","template":"","meta":{"footnotes":""},"class_list":["post-317","page","type-page","status-publish","hentry","nodate","item-wrap"],"_links":{"self":[{"href":"http:\/\/www.lerzso.hu\/index.php?rest_route=\/wp\/v2\/pages\/317","targetHints":{"allow":["GET"]}}],"collection":[{"href":"http:\/\/www.lerzso.hu\/index.php?rest_route=\/wp\/v2\/pages"}],"about":[{"href":"http:\/\/www.lerzso.hu\/index.php?rest_route=\/wp\/v2\/types\/page"}],"author":[{"embeddable":true,"href":"http:\/\/www.lerzso.hu\/index.php?rest_route=\/wp\/v2\/users\/1"}],"replies":[{"embeddable":true,"href":"http:\/\/www.lerzso.hu\/index.php?rest_route=%2Fwp%2Fv2%2Fcomments&post=317"}],"version-history":[{"count":5,"href":"http:\/\/www.lerzso.hu\/index.php?rest_route=\/wp\/v2\/pages\/317\/revisions"}],"predecessor-version":[{"id":325,"href":"http:\/\/www.lerzso.hu\/index.php?rest_route=\/wp\/v2\/pages\/317\/revisions\/325"}],"up":[{"embeddable":true,"href":"http:\/\/www.lerzso.hu\/index.php?rest_route=\/wp\/v2\/pages\/127"}],"wp:attachment":[{"href":"http:\/\/www.lerzso.hu\/index.php?rest_route=%2Fwp%2Fv2%2Fmedia&parent=317"}],"curies":[{"name":"wp","href":"https:\/\/api.w.org\/{rel}","templated":true}]}}