{"id":32,"date":"2012-12-27T02:15:08","date_gmt":"2012-12-27T01:15:08","guid":{"rendered":"http:\/\/www.lerzso.hu\/?page_id=32"},"modified":"2021-09-18T15:13:42","modified_gmt":"2021-09-18T13:13:42","slug":"tortenelem","status":"publish","type":"page","link":"http:\/\/www.lerzso.hu\/","title":{"rendered":"Kezd\u0151lap"},"content":{"rendered":"<h2>Tisztelt L\u00e1togat\u00f3!<\/h2>\n<p>Az weblap megtekint\u00e9s\u00e9hez regisztr\u00e1ci\u00f3 sz\u00fcks\u00e9ges!<\/p>\n\n\n<p><a href=\"http:\/\/www.lerzso.hu\/?page_id=748\">Els\u0151 kv\u00edz<\/a><\/p>\n","protected":false},"excerpt":{"rendered":"<p>Tisztelt L\u00e1togat\u00f3! Az weblap megtekint\u00e9s\u00e9hez regisztr\u00e1ci\u00f3 sz\u00fcks\u00e9ges! Els\u0151 kv\u00edz<\/p>\n","protected":false},"author":1,"featured_media":0,"parent":0,"menu_order":0,"comment_status":"closed","ping_status":"closed","template":"","meta":{"footnotes":""},"class_list":["post-32","page","type-page","status-publish","hentry","nodate","item-wrap"],"_links":{"self":[{"href":"http:\/\/www.lerzso.hu\/index.php?rest_route=\/wp\/v2\/pages\/32","targetHints":{"allow":["GET"]}}],"collection":[{"href":"http:\/\/www.lerzso.hu\/index.php?rest_route=\/wp\/v2\/pages"}],"about":[{"href":"http:\/\/www.lerzso.hu\/index.php?rest_route=\/wp\/v2\/types\/page"}],"author":[{"embeddable":true,"href":"http:\/\/www.lerzso.hu\/index.php?rest_route=\/wp\/v2\/users\/1"}],"replies":[{"embeddable":true,"href":"http:\/\/www.lerzso.hu\/index.php?rest_route=%2Fwp%2Fv2%2Fcomments&post=32"}],"version-history":[{"count":10,"href":"http:\/\/www.lerzso.hu\/index.php?rest_route=\/wp\/v2\/pages\/32\/revisions"}],"predecessor-version":[{"id":750,"href":"http:\/\/www.lerzso.hu\/index.php?rest_route=\/wp\/v2\/pages\/32\/revisions\/750"}],"wp:attachment":[{"href":"http:\/\/www.lerzso.hu\/index.php?rest_route=%2Fwp%2Fv2%2Fmedia&parent=32"}],"curies":[{"name":"wp","href":"https:\/\/api.w.org\/{rel}","templated":true}]}}