{"id":326,"date":"2013-11-03T18:59:49","date_gmt":"2013-11-03T17:59:49","guid":{"rendered":"http:\/\/www.lerzso.hu\/?page_id=326"},"modified":"2013-11-03T19:15:38","modified_gmt":"2013-11-03T18:15:38","slug":"mit-nevezunk-piramisnak","status":"publish","type":"page","link":"http:\/\/www.lerzso.hu\/?page_id=326","title":{"rendered":"Mit nevez\u00fcnk piramisnak?"},"content":{"rendered":"<h3><strong><em>A f\u00e1ra\u00f3k s\u00edrjai<\/em><\/strong><\/h3>\n<h4><strong>\u00a0Mit nevez\u00fcnk piramisnak?<\/strong><\/h4>\n<p>Egyiptom nev\u00e9nek hallat\u00e1n a legt\u00f6bb embernek r\u00f6gt\u00f6n a piramisok jutnak az esz\u00e9be, de azok k\u00f6z\u00fcl is csup\u00e1n a h\u00e1rom nagy, g\u00edzai piramis. Holott Egyiptomban t\u00f6bb tucat piramis \u00e1ll, amelyeket a legk\u00fcl\u00f6nf\u00e9l\u00e9bb helyeken emeltek, az els\u0151 katarakt\u00e1t\u00f3l eg\u00e9szen a delt\u00e1ig. K\u00fcl\u00f6n\u00f6sen sok \u00e1ll k\u00f6z\u00fcl\u00fck a N\u00edlus nyugati partj\u00e1n, szemben a mai Kair\u00f3val \u00e9s Heluannal. Nagys\u00e1gukat \u00e9s alakjukat tekintve \u00e9rezhet\u0151 a k\u00fcl\u00f6nbs\u00e9g az egyes piramisok k\u00f6z\u00f6tt.<\/p>\n<p>&nbsp;<\/p>\n<table border=\"1\">\n<tbody>\n<tr>\n<td><span style=\"color: #008000;\">Az uralkod\u00f3 holttest\u00e9t sz\u00e1ll\u00edt\u00f3 b\u00e1rka meg\u00e9rkezett a v\u00f6lgytemplom kik\u00f6t\u0151j\u00e9be. Az \u00fat innen indult a piramis keleti oldal\u00e1ra \u00e9p\u00edtett halotti templomba.<\/span><\/td>\n<\/tr>\n<\/tbody>\n<\/table>\n<p><a href=\"http:\/\/www.lerzso.hu\/?uamfiletype=attachment&amp;uamgetfile=http:\/\/www.lerzso.hu\/wp-content\/uploads\/2013\/11\/mm_aoet_28_2.jpg\"><br \/>\n<img loading=\"lazy\" decoding=\"async\" class=\"alignnone size-large wp-image-328\" alt=\"mm_aoet_28_2\" src=\"http:\/\/www.lerzso.hu\/?uamfiletype=attachment&amp;uamgetfile=http:\/\/www.lerzso.hu\/wp-content\/uploads\/2013\/11\/mm_aoet_28_2-1024x641.jpg\" width=\"1024\" height=\"641\" \/><\/a><\/p>\n<p>Kezdetben l\u00e9pcs\u0151zetes piramisok \u00e9p\u00fcltek. Az els\u0151 ilyet Dzs\u00f3szer f\u00e1ra\u00f3 \u00e9p\u00edttette. A hatl\u00e9pcs\u0151s \u00e9p\u00edtm\u00e9ny hatvan m\u00e9ter magass\u00e1gig tornyosult. Az els\u0151, sima k\u0151fallal \u00e9p\u00edtett piramist a negyedik dinasztia kezdet\u00e9n emelte Sznofru f\u00e1ra\u00f3. Az \u00d3birodalom n\u00e9h\u00e1ny korai, apr\u00f3bb l\u00e9pcs\u0151s piramis\u00e1t nem s\u00edreml\u00e9knek sz\u00e1nt\u00e1k, hanem az uralkod\u00f3 hatalm\u00e1t jelezt\u00e9k vele. Ezek belsej\u00e9ben nincsen s\u00edrkamra.<\/p>\n<p>&nbsp;<\/p>\n<table border=\"1\">\n<tbody>\n<tr>\n<td><span style=\"color: #0000ff;\">A H\u00c1ROM PIRAMIS\u00a0<\/span><span style=\"color: #0000ff;\">A h\u00e1rom g\u00edzai piramis k\u00f6z\u00fcl a legkisebbet M\u00fckerinosz f\u00e1ra\u00f3 \u00e9p\u00edttette (66 m magas). Khephr\u00e9n\u00e9 a k\u00f6z\u00e9ps\u0151 (144 m), m\u00edg Kheopsz\u00e9 a legmagasabb (147 m). A k\u00f6z\u00e9ps\u0151 Csup\u00e1n az\u00e9rt t\u0171nik nagyobbnak, mert magasabb helyen \u00e1ll. J\u00f3l felismerhet\u0151ek a k\u0151t\u00f6mb\u00f6k egyes szintjei, \u00edgy a piramis k\u00fcls\u0151 fel\u00fclete ma hatalmas, meredek l\u00e9pcs\u0151re hasonl\u00edt. Csup\u00e1n a Khephr\u00e9n piramis cs\u00facsa \u0151rizte meg a finom m\u00e9szk\u0151b\u0151l k\u00e9sz\u00fclt, eredeti burkolat egy r\u00e9sz\u00e9t. Amikor a burkolat m\u00e9g rajtuk volt, a piramisok feh\u00e9r oldala messze vil\u00e1g\u00edtott, \u00e9s aranyozott cs\u00facsukon vissza- t\u00fckr\u00f6z\u0151d\u00f6tt a Nap f\u00e9nye.<\/span><\/td>\n<\/tr>\n<\/tbody>\n<\/table>\n<p>&nbsp;<\/p>\n<p><a href=\"http:\/\/www.lerzso.hu\/?uamfiletype=attachment&amp;uamgetfile=http:\/\/www.lerzso.hu\/wp-content\/uploads\/2013\/11\/mm_aoet_29_1.jpg\"><img loading=\"lazy\" decoding=\"async\" class=\"alignnone size-large wp-image-331\" alt=\"mm_aoet_29_1\" src=\"http:\/\/www.lerzso.hu\/?uamfiletype=attachment&amp;uamgetfile=http:\/\/www.lerzso.hu\/wp-content\/uploads\/2013\/11\/mm_aoet_29_1-1024x656.jpg\" width=\"1024\" height=\"656\" \/><\/a><\/p>\n<table border=\"1\">\n<tbody>\n<tr>\n<td><span style=\"color: #008080;\">Egyiptom jelk\u00e9pe, a h\u00e1rom hatalmas g\u00edzai piramis. Az el\u0151t\u00e9rben l\u00e1that\u00f3 h\u00e1rom, kisebb piramist M\u00fckerinosz f\u00e1ra\u00f3 \u00e9p\u00edttette.<\/span><\/td>\n<\/tr>\n<\/tbody>\n<\/table>\n<p>A legt\u00f6bb \u00f3- \u00e9s k\u00f6z\u00e9pbirodalmi piramis valamelyik f\u00e1ra\u00f3nak volt a s\u00edreml\u00e9ke. Belsej\u00fckben t\u00f6bb folyos\u00f3t \u00e9s kamr\u00e1t tal\u00e1lunk. Az egyik ilyen kamr\u00e1ban pihen a k\u0151b\u0151l k\u00e9sz\u00fclt kopors\u00f3, ahol egykor a f\u00e1ra\u00f3 m\u00fami\u00e1ja nyugodott. Ebb\u0151l az id\u0151szakb\u00f3l egyetlen kir\u00e1lyi m\u00fami\u00e1t sem tal\u00e1ltak meg.<\/p>\n<p><span style=\"line-height: 16px;\">\u00a0<a href=\"http:\/\/www.lerzso.hu\/?uamfiletype=attachment&amp;uamgetfile=http:\/\/www.lerzso.hu\/wp-content\/uploads\/2013\/11\/mm_aoet_28_1.jpg\"><img loading=\"lazy\" decoding=\"async\" class=\"alignnone size-full wp-image-330\" alt=\"mm_aoet_28_1\" src=\"http:\/\/www.lerzso.hu\/?uamfiletype=attachment&amp;uamgetfile=http:\/\/www.lerzso.hu\/wp-content\/uploads\/2013\/11\/mm_aoet_28_1.jpg\" width=\"693\" height=\"869\" \/><\/a><\/span><\/p>\n<table border=\"1\">\n<tbody>\n<tr>\n<td><span style=\"color: #008000;\">Ilyen r\u00e9szekb\u0151l \u00e1llt a piramisnegyed:\u00a0<\/span><\/p>\n<p><span style=\"color: #008000;\">1. V\u00f6lgytemplom<\/span><\/p>\n<p><span style=\"color: #008000;\">2. Felvezet\u0151 \u00fat<\/span><\/p>\n<p><span style=\"color: #008000;\">3. Halotti templom<\/span><\/p>\n<p><span style=\"color: #008000;\">4. Mell\u00e9kpiramis (egy kir\u00e1lyn\u00e9 s\u00edrja)<\/span><\/p>\n<p><span style=\"color: #008000;\">5.A piramis<\/span><\/p>\n<p><span style=\"color: #008000;\">6. Fal<\/span><\/p>\n<p><span style=\"color: #008000;\">7. Masztab\u00e1k. Ezekbe a s\u00edrokba a f\u00e1ra\u00f3 csal\u00e1dj\u00e1nak tagjait \u00e9s a magas rang\u00fa hivatalnokokat temett\u00e9k.<\/span><\/td>\n<\/tr>\n<\/tbody>\n<\/table>\n","protected":false},"excerpt":{"rendered":"<p>A f\u00e1ra\u00f3k s\u00edrjai \u00a0Mit nevez\u00fcnk piramisnak? Egyiptom nev\u00e9nek hallat\u00e1n a legt\u00f6bb embernek r\u00f6gt\u00f6n a piramisok jutnak az esz\u00e9be, de azok k\u00f6z\u00fcl is csup\u00e1n a h\u00e1rom nagy, g\u00edzai piramis. Holott Egyiptomban t\u00f6bb tucat piramis \u00e1ll, amelyeket a legk\u00fcl\u00f6nf\u00e9l\u00e9bb helyeken emeltek, az els\u0151 katarakt\u00e1t\u00f3l eg\u00e9szen a delt\u00e1ig. K\u00fcl\u00f6n\u00f6sen sok \u00e1ll k\u00f6z\u00fcl\u00fck a N\u00edlus nyugati partj\u00e1n, szemben a &hellip; <\/p>\n<p><a class=\"more-link btn\" href=\"http:\/\/www.lerzso.hu\/?page_id=326\">Olvass tov\u00e1bb<\/a><\/p>\n","protected":false},"author":1,"featured_media":0,"parent":127,"menu_order":0,"comment_status":"closed","ping_status":"open","template":"","meta":{"footnotes":""},"class_list":["post-326","page","type-page","status-publish","hentry","nodate","item-wrap"],"_links":{"self":[{"href":"http:\/\/www.lerzso.hu\/index.php?rest_route=\/wp\/v2\/pages\/326","targetHints":{"allow":["GET"]}}],"collection":[{"href":"http:\/\/www.lerzso.hu\/index.php?rest_route=\/wp\/v2\/pages"}],"about":[{"href":"http:\/\/www.lerzso.hu\/index.php?rest_route=\/wp\/v2\/types\/page"}],"author":[{"embeddable":true,"href":"http:\/\/www.lerzso.hu\/index.php?rest_route=\/wp\/v2\/users\/1"}],"replies":[{"embeddable":true,"href":"http:\/\/www.lerzso.hu\/index.php?rest_route=%2Fwp%2Fv2%2Fcomments&post=326"}],"version-history":[{"count":9,"href":"http:\/\/www.lerzso.hu\/index.php?rest_route=\/wp\/v2\/pages\/326\/revisions"}],"predecessor-version":[{"id":339,"href":"http:\/\/www.lerzso.hu\/index.php?rest_route=\/wp\/v2\/pages\/326\/revisions\/339"}],"up":[{"embeddable":true,"href":"http:\/\/www.lerzso.hu\/index.php?rest_route=\/wp\/v2\/pages\/127"}],"wp:attachment":[{"href":"http:\/\/www.lerzso.hu\/index.php?rest_route=%2Fwp%2Fv2%2Fmedia&parent=326"}],"curies":[{"name":"wp","href":"https:\/\/api.w.org\/{rel}","templated":true}]}}