{"id":340,"date":"2013-11-03T19:34:13","date_gmt":"2013-11-03T18:34:13","guid":{"rendered":"http:\/\/www.lerzso.hu\/?page_id=340"},"modified":"2013-11-03T19:47:35","modified_gmt":"2013-11-03T18:47:35","slug":"hogyan-temettek-el-a-faraot","status":"publish","type":"page","link":"http:\/\/www.lerzso.hu\/?page_id=340","title":{"rendered":"Hogyan temett\u00e9k el a f\u00e1ra\u00f3t?"},"content":{"rendered":"<h3><em><strong>\u00a0A f\u00e1ra\u00f3k s\u00edrjai<\/strong><\/em><\/h3>\n<h4><strong>Hogyan temett\u00e9k el a f\u00e1ra\u00f3t?<\/strong><\/h4>\n<p>A negyedik dinaszti\u00e1t\u00f3l kezdve az uralkod\u00f3i s\u00edreml\u00e9k nem csup\u00e1n a piramisb\u00f3l, hanem a foly\u00f3v\u00f6lgyi templomb\u00f3l, a felfel\u00e9 vezet\u0151 \u00fatb\u00f3l \u00e9s a halotti templomb\u00f3l \u00e1llt. A foly\u00f3v\u00f6lgyi templom a piramist\u00f3l keletre fek\u00fcdt. Ez jelentette a piramisnegyed monument\u00e1lis bej\u00e1rat\u00e1t. El\u0151tte Horgonyozhattak le azok a haj\u00f3k, amelyek a N\u00edlusb\u00f3l egy csatorn\u00e1n \u00e1t eg\u00e9szen a piramisokig fel\u00faszhattak. A temet\u00e9s napj\u00e1n haj\u00f3 sz\u00e1ll\u00edtotta a v\u00f6lgybeli templomhoz a f\u00e1ra\u00f3 m\u00fami\u00e1j\u00e1t. A templomban az elhunyt uralkod\u00f3 t\u00f6bb szobra sorakozott. El\u0151tt\u00fck \u00e9s a f\u00e1ra\u00f3 m\u00fami\u00e1ja el\u0151tt hangosan var\u00e1zserej\u0171 sz\u00f6vegeket olvastak fel, \u00e9s olyan szertart\u00e1sokra is sor ker\u00fclt, amelyekkel az uralkod\u00f3 \u00fajj\u00e1sz\u00fclet\u00e9s\u00e9t \u00e9s \u00f6r\u00f6k \u00e9let\u00e9t akart\u00e1k biztos\u00edtani.<\/p>\n<p><a href=\"http:\/\/www.lerzso.hu\/?uamfiletype=attachment&amp;uamgetfile=http:\/\/www.lerzso.hu\/wp-content\/uploads\/2013\/11\/mm_aoet_30_1.jpg\"><img loading=\"lazy\" decoding=\"async\" class=\"alignnone size-large wp-image-344\" alt=\"mm_aoet_30_1\" src=\"http:\/\/www.lerzso.hu\/?uamfiletype=attachment&amp;uamgetfile=http:\/\/www.lerzso.hu\/wp-content\/uploads\/2013\/11\/mm_aoet_30_1-1024x732.jpg\" width=\"1024\" height=\"732\" \/><\/a><\/p>\n<table border=\"1\">\n<tbody>\n<tr>\n<td><span style=\"color: #008000;\">A PIRAMIS BELSEJE<\/span><span style=\"color: #008000;\">A Kheopsz-piramis belsej\u00e9ben rengeteg folyos\u00f3t \u00e9s kamr\u00e1t alak\u00edtottak ki. A bej\u00e1rat ut\u00e1n egy folyos\u00f3 nagyj\u00e1b\u00f3l sz\u00e1z m\u00e9terre vezet meredeken lefel\u00e9 egy kamr\u00e1ig, amely m\u00e1r a szikl\u00e1ban tal\u00e1lhat\u00f3 (K1). Ha m\u00e1r kor\u00e1bban (az A pontn\u00e1l) elkanyarodtunk, akkor bejuthatunk a Nagy gal\u00e9ria bej\u00e1rat\u00e1hoz, \u00e9s onnan v\u00edzszintesen egy tov\u00e1bbi kamr\u00e1ba (K2). Ha elindulunk felfel\u00e9 a Nagy gal\u00e9ri\u00e1ban, akkor el\u00e9rj\u00fck a kir\u00e1lyi kamr\u00e1t (K3). Itt \u00e1ll ma annak a szarkof\u00e1gnak az als\u00f3 r\u00e9sze, amelyben egykor Kheopsz f\u00e1ra\u00f3 nyugodott. A s\u00edrkamr\u00e1b\u00f3l k\u00e9t szell\u0151z\u0151csatorna ny\u00edlik, amelyek eg\u00e9szen a piramis k\u00fcls\u0151 burkolat\u00e1ig vezetnek. Ezek a 15 X 20 cm-es nagys\u00e1g\u00fa ny\u00edl\u00e1sok tal\u00e1n azt a c\u00e9lt szolg\u00e1lt\u00e1k, hogy az uralkod\u00f3 szabadon mozg\u00f3 lelke (vagyis a ba) feljuthasson az \u00e9gbe. Azt m\u00e9g nem siker\u00fclt pontosan megfejteni, hogy milyen c\u00e9lt szolg\u00e1lt a K1 \u00e9s K2 kamra. Lehet, hogy Kheopsz fiatalabb \u00e9veiben \u00e9p\u00edttette \u0151ket, hogy akkor is m\u00e9lt\u00f3 s\u00edrhelye legyen, ha kor\u00e1n elragadja a hal\u00e1l.<\/span><\/td>\n<\/tr>\n<\/tbody>\n<\/table>\n<p>A papok ekkor kivitt\u00e9k a templomb\u00f3l a m\u00fami\u00e1t, \u00e9s elindultak a felfel\u00e9 vezet\u0151 \u00faton. Az utat magas falak keretezt\u00e9k, \u00e9s tet\u0151 is bor\u00edtotta, \u00edgy k\u00edv\u00fclr\u0151l senki sem l\u00e1tta, mi t\u00f6rt\u00e9nik az \u00faton. A lapos tet\u0151 k\u00f6zep\u00e9n l\u00e9v\u0151, keskeny ny\u00edl\u00e1sokon halv\u00e1ny f\u00e9ny sz\u0171r\u0151d\u00f6tt be, \u00edgy a papoknak nem kellett s\u00f6t\u00e9tben botork\u00e1lniuk. Ezen a hossz\u00fa \u00faton mentek v\u00e9gig a v\u00f6lgyb\u0151l eg\u00e9szen a sivatagi fenns\u00edk perem\u00e9ig.<\/p>\n<p>Az \u00fat v\u00e9g\u00e9n a halotti templom v\u00e1rt r\u00e1juk. Itt el\u0151sz\u00f6r egy t\u00f6bb oszloppal d\u00edsz\u00edtett, nyitott udvarba \u00e9rtek. Ennek nyugati oldal\u00e1n sorakoztak a kir\u00e1ly \u00e1ll\u00f3szobrai, k\u00f6z\u00f6tt\u00fck azok, amelyek Oziriszk\u00e9nt, Als\u00f3-Egyiptom \u00e9s Fels\u0151-Egyiptom ura- k\u00e9nt \u00e1br\u00e1zolt\u00e1k. A nyugati oldalon egy k\u00e1polna is fek\u00fcdt.<\/p>\n<p>A papok azonban nem ide mentek be. Jobbra kanyarodva kivitt\u00e9k a m\u00fami\u00e1t a templomb\u00f3l. Most m\u00e1r a piramis l\u00e1b\u00e1n\u00e1l j\u00e1rtak, egy sz\u00e9les, k\u00edv\u00fclr\u0151l fallal hat\u00e1rolt folyos\u00f3n. Ism\u00e9t jobbra kanyarodtak, hogy eljussanak a piramis \u00e9szaki oldal\u00e1ra, ahol a bej\u00e1rat ny\u00edlott. A piramisba l\u00e9pve a m\u00fami\u00e1t hossz\u00fa folyos\u00f3kon \u00e9s el\u0151kamr\u00e1kon \u00e1t elvitt\u00e9k a s\u00edrkamr\u00e1ba, \u00e9s ott \u00f6r\u00f6k nyugalomra helyezt\u00e9k. Ezut\u00e1n a munk\u00e1sok k\u00f6vekkel z\u00e1rt\u00e1k el a bels\u0151 folyos\u00f3kat \u00e9s a bej\u00e1ratot. Soha t\u00f6bb\u00e9 nem l\u00e9phetett be haland\u00f3 a piramisba, hogy a f\u00e1ra\u00f3 m\u00fami\u00e1ja zavartalanul \u00e9s biztons\u00e1gban nyugodhasson az id\u0151k v\u00e9gezet\u00e9ig.<\/p>\n<p>A halotti szertart\u00e1st v\u00e9gz\u0151 papok nap mint nap ell\u00e1tt\u00e1k \u00e9lelemmel az elhunyt kir\u00e1lyt. A v\u00f6lgybeli templomb\u00f3l indulva \u00e9telt \u00e9s italt vittek fel a hossz\u00fa \u00faton a halotti templomba. A nyitott udvaron var\u00e1zserej\u0171 sz\u00f6vegeket mondtak, melyek hit\u00fck szerint istenn\u00e9 tett\u00e9k az uralkod\u00f3t, \u00e9s biztos\u00edtott\u00e1k \u00f6r\u00f6k \u00e9let\u00e9t. Ezut\u00e1n nyugatra fordulva odamentek a k\u00e1poln\u00e1hoz, \u00e9s az \u00e9teleket letett\u00e9k egy \u00e1lajt\u00f3 el\u00e9.<\/p>\n<p>A k\u00f6vetkez\u0151 szavakkal sz\u00f3l\u00edtott\u00e1k meg az uralkod\u00f3t: \u201e\u00d3, te kir\u00e1ly, tudd meg, hogy most magadhoz kell venned isteni \u00e1ldozatodat, hogy j\u00f3llakj\u00e1l vele mindennap, kenyerek ezreit, ezernyi s\u00f6rt, ezernyi marhas\u00fcltet, ezernyi lib\u00e1t, ezernyi k\u00fcl\u00f6nf\u00e9le \u00e9dess\u00e9get.\u201d Ezut\u00e1n egy t\u00e1volabbi helyen v\u00e1rakoztak, m\u00edg az uralkod\u00f3 a piramis belsej\u00e9b\u0151l el\u0151j\u00f6tt a befalazott ajt\u00f3n \u00e1t, \u00e9s j\u00f3l nem lakott, majd a megmaradt \u00e9telt magukkal vitt\u00e9k.<\/p>\n<table border=\"1\">\n<tbody>\n<tr>\n<td><span style=\"color: #0000ff;\">AZ \u00c1LAJT\u00d3<\/span><span style=\"color: #0000ff;\">Az \u00e1lajt\u00f3 l\u00e1tszatra olyan, mint egy val\u00f3di. S\u00edrok fal\u00e1n alak\u00edtott\u00e1k ki, \u00e9s gyakran gazdagon d\u00edsz\u00edtett\u00e9k. K\u00fcl\u00f6n\u00f6sen az \u00d3birodalom idej\u00e9n gondolt\u00e1k azt, hogy az elhunyt ezen \u00e1t t\u00e9r vissza az Alvil\u00e1gb\u00f3l fogadni az \u00e1ldozati aj\u00e1nd\u00e9kokat.<\/span><\/td>\n<\/tr>\n<\/tbody>\n<\/table>\n<p>A piramisok k\u00f6zel\u00e9ben hatalmas, k\u0151bor\u00edt\u00e1si akn\u00e1kat tal\u00e1ltak, melyekben haj\u00f3kat temettek el. K\u00e9t ilyen haj\u00f3nak val\u00f3sz\u00edn\u0171leg az volt a feladata, hogy seg\u00edtse az uralkod\u00f3t \u00e1thaladni az \u00e9gbolton. Hiszen minden f\u00e1ra\u00f3 R\u00e9 napisten fia volt, ez\u00e9rt apj\u00e1val nap mint nap egyik l\u00e1t\u00f3hat\u00e1rt\u00f3l a m\u00e1sikig utazott. M\u00e1s haj\u00f3kat viszont az\u00e9rt temettek el, hogy az uralkod\u00f3k a t\u00falvil\u00e1gon szolg\u00e1ljanak rajta, hiszen \u00e9let\u00fck sor\u00e1n vel\u00fck k\u00f6zlekedtek, \u00e9s a m\u00fami\u00e1jukat is az egyik ilyen haj\u00f3 hozta el a piramishoz.<\/p>\n<p>Akkor h\u00e1t minek tekinthetj\u00fck a piramisokat? A piramis s\u00edreml\u00e9k, hiszen itt nyugodott a f\u00e1ra\u00f3 m\u00fami\u00e1ja. A Hatalmas \u00e9p\u00edtm\u00e9ny az \u00e9gre t\u00f6r, \u00e9s tal\u00e1n ezzel akart\u00e1k megk\u00f6nny\u00edteni, hogy az uralkod\u00f3 feljusson oda. A piramis csics\u00e1t arannyal bor\u00edtott\u00e1k, hogy a Nap \u00e9ltet\u0151 erej\u00e9t bevezesse a piramis belsej\u00e9be, az ott nyugv\u00f3 uralkod\u00f3 test\u00e9be. Ezen k\u00edv\u00fcl az aranyozott cs\u00facs az \u00e9p\u00edtm\u00e9ny legmagasabb pontja volt, amely mindennap f\u00e9nyesen csillogott a felkel\u0151 \u00e9s a lenyugv\u00f3 Nap f\u00e9ny\u00e9ben. \u00cdgy reggel \u00e9s este messzir\u0151l l\u00e1that\u00f3an jelezte a k\u00e9t pillanatot, amikor R\u00e9 napisten a l\u00e1t\u00f3hat\u00e1ron elhagyja vil\u00e1gunkat, majd reggel visszat\u00e9r. A piramisnak teh\u00e1t t\u00f6bbf\u00e9le szerepe volt a kultuszban: amellett, hogy a halottak t\u00falvil\u00e1gi l\u00e9t\u00e9t biztos\u00edtotta \u00e9s evil\u00e1gi eml\u00e9keit is \u0151rizte, folyamatosan jelezte az \u00e9l\u0151k sz\u00e1m\u00e1ra az id\u0151 m\u00fal\u00e1s\u00e1nak pillanatait. A napkelte \u00e9s a napnyugta kiemel\u00e9se figyelmeztet\u00e9s is volt: az id\u0151 v\u00e1ltoz\u00e1sai k\u00e9rlelhetetlen\u00fcl ism\u00e9tl\u0151dnek. De a piramis azt is jelezte, hogy a f\u00e1ra\u00f3 ott \u00fclt atyja napb\u00e1rk\u00e1j\u00e1ban, \u00e9s vele egy\u00fctt szelte \u00e1t az eget. A piramis teh\u00e1t megmutatta az egyiptomiaknak, hogy uruk ugyan meghalt, de nem m\u00falt el, hiszen naponta visszat\u00e9r hozz\u00e1juk.<\/p>\n","protected":false},"excerpt":{"rendered":"<p>\u00a0A f\u00e1ra\u00f3k s\u00edrjai Hogyan temett\u00e9k el a f\u00e1ra\u00f3t? A negyedik dinaszti\u00e1t\u00f3l kezdve az uralkod\u00f3i s\u00edreml\u00e9k nem csup\u00e1n a piramisb\u00f3l, hanem a foly\u00f3v\u00f6lgyi templomb\u00f3l, a felfel\u00e9 vezet\u0151 \u00fatb\u00f3l \u00e9s a halotti templomb\u00f3l \u00e1llt. A foly\u00f3v\u00f6lgyi templom a piramist\u00f3l keletre fek\u00fcdt. Ez jelentette a piramisnegyed monument\u00e1lis bej\u00e1rat\u00e1t. El\u0151tte Horgonyozhattak le azok a haj\u00f3k, amelyek a N\u00edlusb\u00f3l egy &hellip; <\/p>\n<p><a class=\"more-link btn\" href=\"http:\/\/www.lerzso.hu\/?page_id=340\">Olvass tov\u00e1bb<\/a><\/p>\n","protected":false},"author":1,"featured_media":0,"parent":127,"menu_order":0,"comment_status":"closed","ping_status":"open","template":"","meta":{"footnotes":""},"class_list":["post-340","page","type-page","status-publish","hentry","nodate","item-wrap"],"_links":{"self":[{"href":"http:\/\/www.lerzso.hu\/index.php?rest_route=\/wp\/v2\/pages\/340","targetHints":{"allow":["GET"]}}],"collection":[{"href":"http:\/\/www.lerzso.hu\/index.php?rest_route=\/wp\/v2\/pages"}],"about":[{"href":"http:\/\/www.lerzso.hu\/index.php?rest_route=\/wp\/v2\/types\/page"}],"author":[{"embeddable":true,"href":"http:\/\/www.lerzso.hu\/index.php?rest_route=\/wp\/v2\/users\/1"}],"replies":[{"embeddable":true,"href":"http:\/\/www.lerzso.hu\/index.php?rest_route=%2Fwp%2Fv2%2Fcomments&post=340"}],"version-history":[{"count":6,"href":"http:\/\/www.lerzso.hu\/index.php?rest_route=\/wp\/v2\/pages\/340\/revisions"}],"predecessor-version":[{"id":347,"href":"http:\/\/www.lerzso.hu\/index.php?rest_route=\/wp\/v2\/pages\/340\/revisions\/347"}],"up":[{"embeddable":true,"href":"http:\/\/www.lerzso.hu\/index.php?rest_route=\/wp\/v2\/pages\/127"}],"wp:attachment":[{"href":"http:\/\/www.lerzso.hu\/index.php?rest_route=%2Fwp%2Fv2%2Fmedia&parent=340"}],"curies":[{"name":"wp","href":"https:\/\/api.w.org\/{rel}","templated":true}]}}