{"id":349,"date":"2013-11-03T20:50:07","date_gmt":"2013-11-03T19:50:07","guid":{"rendered":"http:\/\/www.lerzso.hu\/?page_id=349"},"modified":"2013-11-03T21:17:04","modified_gmt":"2013-11-03T20:17:04","slug":"hogyan-epitettek-a-piramisokat","status":"publish","type":"page","link":"http:\/\/www.lerzso.hu\/?page_id=349","title":{"rendered":"Hogyan \u00e9p\u00edtett\u00e9k a piramisokat?"},"content":{"rendered":"<h3><strong><em>\u00a0A f\u00e1ra\u00f3k s\u00edrjai<\/em><\/strong><\/h3>\n<h4><strong>Hogyan \u00e9p\u00edtett\u00e9k a piramisokat?<\/strong><\/h4>\n<p>Erre a k\u00e9rd\u00e9sre nem olyan egyszer\u0171 a v\u00e1lasz. A kisebb piramisok, \u00e9s azok, melyeket n\u00edlusi iszapt\u00e9gl\u00e1b\u00f3l vagy apr\u00f3bb k\u00f6vekb\u0151l emeltek, nem ig\u00e9nyeltek k\u00fcl\u00f6nleges \u00e9p\u00edt\u00e9szeti tud\u00e1st. Eg\u00e9szen m\u00e1s feladatot jelentettek azonban Kheopsz f\u00e1ra\u00f3 nagy piramisai. Ezeknek az \u00e9p\u00edtm\u00e9nyeknek minden k\u00f6ve \u00e1tlagosan t\u00f6bb mint k\u00e9t tonn\u00e1t, vagyis k\u00e9tezer kilogrammot nyom. K\u00f6zel k\u00e9t \u00e9s f\u00e9lmilli\u00f3 k\u0151t\u00f6mb\u00f6t halmoztak egym\u00e1sra, m\u00edg el nem \u00e9rt\u00e9k a 147 m\u00e9teres magass\u00e1got. Ezen k\u00edv\u00fcl bel\u00fcl is elhelyeztek n\u00e9h\u00e1ny olyan gr\u00e1nitt\u00f6mb\u00f6t, amely egyenk\u00e9nt 200 ezer kilogrammot, vagyis k\u00e9tsz\u00e1z tonn\u00e1t nyom.<\/p>\n<p>&nbsp;<\/p>\n<table border=\"1\">\n<tbody>\n<tr>\n<td><span style=\"color: #008000;\">A g\u00edzai szfinx. Az uralkod\u00f3 leny\u0171g\u00f6z\u0151 m\u00e9ret\u0171 szobr\u00e1t egyetlen sziklat\u00f6mbb\u0151l faragt\u00e1k ki. Magass\u00e1ga a f\u00f6ldt\u0151l a tetej\u00e9ig 20 m\u00e9ter, a mancs\u00e1t\u00f3l a fark\u00e1ig 74 m\u00e9ter.<\/span><\/td>\n<\/tr>\n<\/tbody>\n<\/table>\n<p><a href=\"http:\/\/www.lerzso.hu\/?uamfiletype=attachment&amp;uamgetfile=http:\/\/www.lerzso.hu\/wp-content\/uploads\/2013\/11\/mm_aoet_31_1.jpg\"><img loading=\"lazy\" decoding=\"async\" class=\"alignnone size-large wp-image-352\" alt=\"mm_aoet_31_1\" src=\"http:\/\/www.lerzso.hu\/?uamfiletype=attachment&amp;uamgetfile=http:\/\/www.lerzso.hu\/wp-content\/uploads\/2013\/11\/mm_aoet_31_1-1024x649.jpg\" width=\"1024\" height=\"649\" \/><\/a><\/p>\n<p>Ett\u0151l azonban m\u00e9g nem kell hitelt adnunk azoknak a \u201etud\u00f3soknak\u201d, akik azt \u00e1ll\u00edtj\u00e1k, hogy ezeket a piramisokat \u00e9vezredekkel az \u00d3birodalom el\u0151tt, idegen bolyg\u00f3kr\u00f3l \u00e9rkez\u0151 \u0171rhaj\u00f3sok \u00e9p\u00edtett\u00e9k, \u00e9s hogy benn\u00fck rejlik minden titkok titka. L\u00e9teznek papiruszok, amelyek bizony\u00edtj\u00e1k, hogy m\u00e1r a K\u00f6z\u00e9pbirodalom idej\u00e9n is eg\u00e9szen pontosan meg tudt\u00e1k adni az \u00e9lek hossz\u00e1t, a piramis magass\u00e1g\u00e1t vagy a d\u0151l\u00e9ssz\u00f6g\u00e9t. Ezeket ki is tudt\u00e1k sz\u00e1molni. Ebb\u0151l az id\u0151b\u0151l sz\u00e1rmazik az egyik piramis f\u00f6ldalatti j\u00e1ratainak \u00e9s kamr\u00e1inak modellje. Az \u00d3birodalom idej\u00e9b\u0151l megtal\u00e1lt szersz\u00e1mok k\u00f6z\u00f6tt volt p\u00e9ld\u00e1ul kalap\u00e1cs, v\u00e9s\u0151 \u00e9s f\u0171r\u00e9sz. Val\u00f3 igaz, hogy mindezek mellett egyetlen ker\u00e9k sem ker\u00fclt el\u0151.<\/p>\n<table border=\"1\">\n<tbody>\n<tr>\n<td><span style=\"color: #008000;\">A piramisok k\u00f6veit ilyen szersz\u00e1mokkal munk\u00e1lt\u00e1k meg. Az eszk\u00f6z\u00f6ket edzett r\u00e9zb\u0151l k\u00e9sz\u00edtett\u00e9k, mivel a bronz csup\u00e1n a K\u00f6z\u00e9pbirodalom idej\u00e9n terjedt el.<\/span><\/td>\n<\/tr>\n<\/tbody>\n<\/table>\n<p><a href=\"http:\/\/www.lerzso.hu\/?uamfiletype=attachment&amp;uamgetfile=http:\/\/www.lerzso.hu\/wp-content\/uploads\/2013\/11\/mm_aoet_32_1.jpg\"><img loading=\"lazy\" decoding=\"async\" class=\"alignnone size-full wp-image-356\" alt=\"mm_aoet_32_1\" src=\"http:\/\/www.lerzso.hu\/?uamfiletype=attachment&amp;uamgetfile=http:\/\/www.lerzso.hu\/wp-content\/uploads\/2013\/11\/mm_aoet_32_1.jpg\" width=\"736\" height=\"608\" \/><\/a><\/p>\n<p>&nbsp;<\/p>\n<table border=\"1\">\n<tbody>\n<tr>\n<td><span style=\"color: #0000ff;\">Az \u00c9P\u00cdTKEZ\u00c9S<\/span><span style=\"color: #0000ff;\">A k\u00e9pen l\u00e1that\u00f3 szersz\u00e1mokkal szakk\u00e9pzett k\u0151m\u0171vesek dolgoztak. Seg\u00e9dmunk\u00e1sk\u00e9nt id\u0151nk\u00e9nt a parasztokat is dolgoztatt\u00e1k. Aki szakemberk\u00e9nt vett r\u00e9szt a piramis \u00e9p\u00edt\u00e9s\u00e9ben, az fizet\u00e9st kapott. M\u00e1sok az istens\u00e9g szolg\u00e1lat\u00e1nak tekintett\u00e9k a munk\u00e1t, ism\u00e9t m\u00e1sokat v\u00e9lhet\u0151en er\u0151vel k\u00e9nyszer\u00edtettek munk\u00e1ra.<\/span><\/td>\n<\/tr>\n<\/tbody>\n<\/table>\n<p>A leletek \u00e9s a k\u00e9pek tan\u00fas\u00e1ga szerint sz\u00e1nokon sz\u00e1ll\u00edtott\u00e1k a k\u00f6veket, ami azonban azt bizony\u00edtja, hogy a piramisokat nem f\u00f6ld\u00f6nt\u00fali l\u00e9nyek \u00e9p\u00edtett\u00e9k, hanem tervszer\u0171en dolgoz\u00f3, j\u00f3l sz\u00e1mol\u00f3, szersz\u00e1maikat remek\u00fcl haszn\u00e1l\u00f3 emberek.<\/p>\n<table border=\"1\">\n<tbody>\n<tr>\n<td><span style=\"color: #0000ff;\">SZ\u00c1MTANI FELADAT\u00a0<\/span><span style=\"color: #0000ff;\">(Kr. e. 1800 k\u00f6r\u00fcl keletkezett) <\/span><span style=\"color: #0000ff;\">Sz\u00e1mold ki egy piramis d\u0151l\u00e9ssz\u00f6g\u00e9t! A piramis alap\u00e9le 360 k\u00f6ny\u00f6k, a magass\u00e1ga 250.<\/span><\/p>\n<p><span style=\"color: #0000ff;\">Oszd el kett\u0151vel a 360-at! <\/span><\/p>\n<p><span style=\"color: #0000ff;\">Az eredm\u00e9ny 180.<\/span><\/p>\n<p><span style=\"color: #0000ff;\">Oszd el a 180-at 250-nel!<\/span><\/p>\n<p><span style=\"color: #0000ff;\"> Az eredm\u00e9ny szerint akkor 1:2 + 1:5 + 1:50 k\u00f6ny\u00f6k.<\/span><\/p>\n<p><span style=\"color: #0000ff;\">A v\u00e9geredm\u00e9nyt mi \u00fagy fejezn\u00e9nk ki, hogy 18:25. <\/span><\/p>\n<p><span style=\"color: #0000ff;\">Az alap\u00e9l f\u00f6l\u00f6tt f\u00fcgg\u0151legesen egy k\u00f6ny\u00f6k magass\u00e1gban a piramis egy v\u00edzszintes k\u00f6ny\u00f6k 18:25-\u00f6d r\u00e9sz\u00e9vel d\u0151l befel\u00e9. Egy k\u00f6ny\u00f6k 52,5 cm.<\/span><\/td>\n<\/tr>\n<\/tbody>\n<\/table>\n<p>De hogyan lehetett ezekkel az egyszer\u0171 szersz\u00e1mokkal ilyen hatalmas \u00e9p\u00fcleteket emelni? Ezt sajnos nem tudjuk pontosan. K\u00fcl\u00f6nb\u00f6z\u0151 elk\u00e9pzel\u00e9sek keletkeznek arr\u00f3l, hogy mik\u00e9nt \u00e9p\u00edthett\u00e9k a piramisokat. Ezek k\u00f6z\u00fcl tal\u00e1n m\u00e9g a r\u00e1mpaelm\u00e9let a leghihet\u0151bb, mivel a piramisok \u00e9s m\u00e1s, magas \u00e9p\u00fcletek k\u00f6z\u00f6tt megtal\u00e1lt\u00e1k egy r\u00e1mpa maradv\u00e1nyait. Az elk\u00e9pzel\u00e9s szerint Harminc m\u00e9teres magass\u00e1gig t\u00f6bb kisebb, felfel\u00e9 vezet\u0151 utat. r\u00e1mp\u00e1t \u00e9p\u00edtettek, melyek v\u00e9g\u00fcl der\u00e9ksz\u00f6gben k\u00f6zel\u00edtett\u00e9k meg a piramist. K\u00e9s\u0151bb azut\u00e1n egyetlen, hatalmas r\u00e1mp\u00e1t emeltek a piramis oldal\u00e1hoz, amely az \u00e9p\u00edtm\u00e9nnyel egy\u00fctt magasodott, \u00e9s k\u00f6zben k\u00f6rbefonta a piramist. A r\u00e1mp\u00e1kra sz\u00e1nokkal vitt\u00e9k fel a t\u00f6bbtonn\u00e1s k\u00f6veket.<\/p>\n<p><a href=\"http:\/\/www.lerzso.hu\/?uamfiletype=attachment&amp;uamgetfile=http:\/\/www.lerzso.hu\/wp-content\/uploads\/2013\/11\/mm_aoet_32_2.jpg\"><img loading=\"lazy\" decoding=\"async\" class=\"alignnone size-large wp-image-357\" alt=\"mm_aoet_32_2\" src=\"http:\/\/www.lerzso.hu\/?uamfiletype=attachment&amp;uamgetfile=http:\/\/www.lerzso.hu\/wp-content\/uploads\/2013\/11\/mm_aoet_32_2-1024x639.jpg\" width=\"1024\" height=\"639\" \/><\/a><\/p>\n<table border=\"1\">\n<tbody>\n<tr>\n<td><span style=\"color: #008000;\">A munk\u00e1sok egyszer\u0171 sz\u00e1nok seg\u00edts\u00e9g\u00e9vel vontatt\u00e1k fel a hatalmas k\u0151t\u00f6mb\u00f6ket egy r\u00e1mp\u00e1n, a gyorsan magasod\u00f3 piramison. A r\u00e1mp\u00e1t, vagyis a ferd\u00e9n felfel\u00e9 vezet\u0151 utat agyagt\u00e9gl\u00e1kb\u00f3l \u00e9s m\u00e1s \u00e9p\u00edt\u0151anyagokb\u00f3l emelt\u00e9k.<\/span><\/td>\n<\/tr>\n<\/tbody>\n<\/table>\n","protected":false},"excerpt":{"rendered":"<p>\u00a0A f\u00e1ra\u00f3k s\u00edrjai Hogyan \u00e9p\u00edtett\u00e9k a piramisokat? Erre a k\u00e9rd\u00e9sre nem olyan egyszer\u0171 a v\u00e1lasz. A kisebb piramisok, \u00e9s azok, melyeket n\u00edlusi iszapt\u00e9gl\u00e1b\u00f3l vagy apr\u00f3bb k\u00f6vekb\u0151l emeltek, nem ig\u00e9nyeltek k\u00fcl\u00f6nleges \u00e9p\u00edt\u00e9szeti tud\u00e1st. Eg\u00e9szen m\u00e1s feladatot jelentettek azonban Kheopsz f\u00e1ra\u00f3 nagy piramisai. Ezeknek az \u00e9p\u00edtm\u00e9nyeknek minden k\u00f6ve \u00e1tlagosan t\u00f6bb mint k\u00e9t tonn\u00e1t, vagyis k\u00e9tezer kilogrammot nyom. &hellip; <\/p>\n<p><a class=\"more-link btn\" href=\"http:\/\/www.lerzso.hu\/?page_id=349\">Olvass tov\u00e1bb<\/a><\/p>\n","protected":false},"author":1,"featured_media":0,"parent":127,"menu_order":0,"comment_status":"closed","ping_status":"open","template":"","meta":{"footnotes":""},"class_list":["post-349","page","type-page","status-publish","hentry","nodate","item-wrap"],"_links":{"self":[{"href":"http:\/\/www.lerzso.hu\/index.php?rest_route=\/wp\/v2\/pages\/349","targetHints":{"allow":["GET"]}}],"collection":[{"href":"http:\/\/www.lerzso.hu\/index.php?rest_route=\/wp\/v2\/pages"}],"about":[{"href":"http:\/\/www.lerzso.hu\/index.php?rest_route=\/wp\/v2\/types\/page"}],"author":[{"embeddable":true,"href":"http:\/\/www.lerzso.hu\/index.php?rest_route=\/wp\/v2\/users\/1"}],"replies":[{"embeddable":true,"href":"http:\/\/www.lerzso.hu\/index.php?rest_route=%2Fwp%2Fv2%2Fcomments&post=349"}],"version-history":[{"count":7,"href":"http:\/\/www.lerzso.hu\/index.php?rest_route=\/wp\/v2\/pages\/349\/revisions"}],"predecessor-version":[{"id":359,"href":"http:\/\/www.lerzso.hu\/index.php?rest_route=\/wp\/v2\/pages\/349\/revisions\/359"}],"up":[{"embeddable":true,"href":"http:\/\/www.lerzso.hu\/index.php?rest_route=\/wp\/v2\/pages\/127"}],"wp:attachment":[{"href":"http:\/\/www.lerzso.hu\/index.php?rest_route=%2Fwp%2Fv2%2Fmedia&parent=349"}],"curies":[{"name":"wp","href":"https:\/\/api.w.org\/{rel}","templated":true}]}}