{"id":361,"date":"2013-11-03T21:26:02","date_gmt":"2013-11-03T20:26:02","guid":{"rendered":"http:\/\/www.lerzso.hu\/?page_id=361"},"modified":"2013-11-03T23:56:47","modified_gmt":"2013-11-03T22:56:47","slug":"361-2","status":"publish","type":"page","link":"http:\/\/www.lerzso.hu\/?page_id=361","title":{"rendered":"L\u00e9teznek-e a piramisokon k\u00edv\u00fcl m\u00e1s kir\u00e1lys\u00edrok is?"},"content":{"rendered":"<h3><strong><em>\u00a0A f\u00e1ra\u00f3k s\u00edrjai<\/em><\/strong><\/h3>\n<h4><strong>L\u00e9teznek-e a piramisokon k\u00edv\u00fcl m\u00e1s kir\u00e1lys\u00edrok is?<\/strong><\/h4>\n<p>&nbsp;<\/p>\n<p>A piramisok \u00e9p\u00edt\u00e9s\u00e9nek idej\u00e9t megel\u0151z\u0151, k\u00e9t dinasztia uralkod\u00f3it nem piramisokba temett\u00e9k. S\u00edrjaik j\u00f3kora, t\u00e9glalap alap\u00fa m\u00e9lyed\u00e9sekre hasonl\u00edtottak, amelyek f\u00f6l\u00e9 egy kisebb dombot vagy valamilyen lapos \u00e9p\u00edtm\u00e9nyt emeltek. A fels\u0151 \u00e9p\u00edtm\u00e9ny k\u00fcls\u0151 fal\u00e1t t\u00f6bb kisebb beugr\u00f3 tagolta. A tulajdonk\u00e9ppeni s\u00edrkamra a f\u00f6ld alatti r\u00e9sz k\u00f6z\u00e9ppontj\u00e1ban fek\u00fcdt. Mivel a s\u00edrt az \u00f6r\u00f6kk\u00e9val\u00f3s\u00e1ggal sz\u00e1molva tervezt\u00e9k lakhely\u00fcl, rengeteg holmit halmoztak Fel benne. N\u00e9melyikben m\u00e9g f\u00fcrd\u0151szob\u00e1t is kialak\u00edtottak.<\/p>\n<p><a href=\"http:\/\/www.lerzso.hu\/?uamfiletype=attachment&amp;uamgetfile=http:\/\/www.lerzso.hu\/wp-content\/uploads\/2013\/11\/mm_aoet_33_1.jpg\"><img loading=\"lazy\" decoding=\"async\" class=\"alignnone size-large wp-image-365\" alt=\"mm_aoet_33_1\" src=\"http:\/\/www.lerzso.hu\/?uamfiletype=attachment&amp;uamgetfile=http:\/\/www.lerzso.hu\/wp-content\/uploads\/2013\/11\/mm_aoet_33_1-1024x408.jpg\" width=\"1024\" height=\"408\" \/><\/a><\/p>\n<table border=\"1\">\n<tbody>\n<tr>\n<td><span style=\"color: #008000;\">Nut, az \u00c9g istenn\u0151je el\u0151rehajolva, kez\u00e9re \u00e9s l\u00e1b\u00e1ra t\u00e1maszkodva \u00e1ll. A napisten reggel sz\u00e1rnyas bog\u00e1r form\u00e1j\u00e1ban sz\u00fcletik meg Nut test\u00e9ben (balra). Nappal haj\u00f3j\u00e1n v\u00e9gighalad az \u00e9gi N\u00edluson, \u00e9s est\u00e9re elt\u0171nikaz \u00e9g isterm\u0151j\u00e9nek sz\u00e1j\u00e1ban (jobbra). Az esem\u00e9nyt sz\u00e1mos istens\u00e9g k\u00eds\u00e9ri.<\/span><span style=\"color: #008000;\">\u00a0A k\u00e9p VI. Ramszesz s\u00edrj\u00e1t d\u00edsz\u00edtette Th\u00e9b\u00e1ban, a Kir\u00e1lyok V\u00f6lgy\u00e9ben.<\/span><\/td>\n<\/tr>\n<\/tbody>\n<\/table>\n<p>Az \u00dajbirodalom idej\u00e9n, teh\u00e1t a piramisok \u00e9p\u00edt\u00e9se ut\u00e1n az uralkod\u00f3k m\u00e1r nem Memphisz k\u00f6zel\u00e9ben temetkeztek, hanem Th\u00e9b\u00e1ban. A N\u00edlus nyugati oldal\u00e1n s\u00edrjaikat egy mag\u00e1nyos sivatagi v\u00f6lgyben v\u00e9st\u00e9k ki a szikl\u00e1b\u00f3l. El\u0151sz\u00f6r l\u00e9pcs\u0151t v\u00e1jtak a k\u0151be, azut\u00e1n kifaragtak egy enyhe lejt\u00e9s\u0171, ferde j\u00e1ratot, majd ezt kamr\u00e1v\u00e1 b\u0151v\u00edtett\u00e9k. Ezut\u00e1n v\u00e1ltakozva tov\u00e1bbi j\u00e1ratok \u00e9s kamr\u00e1k k\u00f6vetkeztek, m\u00edg v\u00e9g\u00fcl, m\u00e9lyen a hegy gyomr\u00e1ban kialak\u00edtott\u00e1k a s\u00edrkamr\u00e1t \u00e9s a mell\u00e9kkamr\u00e1kat. E hossz\u00fak\u00e1s s\u00edreml\u00e9kek k\u00f6z\u00fcl n\u00e9melyik ak\u00e1r k\u00e9tsz\u00e1z m\u00e9terre is bevisz a hegy belsej\u00e9be. Valamennyi falat vall\u00e1sos k\u00e9pek d\u00edsz\u00edtett\u00e9k. Ezt a helyet ma a Kir\u00e1lyok V\u00f6lgy\u00e9nek nevezik. Egy m\u00e1sik sivatagi v\u00f6lgyben, a Kir\u00e1lyn\u00e9k V\u00f6lgy\u00e9ben egykoron sz\u00e1mos kir\u00e1lyn\u00e9 \u00e9s herceg pihent. A m\u00fami\u00e1k mellett sokf\u00e9le holmit helyeztek el a s\u00edrokban. Ezekre az uralkod\u00f3nak a t\u00falvil\u00e1gon volt sz\u00fcks\u00e9ge: harci szekereket, fegyvereket, b\u00fatort, kis szobrokat, l\u00e1mp\u00e1kat, ed\u00e9nyeket, \u00e9kszereket, ken\u0151cs\u00f6ket, hangszereket, \u00edr\u00f3szereket tettek be neki. A s\u00edrmell\u00e9kletek t\u00f6bbs\u00e9ge igen \u00e9rt\u00e9kes t\u00e1rgy, mivel r\u00e9szben vagy eg\u00e9szben aranyb\u00f3l k\u00e9sz\u00edtett\u00e9k.<\/p>\n<p><a href=\"http:\/\/www.lerzso.hu\/?uamfiletype=attachment&amp;uamgetfile=http:\/\/www.lerzso.hu\/wp-content\/uploads\/2013\/11\/mm_aoet_33_2.jpg\"><img loading=\"lazy\" decoding=\"async\" class=\"alignnone size-full wp-image-366\" alt=\"mm_aoet_33_2\" src=\"http:\/\/www.lerzso.hu\/?uamfiletype=attachment&amp;uamgetfile=http:\/\/www.lerzso.hu\/wp-content\/uploads\/2013\/11\/mm_aoet_33_2.jpg\" width=\"881\" height=\"805\" \/><\/a><\/p>\n<table border=\"1\">\n<tbody>\n<tr>\n<td><span style=\"color: #008000;\">IV Thotmesz (Tuthm\u00f3szisz) s\u00edrj\u00e1nak l\u00e1b fel\u0151li v\u00e9g\u00e9n\u00e9l \u00e1ll a felemelt kez\u0171 \u00cdzisz istenn\u0151, aki \u00e9ps\u00e9gben el\u00e9rt felt\u00e1mad\u00e1st, valamint v\u00e9delmet \u00e9s boldog t\u00falvil\u00e1gi \u00e9letet \u00edg\u00e9r az elhunyt f\u00e1ra\u00f3nak (18, dinasztia, Th\u00e9ba, Kir\u00e1lyok V\u00f6lgye).<\/span><\/td>\n<\/tr>\n<\/tbody>\n<\/table>\n<p>Ekkoriban a halotti templomokat, melyek az \u00d3- \u00e9s a K\u00f6z\u00e9pbirodalom idej\u00e9n a piramisok szomsz\u00e9ds\u00e1g\u00e1ban \u00e9p\u00fcltek, m\u00e1r nem a s\u00edr mell\u00e9 emelt\u00e9k. Az esetek t\u00f6bbs\u00e9g\u00e9ben ink\u00e1bb a sivatagi v\u00f6lgyekt\u0151l t\u00e1vol, a term\u00e9keny v\u00f6lgy hat\u00e1r\u00e1n \u00e9p\u00edtett\u00e9k fel \u0151ket. Ezek szer\u00e9ny \u00e9p\u00fcletek voltak, amelyek belsej\u00e9ben Csup\u00e1n n\u00e9h\u00e1ny helyis\u00e9get alak\u00edtottak ki, hogy ott l\u00e1ss\u00e1k el a sz\u00fcks\u00e9ges javakkal az uralkod\u00f3t. A templom nagyobbik r\u00e9sz\u00e9ben Amont, a legf\u0151bb istent im\u00e1dt\u00e1k, akit k\u00e9s\u0151bb R\u00e9vel egyes\u00edtettek. Amon-R\u00e9k\u00e9nt ker\u00fclt szoros kapcsolatba a halottakkal.<\/p>\n<p><a href=\"http:\/\/www.lerzso.hu\/?uamfiletype=attachment&amp;uamgetfile=http:\/\/www.lerzso.hu\/wp-content\/uploads\/2013\/11\/mm_aoet_34_1.jpg\"><img loading=\"lazy\" decoding=\"async\" class=\"alignnone size-large wp-image-369\" alt=\"mm_aoet_34_1\" src=\"http:\/\/www.lerzso.hu\/?uamfiletype=attachment&amp;uamgetfile=http:\/\/www.lerzso.hu\/wp-content\/uploads\/2013\/11\/mm_aoet_34_1-1024x992.jpg\" width=\"1024\" height=\"992\" \/><\/a><\/p>\n<table border=\"1\">\n<tbody>\n<tr>\n<td><span style=\"color: #008000;\">A k\u00f6z\u00e9pen \u00e1ll\u00f3, Kosfej\u0171 m\u00famia nem m\u00e1s, mint R\u00e9 napisten. Jobbr\u00f3l \u00cdzisz istenn\u0151, balr\u00f3l Nephth\u00fcsz istenn\u0151 tartja. Ha R\u00e9 este lenyugszik, ebben az alakban eggy\u00e9 v\u00e1lik Ozirisszel, az Alvil\u00e1g ur\u00e1val. Ek\u00f6zben \u00faj er\u0151t nyer, hogy reggel Ism\u00e9t felkelhessen. K\u00e9p\u00fcnk Nofertari kir\u00e1lyn\u00e9, II. Ramszesz feles\u00e9g\u00e9nek s\u00edrj\u00e1t d\u00edsz\u00edtette (Th\u00e9ba, Kir\u00e1lyn\u00e9k V\u00f6lgye).<\/span><\/td>\n<\/tr>\n<\/tbody>\n<\/table>\n<p>&nbsp;<\/p>\n<table border=\"1\">\n<tbody>\n<tr>\n<td><span style=\"color: #0000ff;\">TH\u00c9BA KIR\u00c1LYS\u00cdRJAI<\/span><\/p>\n<p><span style=\"color: #0000ff;\">A th\u00e9bai kir\u00e1lys\u00edrok falait gazdag festm\u00e9nyek d\u00edsz\u00edtett\u00e9k. Legt\u00f6bbj\u00fck \u00fajra meg \u00fajra arr\u00f3l mes\u00e9l: hogyan kel \u00e1t a napisten \u00e9jszaka az Alvil\u00e1gon. Az isten tizenk\u00e9t \u0151rz\u00f6tt kapun \u00e9s tizenk\u00e9t m\u00e1svil\u00e1gi tartom\u00e1nyon halad \u00e1t, ami megfelel az \u00e9jszaka \u00f3r\u00e1inak. Reggel a napistennel egy\u00fctt az elhunyt uralkod\u00f3 is elhagyhatja az Alvil\u00e1got.<\/span><\/td>\n<\/tr>\n<\/tbody>\n<\/table>\n","protected":false},"excerpt":{"rendered":"<p>\u00a0A f\u00e1ra\u00f3k s\u00edrjai L\u00e9teznek-e a piramisokon k\u00edv\u00fcl m\u00e1s kir\u00e1lys\u00edrok is? &nbsp; A piramisok \u00e9p\u00edt\u00e9s\u00e9nek idej\u00e9t megel\u0151z\u0151, k\u00e9t dinasztia uralkod\u00f3it nem piramisokba temett\u00e9k. S\u00edrjaik j\u00f3kora, t\u00e9glalap alap\u00fa m\u00e9lyed\u00e9sekre hasonl\u00edtottak, amelyek f\u00f6l\u00e9 egy kisebb dombot vagy valamilyen lapos \u00e9p\u00edtm\u00e9nyt emeltek. A fels\u0151 \u00e9p\u00edtm\u00e9ny k\u00fcls\u0151 fal\u00e1t t\u00f6bb kisebb beugr\u00f3 tagolta. A tulajdonk\u00e9ppeni s\u00edrkamra a f\u00f6ld alatti r\u00e9sz k\u00f6z\u00e9ppontj\u00e1ban &hellip; <\/p>\n<p><a class=\"more-link btn\" href=\"http:\/\/www.lerzso.hu\/?page_id=361\">Olvass tov\u00e1bb<\/a><\/p>\n","protected":false},"author":1,"featured_media":0,"parent":127,"menu_order":0,"comment_status":"closed","ping_status":"open","template":"","meta":{"footnotes":""},"class_list":["post-361","page","type-page","status-publish","hentry","nodate","item-wrap"],"_links":{"self":[{"href":"http:\/\/www.lerzso.hu\/index.php?rest_route=\/wp\/v2\/pages\/361","targetHints":{"allow":["GET"]}}],"collection":[{"href":"http:\/\/www.lerzso.hu\/index.php?rest_route=\/wp\/v2\/pages"}],"about":[{"href":"http:\/\/www.lerzso.hu\/index.php?rest_route=\/wp\/v2\/types\/page"}],"author":[{"embeddable":true,"href":"http:\/\/www.lerzso.hu\/index.php?rest_route=\/wp\/v2\/users\/1"}],"replies":[{"embeddable":true,"href":"http:\/\/www.lerzso.hu\/index.php?rest_route=%2Fwp%2Fv2%2Fcomments&post=361"}],"version-history":[{"count":5,"href":"http:\/\/www.lerzso.hu\/index.php?rest_route=\/wp\/v2\/pages\/361\/revisions"}],"predecessor-version":[{"id":370,"href":"http:\/\/www.lerzso.hu\/index.php?rest_route=\/wp\/v2\/pages\/361\/revisions\/370"}],"up":[{"embeddable":true,"href":"http:\/\/www.lerzso.hu\/index.php?rest_route=\/wp\/v2\/pages\/127"}],"wp:attachment":[{"href":"http:\/\/www.lerzso.hu\/index.php?rest_route=%2Fwp%2Fv2%2Fmedia&parent=361"}],"curies":[{"name":"wp","href":"https:\/\/api.w.org\/{rel}","templated":true}]}}