{"id":371,"date":"2013-11-04T00:06:17","date_gmt":"2013-11-03T23:06:17","guid":{"rendered":"http:\/\/www.lerzso.hu\/?page_id=371"},"modified":"2013-11-04T00:12:07","modified_gmt":"2013-11-03T23:12:07","slug":"mit-tudunk-a-sirrablokrol","status":"publish","type":"page","link":"http:\/\/www.lerzso.hu\/?page_id=371","title":{"rendered":"Mit tudunk a s\u00edrrabl\u00f3kr\u00f3l?"},"content":{"rendered":"<h3><strong><em>A f\u00e1ra\u00f3k s\u00edrjai<\/em><\/strong><\/h3>\n<h4><strong>Mit tudunk a s\u00edrrabl\u00f3kr\u00f3l?<\/strong><\/h4>\n<p><a href=\"http:\/\/www.lerzso.hu\/?uamfiletype=attachment&amp;uamgetfile=http:\/\/www.lerzso.hu\/wp-content\/uploads\/2013\/11\/mm_aoet_35_1.jpg\"><img loading=\"lazy\" decoding=\"async\" class=\"size-large wp-image-374 alignleft\" alt=\"mm_aoet_35_1\" src=\"http:\/\/www.lerzso.hu\/?uamfiletype=attachment&amp;uamgetfile=http:\/\/www.lerzso.hu\/wp-content\/uploads\/2013\/11\/mm_aoet_35_1-266x1024.jpg\" width=\"266\" height=\"1024\" \/><\/a><\/p>\n<table border=\"1\">\n<tbody>\n<tr>\n<td><span style=\"color: #008080;\">A NYAKL\u00c1NC<\/span><\/p>\n<p><span style=\"color: #008080;\">Tutanhamon nyakl\u00e1nc\u00e1t aranyb\u00f3l, fajanszb\u00f3l \u00e9s f\u00e9ldr\u00e1gak\u00f6vekb\u0151l k\u00e9sz\u00edtett\u00e9k. Alul azt a b\u00e1rk\u00e1t l\u00e1thatjuk, amelyben a Hold \u00e1tkel az \u00e9jszakai \u00e9gbolton. Az \u00e9gitestet k\u00e9tszer \u00e1br\u00e1zolt\u00e1k, egyszer teliholdk\u00e9nt, egyszer holdsarl\u00f3k\u00e9nt. A holdb\u00e1rka alatt az \u00e9gi N\u00edlus partj\u00e1n n\u00f6v\u0151 l\u00f3tuszvir\u00e1gok \u00e9s bimb\u00f3k l\u00e1that\u00f3ak.<\/span><\/p>\n<p><span style=\"color: #008080;\">Az ifj\u00fa f\u00e1ra\u00f3 s\u00edrj\u00e1t, benne a felbecs\u00fclhetetlen \u00e9rt\u00e9k\u0171 kincsekkel csak az\u00e9rt nem tal\u00e1lt\u00e1k meg a rabl\u00f3k, mert egy k\u00e9s\u0151bbi s\u00edr \u00e9p\u00edt\u00e9sekor teljesen betemett\u00e9k a bej\u00e1rat\u00e1t.<\/span><\/td>\n<\/tr>\n<\/tbody>\n<\/table>\n<p>De vajon mi\u00e9rt helyezt\u00e9k el a halotti templomot a s\u00edrt\u00f3l t\u00e1vol? A v\u00e1lasz egyszer\u0171: a mindenre elsz\u00e1nt \u00e9s moh\u00f3 s\u00edrrabl\u00f3k miatt \u00faj elj\u00e1r\u00e1sokat kellett kital\u00e1lni arra, hogy megv\u00e9dhess\u00e9k a f\u00e1ra\u00f3k s\u00edreml\u00e9keit. \u00c9ppen ez\u00e9rt a s\u00edrokat a t\u00e1voli, sivatagi v\u00f6lgyekben alak\u00edtott\u00e1k ki, s a bej\u00e1ratukat gondosan elz\u00e1rt\u00e1k. A s\u00edrokat \u00e9p\u00edt\u0151 \u00e9s d\u00edsz\u00edt\u0151 munk\u00e1sok, m\u0171v\u00e9szek a k\u00f6zelben \u00e9ltek, egy telep\u00fcl\u00e9sen, amely ma Deir el-Medina nevet viseli. \u00c1ltal\u00e1ban megbecs\u00fclt\u00e9k \u0151ket, \u00e9s tisztess\u00e9ges fizet\u00e9st kaptak, \u00e1m a falut nem hagyhatt\u00e1k el, nehogy el\u00e1rulj\u00e1k kir\u00e1lys\u00edrok pontos hely\u00e9t.<\/p>\n<p>A s\u00edrrabl\u00f3k lelem\u00e9nyess\u00e9geit azonban mindezekkel egy\u00fctt sem lehetett kiv\u00e9deni \u2014 m\u00e9g az a k\u00fcl\u00f6nleges rend\u0151ri egys\u00e9g is cs\u0151d\u00f6t mondott, amely a s\u00edrok k\u00f6r\u00fcl \u0151rk\u00f6d\u00f6tt. K\u00fcl\u00f6n\u00f6sen a huszadik dinasztia v\u00e9ge fel\u00e9 fosztogatt\u00e1k gyakran a kir\u00e1lys\u00edrokat. A rend\u0151rs\u00e9gnek olykor siker\u00fclt elfognia n\u00e9h\u00e1ny rabl\u00f3t, akiket b\u00edr\u00f3s\u00e1g el\u00e9 \u00e1ll\u00edtottak. Az egyik hosszabb vizsg\u00e1lat sor\u00e1n k\u00e9sz\u00fclt jegyz\u0151k\u00f6nyv m\u00e1ig megmaradt. A papiruszon elolvashatjuk a rabl\u00f3k vallom\u00e1s\u00e1t: \u201eMagunkhoz vett\u00fck a s\u00edrmell\u00e9kleteket, amik ott voltak, az aranyb\u00f3l, ez\u00fcstb\u0151l \u00e9s bronzb\u00f3l k\u00e9sz\u00fclt t\u00e1rgyakat, \u00e9s elosztottuk egym\u00e1s k\u00f6z\u00f6tt. Elosztottuk azt az aranyat, amit a k\u00e9t kir\u00e1lyn\u00e1l \u00e9s istenn\u00e9l tal\u00e1ltunk&#8230; Nyolc r\u00e9szre osztottuk, mindegyik\u00fcnkre jutott H\u00fasz deben.\u201d Teh\u00e1t a rabl\u00e1s mindegyik r\u00e9sztvev\u0151je csaknem k\u00e9tkil\u00f3nyi aranyat kapott. Ez a gazdag zs\u00e1km\u00e1ny annak ellen\u00e9re nagy k\u00eds\u00e9rt\u00e9st jelentett, hogy a s\u00edrrabl\u00e1s\u00e9rt hal\u00e1lb\u00fcntet\u00e9s j\u00e1rt. Tutanhamon f\u00e1ra\u00f3 s\u00edrlelete is bizony\u00edtja, hogy milyen hihetetlen mennyis\u00e9g\u0171 arany rejt\u0151zhetett egy-egy s\u00edrban. Az \u0151 s\u00edrj\u00e1t 1922-ben fedezt\u00e9k fel, s ebben kiv\u00e9telesen megmaradtak a kincsek. \u00d3egyiptomi s\u00edrrabl\u00f3k kor\u00e1bban tal\u00e1n m\u00e1r behatoltak ide, de lehet, hogy megzavart\u00e1k \u0151ket. Miut\u00e1n az \u0151r\u00f6k ism\u00e9t lepecs\u00e9telt\u00e9k a s\u00edrt, eg\u00e9szen napjainkig senki sem h\u00e1borgatta a nyugalm\u00e1t.<\/p>\n<p>A b\u00edr\u00f3s\u00e1gi feljegyz\u00e9sben eml\u00edtett kir\u00e1lys\u00edrokban kor\u00e1bbi f\u00e1ra\u00f3k nyugodtak, akiket m\u00e9g nem a Kir\u00e1lyok V\u00f6lgy\u00e9ben temettek el. A v\u00f6lgyet kezdetben csak ritk\u00e1bban, k\u00e9s\u0151bb azonban mind gyakrabban fosztogatt\u00e1k, s ebben az id\u0151szakban gyakran az \u0151r\u00f6k is benne voltak az akci\u00f3kban. V\u00e9g\u00fcl, a 21. \u00e9s 22. dinasztia idej\u00e9n a f\u0151papok el\u0151hozatt\u00e1k \u00a0a kir\u00e1lyok m\u00fami\u00e1it a s\u00edrokb\u00f3l, egyr\u00e9szt, hogy megv\u00e9dj\u00e9k \u0151ket, m\u00e1sr\u00e9szt tal\u00e1n az\u00e9rt, hogy megszerezz\u00e9k a mell\u00e9j\u00fck temetett kincseket. A m\u00fami\u00e1kat el\u0151sz\u00f6r n\u00e9h\u00e1ny kir\u00e1lys\u00edrban \u0151rizt\u00e9k, de k\u00e9s\u0151bb nagy r\u00e9sz\u00fcket egy f\u0151pap nehezen megk\u00f6zel\u00edthet\u0151, csal\u00e1di s\u00edrboltj\u00e1ban temett\u00e9k el. Ott nyugodtak b\u00e9k\u00e9ben, m\u00edg az 1800-as \u00e9vek v\u00e9g\u00e9n fel nem fedezt\u00e9k \u0151ket. Sajnos a felfedez\u00e9sek r\u00e9sztvev\u0151i nem a legszerencs\u00e9sebb sorrendben k\u00f6vett\u00e9k egym\u00e1st: el\u0151bb \u00e9rkeztek a modern s\u00edrrabl\u00f3k, s csak k\u00e9s\u0151bb az egyiptol\u00f3gusok. A s\u00edrban rejt\u0151z\u0151, minden bizonnyal \u00e9rt\u00e9kes t\u00e1rgyi leleteket teh\u00e1t a tov\u00e1bbiakban csup\u00e1n az orgazd\u00e1k, csemp\u00e9szek \u00e9s aranym\u0171vesek tanulm\u00e1nyozt\u00e1k. A f\u00e1ra\u00f3k m\u00fami\u00e1i ma Kair\u00f3 v\u00e1ros m\u00fazeum\u00e1ban l\u00e1that\u00f3k. Csup\u00e1n Tutanhamon m\u00fami\u00e1ja fekszik ism\u00e9t az uralkod\u00f3 s\u00edrj\u00e1ban, a Kir\u00e1lyok V\u00f6lgy\u00e9ben.<\/p>\n<p>&nbsp;<\/p>\n<table border=\"1\">\n<tbody>\n<tr>\n<td><span style=\"color: #008000;\">II. Ramszesz m\u00fami\u00e1j\u00e1t csup\u00e1n 1881-ben tal\u00e1lt\u00e1k meg, II. Pinodzsem f\u0151pap csal\u00e1di s\u00edrj\u00e1ban. II. Ramszesz 80 \u00e9ves kort \u00e9rt meg. Test\u00e9nek Orvosi vizsg\u00e1lata kider\u00edtette, hogy az uralkod\u00f3 Id\u0151sebb kor\u00e1ban t\u00f6bb betegs\u00e9gt\u0151l is szenvedett.<\/span><\/td>\n<\/tr>\n<\/tbody>\n<\/table>\n<p><a href=\"http:\/\/www.lerzso.hu\/?uamfiletype=attachment&amp;uamgetfile=http:\/\/www.lerzso.hu\/wp-content\/uploads\/2013\/11\/mm_aoet_35_2.jpg\"><img loading=\"lazy\" decoding=\"async\" class=\"alignnone size-large wp-image-376\" alt=\"mm_aoet_35_2\" src=\"http:\/\/www.lerzso.hu\/?uamfiletype=attachment&amp;uamgetfile=http:\/\/www.lerzso.hu\/wp-content\/uploads\/2013\/11\/mm_aoet_35_2-1024x560.jpg\" width=\"1024\" height=\"560\" \/><\/a><\/p>\n","protected":false},"excerpt":{"rendered":"<p>A f\u00e1ra\u00f3k s\u00edrjai Mit tudunk a s\u00edrrabl\u00f3kr\u00f3l? A NYAKL\u00c1NC Tutanhamon nyakl\u00e1nc\u00e1t aranyb\u00f3l, fajanszb\u00f3l \u00e9s f\u00e9ldr\u00e1gak\u00f6vekb\u0151l k\u00e9sz\u00edtett\u00e9k. Alul azt a b\u00e1rk\u00e1t l\u00e1thatjuk, amelyben a Hold \u00e1tkel az \u00e9jszakai \u00e9gbolton. Az \u00e9gitestet k\u00e9tszer \u00e1br\u00e1zolt\u00e1k, egyszer teliholdk\u00e9nt, egyszer holdsarl\u00f3k\u00e9nt. A holdb\u00e1rka alatt az \u00e9gi N\u00edlus partj\u00e1n n\u00f6v\u0151 l\u00f3tuszvir\u00e1gok \u00e9s bimb\u00f3k l\u00e1that\u00f3ak. Az ifj\u00fa f\u00e1ra\u00f3 s\u00edrj\u00e1t, benne a felbecs\u00fclhetetlen &hellip; <\/p>\n<p><a class=\"more-link btn\" href=\"http:\/\/www.lerzso.hu\/?page_id=371\">Olvass tov\u00e1bb<\/a><\/p>\n","protected":false},"author":1,"featured_media":0,"parent":127,"menu_order":0,"comment_status":"closed","ping_status":"open","template":"","meta":{"footnotes":""},"class_list":["post-371","page","type-page","status-publish","hentry","nodate","item-wrap"],"_links":{"self":[{"href":"http:\/\/www.lerzso.hu\/index.php?rest_route=\/wp\/v2\/pages\/371","targetHints":{"allow":["GET"]}}],"collection":[{"href":"http:\/\/www.lerzso.hu\/index.php?rest_route=\/wp\/v2\/pages"}],"about":[{"href":"http:\/\/www.lerzso.hu\/index.php?rest_route=\/wp\/v2\/types\/page"}],"author":[{"embeddable":true,"href":"http:\/\/www.lerzso.hu\/index.php?rest_route=\/wp\/v2\/users\/1"}],"replies":[{"embeddable":true,"href":"http:\/\/www.lerzso.hu\/index.php?rest_route=%2Fwp%2Fv2%2Fcomments&post=371"}],"version-history":[{"count":3,"href":"http:\/\/www.lerzso.hu\/index.php?rest_route=\/wp\/v2\/pages\/371\/revisions"}],"predecessor-version":[{"id":377,"href":"http:\/\/www.lerzso.hu\/index.php?rest_route=\/wp\/v2\/pages\/371\/revisions\/377"}],"up":[{"embeddable":true,"href":"http:\/\/www.lerzso.hu\/index.php?rest_route=\/wp\/v2\/pages\/127"}],"wp:attachment":[{"href":"http:\/\/www.lerzso.hu\/index.php?rest_route=%2Fwp%2Fv2%2Fmedia&parent=371"}],"curies":[{"name":"wp","href":"https:\/\/api.w.org\/{rel}","templated":true}]}}