{"id":378,"date":"2013-11-04T00:39:04","date_gmt":"2013-11-03T23:39:04","guid":{"rendered":"http:\/\/www.lerzso.hu\/?page_id=378"},"modified":"2013-11-04T00:46:27","modified_gmt":"2013-11-03T23:46:27","slug":"hany-istent-tiszteltek-az-egyiptomiak","status":"publish","type":"page","link":"http:\/\/www.lerzso.hu\/?page_id=378","title":{"rendered":"H\u00e1ny istent tiszteltek az egyiptomiak?"},"content":{"rendered":"<h3><strong><em>\u00d3-Egyiptom vall\u00e1sa<\/em><\/strong><\/h3>\n<h4><strong>H\u00e1ny istent tiszteltek az egyiptomiak?<\/strong><\/h4>\n<p>Az \u00f3kori egyiptomiak sok istent tiszteltek. Ezek pontos sz\u00e1m\u00e1t senki sem ismeri. Akadtak k\u00f6zt\u00fck nagyobb \u00e9s kisebb istens\u00e9gek, d\u00e9monok, isteni \u00e1llatok \u00e9s isteni t\u00e1rgyak. Az istenek n\u00e9melyik\u00e9t els\u0151sorban egy meghat\u00e1rozott ter\u00fcleten vagy egy-egy v\u00e1rosban kultiv\u00e1lt\u00e1k.<\/p>\n<p><a href=\"http:\/\/www.lerzso.hu\/?uamfiletype=attachment&amp;uamgetfile=http:\/\/www.lerzso.hu\/wp-content\/uploads\/2013\/11\/mm_aoet_36_1.jpg\"><img loading=\"lazy\" decoding=\"async\" class=\"alignnone size-large wp-image-381\" alt=\"mm_aoet_36_1\" src=\"http:\/\/www.lerzso.hu\/?uamfiletype=attachment&amp;uamgetfile=http:\/\/www.lerzso.hu\/wp-content\/uploads\/2013\/11\/mm_aoet_36_1-955x1024.jpg\" width=\"955\" height=\"1024\" \/><\/a><\/p>\n<table border=\"1\">\n<tbody>\n<tr>\n<td><span style=\"color: #008000;\">R\u00e9-Harahti napisten, s\u00f3lyom fejjel \u00e1br\u00e1zolva. A napkorongb\u00f3l b\u0151s\u00e9gesen Jut f\u00e9ny Tanetperet \u00farh\u00f6lgyre, aki gazdag \u00e1ldozati asztalt ter\u00edtett az istennek. Th\u00e9ba, harmadik \u00e1tmeneti korszak.<\/span><\/td>\n<\/tr>\n<\/tbody>\n<\/table>\n<p>Bizonyos isteneket azonban Egyiptom eg\u00e9sz ter\u00fclet\u00e9n tiszteltek, p\u00e9ld\u00e1ul Ptahot, a Teremt\u0151t, R\u00e9t, a Nap isten\u00e9t, Sut, a leveg\u0151 ur\u00e1t, Nutot, az \u00e9g istenn\u0151j\u00e9t, Gebet, a f\u00f6ld isten\u00e9t, Hathort, a szerelem \u00e9s a zene istenasszony\u00e1t, mint a term\u00e9kenys\u00e9g isten\u00e9t, \u00cdziszt, a h\u0171s\u00e9ges \u00e9s gondos feles\u00e9get \u00e9s any\u00e1t, Monthut, a gy\u0151zelem isten\u00e9t, Thotot, a b\u00f6lcsess\u00e9g \u00e9s a tudom\u00e1ny ur\u00e1t, H\u00f3ruszt, az \u00e9gbolt ur\u00e1t \u00e9s a kir\u00e1lys\u00e1g isten\u00e9t, Amon-R\u00e9t, az \u0151sistent, vagy Oziriszt, a Halottak Birodalm\u00e1nak fejedelm\u00e9t.<\/p>\n<p><a href=\"http:\/\/www.lerzso.hu\/?uamfiletype=attachment&amp;uamgetfile=http:\/\/www.lerzso.hu\/wp-content\/uploads\/2013\/11\/mm_aoet_37_1.jpg\"><img loading=\"lazy\" decoding=\"async\" class=\"alignnone size-large wp-image-382\" alt=\"mm_aoet_37_1\" src=\"http:\/\/www.lerzso.hu\/?uamfiletype=attachment&amp;uamgetfile=http:\/\/www.lerzso.hu\/wp-content\/uploads\/2013\/11\/mm_aoet_37_1-1024x722.jpg\" width=\"1024\" height=\"722\" \/><\/a><\/p>\n<p>Ezek az istenek emberi alakban, \u00e1llat alakj\u00e1ban vagy \u00e1llatfej\u0171 ember alakj\u00e1ban jelentek meg. Az emberek az istenek jelenl\u00e9t\u00e9t t\u00f6bb dologban is felismert\u00e9k. Amon p\u00e9ld\u00e1ul kosk\u00e9nt vagy libak\u00e9nt, H\u00f3rusz s\u00f3lyomk\u00e9nt, Thot ibiszk\u00e9nt, Monthu bikak\u00e9nt, Hathor teh\u00e9n vagy fa alakj\u00e1ban, Nut az \u00e9g boltozatak\u00e9nt, R\u00e9 pedig a Nap k\u00e9pm\u00e1s\u00e1ban is megjelenhetett. Ennek ellen\u00e9re egyetlen egyiptomi sem gondolta azt, hogy pl. R\u00e9 maga a Nap. J\u00f3l tudt\u00e1k, hogy R\u00e9 sokkal t\u00f6bb egy \u00e9gitestn\u00e9l, \u00e9s hogy a Nap alakj\u00e1ban ugyan\u00fagy testet \u00f6lthet, mint ezernyi m\u00e1s dologban vagy l\u00e9nyben. A t\u00f6bbi isten ugyan \u00edgy j\u00f3val t\u00f6bb volt, mint azoknak az \u00e1llatoknak, n\u00f6v\u00e9nyeknek \u00e9s dolgoknak az \u00f6sszess\u00e9ge, amelyekben megjelentek az emberek el\u0151tt, hogy im\u00e1dhass\u00e1k \u0151ket.<\/p>\n<p>&nbsp;<\/p>\n<table border=\"1\">\n<tbody>\n<tr>\n<td><span style=\"color: #0000ff;\">THO\u00c9RISZ<\/span><\/p>\n<p><span style=\"color: #0000ff;\">Ez az istenn\u0151 els\u0151sorban a vaj\u00fad\u00f3 asszonyokon seg\u00edtett. A k\u00fcl\u00f6n\u00f6s alak\u00fa istens\u00e9g feje egy v\u00edzil\u00f3ra, teste egy asszony\u00e9ra, l\u00e1ba egy oroszl\u00e1nra, m\u00edg h\u00e1ta \u00e9s farka egy krokodilra eml\u00e9keztet.<\/span><\/td>\n<\/tr>\n<\/tbody>\n<\/table>\n<p>M\u00e1sr\u00e9szt viszont azok az \u00e1llatok, melyek form\u00e1j\u00e1ban az istens\u00e9gek megmutatkoztak, bizonyos m\u00f3don maguk is istenekk\u00e9 lettek. \u00c9ppen ez\u00e9rt tisztelt\u00e9k, hal\u00e1luk ut\u00e1n mumifik\u00e1lt\u00e1k, \u00e9s az \u00e1llatok temet\u0151j\u00e9ben megfelel\u0151 szertart\u00e1ssal el is temett\u00e9k \u0151ket. A szent \u00e1llatok im\u00e1data az id\u0151 m\u00fal\u00e1s\u00e1val csak er\u0151s\u00f6d\u00f6tt.<\/p>\n<p>Bizonyos sz\u00f6vegek azonban csak egyetlen istens\u00e9ghez sz\u00f3lnak, mint p\u00e9ld\u00e1ul az az ima, amelyet III. Ramszesz f\u00e1ra\u00f3 szem\u00e9lyesen \u00edrt, \u00e9s amely \u00edgy sz\u00f3lt: \u00dcdv\u00f6z\u00f6lve l\u00e9gy te, ki nagy \u00e9s \u0151s \u00f6reg vagy, Tatenen, az istenek atyja, a kezdetek leg\u0151sibb istene, ki az embert form\u00e1lta \u00e9s az isteneket teremtette, aki els\u0151 \u0151sistenk\u00e9nt a l\u00e9tet kezdte \u2014 minden, mi l\u00e9tezik, ut\u00e1nad j\u00f6tt l\u00e9tre.\u201d III. Ramszesz egy mindenhat\u00f3 istenhez, Tatenenhez im\u00e1dkozott, aki a vil\u00e1got, benne a t\u00f6bbi istent \u00e9s az embereket teremtette.<\/p>\n<p>Az teh\u00e1t egy\u00e9rtelm\u0171, hogy az \u0151si egyiptomiak egyszerre tiszteltek sok istent \u00e9s egy mindenhat\u00f3 istens\u00e9get. Az istenek alakjait a vil\u00e1g k\u00fcl\u00f6nf\u00e9le jelens\u00e9geihez k\u00f6t\u00f6tt\u00e9k. Amikor azonban elm\u00e9ly\u00fclten, magukban im\u00e1dkoztak, \u00e9s a dolgok gy\u00f6kereit kerest\u00e9k, akkor egyetlen istenhez sz\u00f3ltak.<\/p>\n","protected":false},"excerpt":{"rendered":"<p>\u00d3-Egyiptom vall\u00e1sa H\u00e1ny istent tiszteltek az egyiptomiak? Az \u00f3kori egyiptomiak sok istent tiszteltek. Ezek pontos sz\u00e1m\u00e1t senki sem ismeri. Akadtak k\u00f6zt\u00fck nagyobb \u00e9s kisebb istens\u00e9gek, d\u00e9monok, isteni \u00e1llatok \u00e9s isteni t\u00e1rgyak. Az istenek n\u00e9melyik\u00e9t els\u0151sorban egy meghat\u00e1rozott ter\u00fcleten vagy egy-egy v\u00e1rosban kultiv\u00e1lt\u00e1k. R\u00e9-Harahti napisten, s\u00f3lyom fejjel \u00e1br\u00e1zolva. A napkorongb\u00f3l b\u0151s\u00e9gesen Jut f\u00e9ny Tanetperet \u00farh\u00f6lgyre, aki &hellip; <\/p>\n<p><a class=\"more-link btn\" href=\"http:\/\/www.lerzso.hu\/?page_id=378\">Olvass tov\u00e1bb<\/a><\/p>\n","protected":false},"author":1,"featured_media":0,"parent":127,"menu_order":0,"comment_status":"closed","ping_status":"open","template":"","meta":{"footnotes":""},"class_list":["post-378","page","type-page","status-publish","hentry","nodate","item-wrap"],"_links":{"self":[{"href":"http:\/\/www.lerzso.hu\/index.php?rest_route=\/wp\/v2\/pages\/378","targetHints":{"allow":["GET"]}}],"collection":[{"href":"http:\/\/www.lerzso.hu\/index.php?rest_route=\/wp\/v2\/pages"}],"about":[{"href":"http:\/\/www.lerzso.hu\/index.php?rest_route=\/wp\/v2\/types\/page"}],"author":[{"embeddable":true,"href":"http:\/\/www.lerzso.hu\/index.php?rest_route=\/wp\/v2\/users\/1"}],"replies":[{"embeddable":true,"href":"http:\/\/www.lerzso.hu\/index.php?rest_route=%2Fwp%2Fv2%2Fcomments&post=378"}],"version-history":[{"count":3,"href":"http:\/\/www.lerzso.hu\/index.php?rest_route=\/wp\/v2\/pages\/378\/revisions"}],"predecessor-version":[{"id":380,"href":"http:\/\/www.lerzso.hu\/index.php?rest_route=\/wp\/v2\/pages\/378\/revisions\/380"}],"up":[{"embeddable":true,"href":"http:\/\/www.lerzso.hu\/index.php?rest_route=\/wp\/v2\/pages\/127"}],"wp:attachment":[{"href":"http:\/\/www.lerzso.hu\/index.php?rest_route=%2Fwp%2Fv2%2Fmedia&parent=378"}],"curies":[{"name":"wp","href":"https:\/\/api.w.org\/{rel}","templated":true}]}}