{"id":404,"date":"2013-11-05T06:37:39","date_gmt":"2013-11-05T05:37:39","guid":{"rendered":"http:\/\/www.lerzso.hu\/?page_id=404"},"modified":"2013-11-05T06:37:39","modified_gmt":"2013-11-05T05:37:39","slug":"hogyan-keszult-a-mumia","status":"publish","type":"page","link":"http:\/\/www.lerzso.hu\/?page_id=404","title":{"rendered":"Hogyan k\u00e9sz\u00fclt a m\u00famia?"},"content":{"rendered":"<h3><strong><em>\u00d3-Egyiptom vall\u00e1sa<\/em><\/strong><\/h3>\n<div><\/div>\n<h3><strong>Hogyan k\u00e9sz\u00fclt a m\u00famia?<\/strong><\/h3>\n<div><\/div>\n<div>A holttest mumifik\u00e1l\u00e1sa sor\u00e1n el\u0151sz\u00f6r egy f\u00e9mkamp\u00f3val elt\u00e1vol\u00edtott\u00e1k az elhunyt agy\u00e1t \u2014 k\u00e9s\u0151bbi id\u0151kben a sz\u00edv kiv\u00e9tel\u00e9vel a bels\u0151 szerveket is kivett\u00e9k, \u00e9s k\u00fcl\u00f6n ed\u00e9nyekben (kan\u00f3puszokban) t\u00e1rolt\u00e1k \u2014\u201a majd megkezdt\u00e9k az elhunyt test\u00e9nek vegyi kezel\u00e9s\u00e9t. El\u0151sz\u00f6r n\u00e1tronba tett\u00e9k, hogy teljesen kisz\u00e1radjon, majd k\u00f6r\u00fclbel\u00fcl harminc\u00f6t nap eltelt\u00e9vel az eg\u00e9sz testet olyan v\u00e1szonszalagokba csomagolt\u00e1k, amelyeket el\u0151z\u0151leg gyant\u00e1s, olajtartalm\u00fa anyagokkal itattak \u00e1t. A szalagok hossza t\u00f6bb sz\u00e1z m\u00e9ter is lehetett, \u00e9s a m\u00famia elk\u00e9sz\u00edt\u00e9s\u00e9nek ideje, a sz\u00e1mos egy\u00e9b munkaf\u00e1zist belesz\u00e1m\u00edtva, ak\u00e1r hetven napig is eltarthatott. A mumifik\u00e1l\u00e1snak ez csup\u00e1n az egyik m\u00f3dszere volt, amely mellett l\u00e9teztek m\u00e1sok is. Az elj\u00e1r\u00e1s az id\u0151k sor\u00e1n v\u00e1ltozott, s egy\u00fattal kialakultak a dr\u00e1g\u00e1bb \u00e9s az olcs\u00f3bb megold\u00e1sok is. \u00c1m az \u00f6r\u00f6k \u00e9letet \u00f6nmag\u00e1ban m\u00e9g a dr\u00e1ga mumifik\u00e1l\u00e1s sem biztos\u00edthatta: ez a holtak b\u00edr\u00e1in m\u00falott.<\/div>\n<div><\/div>\n","protected":false},"excerpt":{"rendered":"<p>\u00d3-Egyiptom vall\u00e1sa Hogyan k\u00e9sz\u00fclt a m\u00famia? A holttest mumifik\u00e1l\u00e1sa sor\u00e1n el\u0151sz\u00f6r egy f\u00e9mkamp\u00f3val elt\u00e1vol\u00edtott\u00e1k az elhunyt agy\u00e1t \u2014 k\u00e9s\u0151bbi id\u0151kben a sz\u00edv kiv\u00e9tel\u00e9vel a bels\u0151 szerveket is kivett\u00e9k, \u00e9s k\u00fcl\u00f6n ed\u00e9nyekben (kan\u00f3puszokban) t\u00e1rolt\u00e1k \u2014\u201a majd megkezdt\u00e9k az elhunyt test\u00e9nek vegyi kezel\u00e9s\u00e9t. El\u0151sz\u00f6r n\u00e1tronba tett\u00e9k, hogy teljesen kisz\u00e1radjon, majd k\u00f6r\u00fclbel\u00fcl harminc\u00f6t nap eltelt\u00e9vel az eg\u00e9sz testet &hellip; <\/p>\n<p><a class=\"more-link btn\" href=\"http:\/\/www.lerzso.hu\/?page_id=404\">Olvass tov\u00e1bb<\/a><\/p>\n","protected":false},"author":1,"featured_media":0,"parent":127,"menu_order":0,"comment_status":"closed","ping_status":"open","template":"","meta":{"footnotes":""},"class_list":["post-404","page","type-page","status-publish","hentry","nodate","item-wrap"],"_links":{"self":[{"href":"http:\/\/www.lerzso.hu\/index.php?rest_route=\/wp\/v2\/pages\/404","targetHints":{"allow":["GET"]}}],"collection":[{"href":"http:\/\/www.lerzso.hu\/index.php?rest_route=\/wp\/v2\/pages"}],"about":[{"href":"http:\/\/www.lerzso.hu\/index.php?rest_route=\/wp\/v2\/types\/page"}],"author":[{"embeddable":true,"href":"http:\/\/www.lerzso.hu\/index.php?rest_route=\/wp\/v2\/users\/1"}],"replies":[{"embeddable":true,"href":"http:\/\/www.lerzso.hu\/index.php?rest_route=%2Fwp%2Fv2%2Fcomments&post=404"}],"version-history":[{"count":1,"href":"http:\/\/www.lerzso.hu\/index.php?rest_route=\/wp\/v2\/pages\/404\/revisions"}],"predecessor-version":[{"id":405,"href":"http:\/\/www.lerzso.hu\/index.php?rest_route=\/wp\/v2\/pages\/404\/revisions\/405"}],"up":[{"embeddable":true,"href":"http:\/\/www.lerzso.hu\/index.php?rest_route=\/wp\/v2\/pages\/127"}],"wp:attachment":[{"href":"http:\/\/www.lerzso.hu\/index.php?rest_route=%2Fwp%2Fv2%2Fmedia&parent=404"}],"curies":[{"name":"wp","href":"https:\/\/api.w.org\/{rel}","templated":true}]}}