{"id":407,"date":"2013-11-05T06:41:20","date_gmt":"2013-11-05T05:41:20","guid":{"rendered":"http:\/\/www.lerzso.hu\/?page_id=407"},"modified":"2013-11-05T06:45:40","modified_gmt":"2013-11-05T05:45:40","slug":"ki-itelkezett-a-holtak-felett","status":"publish","type":"page","link":"http:\/\/www.lerzso.hu\/?page_id=407","title":{"rendered":"Ki \u00edt\u00e9lkezett a holtak felett?"},"content":{"rendered":"<h3><em><strong>\u00d3-Egyiptom vall\u00e1sa<\/strong><\/em><\/h3>\n<p><strong>Ki \u00edt\u00e9lkezett a holtak felett?<\/strong><\/p>\n<p>Miut\u00e1n az \u00e9l\u0151k kell\u0151k\u00e9ppen el\u0151k\u00e9sz\u00edtett\u00e9k a holtat, Anubisz isten szem\u00e9lyes fell\u00e9p\u00e9se k\u00f6vetkezett. \u0150 kellett ahhoz, hogy a halott ism\u00e9t \u00e9letre kelhessen. K\u00f6zbenj\u00e1r\u00e1s\u00e1ra az elhunyt visszanyerte f\u00f6ldi alakj\u00e1t, \u00e9s Anubisz bevezette \u0151t a b\u00edr\u00f3s\u00e1g el\u00e9. Itt \u00e1llt a hatalmas m\u00e9rleg, amelynek egyik serpeny\u0151j\u00e9be az elhunyt sz\u00edv\u00e9t helyezt\u00e9k, m\u00edg a m\u00e1sikba egy mad\u00e1rtollat, vagyis a Maat, az igazs\u00e1g \u00e9s a jog jelk\u00e9p\u00e9t. Ha a m\u00e9rleg egyens\u00falyban maradt, akkor igaznak bizonyult mindaz, amit az elhunyt sz\u00edve mondott. A vizsg\u00e1lat eredm\u00e9ny\u00e9r\u0151l a m\u00e9rleg mellett \u00e1ll\u00f3 Thot isten k\u00e9sz\u00edtett feljegyz\u00e9st.<\/p>\n<p>&nbsp;<\/p>\n<table border=\"1\">\n<tbody>\n<tr>\n<td><span style=\"color: #008000;\">Ez a k\u00e9p is Hunefer Halottak K\u00f6nyve papirusz\u00e1r\u00f3l sz\u00e1rmazik, a 19. dinasztia idej\u00e9b\u0151l:<\/span><\/p>\n<p><span style=\"color: #008000;\">a s\u00edr bej\u00e1rata \u00e9s a nagy szt\u00e9le el\u0151tt egy pap \u00e1ll, \u00e9s Hunefernek, a f\u00e1ra\u00f3 \u00edrnok\u00e1nak m\u00fami\u00e1j\u00e1t tartja. A pap Anubisz, a sak\u00e1lfej\u0171 isten maszkj\u00e1t hordja. A m\u00famia el\u0151tt k\u00e9t asszony siratja az elhunytat \u2014 egyik\u00fck a feles\u00e9ge. M\u00f6g\u00f6tt\u00fck k\u00e9t pap v\u00e9gzi el a sz\u00e1jmegnyit\u00e1s szertart\u00e1s\u00e1t. Egy k\u00fcl\u00f6nleges szersz\u00e1mot v\u00e9gigh\u00faznak a sz\u00e1jny\u00edl\u00e1son \u00e9s a szemeken, hogy Hunefer \u00fajra l\u00e1sson \u00e9s tudjon enni. A p\u00e1rducb\u0151r-ruh\u00e1t visel\u0151 pap t\u00f6mj\u00e9nt \u00e9get, \u00e9s v\u00edz\u00e1ldozatot mutat be.<\/span><\/td>\n<\/tr>\n<\/tbody>\n<\/table>\n<p><a href=\"http:\/\/www.lerzso.hu\/?uamfiletype=attachment&amp;uamgetfile=http:\/\/www.lerzso.hu\/wp-content\/uploads\/2013\/11\/mm_aoet_40_1.jpg\"><img loading=\"lazy\" decoding=\"async\" class=\"alignnone size-large wp-image-410\" alt=\"mm_aoet_40_1\" src=\"http:\/\/www.lerzso.hu\/?uamfiletype=attachment&amp;uamgetfile=http:\/\/www.lerzso.hu\/wp-content\/uploads\/2013\/11\/mm_aoet_40_1-1024x597.jpg\" width=\"1024\" height=\"597\" \/><\/a><\/p>\n<p>Az elhunytat mindezek mellett negyvenk\u00e9t halotti b\u00edr\u00e1ja vette k\u00f6r\u00fcl, akik el\u0151tt meg kellett esk\u00fcdnie, hogy bizonyos b\u0171n\u00f6ket nem k\u00f6vetett el f\u00f6ldi \u00e9let\u00e9ben:<\/p>\n<p>\u201eNem k\u00f6vettem el b\u0171nt.<\/p>\n<p>Nem loptam.<\/p>\n<p>Nem voltam moh\u00f3.<\/p>\n<p>Nem \u00f6ltem embert&#8230;<\/p>\n<p>Nem hazudtam&#8230;<\/p>\n<p>Nem fajtalankodtam&#8230;<\/p>\n<p>Nem s\u00e9rtettem meg egyetlen istent sem.\u201d<\/p>\n<p>Ha a b\u00edr\u00e1k elhitt\u00e9k esk\u00fcj\u00e9t, a halottat nem dobt\u00e1k a h\u00e1tt\u00e9rben v\u00e1rakoz\u00f3, krokodilfej\u0171, hullafal\u00f3 sz\u00f6rnyeteg el\u00e9, ami a m\u00e1sodik hal\u00e1llal \u00e9s az \u00f6r\u00f6k, v\u00e9gleges megsemmis\u00fcl\u00e9ssel j\u00e1rt volna.<\/p>\n<p>Akit a b\u00edr\u00f3s\u00e1g \u00e1rtatlannak tal\u00e1lt, az att\u00f3l kezdve az id\u0151k v\u00e9gezet\u00e9ig Ozirisz mellett maradhat, \u00e9s az Alvil\u00e1g Hatalmas ur\u00e1t szolg\u00e1lhatja.<\/p>\n","protected":false},"excerpt":{"rendered":"<p>\u00d3-Egyiptom vall\u00e1sa Ki \u00edt\u00e9lkezett a holtak felett? Miut\u00e1n az \u00e9l\u0151k kell\u0151k\u00e9ppen el\u0151k\u00e9sz\u00edtett\u00e9k a holtat, Anubisz isten szem\u00e9lyes fell\u00e9p\u00e9se k\u00f6vetkezett. \u0150 kellett ahhoz, hogy a halott ism\u00e9t \u00e9letre kelhessen. K\u00f6zbenj\u00e1r\u00e1s\u00e1ra az elhunyt visszanyerte f\u00f6ldi alakj\u00e1t, \u00e9s Anubisz bevezette \u0151t a b\u00edr\u00f3s\u00e1g el\u00e9. Itt \u00e1llt a hatalmas m\u00e9rleg, amelynek egyik serpeny\u0151j\u00e9be az elhunyt sz\u00edv\u00e9t helyezt\u00e9k, m\u00edg a &hellip; <\/p>\n<p><a class=\"more-link btn\" href=\"http:\/\/www.lerzso.hu\/?page_id=407\">Olvass tov\u00e1bb<\/a><\/p>\n","protected":false},"author":1,"featured_media":0,"parent":127,"menu_order":0,"comment_status":"closed","ping_status":"open","template":"","meta":{"footnotes":""},"class_list":["post-407","page","type-page","status-publish","hentry","nodate","item-wrap"],"_links":{"self":[{"href":"http:\/\/www.lerzso.hu\/index.php?rest_route=\/wp\/v2\/pages\/407","targetHints":{"allow":["GET"]}}],"collection":[{"href":"http:\/\/www.lerzso.hu\/index.php?rest_route=\/wp\/v2\/pages"}],"about":[{"href":"http:\/\/www.lerzso.hu\/index.php?rest_route=\/wp\/v2\/types\/page"}],"author":[{"embeddable":true,"href":"http:\/\/www.lerzso.hu\/index.php?rest_route=\/wp\/v2\/users\/1"}],"replies":[{"embeddable":true,"href":"http:\/\/www.lerzso.hu\/index.php?rest_route=%2Fwp%2Fv2%2Fcomments&post=407"}],"version-history":[{"count":3,"href":"http:\/\/www.lerzso.hu\/index.php?rest_route=\/wp\/v2\/pages\/407\/revisions"}],"predecessor-version":[{"id":411,"href":"http:\/\/www.lerzso.hu\/index.php?rest_route=\/wp\/v2\/pages\/407\/revisions\/411"}],"up":[{"embeddable":true,"href":"http:\/\/www.lerzso.hu\/index.php?rest_route=\/wp\/v2\/pages\/127"}],"wp:attachment":[{"href":"http:\/\/www.lerzso.hu\/index.php?rest_route=%2Fwp%2Fv2%2Fmedia&parent=407"}],"curies":[{"name":"wp","href":"https:\/\/api.w.org\/{rel}","templated":true}]}}