{"id":413,"date":"2013-11-05T06:49:08","date_gmt":"2013-11-05T05:49:08","guid":{"rendered":"http:\/\/www.lerzso.hu\/?page_id=413"},"modified":"2013-11-05T06:55:58","modified_gmt":"2013-11-05T05:55:58","slug":"miert-volt-fontos-a-sirhely","status":"publish","type":"page","link":"http:\/\/www.lerzso.hu\/?page_id=413","title":{"rendered":"Mi\u00e9rt volt fontos a s\u00edrhely?"},"content":{"rendered":"<h3><strong><em>\u00d3-Egyiptom vall\u00e1sa<\/em><\/strong><\/h3>\n<h4>\u00a0<strong>Mi\u00e9rt volt fontos a s\u00edrhely?<\/strong><\/h4>\n<p>Az egyiptomiak sz\u00e1m\u00e1ra a s\u00edr nem az a hely, ahol elporlad a holttest, hanem az \u00f6r\u00f6k \u00e9let h\u00e1za. Att\u00f3l f\u00fcgg\u0151en, hogy az elhunyt szeg\u00e9ny volt-e vagy gazdag, a s\u00edr lehetett kicsi vagy nagy, gazdagon berendezett vagy szeg\u00e9nyes. Az egyszer\u0171 s\u00edrok egy sima fal\u00fa t\u00e1rn\u00e1b\u00f3l vagy egy kisebb sziklakamr\u00e1b\u00f3l \u00e1llnak. A gazdagok s\u00edrjaiban sok helyis\u00e9get alak\u00edtottak ki, \u00e9s ezeket pomp\u00e1s k\u00e9pekkel d\u00edsz\u00edtett\u00e9k. A falakon a h\u00e9tk\u00f6znapi \u00e9let tarka k\u00e9peit l\u00e1thatjuk, mez\u0151gazdas\u00e1gi jelenetek v\u00e1ltj\u00e1k egym\u00e1st a m\u0171helyek, az otthoni sz\u00f3rakoz\u00e1s vagy az \u00fcnnepl\u00e9s \u00e1br\u00e1zol\u00e1s\u00e1val. N\u00e9melyik jelenet \u00f6sszef\u00fcgg\u00e9sben \u00e1ll a s\u00edr tulajdonos\u00e1nak foglalkoz\u00e1s\u00e1val.<\/p>\n<p><a href=\"http:\/\/www.lerzso.hu\/?uamfiletype=attachment&amp;uamgetfile=http:\/\/www.lerzso.hu\/wp-content\/uploads\/2013\/11\/mm_aoet_41_1.jpg\"><img loading=\"lazy\" decoding=\"async\" class=\"alignnone size-large wp-image-416\" alt=\"mm_aoet_41_1\" src=\"http:\/\/www.lerzso.hu\/?uamfiletype=attachment&amp;uamgetfile=http:\/\/www.lerzso.hu\/wp-content\/uploads\/2013\/11\/mm_aoet_41_1-1024x812.jpg\" width=\"1024\" height=\"812\" \/><\/a><\/p>\n<table border=\"1\">\n<tbody>\n<tr>\n<td><span style=\"color: #008000;\">Sz\u00fcretel\u0151 f\u00e9rfiak. A bal oldali, \u00f6regebb f\u00e9rfi szedi le a f\u00fcrt\u00f6ket, a jobb oldali \u00f6sszegy\u0171jti \u00e9s elsz\u00e1ll\u00edtja a sz\u0151l\u0151t. Festm\u00e9ny a th\u00e9bai Nacht s\u00edrj\u00e1b\u00f3l, a 18. dinasztia idej\u00e9b\u0151l.<\/span><\/td>\n<\/tr>\n<\/tbody>\n<\/table>\n<p>&nbsp;<\/p>\n<p>\u00cdgy p\u00e9ld\u00e1ul Rehmire vez\u00e9r az eg\u00e9sz hivatal\u00e1t megfesttette. A k\u00e9pekkel az \u00e9letet akart\u00e1k bevinni a s\u00edrba, hogy az \u00f6r\u00f6kre ott maradjon. M\u00e1s \u00e1br\u00e1zol\u00e1sok a temet\u00e9ssel \u00e9s a t\u00falvil\u00e1gi \u00e9lettel foglalkoznak. Bemutatj\u00e1k p\u00e9ld\u00e1ul a halottas menetet, a gy\u00e1szol\u00f3 rokonokat, a m\u00fami\u00e1hoz l\u00e9p\u0151 Anubisz istent, vagy mag\u00e1t az elhunytat \u00e1br\u00e1zolj\u00e1k, amint az \u00e9g kapui el\u0151tt \u00e1ll.<\/p>\n<p>&nbsp;<\/p>\n<table border=\"1\">\n<tbody>\n<tr>\n<td><span style=\"color: #0000ff;\">A HALOTTAK K\u00d6NYVE<\/span><\/p>\n<p><span style=\"color: #0000ff;\">A t\u00falvil\u00e1gon val\u00f3 eligazod\u00e1st seg\u00edt\u0151 mond\u00e1sok gy\u0171jtem\u00e9ny\u00e9nek legh\u00edresebb fejezete, amikor az elhunytnak a Kett\u0151s Igazs\u00e1g term\u00e9ben Ozirisz \u00e9s a 42 tag\u00fa d\u00e9montest\u00fclet el\u0151tt tiszt\u00e1znia kell mag\u00e1t t\u00f6bbek k\u00f6z\u00f6tt az istenk\u00e1roml\u00e1s, a gyilkoss\u00e1g, a par\u00e1zn\u00e1lkod\u00e1s, a lop\u00e1s, a szeg\u00e9nyek sanyargat\u00e1sa, az \u00e9heztet\u00e9s b\u0171n\u00e9t\u0151l.<\/span><\/td>\n<\/tr>\n<\/tbody>\n<\/table>\n<p>A gazdagok s\u00edrjaiba sok s\u00edrmell\u00e9kletet helyeztek. Ilyen lehetett p\u00e9ld\u00e1ul az \u00e1gy, a sz\u00e9k, a l\u00e1da, n\u00e9h\u00e1ny ruha, \u00e9kszerek, t\u00fck\u00f6r, arcfest\u00e9kek, kr\u00e9mek, fegyverek, szersz\u00e1mok, j\u00e1t\u00e9kok, \u00edr\u00f3szerek, amulettek, vagy a h\u00e1zak \u00e9s a m\u0171helyek modelljei. Az emberek a t\u00falvil\u00e1gon ugyan\u00fagy akartak \u00e9lni, mint \u00e9let\u00fck sor\u00e1n. Az \u00dajbirodalom id\u0151szak\u00e1t\u00f3l kezdve fontosnak tartott\u00e1k, hogy az elhunytat seg\u00edt\u0151 var\u00e1zsformul\u00e1kkal tele\u00edrt papirusztekercset, a Halottak K\u00f6nyv\u00e9t is a s\u00edrba helyezz\u00e9k, hogy ezzel gy\u0151zz\u00e9k le a t\u00falvil\u00e1gi vesz\u00e9lyeket.<\/p>\n<p>&nbsp;<\/p>\n<table border=\"1\">\n<tbody>\n<tr>\n<td><span style=\"color: #008000;\">Ak\u00e1rcsak a t\u00f6bbi m\u0171v\u00e9sz, akik a Kir\u00e1lyok V\u00f6lgy\u00e9nek a s\u00edrjait d\u00edsz\u00edtett\u00e9k, Szennedzsem is Deir el-Medin\u00e9ben, a munk\u00e1sok telep\u00e9n \u00e9lt (l\u00e1sd 34. o.). K\u00e9p\u00fcnk\u00f6n \u00e9ppen r\u00e1teszi kez\u00e9t a nyugati \u00e9gi ajt\u00f3ra, hogy bel\u00e9pjen (jelenet Szennedzsem s\u00edrj\u00e1b\u00f3l, Th\u00e9ba, 19. dinasztia).<\/span><\/td>\n<\/tr>\n<\/tbody>\n<\/table>\n<p><a href=\"http:\/\/www.lerzso.hu\/?uamfiletype=attachment&amp;uamgetfile=http:\/\/www.lerzso.hu\/wp-content\/uploads\/2013\/11\/mm_aoet_41_2.jpg\"><img loading=\"lazy\" decoding=\"async\" class=\"alignnone size-full wp-image-418\" alt=\"mm_aoet_41_2\" src=\"http:\/\/www.lerzso.hu\/?uamfiletype=attachment&amp;uamgetfile=http:\/\/www.lerzso.hu\/wp-content\/uploads\/2013\/11\/mm_aoet_41_2.jpg\" width=\"925\" height=\"773\" \/><\/a><\/p>\n","protected":false},"excerpt":{"rendered":"<p>\u00d3-Egyiptom vall\u00e1sa \u00a0Mi\u00e9rt volt fontos a s\u00edrhely? Az egyiptomiak sz\u00e1m\u00e1ra a s\u00edr nem az a hely, ahol elporlad a holttest, hanem az \u00f6r\u00f6k \u00e9let h\u00e1za. Att\u00f3l f\u00fcgg\u0151en, hogy az elhunyt szeg\u00e9ny volt-e vagy gazdag, a s\u00edr lehetett kicsi vagy nagy, gazdagon berendezett vagy szeg\u00e9nyes. Az egyszer\u0171 s\u00edrok egy sima fal\u00fa t\u00e1rn\u00e1b\u00f3l vagy egy kisebb sziklakamr\u00e1b\u00f3l &hellip; <\/p>\n<p><a class=\"more-link btn\" href=\"http:\/\/www.lerzso.hu\/?page_id=413\">Olvass tov\u00e1bb<\/a><\/p>\n","protected":false},"author":1,"featured_media":0,"parent":127,"menu_order":0,"comment_status":"closed","ping_status":"open","template":"","meta":{"footnotes":""},"class_list":["post-413","page","type-page","status-publish","hentry","nodate","item-wrap"],"_links":{"self":[{"href":"http:\/\/www.lerzso.hu\/index.php?rest_route=\/wp\/v2\/pages\/413","targetHints":{"allow":["GET"]}}],"collection":[{"href":"http:\/\/www.lerzso.hu\/index.php?rest_route=\/wp\/v2\/pages"}],"about":[{"href":"http:\/\/www.lerzso.hu\/index.php?rest_route=\/wp\/v2\/types\/page"}],"author":[{"embeddable":true,"href":"http:\/\/www.lerzso.hu\/index.php?rest_route=\/wp\/v2\/users\/1"}],"replies":[{"embeddable":true,"href":"http:\/\/www.lerzso.hu\/index.php?rest_route=%2Fwp%2Fv2%2Fcomments&post=413"}],"version-history":[{"count":5,"href":"http:\/\/www.lerzso.hu\/index.php?rest_route=\/wp\/v2\/pages\/413\/revisions"}],"predecessor-version":[{"id":421,"href":"http:\/\/www.lerzso.hu\/index.php?rest_route=\/wp\/v2\/pages\/413\/revisions\/421"}],"up":[{"embeddable":true,"href":"http:\/\/www.lerzso.hu\/index.php?rest_route=\/wp\/v2\/pages\/127"}],"wp:attachment":[{"href":"http:\/\/www.lerzso.hu\/index.php?rest_route=%2Fwp%2Fv2%2Fmedia&parent=413"}],"curies":[{"name":"wp","href":"https:\/\/api.w.org\/{rel}","templated":true}]}}