{"id":422,"date":"2013-11-05T20:16:11","date_gmt":"2013-11-05T19:16:11","guid":{"rendered":"http:\/\/www.lerzso.hu\/?page_id=422"},"modified":"2013-11-05T20:16:11","modified_gmt":"2013-11-05T19:16:11","slug":"impresszum","status":"publish","type":"page","link":"http:\/\/www.lerzso.hu\/?page_id=422","title":{"rendered":"Impresszum"},"content":{"rendered":"<ul>\n<li>Az oldal neve\n<ul>\n<li>Lengyel Erzs\u00e9bet oldala<\/li>\n<\/ul>\n<\/li>\n<li>Az oldal rendeltet\u00e9se\n<ul>\n<li>Tan\u00e1ri munka seg\u00edt\u00e9se<\/li>\n<\/ul>\n<\/li>\n<li>A lap megjelen\u00e9si ideje\n<ul>\n<li>2012-t\u0151l<\/li>\n<\/ul>\n<\/li>\n<li>A oldal k\u00e9sz\u00edt\u0151i\n<ul>\n<li>Lengyel Erzs\u00e9bet\n<ul>\n<li>Angol, n\u00e9met, t\u00f6rt\u00e9nelem szakos tan\u00e1r<\/li>\n<\/ul>\n<\/li>\n<li>\u00c1cs Szab\u00f3 L\u00e1szl\u00f3<\/li>\n<\/ul>\n<\/li>\n<li>A kiad\u00f3 neve\n<ul>\n<li>Lengyel Erzs\u00e9bet<\/li>\n<\/ul>\n<\/li>\n<\/ul>\n<ul>\n<li>A szerkeszt\u0151s\u00e9g c\u00edme, el\u00e9rhet\u0151s\u00e9gei\n<ul>\n<li>Magyarorsz\u00e1g, Hungary<\/li>\n<li>Szabolcs-Szatm\u00e1r-Bereg megye<\/li>\n<li>V\u00e1s\u00e1rosnam\u00e9ny v\u00e1ros<\/li>\n<li>Ilk telep\u00fcl\u00e9s<\/li>\n<\/ul>\n<\/li>\n<li>Jogi nyilatkozat\n<ul>\n<li>Az oldalon tal\u00e1lhat tartalom helyess\u00e9g\u00e9\u00e9rt felel\u0151ss\u00e9get nem v\u00e1llalunk.<\/li>\n<\/ul>\n<\/li>\n<li>Egy\u00e9b tev\u00e9kenys\u00e9g\u00fcnk\n<ul>\n<li>Tanul\u00f3k, di\u00e1kok korrepet\u00e1l\u00e1sa, nyelvvizsg\u00e1ra val\u00f3 felk\u00e9sz\u00edt\u00e9se<\/li>\n<\/ul>\n<\/li>\n<\/ul>\n","protected":false},"excerpt":{"rendered":"<p>Az oldal neve Lengyel Erzs\u00e9bet oldala Az oldal rendeltet\u00e9se Tan\u00e1ri munka seg\u00edt\u00e9se A lap megjelen\u00e9si ideje 2012-t\u0151l A oldal k\u00e9sz\u00edt\u0151i Lengyel Erzs\u00e9bet Angol, n\u00e9met, t\u00f6rt\u00e9nelem szakos tan\u00e1r \u00c1cs Szab\u00f3 L\u00e1szl\u00f3 A kiad\u00f3 neve Lengyel Erzs\u00e9bet A szerkeszt\u0151s\u00e9g c\u00edme, el\u00e9rhet\u0151s\u00e9gei Magyarorsz\u00e1g, Hungary Szabolcs-Szatm\u00e1r-Bereg megye V\u00e1s\u00e1rosnam\u00e9ny v\u00e1ros Ilk telep\u00fcl\u00e9s Jogi nyilatkozat Az oldalon tal\u00e1lhat tartalom helyess\u00e9g\u00e9\u00e9rt felel\u0151ss\u00e9get &hellip; <\/p>\n<p><a class=\"more-link btn\" href=\"http:\/\/www.lerzso.hu\/?page_id=422\">Olvass tov\u00e1bb<\/a><\/p>\n","protected":false},"author":1,"featured_media":0,"parent":0,"menu_order":0,"comment_status":"closed","ping_status":"open","template":"","meta":{"footnotes":""},"class_list":["post-422","page","type-page","status-publish","hentry","nodate","item-wrap"],"_links":{"self":[{"href":"http:\/\/www.lerzso.hu\/index.php?rest_route=\/wp\/v2\/pages\/422","targetHints":{"allow":["GET"]}}],"collection":[{"href":"http:\/\/www.lerzso.hu\/index.php?rest_route=\/wp\/v2\/pages"}],"about":[{"href":"http:\/\/www.lerzso.hu\/index.php?rest_route=\/wp\/v2\/types\/page"}],"author":[{"embeddable":true,"href":"http:\/\/www.lerzso.hu\/index.php?rest_route=\/wp\/v2\/users\/1"}],"replies":[{"embeddable":true,"href":"http:\/\/www.lerzso.hu\/index.php?rest_route=%2Fwp%2Fv2%2Fcomments&post=422"}],"version-history":[{"count":2,"href":"http:\/\/www.lerzso.hu\/index.php?rest_route=\/wp\/v2\/pages\/422\/revisions"}],"predecessor-version":[{"id":675,"href":"http:\/\/www.lerzso.hu\/index.php?rest_route=\/wp\/v2\/pages\/422\/revisions\/675"}],"wp:attachment":[{"href":"http:\/\/www.lerzso.hu\/index.php?rest_route=%2Fwp%2Fv2%2Fmedia&parent=422"}],"curies":[{"name":"wp","href":"https:\/\/api.w.org\/{rel}","templated":true}]}}