{"id":426,"date":"2013-11-05T21:22:45","date_gmt":"2013-11-05T20:22:45","guid":{"rendered":"http:\/\/www.lerzso.hu\/?page_id=426"},"modified":"2013-11-05T21:32:15","modified_gmt":"2013-11-05T20:32:15","slug":"kikbol-allt-az-egyiptomi-csalad","status":"publish","type":"page","link":"http:\/\/www.lerzso.hu\/?page_id=426","title":{"rendered":"Kikb\u0151l \u00e1llt az egyiptomi csal\u00e1d?"},"content":{"rendered":"<h3><strong><em>Az alattval\u00f3k \u00e9lete<\/em><\/strong><\/h3>\n<h4><strong>Kikb\u0151l \u00e1llt az egyiptomi csal\u00e1d?<\/strong><\/h4>\n<p>&nbsp;<\/p>\n<p>A s\u00edrokban tal\u00e1lt k\u00e9pek \u00e9s t\u00e1rgyak seg\u00edts\u00e9g\u00e9vel sok mindent meg tudhatunk az \u00f3kori egyiptomiak \u00e9let\u00e9r\u0151l. \u00c1ltal\u00e1ban apa, anya \u00e9s gyerekek laktak egy h\u00e1ztart\u00e1sban. N\u00e9ha az egyed\u00fcl \u00e9l\u0151 nagymam\u00e1t vagy valamelyik feln\u0151tt testv\u00e9r\u00e9t is odavett\u00e9k, hogy vigy\u00e1zzon a gyerekekre. (A \u201enagyn\u00e9ni\u201d \u201enagyb\u00e1csi\u201d elnevez\u00e9s m\u00e9g hi\u00e1nyzott a nyelv\u00fckb\u0151l.) Ha a fi\u00fak el\u00e9g nagyok voltak, akkor elhagyt\u00e1k az apai h\u00e1zat, \u00e9s \u201esaj\u00e1t h\u00e1zat alap\u00edtottak\u201d, vagy ahogyan ma mondan\u00e1nk: csal\u00e1dot alap\u00edtottak. Egyiptomban teh\u00e1t a csal\u00e1dok nagyj\u00e1b\u00f3l olyanok voltak, mint amilyenek ma is. Az egyiptomi f\u00e9rfiaknak \u2014 a f\u00e1ra\u00f3k kiv\u00e9tel\u00e9vel \u2014 csak egy feles\u00e9g\u00fck volt. \u00c1ltal\u00e1ban nagyon fiatalon k\u00f6t\u00f6ttek h\u00e1zass\u00e1got, \u00e9s mindk\u00e9t felet egyenrang\u00fanak tekintett\u00e9k a k\u00f6z\u00f6s, csal\u00e1di \u00e9let minden ter\u00fclet\u00e9n. Ellent\u00e9tben az \u00f3kori vil\u00e1g legt\u00f6bb orsz\u00e1g\u00e1val, az asszonyoknak ugyanolyan jogaik voltak, mint a f\u00e9rfiaknak, \u00edgy p\u00e9ld\u00e1ul azonos m\u00f3don d\u00f6nthettek a k\u00f6z\u00f6s tulajdon sors\u00e1r\u00f3l, \u00e9s az egy\u00e9b k\u00e9rd\u00e9sekben is. Vit\u00e1s \u00fcgyekben a b\u00edr\u00f3s\u00e1g el\u0151tt is egyenrang\u00fak\u00e9nt \u00e1lltak.<\/p>\n<p>&nbsp;<\/p>\n<table border=\"1\">\n<tbody>\n<tr>\n<td><span style=\"color: #008000;\">G\u00edzai szoborcsoport a 4\u20145. dinasztia idej\u00e9b\u0151l.<\/span><\/p>\n<p><span style=\"color: #008000;\">Szeneb t\u00f6rpe feladata volt, hogy a f\u00e1ra\u00f3 ruh\u00e1ira vigy\u00e1zzon. \u0150 emellett magas rang\u00fa pap is volt. El\u00e9g gazdag volt ahhoz, hogy s\u00edrk\u00e9nt Giz\u00e1ban masztab\u00e1t \u00e9p\u00edttessen mag\u00e1nak. Szeneb r\u00f6vid l\u00e1ba nem \u00e9rt volna le a padl\u00f3ig, egy \u00edrnok p\u00f3z\u00e1ban helyezkedik el az \u00fcl\u00e9sen. Az \u00edgy felszabadul\u00f3 helyet a szobr\u00e1sz \u00fcgyesen felhaszn\u00e1lta a gyerekalakok oda\u00e1ll\u00edt\u00e1s\u00e1ra. Szenetitesz, Szeneb \u00e1tlagos n\u00f6v\u00e9s\u0171 feles\u00e9ge a karj\u00e1t kedvesen f\u00e9rje v\u00e1ll\u00e1ra helyezi.<\/span><\/td>\n<\/tr>\n<\/tbody>\n<\/table>\n<p><a href=\"http:\/\/www.lerzso.hu\/?uamfiletype=attachment&amp;uamgetfile=http:\/\/www.lerzso.hu\/wp-content\/uploads\/2013\/11\/mm_aoet_42_1.jpg\"><img loading=\"lazy\" decoding=\"async\" class=\"alignnone size-large wp-image-430\" alt=\"mm_aoet_42_1\" src=\"http:\/\/www.lerzso.hu\/?uamfiletype=attachment&amp;uamgetfile=http:\/\/www.lerzso.hu\/wp-content\/uploads\/2013\/11\/mm_aoet_42_1-795x1024.jpg\" width=\"795\" height=\"1024\" \/><\/a><\/p>\n<p>A feles\u00e9get a \u201eh\u00e1z \u00farn\u0151j\u00e9nek\u201d nevezt\u00e9k, ami szint\u00e9n arra utalt, hogy az otthoni dolgokban a feles\u00e9g meglehet\u0151sen szabadon d\u00f6nthetett. Az \u00f3kori Egyiptomban az asszonyoknak m\u00e9g a sz\u00e1z\u00f6tven \u00e9vvel ezel\u0151tti eur\u00f3pai n\u0151kh\u00f6z viszony\u00edtva is j\u00f3val t\u00f6bb volt a joguk \u00e9s a szabads\u00e1guk. A k\u00f6z\u00e9letet azonban ebben a korban m\u00e9g sokkal nagyobb m\u00e9rt\u00e9kben hat\u00e1rozt\u00e1k meg a fizikai er\u0151t, fegyverhaszn\u00e1latot stb. ig\u00e9nyl\u0151 feladatok, mint a k\u00e9s\u0151bbieket, ez\u00e9rt a k\u00f6z\u00fcgyek int\u00e9z\u00e9s\u00e9ben itt is a f\u00e9rfiak\u00e9 volt a nagyobb szerep.<\/p>\n<p>&nbsp;<\/p>\n<table border=\"1\">\n<tbody>\n<tr>\n<td><span style=\"color: #0000ff;\">A H\u00c1ZASS\u00c1G<\/span><span style=\"color: #0000ff;\">A h\u00e1zass\u00e1g mag\u00e1n\u00fcgynek sz\u00e1m\u00edtott, amelybe az \u00e1llam vagy az anyak\u00f6nyvi hivatal nem sz\u00f3lhatott bele. Vall\u00e1si szertart\u00e1s sem k\u00eds\u00e9rte. A f\u00e9rj \u00e9s a feles\u00e9g a tulajdon\u00e1r\u00f3l szerz\u0151d\u00e9sben rendelkezett. Ez az esetleges v\u00e1l\u00e1s sor\u00e1n volt hasznos. Azt tartott\u00e1k j\u00f3nak, ha a f\u00e9rj \u00e9s a feles\u00e9g melegen szereti egym\u00e1st. Gyakran kedvesen a \u201efiv\u00e9rem\u201d \u00e9s a \u201en\u0151v\u00e9rem\u201d megsz\u00f3l\u00edt\u00e1st haszn\u00e1lt\u00e1k. Egy f\u00e9rfinek \u00e1ltal\u00e1ban egy feles\u00e9ge volt, b\u00e1ra gazdagabbak t\u00f6bb feles\u00e9get vagy szeret\u0151t is tartottak.<\/span><\/td>\n<\/tr>\n<\/tbody>\n<\/table>\n<p>&nbsp;<\/p>\n<p>A csal\u00e1di \u00e9let bizonyos feladatokkal \u00e9s k\u00f6teless\u00e9gekkel j\u00e1rt, ugyanakkor viszont a csal\u00e1d v\u00e9delmet, biztons\u00e1got \u00e9s meghitts\u00e9get ny\u00fajtott a csal\u00e1dtagoknak. A sz\u00fcl\u0151ket \u00e9s a gyerekeket a k\u00f6lcs\u00f6n\u00f6s szeretet \u00e9s tisztelet k\u00f6t\u00f6tte egym\u00e1shoz. Hallgassuk meg, mik\u00e9nt fogalmazt\u00e1k meg ezt az \u00f3kori egyiptomiak:<\/p>\n<p>\u201eHa feln\u0151tt\u00e9l, \u00e9s csal\u00e1dot alap\u00edtasz, akkor szeresd a te feles\u00e9gedet, \u00fagy, ahogy az illik!\u201d<\/p>\n<p>\u201eT\u00e9gy j\u00f3t vele, a te ut\u00f3doddal, mert \u0151 hajt\u00e1s a te \u00e1gadon, sz\u00edvedet sose ford\u00edtsd el t\u0151le!\u201d<\/p>\n<p>\u201eAdj any\u00e1dnak k\u00e9tszer annyi eledelt, mint amennyit \u0151 adott neked, tartsd karjaidban, mint ahogyan \u0151 tartott t\u00e9ged karjaiban<\/p>\n<p>S mivel az istenek vil\u00e1ga a f\u00f6ldi \u00e9let t\u00fck\u00f6rk\u00e9pe volt, az isteneket is csal\u00e1dokban k\u00e9pzelt\u00e9k el. Th\u00e9b\u00e1ban Amon volt az apa, Mut az anya \u00e9s Honszu a fi\u00fa. Az \u0151 megfelel\u0151j\u00fck Memphiszben Ptah, Sachmet \u00e9s Nofertum volt. Eg\u00e9sz Egyiptomban nagy tisztelet \u00f6vezte a csal\u00e1dot, melynek Ozirisz, lzisz \u00e9s H\u00f3rusz volt a tagja.<\/p>\n","protected":false},"excerpt":{"rendered":"<p>Az alattval\u00f3k \u00e9lete Kikb\u0151l \u00e1llt az egyiptomi csal\u00e1d? &nbsp; A s\u00edrokban tal\u00e1lt k\u00e9pek \u00e9s t\u00e1rgyak seg\u00edts\u00e9g\u00e9vel sok mindent meg tudhatunk az \u00f3kori egyiptomiak \u00e9let\u00e9r\u0151l. \u00c1ltal\u00e1ban apa, anya \u00e9s gyerekek laktak egy h\u00e1ztart\u00e1sban. N\u00e9ha az egyed\u00fcl \u00e9l\u0151 nagymam\u00e1t vagy valamelyik feln\u0151tt testv\u00e9r\u00e9t is odavett\u00e9k, hogy vigy\u00e1zzon a gyerekekre. (A \u201enagyn\u00e9ni\u201d \u201enagyb\u00e1csi\u201d elnevez\u00e9s m\u00e9g hi\u00e1nyzott a nyelv\u00fckb\u0151l.) &hellip; <\/p>\n<p><a class=\"more-link btn\" href=\"http:\/\/www.lerzso.hu\/?page_id=426\">Olvass tov\u00e1bb<\/a><\/p>\n","protected":false},"author":1,"featured_media":0,"parent":127,"menu_order":0,"comment_status":"closed","ping_status":"open","template":"","meta":{"footnotes":""},"class_list":["post-426","page","type-page","status-publish","hentry","nodate","item-wrap"],"_links":{"self":[{"href":"http:\/\/www.lerzso.hu\/index.php?rest_route=\/wp\/v2\/pages\/426","targetHints":{"allow":["GET"]}}],"collection":[{"href":"http:\/\/www.lerzso.hu\/index.php?rest_route=\/wp\/v2\/pages"}],"about":[{"href":"http:\/\/www.lerzso.hu\/index.php?rest_route=\/wp\/v2\/types\/page"}],"author":[{"embeddable":true,"href":"http:\/\/www.lerzso.hu\/index.php?rest_route=\/wp\/v2\/users\/1"}],"replies":[{"embeddable":true,"href":"http:\/\/www.lerzso.hu\/index.php?rest_route=%2Fwp%2Fv2%2Fcomments&post=426"}],"version-history":[{"count":5,"href":"http:\/\/www.lerzso.hu\/index.php?rest_route=\/wp\/v2\/pages\/426\/revisions"}],"predecessor-version":[{"id":433,"href":"http:\/\/www.lerzso.hu\/index.php?rest_route=\/wp\/v2\/pages\/426\/revisions\/433"}],"up":[{"embeddable":true,"href":"http:\/\/www.lerzso.hu\/index.php?rest_route=\/wp\/v2\/pages\/127"}],"wp:attachment":[{"href":"http:\/\/www.lerzso.hu\/index.php?rest_route=%2Fwp%2Fv2%2Fmedia&parent=426"}],"curies":[{"name":"wp","href":"https:\/\/api.w.org\/{rel}","templated":true}]}}