{"id":434,"date":"2013-11-05T21:35:48","date_gmt":"2013-11-05T20:35:48","guid":{"rendered":"http:\/\/www.lerzso.hu\/?page_id=434"},"modified":"2013-11-05T21:36:19","modified_gmt":"2013-11-05T20:36:19","slug":"milyenek-voltak-a-hazak","status":"publish","type":"page","link":"http:\/\/www.lerzso.hu\/?page_id=434","title":{"rendered":"Milyenek voltak a h\u00e1zak?"},"content":{"rendered":"<h3><strong><em>Az alattval\u00f3k \u00e9lete<\/em><\/strong><\/h3>\n<h4><strong>Milyenek voltak a h\u00e1zak?<\/strong><\/h4>\n<p>Az \u00dajbirodalom idej\u00e9n a k\u00f6zrend\u0171 emberek h\u00e1zai 25-80 n\u00e9gyzetm\u00e9teres alapter\u00fclet\u0171ek voltak. A nagyobb h\u00e1zak, mint amilyeneket Deir el-Medin\u00e1ban, a munk\u00e1sok telep\u00e9n tal\u00e1ltak, h\u00e1rom r\u00e9szb\u0151l \u00e1lltak. A 70 n\u00e9gyzetm\u00e9teres \u00e9p\u00fclet elej\u00e9n \u00e1ll a fogad\u00f3szob\u00e1ba ny\u00edl\u00f3 f\u0151bej\u00e1rat. A fogad\u00f3szob\u00e1ban van a h\u00e1zi olt\u00e1r, ahol a csal\u00e1d az isteneknek \u00e1ldozott. A h\u00e1z k\u00f6z\u00e9ps\u0151, legfontosabb r\u00e9sz\u00e9nek magas tetej\u00e9t egy oszlop tartotta. T\u00f6bbnyire a k\u00f6z\u00e9ps\u0151 lak\u00f3helyis\u00e9gben \u00e1lltak a t\u00e9gl\u00e1b\u00f3l ide \u00e9p\u00edtett alv\u00f3helyek is. A h\u00e1ts\u00f3 r\u00e9szben volt az \u00e9l\u00e9skamra \u00e9s a konyha. Innen l\u00e9pcs\u0151 vezetett fel a tet\u0151re, amelyet szint\u00e9n lakr\u00e9szk\u00e9nt haszn\u00e1ltak.<\/p>\n<p>&nbsp;<\/p>\n<table border=\"1\">\n<tbody>\n<tr>\n<td><span style=\"color: #008000;\">Egy El-Amarna-i birtok rekonstrukci\u00f3ja a 18. dinasztia idej\u00e9b\u0151l.<\/span><\/td>\n<\/tr>\n<\/tbody>\n<\/table>\n<p><a href=\"http:\/\/www.lerzso.hu\/?uamfiletype=attachment&amp;uamgetfile=http:\/\/www.lerzso.hu\/wp-content\/uploads\/2013\/11\/mm_aoet_43_1.jpg\"><img loading=\"lazy\" decoding=\"async\" class=\"alignnone size-large wp-image-435\" alt=\"mm_aoet_43_1\" src=\"http:\/\/www.lerzso.hu\/?uamfiletype=attachment&amp;uamgetfile=http:\/\/www.lerzso.hu\/wp-content\/uploads\/2013\/11\/mm_aoet_43_1-1024x487.jpg\" width=\"1024\" height=\"487\" \/><\/a><\/p>\n<p>Az \u00e9p\u00fcletek nagy r\u00e9sze a N\u00edlus iszapj\u00e1b\u00f3l k\u00e9sz\u00edtett, napon sz\u00e1r\u00edtott v\u00e1lyogt\u00e9gl\u00e1kb\u00f3l k\u00e9sz\u00fclt, csup\u00e1n a falak \u00e9s a fagerend\u00e1k talapzat\u00e1t alak\u00edtott\u00e1k ki k\u0151b\u0151l. A falakat bevakolt\u00e1k \u00e9s feh\u00e9rre meszelt\u00e9k. A lapos tet\u0151n egy ferde ny\u00edl\u00e1s a h\u00e1z belsej\u00e9be vezette a h\u0171s\u00edt\u0151, \u00e9szaki szelet.<\/p>\n<p>A leggazdagabb csal\u00e1dok \u00e1ltal\u00e1ban parkos udvar k\u00f6zep\u00e9n \u00e9p\u00edtett\u00e9k a h\u00e1zukat. Ennek ter\u00fclete t\u00f6bb ezer n\u00e9gyzetm\u00e9ter is lehetett. A nagy\u00far tulajdonk\u00e9ppeni lak\u00f3h\u00e1za k\u00f6r\u00fcl, amely ak\u00e1r egy n\u00e9gysz\u00e1z n\u00e9gyzetm\u00e9teres lak\u00f3h\u00e1z is lehetett, udvarok, kertek, ist\u00e1ll\u00f3k, m\u0171helyek \u00e9s a rengeteg szolga lak\u00f3helyei sorakoztak. A birtokot fal vette k\u00f6r\u00fcl.<\/p>\n","protected":false},"excerpt":{"rendered":"<p>Az alattval\u00f3k \u00e9lete Milyenek voltak a h\u00e1zak? Az \u00dajbirodalom idej\u00e9n a k\u00f6zrend\u0171 emberek h\u00e1zai 25-80 n\u00e9gyzetm\u00e9teres alapter\u00fclet\u0171ek voltak. A nagyobb h\u00e1zak, mint amilyeneket Deir el-Medin\u00e1ban, a munk\u00e1sok telep\u00e9n tal\u00e1ltak, h\u00e1rom r\u00e9szb\u0151l \u00e1lltak. A 70 n\u00e9gyzetm\u00e9teres \u00e9p\u00fclet elej\u00e9n \u00e1ll a fogad\u00f3szob\u00e1ba ny\u00edl\u00f3 f\u0151bej\u00e1rat. A fogad\u00f3szob\u00e1ban van a h\u00e1zi olt\u00e1r, ahol a csal\u00e1d az isteneknek \u00e1ldozott. A &hellip; <\/p>\n<p><a class=\"more-link btn\" href=\"http:\/\/www.lerzso.hu\/?page_id=434\">Olvass tov\u00e1bb<\/a><\/p>\n","protected":false},"author":1,"featured_media":0,"parent":127,"menu_order":0,"comment_status":"closed","ping_status":"open","template":"","meta":{"footnotes":""},"class_list":["post-434","page","type-page","status-publish","hentry","nodate","item-wrap"],"_links":{"self":[{"href":"http:\/\/www.lerzso.hu\/index.php?rest_route=\/wp\/v2\/pages\/434","targetHints":{"allow":["GET"]}}],"collection":[{"href":"http:\/\/www.lerzso.hu\/index.php?rest_route=\/wp\/v2\/pages"}],"about":[{"href":"http:\/\/www.lerzso.hu\/index.php?rest_route=\/wp\/v2\/types\/page"}],"author":[{"embeddable":true,"href":"http:\/\/www.lerzso.hu\/index.php?rest_route=\/wp\/v2\/users\/1"}],"replies":[{"embeddable":true,"href":"http:\/\/www.lerzso.hu\/index.php?rest_route=%2Fwp%2Fv2%2Fcomments&post=434"}],"version-history":[{"count":1,"href":"http:\/\/www.lerzso.hu\/index.php?rest_route=\/wp\/v2\/pages\/434\/revisions"}],"predecessor-version":[{"id":436,"href":"http:\/\/www.lerzso.hu\/index.php?rest_route=\/wp\/v2\/pages\/434\/revisions\/436"}],"up":[{"embeddable":true,"href":"http:\/\/www.lerzso.hu\/index.php?rest_route=\/wp\/v2\/pages\/127"}],"wp:attachment":[{"href":"http:\/\/www.lerzso.hu\/index.php?rest_route=%2Fwp%2Fv2%2Fmedia&parent=434"}],"curies":[{"name":"wp","href":"https:\/\/api.w.org\/{rel}","templated":true}]}}