{"id":446,"date":"2013-11-05T21:49:22","date_gmt":"2013-11-05T20:49:22","guid":{"rendered":"http:\/\/www.lerzso.hu\/?page_id=446"},"modified":"2013-11-05T21:53:19","modified_gmt":"2013-11-05T20:53:19","slug":"milyenek-voltak-egyiptom-unnepei","status":"publish","type":"page","link":"http:\/\/www.lerzso.hu\/?page_id=446","title":{"rendered":"Milyenek voltak Egyiptom \u00fcnnepei?"},"content":{"rendered":"<p>Az alattval\u00f3k \u00e9lete<\/p>\n<h4>Milyenek voltak Egyiptom \u00fcnnepei?<\/h4>\n<p>A legt\u00f6bb \u00fcnnepnek vall\u00e1si jellege volt. A legnagyobb \u00fcnnepek egyike Th\u00e9b\u00e1ban a \u201esivatagi v\u00f6lgy sz\u00e9p \u00fcnnepe\u201d, volt, melynek sor\u00e1n emberek t\u00f6megei a Halottak V\u00e1ros\u00e1ba mentek, ott \u00fcnnepeltek. Az arat\u00e1s kezdet\u00e9n nagyszab\u00e1s\u00fa \u00fcnneps\u00e9get tartottak a f\u00f6ldeket \u00e9s kerteket term\u00e9kenny\u00e9 tev\u0151 Renenutet istenn\u0151 tisztelet\u00e9re. De ugyan\u00fagy fontosak voltak a szem\u00e9lyes, csal\u00e1di alkalmak is.<\/p>\n<p>&nbsp;<\/p>\n<table border=\"1\">\n<tbody>\n<tr>\n<td><span style=\"color: #008000;\">Egy th\u00e9bai s\u00edr fal\u00e1n l\u00e1that\u00f3 ez a k\u00e9p, a 18. dinasztia idej\u00e9b\u0151l.<\/span><span style=\"color: #008000;\">Az \u00e9l\u0151k megl\u00e1togatt\u00e1k elhunyt rokonaikat, \u00e9s egy\u00fctt tartanak nagy \u00fcnneps\u00e9get a s\u00edr udvar\u00e1ban. Zen\u00e9sz n\u0151k h\u00e1rf\u00e1n, lanton, kett\u0151s obo\u00e1n j\u00e1tszanak. Az \u00e9nekesn\u0151k tapssal k\u00eds\u00e9rik a zen\u00e9t. \u00dcnnepi d\u00edszbe \u00f6lt\u00f6z\u00f6tt h\u00f6lgyek \u00e9s urak \u00fclnek a sz\u00e9keken, \u00e9s engedik, hogy a szolg\u00e1k kiszolg\u00e1lj\u00e1k \u0151ket. A fej\u00fck\u00f6n illatos balzsamk\u00fapokat viselnek, melyek a h\u0151s\u00e9gben lassan megolvadnak \u00e9s kellemes illatot \u00e1rasztanak. Az \u00fcnnepi \u00e9tkez\u00e9sen az elhunyt is r\u00e9szt vesz, \u0150t a k\u00e9p bal oldal\u00e1n, \u00fclve l\u00e1thatjuk, mik\u00f6zben k\u00e9t l\u00e1nya \u00e1ll el\u0151tte. A felirat azt mondja az elhunytr\u00f3l, hogy \u0151 \u201ea csarnokban \u00fct \u00e9s \u00f6rvend a sz\u00edve, ahogyan \u00f6rvendett, amikor m\u00e9g itt \u00e9lt a f\u00f6ld\u00f6n\u201d. Az als\u00f3 sor jobb sz\u00e9l\u00e9n \u00fcl\u0151 vend\u00e9g t\u00fal sokat ivott vagy evett, s az \u00e9tel visszaj\u00f6tt a gyomr\u00e1b\u00f3l.<\/span><\/td>\n<\/tr>\n<\/tbody>\n<\/table>\n<p><a href=\"http:\/\/www.lerzso.hu\/?uamfiletype=attachment&amp;uamgetfile=http:\/\/www.lerzso.hu\/wp-content\/uploads\/2013\/11\/mm_aoet_45_1.jpg\"><img loading=\"lazy\" decoding=\"async\" class=\"alignnone size-large wp-image-449\" alt=\"mm_aoet_45_1\" src=\"http:\/\/www.lerzso.hu\/?uamfiletype=attachment&amp;uamgetfile=http:\/\/www.lerzso.hu\/wp-content\/uploads\/2013\/11\/mm_aoet_45_1-1024x605.jpg\" width=\"1024\" height=\"605\" \/><\/a><\/p>\n<p>Az \u00dajbirodalom idej\u00e9n ilyen \u00fcnnepnek sz\u00e1m\u00edtott a sz\u00fclet\u00e9snap. Az \u00fcnnepeltet megl\u00e1togatt\u00e1k rokonai \u00e9s bar\u00e1tai, az emberek felvett\u00e9k a legszebb ruh\u00e1ikat, mesterien elk\u00e9sz\u00edtett par\u00f3k\u00e1t viseltek, d\u00edszgall\u00e9rt, f\u00fclbeval\u00f3kat \u00e9s kark\u00f6t\u0151t hordtak. Szem\u00fcket er\u0151teljes sz\u00ednekkel sminkelt\u00e9k, fej\u00fcket l\u00f3tuszlevelekkel \u00e9kes\u00edtett\u00e9k \u00e9s kellemes illatot \u00e1raszt\u00f3 balzsamk\u00fapocsk\u00e1kat tettek a hajukba. Az \u00fcnnepek idej\u00e9n a legfinomabb \u00e9teleket \u00e9s italokat t\u00e1lalt\u00e1k, zen\u00e9szeket \u00e9s t\u00e1ncosn\u0151ket h\u00edvtak, hogy meg\u00f6rvendeztess\u00e9k a vend\u00e9geket.<\/p>\n<p>&nbsp;<\/p>\n<table border=\"1\">\n<tbody>\n<tr>\n<td><span style=\"color: #008000;\">H\u00e1rom, \u00fcnnepi d\u00edszbe \u00f6lt\u00f6z\u00f6tt, ifj\u00fa h\u00f6lgy. A th\u00e9bai Naht s\u00edrj\u00e1nak falfestm\u00e9nye, 18. dinasztia.<\/span><\/td>\n<\/tr>\n<\/tbody>\n<\/table>\n<p><a href=\"http:\/\/www.lerzso.hu\/?uamfiletype=attachment&amp;uamgetfile=http:\/\/www.lerzso.hu\/wp-content\/uploads\/2013\/11\/mm_aoet_44_3.jpg\"><img loading=\"lazy\" decoding=\"async\" class=\"alignnone size-large wp-image-447\" alt=\"mm_aoet_44_3\" src=\"http:\/\/www.lerzso.hu\/?uamfiletype=attachment&amp;uamgetfile=http:\/\/www.lerzso.hu\/wp-content\/uploads\/2013\/11\/mm_aoet_44_3-1024x775.jpg\" width=\"1024\" height=\"775\" \/><\/a><\/p>\n","protected":false},"excerpt":{"rendered":"<p>Az alattval\u00f3k \u00e9lete Milyenek voltak Egyiptom \u00fcnnepei? A legt\u00f6bb \u00fcnnepnek vall\u00e1si jellege volt. A legnagyobb \u00fcnnepek egyike Th\u00e9b\u00e1ban a \u201esivatagi v\u00f6lgy sz\u00e9p \u00fcnnepe\u201d, volt, melynek sor\u00e1n emberek t\u00f6megei a Halottak V\u00e1ros\u00e1ba mentek, ott \u00fcnnepeltek. Az arat\u00e1s kezdet\u00e9n nagyszab\u00e1s\u00fa \u00fcnneps\u00e9get tartottak a f\u00f6ldeket \u00e9s kerteket term\u00e9kenny\u00e9 tev\u0151 Renenutet istenn\u0151 tisztelet\u00e9re. De ugyan\u00fagy fontosak voltak a szem\u00e9lyes, &hellip; <\/p>\n<p><a class=\"more-link btn\" href=\"http:\/\/www.lerzso.hu\/?page_id=446\">Olvass tov\u00e1bb<\/a><\/p>\n","protected":false},"author":1,"featured_media":0,"parent":127,"menu_order":0,"comment_status":"closed","ping_status":"open","template":"","meta":{"footnotes":""},"class_list":["post-446","page","type-page","status-publish","hentry","nodate","item-wrap"],"_links":{"self":[{"href":"http:\/\/www.lerzso.hu\/index.php?rest_route=\/wp\/v2\/pages\/446","targetHints":{"allow":["GET"]}}],"collection":[{"href":"http:\/\/www.lerzso.hu\/index.php?rest_route=\/wp\/v2\/pages"}],"about":[{"href":"http:\/\/www.lerzso.hu\/index.php?rest_route=\/wp\/v2\/types\/page"}],"author":[{"embeddable":true,"href":"http:\/\/www.lerzso.hu\/index.php?rest_route=\/wp\/v2\/users\/1"}],"replies":[{"embeddable":true,"href":"http:\/\/www.lerzso.hu\/index.php?rest_route=%2Fwp%2Fv2%2Fcomments&post=446"}],"version-history":[{"count":4,"href":"http:\/\/www.lerzso.hu\/index.php?rest_route=\/wp\/v2\/pages\/446\/revisions"}],"predecessor-version":[{"id":452,"href":"http:\/\/www.lerzso.hu\/index.php?rest_route=\/wp\/v2\/pages\/446\/revisions\/452"}],"up":[{"embeddable":true,"href":"http:\/\/www.lerzso.hu\/index.php?rest_route=\/wp\/v2\/pages\/127"}],"wp:attachment":[{"href":"http:\/\/www.lerzso.hu\/index.php?rest_route=%2Fwp%2Fv2%2Fmedia&parent=446"}],"curies":[{"name":"wp","href":"https:\/\/api.w.org\/{rel}","templated":true}]}}