{"id":454,"date":"2013-11-05T22:02:11","date_gmt":"2013-11-05T21:02:11","guid":{"rendered":"http:\/\/www.lerzso.hu\/?page_id=454"},"modified":"2013-11-05T22:14:29","modified_gmt":"2013-11-05T21:14:29","slug":"hogyan-neveltek-a-gyerekeket","status":"publish","type":"page","link":"http:\/\/www.lerzso.hu\/?page_id=454","title":{"rendered":"Hogyan nevelt\u00e9k a gyerekeket?"},"content":{"rendered":"<h3><strong><em>Az alattval\u00f3k \u00e9lete<\/em><\/strong><\/h3>\n<h3><strong>Hogyan nevelt\u00e9k a gyerekeket?<\/strong><\/h3>\n<p>A gyerekek nevel\u00e9se term\u00e9szetesen a sz\u00fcl\u0151i h\u00e1zban kezd\u0151d\u00f6tt. Itt tan\u00edtottak meg nekik, hogyan kell viselkedni\u00fck, ha boldogulni akarnak az \u00e9letben. Ezt a tud\u00e1st nemzed\u00e9kr\u0151l nemzed\u00e9kre tov\u00e1bbadt\u00e1k, t\u00f6bbnyire sz\u00e1jhagyom\u00e1ny \u00fatj\u00e1n. Persze, Egyiptomban is akadtak b\u00f6lcs \u00e9s tapasztalt f\u00e9rfiak, akik vil\u00e1gosan megfogalmazt\u00e1k \u00e9s le is \u00edrt\u00e1k a helyes \u00e9s egyben boldog \u00e9letvitel szab\u00e1lyait.<\/p>\n<p>A gyerekek a sz\u00fcleikt\u0151l tanult\u00e1k meg azt is, amire k\u00e9s\u0151bb a szakm\u00e1jukban volt sz\u00fcks\u00e9g\u00fck: a l\u00e1nyok els\u0151sorban az anyjukt\u00f3l, a fi\u00fak a leggyakrabban az apjukt\u00f3l. A l\u00e1nyok az anyai hivat\u00e1sra k\u00e9sz\u00fcltek, \u00e9s arra, hogy vezess\u00e9k a h\u00e1ztart\u00e1st, a fi\u00fak pedig \u00e1ltal\u00e1ban az apjuk szakm\u00e1j\u00e1t vitt\u00e9k tov\u00e1bb. Ha azonban egy fi\u00faban arra l\u00e1ttak tehets\u00e9get, hogy \u00edrnokk\u00e9nt, hivatalnokk\u00e9nt vagy papk\u00e9nt fusson be sz\u00e9p p\u00e1ly\u00e1t, akkor elk\u00fcldt\u00e9k az iskol\u00e1ba. A t\u00f6rt\u00e9nelmi forr\u00e1sok el\u00e9g sz\u0171kszav\u00faan sz\u00f3lnak arr\u00f3l, hogy milyen k\u00f6r\u00fclm\u00e9nyek k\u00f6z\u00f6tt folyt a l\u00e1nyok oktat\u00e1sa. Ha nem maradtak otthon, akkor a legegyszer\u0171bben \u00e9nekesn\u0151 vagy t\u00e1ncosn\u0151 lehetett bel\u0151l\u00fck.<\/p>\n<p>Az iskol\u00e1kat az \u00e1llam vagy valamelyik templom m\u0171k\u00f6dtette. A fi\u00fak itt els\u0151sorban \u00edrni \u00e9s olvasni tanultak, de a matematik\u00e1t \u00e9s a geometri\u00e1t, olykor a f\u00f6ldrajzot vagy a vall\u00e1st is meg kellett ismerni\u00fck. Megtanultak \u00f6sszeadni, kivonni, szorozni, osztani, t\u00f6rtekkel sz\u00e1molni. Ki tudt\u00e1k sz\u00e1molni a n\u00e9gysz\u00f6g, a h\u00e1romsz\u00f6g vagy a k\u00f6r ter\u00fclet\u00e9t. Els\u0151fok\u00fa egyenleteket is megoldottak. Bizonyos t\u00edpus\u00fa feladatokat mindenkinek tudnia kellett, p\u00e9ld\u00e1ul ezt: \u201eMelyik az a sz\u00e1m, amelyhez hozz\u00e1adva az egyheted\u00e9t, 19-et kapunk?\u201d<\/p>\n<p>&nbsp;<\/p>\n<table border=\"1\">\n<tbody>\n<tr>\n<td><span style=\"color: #0000ff;\">SZ\u00c1MTANI FELADAT<\/span><span style=\"color: #0000ff;\">Az egyiptomi di\u00e1kok a k\u00f6vetkez\u0151 m\u00f3don szorozt\u00e1k meg a 9-et 14-gyel:<\/span><\/p>\n<p><span style=\"color: #0000ff;\">1\u2019 \u00a0 \u00a0 \u00a0 14 \u00a0 \u00a0 \u00a0 \u00a0 \u00a0 \u00a0112+14=126<\/span><\/p>\n<p><span style=\"color: #0000ff;\">2 \u00a0 \u00a0 \u00a0 \u00a028<\/span><\/p>\n<p><span style=\"color: #0000ff;\">4 \u00a0 \u00a0 \u00a0 \u00a056<\/span><\/p>\n<p><span style=\"color: #0000ff;\">8\u2019 \u00a0 \u00a0 \u00a0 112<\/span><\/p>\n<p><span style=\"color: #0000ff;\">A sz\u00e1m melletti von\u00e1s azt mutatja, hogy melyik k\u00e9t sz\u00e1mot kell \u00f6sszeadnunk ahhoz, hogy 9-et kapjunk. Az ezekkel szemben t\u00e9v\u0151 sz\u00e1mokat \u00f6sszeadt\u00e1k, \u00e9s \u00edgy megkapt\u00e1k a helyes eredm\u00e9nyt.<\/span><\/td>\n<\/tr>\n<\/tbody>\n<\/table>\n<p>&nbsp;<\/p>\n<p>Csup\u00e1n a K\u00f6z\u00e9ps\u0151 Birodalom \u00f3ta l\u00e9teztek oszt\u00e1lyok \u00e9s ismert\u00e9k a tan\u00e1ri hivat\u00e1st. Ett\u0151l kezdve a forr\u00e1sok sokat panaszkodnak a tanul\u00f3k cs\u00ednytev\u00e9sei miatt. Egy tan\u00e1r panaszai: \u201eEg\u00e9sz nap magyar\u00e1zok neked, de te nem hallgatsz r\u00e1m! Olyan a sz\u00edved, mint egy balg\u00e1\u00e9, \u00e9s amit tan\u00edtok, azt nem tartod meg magadnak.\u201d Egy m\u00e1sik tan\u00e1r \u00edgy fenyegeti meg a di\u00e1kokat: \u201eEgy napig se legy\u00e9l lusta, mert meg fognak verni! A di\u00e1k f\u00fcle a h\u00e1t\u00e1n van, csak akkor figyel, ha \u00fctik.\u201d A gyerekeknek persze maradt idej\u00fck arra, hogy k\u00f6tetlen\u00fcl j\u00e1tszhassanak. Sok j\u00e1t\u00e9kuk fennmaradt, \u00e9s a k\u00e9pekb\u0151l is kider\u00fcl, hogy mivel szerettek foglalkozni. Kedvelt\u00e9k a bab\u00e1kat, babah\u00e1zakat, a boh\u00f3cokat, voltak apr\u00f3 vitorl\u00e1saik \u00e9s f\u00e1b\u00f3l k\u00e9sz\u00fclt halacsk\u00e1juk. A fennmaradt kockaj\u00e1t\u00e9kok azt bizony\u00edtj\u00e1k, hogy a feln\u0151ttek is szerettek j\u00e1tszani.<\/p>\n<p>&nbsp;<\/p>\n<table border=\"1\">\n<tbody>\n<tr>\n<td><span style=\"color: #008000;\">J\u00c1T\u00c9KOK<\/span><\/p>\n<p><span style=\"color: #008000;\">A j\u00e1t\u00e9k felirata el\u00e1rulja a c\u00edm\u00e9t:\u00a0\u201eMondd ki (a sz\u00e1mot)!\u201d <\/span><\/p>\n<p><span style=\"color: #008000;\">Val\u00f3sz\u00edn\u0171leg a kiny\u00fajtott ujjak sz\u00e1m\u00e1t kellett eltal\u00e1lni, miel\u0151tt a j\u00e1t\u00e9kosok egyszerre ki ny\u00fajtott\u00e1k volna \u0151ket. Hasonl\u00f3 j\u00e1t\u00e9kot ma is j\u00e1tszanak a gyerekek (k\u00e9p a K\u00f6z\u00e9p- birodalom egyik s\u00edrj\u00e1b\u00f3l).<\/span><\/td>\n<\/tr>\n<\/tbody>\n<\/table>\n<p><a href=\"http:\/\/www.lerzso.hu\/?uamfiletype=attachment&amp;uamgetfile=http:\/\/www.lerzso.hu\/wp-content\/uploads\/2013\/11\/mm_aoet_46_2.jpg\"><img loading=\"lazy\" decoding=\"async\" class=\"alignnone size-full wp-image-461\" alt=\"mm_aoet_46_2\" src=\"http:\/\/www.lerzso.hu\/?uamfiletype=attachment&amp;uamgetfile=http:\/\/www.lerzso.hu\/wp-content\/uploads\/2013\/11\/mm_aoet_46_2.jpg\" width=\"453\" height=\"317\" \/><\/a><\/p>\n","protected":false},"excerpt":{"rendered":"<p>Az alattval\u00f3k \u00e9lete Hogyan nevelt\u00e9k a gyerekeket? A gyerekek nevel\u00e9se term\u00e9szetesen a sz\u00fcl\u0151i h\u00e1zban kezd\u0151d\u00f6tt. Itt tan\u00edtottak meg nekik, hogyan kell viselkedni\u00fck, ha boldogulni akarnak az \u00e9letben. Ezt a tud\u00e1st nemzed\u00e9kr\u0151l nemzed\u00e9kre tov\u00e1bbadt\u00e1k, t\u00f6bbnyire sz\u00e1jhagyom\u00e1ny \u00fatj\u00e1n. Persze, Egyiptomban is akadtak b\u00f6lcs \u00e9s tapasztalt f\u00e9rfiak, akik vil\u00e1gosan megfogalmazt\u00e1k \u00e9s le is \u00edrt\u00e1k a helyes \u00e9s egyben &hellip; <\/p>\n<p><a class=\"more-link btn\" href=\"http:\/\/www.lerzso.hu\/?page_id=454\">Olvass tov\u00e1bb<\/a><\/p>\n","protected":false},"author":1,"featured_media":0,"parent":127,"menu_order":0,"comment_status":"closed","ping_status":"open","template":"","meta":{"footnotes":""},"class_list":["post-454","page","type-page","status-publish","hentry","nodate","item-wrap"],"_links":{"self":[{"href":"http:\/\/www.lerzso.hu\/index.php?rest_route=\/wp\/v2\/pages\/454","targetHints":{"allow":["GET"]}}],"collection":[{"href":"http:\/\/www.lerzso.hu\/index.php?rest_route=\/wp\/v2\/pages"}],"about":[{"href":"http:\/\/www.lerzso.hu\/index.php?rest_route=\/wp\/v2\/types\/page"}],"author":[{"embeddable":true,"href":"http:\/\/www.lerzso.hu\/index.php?rest_route=\/wp\/v2\/users\/1"}],"replies":[{"embeddable":true,"href":"http:\/\/www.lerzso.hu\/index.php?rest_route=%2Fwp%2Fv2%2Fcomments&post=454"}],"version-history":[{"count":3,"href":"http:\/\/www.lerzso.hu\/index.php?rest_route=\/wp\/v2\/pages\/454\/revisions"}],"predecessor-version":[{"id":463,"href":"http:\/\/www.lerzso.hu\/index.php?rest_route=\/wp\/v2\/pages\/454\/revisions\/463"}],"up":[{"embeddable":true,"href":"http:\/\/www.lerzso.hu\/index.php?rest_route=\/wp\/v2\/pages\/127"}],"wp:attachment":[{"href":"http:\/\/www.lerzso.hu\/index.php?rest_route=%2Fwp%2Fv2%2Fmedia&parent=454"}],"curies":[{"name":"wp","href":"https:\/\/api.w.org\/{rel}","templated":true}]}}