{"id":457,"date":"2013-11-05T22:10:15","date_gmt":"2013-11-05T21:10:15","guid":{"rendered":"http:\/\/www.lerzso.hu\/?page_id=457"},"modified":"2013-11-05T22:29:11","modified_gmt":"2013-11-05T21:29:11","slug":"milyen-szakmakat-ismertek-egyiptomban","status":"publish","type":"page","link":"http:\/\/www.lerzso.hu\/?page_id=457","title":{"rendered":"Milyen szakm\u00e1kat ismertek Egyiptomban?"},"content":{"rendered":"<h3><strong><em>Az alattval\u00f3k \u00e9lete<\/em><\/strong><\/h3>\n<h3><strong>Milyen szakm\u00e1kat ismertek Egyiptomban?<\/strong><\/h3>\n<p>B\u00e1r a legt\u00f6bb ember a mez\u0151gazdas\u00e1gban dolgozott, a f\u00f6ldm\u0171vesek m\u00e9gsem voltak szabad parasztok. Szabads\u00e1gukat az korl\u00e1tozta, hogy egy templom, az uralkod\u00f3 vagy egy nagybirtokos szolg\u00e1lat\u00e1ban \u00e1lltak, \u00e9s nem hagyhatt\u00e1k el a birtokot. Munk\u00e1jukat szigor\u00faan ellen\u0151rizt\u00e9k, \u00e9s ha nem tal\u00e1lt\u00e1k el\u00e9g j\u00f3nak a teljes\u00edtm\u00e9ny\u00fcket, akkor megb\u00fcntett\u00e9k, s\u0151t, gyakran meg is vert\u00e9k \u0151ket. A f\u00f6ldm\u0171vesek csak az otthonukban lehettek szabadok.<\/p>\n<p>&nbsp;<\/p>\n<table border=\"1\">\n<tbody>\n<tr>\n<td><span style=\"color: #008000;\">Megb\u00fcntetnek egy parasztot, aki nem teljes\u00edtette k\u00f6teless\u00e9g\u00e9t (festm\u00e9ny Menno s\u00edrj\u00e1b\u00f3l, Th\u00e9ba, 18. dinasztia)<\/span><\/td>\n<\/tr>\n<\/tbody>\n<\/table>\n<p><a href=\"http:\/\/www.lerzso.hu\/?uamfiletype=attachment&amp;uamgetfile=http:\/\/www.lerzso.hu\/wp-content\/uploads\/2013\/11\/mm_aoet_47_1.jpg\"><img loading=\"lazy\" decoding=\"async\" class=\"alignnone size-large wp-image-472\" alt=\"mm_aoet_47_1\" src=\"http:\/\/www.lerzso.hu\/?uamfiletype=attachment&amp;uamgetfile=http:\/\/www.lerzso.hu\/wp-content\/uploads\/2013\/11\/mm_aoet_47_1-1024x542.jpg\" width=\"1024\" height=\"542\" \/><\/a><\/p>\n<p>A mez\u0151gazdas\u00e1g olyan sok \u00e9lelmiszert termelt, hogy azzal sok, nem a mez\u0151gazdas\u00e1gban dolgoz\u00f3 ember sz\u00fcks\u00e9gleteit is fedezni tudt\u00e1k. Az egy\u00e9b szakm\u00e1k k\u00f6z\u00fcl az \u00edrnok\u00e9 \u00e9s a hivatalnok\u00e9 volt a legirigyeltebb. Egy t\u00f6rt\u00e9nelmi forr\u00e1sban ezt olvashatjuk err\u0151l: \u201eNincsen szakma el\u00f6lj\u00e1r\u00f3 n\u00e9lk\u00fcl, kiv\u00e9ve az \u00edrnok\u00e9t, mert \u0151 maga az el\u00f6lj\u00e1r\u00f3.\u201d<\/p>\n<p>&nbsp;<\/p>\n<table border=\"1\">\n<tbody>\n<tr>\n<td><span style=\"color: #008000;\">Szakkar\u00e1ban tal\u00e1lt\u00e1k meg az \u00fcl\u0151 \u00edrnok szobr\u00e1t.<\/span><span style=\"color: #008000;\">Az 5. dinasztia idej\u00e9n k\u00e9sz\u00fclt figura jobb kez\u00e9ben eredetileg \u00edr\u00f3n\u00e1d volt. A l\u00e1bai k\u00f6z\u00f6tt \u00e1th\u00fazott k\u00f6t\u00e9nyre tett\u00e9k a papirusztekercset.<\/span><\/td>\n<\/tr>\n<\/tbody>\n<\/table>\n<p><a href=\"http:\/\/www.lerzso.hu\/?uamfiletype=attachment&amp;uamgetfile=http:\/\/www.lerzso.hu\/wp-content\/uploads\/2013\/11\/mm_aoet_47_3.jpg\"><img loading=\"lazy\" decoding=\"async\" class=\"alignnone size-large wp-image-464\" alt=\"mm_aoet_47_3\" src=\"http:\/\/www.lerzso.hu\/?uamfiletype=attachment&amp;uamgetfile=http:\/\/www.lerzso.hu\/wp-content\/uploads\/2013\/11\/mm_aoet_47_3-890x1024.jpg\" width=\"890\" height=\"1024\" \/><\/a><\/p>\n<p>A szakm\u00e1k nagy r\u00e9sze olyan volt, mint mai megfelel\u0151j\u00fck. Egyiptomban m\u0171k\u00f6dtek szobr\u00e1szok, fest\u0151k, zen\u00e9szek, tan\u00e1rok, orvosok, \u00e9kszer\u00e9szek, fodr\u00e1szok, manik\u0171r\u00f6s\u00f6k, fazekasok, f\u00e9mmunk\u00e1sok, bogn\u00e1rok, k\u0151m\u0171vesek, \u00e1csok, kert\u00e9szek, tak\u00e1csok, ny\u00edlk\u00e9sz\u00edt\u0151k, fut\u00e1rok, cip\u00e9szek, ruhatiszt\u00edt\u00f3k, vad\u00e1szok, hal\u00e1szok, haj\u00f3sok, m\u00e9sz\u00e1rosok, katon\u00e1k, hivatalnokok, tisztvisel\u0151k, s ezenk\u00edv\u00fcl m\u00e9g k\u00fcl\u00f6nf\u00e9le seg\u00e9dmunk\u00e1sok.<\/p>\n<p>&nbsp;<\/p>\n<table border=\"1\">\n<tbody>\n<tr>\n<td><span style=\"color: #008000;\">A PAPIRUSZ EL\u0150\u00c1LL\u00cdT\u00c1SA<\/span><span style=\"color: #008000;\">A k\u00f6vetkez\u0151 m\u00f3don \u00e1ll\u00edtott\u00e1k [\u0151. leh\u00e1ntott\u00e1k a papiruszn\u00e1d sz\u00e1r\u00e1t, a bel\u00e9t k\u00f6r\u00fclbel\u00fcl 40 cm hossz\u00fa darabokra v\u00e1gt\u00e1k, \u00e9s ezeket hossz\u00fa, v\u00e9kony cs\u00edkokra met\u00e9lt\u00e9k (1). A cs\u00edkokat egym\u00e1s mell\u00e9 fektett\u00e9k egy v\u00e1szondarabra, \u00e9spedig \u00fagy, hogy fedj\u00e9k egym\u00e1st, majd ezt k\u00f6vet\u0151en keresztben egy \u00fajabb r\u00e9tegnyi cs\u00edkot tettek r\u00e1juk (2). Az eg\u00e9szet \u00fajabb v\u00e1szondarabbal fedt\u00e9k le, majd addig d\u00f6ng\u00f6lt\u00e9k vagy szor\u00edtott\u00e1k a cs\u00edkokat, m\u00edg saj\u00e1t lev\u00fck \u00f6ssze nem ragasztotta \u0151ket(3). Sz\u00e1nt\u00e1s ut\u00e1n a lapot egy fadarabbal vagy egy k\u0151vel sim\u00e1ra d\u00f6rzs\u00f6lt\u00e9k (4). Ha hosszabb sz\u00f6veget akartak \u00edrni, \u00e9s ez\u00e9rt t\u00f6bb lapot ragasztottak \u00f6ssze, akkor a papiruszt legegyszer\u0171bb volt tekercsk\u00e9nt t\u00e1rolni. A leghosszabb, ismert papirusztekercs t\u00f6bb mint 40 m hossz\u00fa. Mivel a papirusz dr\u00e1ga volt, ez\u00e9rt a kev\u00e9sb\u00e9 fontos dolgokat az \u00fan. osztrakonra jegyezt\u00e9k le. Az osztrakon m\u00e9szk\u0151darab vagy cser\u00e9pdarab volt.<\/span><\/td>\n<\/tr>\n<\/tbody>\n<\/table>\n<p><a href=\"http:\/\/www.lerzso.hu\/?uamfiletype=attachment&amp;uamgetfile=http:\/\/www.lerzso.hu\/wp-content\/uploads\/2013\/11\/mm_aoet_46_1.jpg\"><img loading=\"lazy\" decoding=\"async\" class=\"alignnone size-large wp-image-458\" alt=\"mm_aoet_46_1\" src=\"http:\/\/www.lerzso.hu\/?uamfiletype=attachment&amp;uamgetfile=http:\/\/www.lerzso.hu\/wp-content\/uploads\/2013\/11\/mm_aoet_46_1-528x1024.jpg\" width=\"528\" height=\"1024\" \/><\/a><\/p>\n<p>B\u00e1rhogy is dolgozott a k\u00e9zm\u0171ves, munk\u00e1j\u00e1t a hivatalnokok szigor\u00faan ellen\u0151rizt\u00e9k, \u00e9s err\u0151l feljegyz\u00e9seket k\u00e9sz\u00edtettek.<\/p>\n<p>&nbsp;<\/p>\n<table border=\"1\">\n<tbody>\n<tr>\n<td><span style=\"color: #008000;\">\u00cdr\u00f3paletta az \u00dajbirodolomb\u00f3l. Ennek hossz\u00fa m\u00e9lyed\u00e9s\u00e9ben tartott\u00e1k az \u00edr\u00f3n\u00e1dakat, \u00e9s k\u00e9t kisebb m\u00e9lyed\u00e9s\u00e9be is a piros illetve a fekete fest\u00e9ket tett\u00e9k (fent, jobbra). A n\u00e1d v\u00e9g\u00e9t ferd\u00e9n bev\u00e1gt\u00e1k, \u00e9s addig r\u00e1gt\u00e1k, m\u00edg ecsetszer\u0171v\u00e9 nem v\u00e1lt. Ezut\u00e1n \u00edr\u00e1s el\u0151tt belem\u00e1rtott\u00e1k egy vizes ed\u00e9nybe, majd a sz\u00e1raz fest\u00e9khez d\u00f6rzs\u00f6lt\u00e9k. Feket\u00e9vel a sz\u00f6veget \u00edrt\u00e1k, pirossal els\u0151sorban a c\u00edmeket<\/span><\/td>\n<\/tr>\n<\/tbody>\n<\/table>\n<p><a href=\"http:\/\/www.lerzso.hu\/?uamfiletype=attachment&amp;uamgetfile=http:\/\/www.lerzso.hu\/wp-content\/uploads\/2013\/11\/mm_aoet_47_2.jpg\"><img loading=\"lazy\" decoding=\"async\" class=\"alignnone size-full wp-image-467\" alt=\"mm_aoet_47_2\" src=\"http:\/\/www.lerzso.hu\/?uamfiletype=attachment&amp;uamgetfile=http:\/\/www.lerzso.hu\/wp-content\/uploads\/2013\/11\/mm_aoet_47_2.jpg\" width=\"882\" height=\"478\" \/><\/a><\/p>\n<p>Egy templom \u00fcgyiratai k\u00f6z\u00f6tt a k\u00f6vetkez\u0151 feljegyz\u00e9st tal\u00e1lt\u00e1k: \u201eAnnak a lev\u00e9lnek a m\u00e1solata, melyet Szeanhptah fi\u00e1nak, Urniptah cip\u00e9sznek k\u00fcldtek: Hozass\u00e1l marhab\u0151rt vagy apr\u00f3j\u00f3sz\u00e1g b\u0151r\u00e9t! Add mindezt \u00e1t Urniptah Cip\u00e9sz- nek, \u00e9s r\u00f6gz\u00edtsd \u00edr\u00e1sban! \u2014 A marhab\u0151rt a nevezett cip\u00e9sz megkapta.\u201d Hogy a fentiek r\u00f6gz\u00edt\u00e9se mi\u00e9rt is volt fontos, azt nem tudhatjuk, de az \u00edr\u00e1s annak bizony\u00edt\u00e9ka, Hogy a munkav\u00e9gz\u00e9s rendj\u00e9hez a t\u00e9nyek r\u00f6gz\u00edt\u00e9se is Hozz\u00e1tartozott.<\/p>\n","protected":false},"excerpt":{"rendered":"<p>Az alattval\u00f3k \u00e9lete Milyen szakm\u00e1kat ismertek Egyiptomban? B\u00e1r a legt\u00f6bb ember a mez\u0151gazdas\u00e1gban dolgozott, a f\u00f6ldm\u0171vesek m\u00e9gsem voltak szabad parasztok. Szabads\u00e1gukat az korl\u00e1tozta, hogy egy templom, az uralkod\u00f3 vagy egy nagybirtokos szolg\u00e1lat\u00e1ban \u00e1lltak, \u00e9s nem hagyhatt\u00e1k el a birtokot. Munk\u00e1jukat szigor\u00faan ellen\u0151rizt\u00e9k, \u00e9s ha nem tal\u00e1lt\u00e1k el\u00e9g j\u00f3nak a teljes\u00edtm\u00e9ny\u00fcket, akkor megb\u00fcntett\u00e9k, s\u0151t, gyakran meg &hellip; <\/p>\n<p><a class=\"more-link btn\" href=\"http:\/\/www.lerzso.hu\/?page_id=457\">Olvass tov\u00e1bb<\/a><\/p>\n","protected":false},"author":1,"featured_media":0,"parent":127,"menu_order":0,"comment_status":"closed","ping_status":"open","template":"","meta":{"footnotes":""},"class_list":["post-457","page","type-page","status-publish","hentry","nodate","item-wrap"],"_links":{"self":[{"href":"http:\/\/www.lerzso.hu\/index.php?rest_route=\/wp\/v2\/pages\/457","targetHints":{"allow":["GET"]}}],"collection":[{"href":"http:\/\/www.lerzso.hu\/index.php?rest_route=\/wp\/v2\/pages"}],"about":[{"href":"http:\/\/www.lerzso.hu\/index.php?rest_route=\/wp\/v2\/types\/page"}],"author":[{"embeddable":true,"href":"http:\/\/www.lerzso.hu\/index.php?rest_route=\/wp\/v2\/users\/1"}],"replies":[{"embeddable":true,"href":"http:\/\/www.lerzso.hu\/index.php?rest_route=%2Fwp%2Fv2%2Fcomments&post=457"}],"version-history":[{"count":5,"href":"http:\/\/www.lerzso.hu\/index.php?rest_route=\/wp\/v2\/pages\/457\/revisions"}],"predecessor-version":[{"id":473,"href":"http:\/\/www.lerzso.hu\/index.php?rest_route=\/wp\/v2\/pages\/457\/revisions\/473"}],"up":[{"embeddable":true,"href":"http:\/\/www.lerzso.hu\/index.php?rest_route=\/wp\/v2\/pages\/127"}],"wp:attachment":[{"href":"http:\/\/www.lerzso.hu\/index.php?rest_route=%2Fwp%2Fv2%2Fmedia&parent=457"}],"curies":[{"name":"wp","href":"https:\/\/api.w.org\/{rel}","templated":true}]}}