{"id":474,"date":"2013-11-05T22:35:15","date_gmt":"2013-11-05T21:35:15","guid":{"rendered":"http:\/\/www.lerzso.hu\/?page_id=474"},"modified":"2013-11-05T22:37:43","modified_gmt":"2013-11-05T21:37:43","slug":"az-egyiptomi-kultura-oroksegei","status":"publish","type":"page","link":"http:\/\/www.lerzso.hu\/?page_id=474","title":{"rendered":"Az egyiptomi kult\u00fara \u00f6r\u00f6ks\u00e9gei"},"content":{"rendered":"<h3><strong><em>Az egyiptomi kult\u00fara \u00f6r\u00f6ks\u00e9gei<\/em><\/strong><\/h3>\n<h4><span style=\"color: #000000;\"><strong><a href=\"http:\/\/www.lerzso.hu\/?page_id=474\"><span style=\"color: #000000;\">Mit k\u00f6sz\u00f6nhet\u00fcnk az \u00f3kori Egyiptomnak?<\/span><\/a><\/strong><\/span><\/h4>\n<p>Az \u0151si Egyiptom maradv\u00e1nyait \u00e9vezredeken \u00e1t rejtette a Homok. Miut\u00e1n k\u00e9s\u0151bb felt\u00e1rt\u00e1k, akkor der\u00fclt f\u00e9ny egy olyan, vir\u00e1gz\u00f3 kult\u00fara titkaira, mint amilyenhez hasonl\u00f3 Mezopot\u00e1mi\u00e1ban vagy az indus v\u00f6lgy\u00e9ben l\u00e9tezett. Ezek a civiliz\u00e1ci\u00f3k a k\u0151korszak \u00f6r\u00f6k\u00f6seik\u00e9nt alak\u00edtott\u00e1k ki \u00f6n\u00e1ll\u00f3 vil\u00e1gukat, azt az antik kult\u00far\u00e1t, amelyhez a mi kult\u00far\u00e1nk gy\u00f6kerei is visszany\u00falnak.<\/p>\n<p>Maga az \u00edr\u00e1s is az \u00f3kori Egyiptomb\u00f3l sz\u00e1rmazik. Az eur\u00f3pai nyelvek pedig sok olyan sz\u00f3t haszn\u00e1lnak, melyek gy\u00f6kereit az \u00f3egyiptomi nyelvben tal\u00e1ljuk meg. ilyen p\u00e9ld\u00e1ul az o\u00e1zis, a n\u00e1tron, az \u00e9ben (fa), a gumi vagy a pap\u00edr.<\/p>\n<p>A Bibli\u00e1ban is tal\u00e1lunk az \u00f3kori Egyiptomb\u00f3l \u00e1tvett mot\u00edvumokat. Az \u00d3testamentumban p\u00e9ld\u00e1ul Salamon b\u00f6lcs mond\u00e1sai k\u00f6z\u00f6tt visszat\u00e9r az egyiptomi k\u00e9pzet: az emberek azt hiszik, helyes \u00faton haladnak, de majd maga az \u00dar teszi m\u00e9rlegre a sz\u00edv\u00fcket. Az egyiptomiak a 110 \u00e9ves \u00e9letkort tartott\u00e1k ide\u00e1lisnak, \u00e9s M\u00f3zes els\u0151 k\u00f6nyv\u00e9ben is arr\u00f3l olvashatunk, hogy J\u00f3zsef Egyiptomba k\u00f6lt\u00f6zve pontosan ennyi ideig \u00e9lt. Az ide\u00e1lis \u00e9letkort dics\u00e9r\u0151 egyiptomi forr\u00e1sok l\u00e9nyegesen r\u00e9gebbiek, mint a Biblia.<\/p>\n<p>V\u00e9g\u00fcl napt\u00e1runkat is az egyiptomiaknak k\u00f6sz\u00f6nhetj\u00fck. \u0150k voltak azok, akik 365 napra, 12 harminc napos h\u00f3napra \u00e9s \u00f6t p\u00f3tnapra osztott\u00e1k fel az \u00e9vet. A sz\u00f6k\u0151napokkal a Ptolemaiosz-kori Egyiptomban tal\u00e1lkozunk el\u0151sz\u00f6r, majd Julius Caesar \u00e9s XlII. Gergely p\u00e1pa napt\u00e1r\u00e1b\u00f3l ker\u00fcltek be az \u00e1ltal\u00e1nos gyakorlatba. Els\u0151k\u00e9nt az egyiptomiak osztott\u00e1k be 24 \u00f3r\u00e1ra a napot. 12 \u00f3r\u00e1ig tartott a nappal, 12-ig az \u00e9jszaka. id\u0151nket teh\u00e1t mi is \u00edgy osztjuk be, ahogy azt az \u0151si egyiptomiak oly sok ezer esztend\u0151vel ezel\u0151tt kital\u00e1lt\u00e1k.<\/p>\n","protected":false},"excerpt":{"rendered":"<p>Az egyiptomi kult\u00fara \u00f6r\u00f6ks\u00e9gei Mit k\u00f6sz\u00f6nhet\u00fcnk az \u00f3kori Egyiptomnak? Az \u0151si Egyiptom maradv\u00e1nyait \u00e9vezredeken \u00e1t rejtette a Homok. Miut\u00e1n k\u00e9s\u0151bb felt\u00e1rt\u00e1k, akkor der\u00fclt f\u00e9ny egy olyan, vir\u00e1gz\u00f3 kult\u00fara titkaira, mint amilyenhez hasonl\u00f3 Mezopot\u00e1mi\u00e1ban vagy az indus v\u00f6lgy\u00e9ben l\u00e9tezett. Ezek a civiliz\u00e1ci\u00f3k a k\u0151korszak \u00f6r\u00f6k\u00f6seik\u00e9nt alak\u00edtott\u00e1k ki \u00f6n\u00e1ll\u00f3 vil\u00e1gukat, azt az antik kult\u00far\u00e1t, amelyhez a mi &hellip; <\/p>\n<p><a class=\"more-link btn\" href=\"http:\/\/www.lerzso.hu\/?page_id=474\">Olvass tov\u00e1bb<\/a><\/p>\n","protected":false},"author":1,"featured_media":0,"parent":127,"menu_order":0,"comment_status":"closed","ping_status":"open","template":"","meta":{"footnotes":""},"class_list":["post-474","page","type-page","status-publish","hentry","nodate","item-wrap"],"_links":{"self":[{"href":"http:\/\/www.lerzso.hu\/index.php?rest_route=\/wp\/v2\/pages\/474","targetHints":{"allow":["GET"]}}],"collection":[{"href":"http:\/\/www.lerzso.hu\/index.php?rest_route=\/wp\/v2\/pages"}],"about":[{"href":"http:\/\/www.lerzso.hu\/index.php?rest_route=\/wp\/v2\/types\/page"}],"author":[{"embeddable":true,"href":"http:\/\/www.lerzso.hu\/index.php?rest_route=\/wp\/v2\/users\/1"}],"replies":[{"embeddable":true,"href":"http:\/\/www.lerzso.hu\/index.php?rest_route=%2Fwp%2Fv2%2Fcomments&post=474"}],"version-history":[{"count":2,"href":"http:\/\/www.lerzso.hu\/index.php?rest_route=\/wp\/v2\/pages\/474\/revisions"}],"predecessor-version":[{"id":477,"href":"http:\/\/www.lerzso.hu\/index.php?rest_route=\/wp\/v2\/pages\/474\/revisions\/477"}],"up":[{"embeddable":true,"href":"http:\/\/www.lerzso.hu\/index.php?rest_route=\/wp\/v2\/pages\/127"}],"wp:attachment":[{"href":"http:\/\/www.lerzso.hu\/index.php?rest_route=%2Fwp%2Fv2%2Fmedia&parent=474"}],"curies":[{"name":"wp","href":"https:\/\/api.w.org\/{rel}","templated":true}]}}