{"id":491,"date":"2013-11-07T18:30:53","date_gmt":"2013-11-07T17:30:53","guid":{"rendered":"http:\/\/www.lerzso.hu\/?page_id=491"},"modified":"2013-11-07T18:30:53","modified_gmt":"2013-11-07T17:30:53","slug":"egyiptom-idorendi-tablazat","status":"publish","type":"page","link":"http:\/\/www.lerzso.hu\/?page_id=491","title":{"rendered":"Egyiptom &#8211; Id\u0151rendi t\u00e1bl\u00e1zat"},"content":{"rendered":"<h3><strong>Egyiptom &#8211; Id\u0151rendi t\u00e1bl\u00e1zat<\/strong><\/h3>\n<ul>\n<li><span style=\"color: #333333; font-family: 'Pontano Sans', arial, sans-serif; font-size: 16px;\">Archaikus kor<\/span><\/li>\n<li>\u00dajk\u0151korszak \u00a0 \u00a0 \u00a0 \u00a0 \u00a0 \u00a0 \u00a0 \u00a0 \u00a0 \u00a0a VI. \u00e9vezredt\u0151l<\/li>\n<li>M\u00e9n\u00e9sz\/Aha \u00a0 \u00a0 \u00a0 \u00a0 \u00a0 \u00a0 \u00a0 \u00a0 \u00a0 \u00a03000 k\u00f6r\u00fcl<\/li>\n<li>Dzs\u00f3szer \u00a0 \u00a0 \u00a0 \u00a0 \u00a0 \u00a0 \u00a0 \u00a0 \u00a0 \u00a0 \u00a0 \u00a0 2700 k\u00f6r\u00fcl<\/li>\n<li>Kheopsz \u00a0 \u00a0 \u00a0 \u00a0 \u00a0 \u00a0 \u00a0 \u00a0 \u00a0 \u00a0 \u00a0 \u00a0 \u00a02600 k\u00f6r\u00fcl<\/li>\n<li>Teti \u00a0 \u00a0 \u00a0 \u00a0 \u00a0 \u00a0 \u00a0 \u00a0 \u00a0 \u00a0 \u00a0 \u00a0 \u00a0 \u00a0 \u00a0 \u00a0 \u00a0 2300 k\u00f6r\u00fcl<\/li>\n<li>II. Pepi \u00a0 \u00a0 \u00a0 \u00a0 \u00a0 \u00a0 \u00a0 \u00a0 \u00a0 \u00a0 \u00a0 \u00a0 \u00a0 \u00a0 2200 k\u00f6r\u00fcl<\/li>\n<li>1. \u00c1tmeneti korzsak \u00a0 \u00a0 \u00a02150-t\u0151l<\/li>\n<li>II. Mentuhotep \u00a0 \u00a0 \u00a0 \u00a0 \u00a0 \u00a0 \u00a0 \u00a02000 k\u00f6r\u00fcl<\/li>\n<li>I. Amenemhet \u00a0 \u00a0 \u00a0 \u00a0 \u00a0 \u00a0 \u00a0 \u00a01900 el\u0151tt<\/li>\n<li>III. Szesz\u00f3szsztrisz \u00a0 \u00a0 \u00a0 \u00a01800 el\u0151tt<\/li>\n<li>III Amenemhet \u00a0 \u00a0 \u00a0 \u00a0 \u00a0 \u00a0 \u00a0 1800 k\u00f6r\u00fcl<\/li>\n<li>2. \u00c1tmeneti korszak \u00a0 \u00a0 \u00a01700-t\u00f3l<\/li>\n<li>H\u00fcksz\u00f3szok \u00a0 \u00a0 \u00a0 \u00a0 \u00a0 \u00a0 \u00a0 \u00a0 \u00a0 1650-t\u0151l<\/li>\n<li>Ahm\u00f3sze \u00a0 \u00a0 \u00a0 \u00a0 \u00a0 \u00a0 \u00a0 \u00a0 \u00a0 \u00a0 \u00a0 \u00a01500 el\u0151tt<\/li>\n<li>I. Amenhotep \u00a0 \u00a0 \u00a0 \u00a0 \u00a0 \u00a0 \u00a0 \u00a0 1500 k\u00f6r\u00fcl<\/li>\n<li>Hatsepszut \u00a0 \u00a0 \u00a0 \u00a0 \u00a0 \u00a0 \u00a0 \u00a0 \u00a0 \u00a01450 el\u0151tt<\/li>\n<li>III. Tutm\u00f3zisz \u00a0 \u00a0 \u00a0 \u00a0 \u00a0 \u00a0 \u00a0 \u00a0 1450 k\u00f6r\u00fcl<\/li>\n<li>Ehnaton \u00a0 \u00a0 \u00a0 \u00a0 \u00a0 \u00a0 \u00a0 \u00a0 \u00a0 \u00a0 \u00a0 \u00a0 1350 ut\u00e1n<\/li>\n<li>Tutanhamon \u00a0 \u00a0 \u00a0 \u00a0 \u00a0 \u00a0 \u00a0 \u00a0 1300 el\u0151tt<\/li>\n<li>II. Ramszesz \u00a0 \u00a0 \u00a0 \u00a0 \u00a0 \u00a0 \u00a0 \u00a0 1279-1213<\/li>\n<li>III. Ramszesz \u00a0 \u00a0 \u00a0 \u00a0 \u00a0 \u00a0 \u00a0 \u00a01187-1156<\/li>\n<li>3. \u00c1tmeneti korszak \u00a0 \u00a0 1050-t\u0151l<\/li>\n<li>N\u00fabiai uralom \u00a0 \u00a0 \u00a0 \u00a0 \u00a0 \u00a0 \u00a0 700 el\u0151tt<\/li>\n<li>Assz\u00edr uralom \u00a0 \u00a0 \u00a0 \u00a0 \u00a0 \u00a0 \u00a0 \u00a0671-664<\/li>\n<li>Szaiszi kor \u00a0 \u00a0 \u00a0 \u00a0 \u00a0 \u00a0 \u00a0 \u00a0 \u00a0 \u00a0 \u00a0664-525<\/li>\n<li>Perzsa uralom \u00a0 \u00a0 \u00a0 \u00a0 \u00a0 \u00a0 \u00a0525-404<\/li>\n<li>30. Dinasztia \u00a0 \u00a0 \u00a0 \u00a0 \u00a0 \u00a0 \u00a0 \u00a0 380-343<\/li>\n<li>Nagy S\u00e1ndor \u00a0 \u00a0 \u00a0 \u00a0 \u00a0 \u00a0 \u00a0 \u00a0 332-323<\/li>\n<li>I Ptolemaiosz \u00a0 \u00a0 \u00a0 \u00a0 \u00a0 \u00a0 \u00a0 \u00a0306-283\/2<\/li>\n<li>VII. Kleop\u00e1tra \u00a0 \u00a0 \u00a0 \u00a0 \u00a0 \u00a0 \u00a0 \u00a0 51-30<\/li>\n<li>Augustus \u00a0 \u00a0 \u00a0 \u00a0 \u00a0 \u00a0 \u00a0 \u00a0 \u00a0 \u00a0 \u00a0 21-Kr.u.14<\/li>\n<li>Biz\u00e1nci uralom \u00a0 \u00a0 \u00a0 \u00a0 \u00a0 \u00a0 395-t\u0151l<\/li>\n<li>Arab uralom \u00a0 \u00a0 \u00a0 \u00a0 \u00a0 \u00a0 \u00a0 \u00a0 640-t\u0151l<\/li>\n<li>T\u00f6r\u00f6k uralom \u00a0 \u00a0 \u00a0 \u00a0 \u00a0 \u00a0 \u00a0 1517-t\u0151l<\/li>\n<li>Egyiptomi k\u00f6zt\u00e1rsas\u00e1g 1952-t\u0151l<\/li>\n<\/ul>\n","protected":false},"excerpt":{"rendered":"<p>Egyiptom &#8211; Id\u0151rendi t\u00e1bl\u00e1zat Archaikus kor \u00dajk\u0151korszak \u00a0 \u00a0 \u00a0 \u00a0 \u00a0 \u00a0 \u00a0 \u00a0 \u00a0 \u00a0a VI. \u00e9vezredt\u0151l M\u00e9n\u00e9sz\/Aha \u00a0 \u00a0 \u00a0 \u00a0 \u00a0 \u00a0 \u00a0 \u00a0 \u00a0 \u00a03000 k\u00f6r\u00fcl Dzs\u00f3szer \u00a0 \u00a0 \u00a0 \u00a0 \u00a0 \u00a0 \u00a0 \u00a0 \u00a0 \u00a0 \u00a0 \u00a0 2700 k\u00f6r\u00fcl Kheopsz \u00a0 \u00a0 \u00a0 \u00a0 \u00a0 \u00a0 \u00a0 \u00a0 &hellip; <\/p>\n<p><a class=\"more-link btn\" href=\"http:\/\/www.lerzso.hu\/?page_id=491\">Olvass tov\u00e1bb<\/a><\/p>\n","protected":false},"author":1,"featured_media":0,"parent":127,"menu_order":0,"comment_status":"closed","ping_status":"open","template":"","meta":{"footnotes":""},"class_list":["post-491","page","type-page","status-publish","hentry","nodate","item-wrap"],"_links":{"self":[{"href":"http:\/\/www.lerzso.hu\/index.php?rest_route=\/wp\/v2\/pages\/491","targetHints":{"allow":["GET"]}}],"collection":[{"href":"http:\/\/www.lerzso.hu\/index.php?rest_route=\/wp\/v2\/pages"}],"about":[{"href":"http:\/\/www.lerzso.hu\/index.php?rest_route=\/wp\/v2\/types\/page"}],"author":[{"embeddable":true,"href":"http:\/\/www.lerzso.hu\/index.php?rest_route=\/wp\/v2\/users\/1"}],"replies":[{"embeddable":true,"href":"http:\/\/www.lerzso.hu\/index.php?rest_route=%2Fwp%2Fv2%2Fcomments&post=491"}],"version-history":[{"count":1,"href":"http:\/\/www.lerzso.hu\/index.php?rest_route=\/wp\/v2\/pages\/491\/revisions"}],"predecessor-version":[{"id":492,"href":"http:\/\/www.lerzso.hu\/index.php?rest_route=\/wp\/v2\/pages\/491\/revisions\/492"}],"up":[{"embeddable":true,"href":"http:\/\/www.lerzso.hu\/index.php?rest_route=\/wp\/v2\/pages\/127"}],"wp:attachment":[{"href":"http:\/\/www.lerzso.hu\/index.php?rest_route=%2Fwp%2Fv2%2Fmedia&parent=491"}],"curies":[{"name":"wp","href":"https:\/\/api.w.org\/{rel}","templated":true}]}}