{"id":546,"date":"2013-11-11T20:40:24","date_gmt":"2013-11-11T19:40:24","guid":{"rendered":"http:\/\/www.lerzso.hu\/?page_id=546"},"modified":"2013-11-11T20:40:35","modified_gmt":"2013-11-11T19:40:35","slug":"kislexikon-erdekessegek-az-okori-egyiptom-vilagabol","status":"publish","type":"page","link":"http:\/\/www.lerzso.hu\/?page_id=546","title":{"rendered":"Kislexikon &#8211; \u00c9rdekess\u00e9gek az \u00d3kori Egyiptom vil\u00e1g\u00e1b\u00f3l"},"content":{"rendered":"<p><b><span style=\"text-decoration: underline;\">Amon-R\u00e9:<\/span><\/b> Egyiptomi f\u0151isten.<\/p>\n<p><b><span style=\"text-decoration: underline;\">Amon paps\u00e1g:<\/span><\/b> Egyiptom legbefoly\u00e1sosabb papjai, Amon f\u0151papj\u00e1nak hatalma n\u00e9ha a f\u00e1ra\u00f3\u00e9val is vetekedett.<\/p>\n<p><b><span style=\"text-decoration: underline;\">Aton:<\/span><\/b> A napkorong istene. Az \u00fajbirodalom idej\u00e9n r\u00f6vid ideig az egyetlen isten.<\/p>\n<p><b><span style=\"text-decoration: underline;\">Anubisz:<\/span><\/b> Sak\u00e1lfej\u0171 isten a halottak lelk\u00e9nek k\u00eds\u00e9r\u0151je, a balzsamoz\u00e1s istene.<\/p>\n<p><b><span style=\"text-decoration: underline;\">Balzsamoz\u00e1s:<\/span><\/b> A halott test\u00e9nek tart\u00f3s\u00edt\u00e1sa, vegyi anyagok felhaszn\u00e1l\u00e1s\u00e1val.<\/p>\n<p><b><span style=\"text-decoration: underline;\">Champollion:<\/span><\/b> Francia r\u00e9g\u00e9sz, az egyiptomi \u00edr\u00e1s megfejt\u0151je.<\/p>\n<p><b><span style=\"text-decoration: underline;\">Dzs\u00f3szer:<\/span><\/b> Az els\u0151 (hatl\u00e9pcs\u0151s) piramist \u00e9p\u00edttet\u0151 f\u00e1ra\u00f3 neve.<\/p>\n<p><b><span style=\"text-decoration: underline;\">Ekhnaton:<\/span><\/b> \u00daj\u00edt\u00f3 szellem\u0171 f\u00e1ra\u00f3. Nev\u00e9hez f\u0171z\u0151dik a vil\u00e1g els\u0151 egyistenhit\u0171 vall\u00e1s\u00e1nak bevezet\u00e9se.<\/p>\n<p><b><span style=\"text-decoration: underline;\">F\u00e1ra\u00f3:<\/span><\/b> Egyiptom isteni sz\u00e1rmaz\u00e1s\u00fanak tartott uralkod\u00f3ja.<\/p>\n<p><b><span style=\"text-decoration: underline;\">Hieroglifa:<\/span><\/b> Egyiptomi \u00edr\u00e1sjel.<\/p>\n<p><b><span style=\"text-decoration: underline;\">H\u00f3rusz:<\/span><\/b> Ozirisz \u00e9s \u00cdzisz fia, a s\u00f3lyomfej\u0171 isten, az \u00e9g istene, aki a napot sz\u00e1ll\u00edtja b\u00e1rk\u00e1j\u00e1n.<\/p>\n<p><b><span style=\"text-decoration: underline;\">Hufu (Kheopsz):<\/span><\/b> A nagy piramis \u00e9p\u00edttet\u0151je.<\/p>\n<p><b><span style=\"text-decoration: underline;\">H\u00fckszoszok:<\/span><\/b> Pusztai nom\u00e1d n\u00e9p, amely megsz\u00e1llta Egyiptomot, \u00e9s a k\u00f6z\u00e9p-birodalom buk\u00e1s\u00e1t okozta. \u0150k ismertett\u00e9k meg a lovat, \u00e9s a harci szekeret a piramisok n\u00e9p\u00e9vel.<\/p>\n<p><b><span style=\"text-decoration: underline;\">Imhotep:<\/span><\/b> Dzs\u00f3szer f\u00e1ra\u00f3 zseni\u00e1lis \u00e9p\u00edt\u00e9sze, az els\u0151 piramis \u00e9p\u00edt\u0151je, aki k\u00e9s\u0151bb isteni rangra emelkedett.<\/p>\n<p><b><span style=\"text-decoration: underline;\">\u00cdzisz:<\/span><\/b> Ozirisz feles\u00e9ge, a csal\u00e1dok v\u00e9dn\u00f6ke, aki f\u00e9rje oldal\u00e1n az alvil\u00e1gban \u00e9l.<\/p>\n<p><b><span style=\"text-decoration: underline;\">Kanopusztart\u00f3:<\/span><\/b> Cser\u00e9pb\u0151l, vagy k\u0151b\u0151l k\u00e9sz\u00fclt ed\u00e9ny, amelybe a bebalzsamozott test kiszedett bels\u0151 r\u00e9szeit tett\u00e9k.<\/p>\n<p><b><span style=\"text-decoration: underline;\">Kett\u0151s korona:<\/span><\/b> Az egyiptomi f\u00e1ra\u00f3k kir\u00e1lyi fejfed\u0151je. Fels\u0151-Egyiptom\u00e9 feh\u00e9r, az Als\u00f3-Egyiptomnak nevezett delta-vid\u00e9k\u00e9 v\u00f6r\u00f6s.<\/p>\n<p><b><span style=\"text-decoration: underline;\">Memphisz:<\/span><\/b> Az \u00d3birodalom f\u0151v\u00e1rosa, a piramis\u00e9p\u00edt\u0151 f\u00e1ra\u00f3k sz\u00e9khelye.<\/p>\n<p><b><span style=\"text-decoration: underline;\">M\u00famia:<\/span><\/b> Bebalzsamozott, gyolcsszallaggal betekert, tart\u00f3s\u00edtott holttest.<\/p>\n<p><b><span style=\"text-decoration: underline;\">Napb\u00e1rka:<\/span><\/b> A f\u00e1ra\u00f3 lelk\u00e9t hal\u00e1la ut\u00e1n az \u00e9gbe sz\u00e1ll\u00edt\u00f3 \u00e1ltal\u00e1ban a piramis mell\u00e9 temetett haj\u00f3.<\/p>\n<p><b><span style=\"text-decoration: underline;\">N\u00edlus:<\/span><\/b> Afrikai foly\u00f3, amely biztos\u00edtja Egyiptomnak az \u00e9ltet\u0151 vizet.<\/p>\n<p><b><span style=\"text-decoration: underline;\">\u00d3birodalom:<\/span><\/b> Egyiptom t\u00f6rt\u00e9net\u00e9nek els\u0151 nagy korszaka kb. i.e. 2700-2200-ig. A nagy piramis \u00e9p\u00edt\u00e9s\u00e9nek kora.<\/p>\n<p><b><span style=\"text-decoration: underline;\">Ozirisz:<\/span><\/b> Nagy hatalm\u00fa isten, az alvil\u00e1g uralkod\u00f3ja.<\/p>\n<p><b><span style=\"text-decoration: underline;\">Papirusz:<\/span><\/b> A N\u00edlus delt\u00e1j\u00e1ban el\u0151fordul\u00f3 n\u00f6v\u00e9nyb\u0151l k\u00e9sz\u00edtett anyag a pap\u00edr el\u0151dje.<\/p>\n<p><b><span style=\"text-decoration: underline;\">Piramis:<\/span><\/b> K\u0151b\u0151l rakott g\u00fala alak\u00fa temetkez\u00e9si hely.<\/p>\n<p><b><span style=\"text-decoration: underline;\">II. Ramszesz:<\/span><\/b> \u00c9p\u00edtkez\u00e9seir\u0151l, \u00e9s hadj\u00e1ratair\u00f3l h\u00edres f\u00e1ra\u00f3. A hettit\u00e1kkal v\u00edvott quadesi csat\u00e1j\u00e1nak le\u00edr\u00e1sa a legr\u00e9gebbi csatale\u00edr\u00e1s.<\/p>\n<p><b><span style=\"text-decoration: underline;\">Sz\u00e9th:<\/span><\/b> Ozirisz testv\u00e9re, Egyiptom isteni v\u00e9delmez\u0151je, hadisten.<\/p>\n<p><b><span style=\"text-decoration: underline;\">Szfinx:<\/span><\/b> Emberfej\u0171 oroszl\u00e1n, a kir\u00e1lyi hatalom megtestes\u00edt\u0151je.<\/p>\n<p><b><span style=\"text-decoration: underline;\">Thot:<\/span><\/b> A b\u00f6lcsess\u00e9g p\u00e1vi\u00e1nfej\u0171 istene, az \u00edr\u00e1s feltal\u00e1l\u00f3ja.<\/p>\n<p><b><span style=\"text-decoration: underline;\">III. Thotmesz:<\/span><\/b> Az \u201e\u00d3kor Nap\u00f3leonja\u201d. Hossz\u00fa uralkod\u00e1sa alatt \u00e9rte el legnagyobb kiterjed\u00e9s\u00e9t az egyiptomi birodalom.<\/p>\n<p><b><span style=\"text-decoration: underline;\">Tutanhamon:<\/span><\/b> A fiatalon elhunyt f\u00e1ra\u00f3 majdnem teljesen \u00e9rintetlen\u00fcl megtal\u00e1lt s\u00edrja korunk egyik legnagyobb r\u00e9g\u00e9szeti szenz\u00e1ci\u00f3ja.<\/p>\n<p><b><span style=\"text-decoration: underline;\">\u00dajbirodalom:<\/span><\/b> Egyiptom m\u00e1sodik vir\u00e1gkora kb. i. e. 1600-1100-ig. Nagy hadvez\u00e9rek, v\u00e1ros\u00e9p\u00edt\u0151k, vall\u00e1salap\u00edt\u00f3k ideje.<\/p>\n<p><b><span style=\"text-decoration: underline;\">Us\u00e9bti:<\/span><\/b> A gazdag emberek s\u00edrj\u00e1ba helyezett agyagfigura, melynek feladata a t\u00falvil\u00e1gon az elhunyt helyett dolgozni.<\/p>\n","protected":false},"excerpt":{"rendered":"<p>Amon-R\u00e9: Egyiptomi f\u0151isten. Amon paps\u00e1g: Egyiptom legbefoly\u00e1sosabb papjai, Amon f\u0151papj\u00e1nak hatalma n\u00e9ha a f\u00e1ra\u00f3\u00e9val is vetekedett. Aton: A napkorong istene. Az \u00fajbirodalom idej\u00e9n r\u00f6vid ideig az egyetlen isten. Anubisz: Sak\u00e1lfej\u0171 isten a halottak lelk\u00e9nek k\u00eds\u00e9r\u0151je, a balzsamoz\u00e1s istene. Balzsamoz\u00e1s: A halott test\u00e9nek tart\u00f3s\u00edt\u00e1sa, vegyi anyagok felhaszn\u00e1l\u00e1s\u00e1val. Champollion: Francia r\u00e9g\u00e9sz, az egyiptomi \u00edr\u00e1s megfejt\u0151je. Dzs\u00f3szer: Az &hellip; <\/p>\n<p><a class=\"more-link btn\" href=\"http:\/\/www.lerzso.hu\/?page_id=546\">Olvass tov\u00e1bb<\/a><\/p>\n","protected":false},"author":1,"featured_media":0,"parent":127,"menu_order":0,"comment_status":"closed","ping_status":"open","template":"","meta":{"footnotes":""},"class_list":["post-546","page","type-page","status-publish","hentry","nodate","item-wrap"],"_links":{"self":[{"href":"http:\/\/www.lerzso.hu\/index.php?rest_route=\/wp\/v2\/pages\/546","targetHints":{"allow":["GET"]}}],"collection":[{"href":"http:\/\/www.lerzso.hu\/index.php?rest_route=\/wp\/v2\/pages"}],"about":[{"href":"http:\/\/www.lerzso.hu\/index.php?rest_route=\/wp\/v2\/types\/page"}],"author":[{"embeddable":true,"href":"http:\/\/www.lerzso.hu\/index.php?rest_route=\/wp\/v2\/users\/1"}],"replies":[{"embeddable":true,"href":"http:\/\/www.lerzso.hu\/index.php?rest_route=%2Fwp%2Fv2%2Fcomments&post=546"}],"version-history":[{"count":1,"href":"http:\/\/www.lerzso.hu\/index.php?rest_route=\/wp\/v2\/pages\/546\/revisions"}],"predecessor-version":[{"id":547,"href":"http:\/\/www.lerzso.hu\/index.php?rest_route=\/wp\/v2\/pages\/546\/revisions\/547"}],"up":[{"embeddable":true,"href":"http:\/\/www.lerzso.hu\/index.php?rest_route=\/wp\/v2\/pages\/127"}],"wp:attachment":[{"href":"http:\/\/www.lerzso.hu\/index.php?rest_route=%2Fwp%2Fv2%2Fmedia&parent=546"}],"curies":[{"name":"wp","href":"https:\/\/api.w.org\/{rel}","templated":true}]}}