{"id":549,"date":"2013-11-11T20:56:09","date_gmt":"2013-11-11T19:56:09","guid":{"rendered":"http:\/\/www.lerzso.hu\/?page_id=549"},"modified":"2013-11-17T14:06:42","modified_gmt":"2013-11-17T13:06:42","slug":"egyiptomi-istensegek","status":"publish","type":"page","link":"http:\/\/www.lerzso.hu\/?page_id=549","title":{"rendered":"Egyiptomi istens\u00e9gek"},"content":{"rendered":"<p><b>Amon \u00e9s R\u00e9<\/b><\/p>\n<p>R\u00e9, a napisten, a vil\u00e1g teremt\u0151je. Hatalm\u00e1nak k\u00f6sz\u00f6nhet\u0151en a Nun vizei nem lepik el a f\u00f6ldet. Amon R\u00e9 k\u00e9pm\u00e1sa. Az \u00dajbirodalomt\u00f3l kezdve a k\u00e9t istennevet \u00f6sszekapcsolj\u00e1k.<\/p>\n<p><a href=\"http:\/\/www.lerzso.hu\/?uamfiletype=attachment&amp;uamgetfile=http:\/\/www.lerzso.hu\/wp-content\/uploads\/2013\/11\/Amon_es__Re.jpg\"><img loading=\"lazy\" decoding=\"async\" class=\"alignnone size-medium wp-image-555\" alt=\"Amon_es__Re\" src=\"http:\/\/www.lerzso.hu\/?uamfiletype=attachment&amp;uamgetfile=http:\/\/www.lerzso.hu\/wp-content\/uploads\/2013\/11\/Amon_es__Re-239x300.jpg\" width=\"239\" height=\"300\" \/><\/a><\/p>\n<p><b>Anubisz<\/b><\/p>\n<p>Sak\u00e1l, vagy sak\u00e1lfej\u0171 ember. \u00cdzisznek seg\u00edt Ozirisz bebalzsamoz\u00e1sakor. Ez az isten fogadja a halottakat, jelen van bebalzsamoz\u00e1sukkor, \u00e9s eg\u00e9szen Ozirisz \u00edt\u00e9l\u0151sz\u00e9k\u00e9ig k\u00eds\u00e9ri \u0151ket.<\/p>\n<p><b>\u00c1pisz<\/b><\/p>\n<p>Ez a bikafej\u0171 isten jelk\u00e9pezi az er\u0151t, a term\u00e9kenys\u00e9get \u00e9s az \u00fajj\u00e1sz\u00fclet\u00e9st. Memphiszben van kultusz\u00e1nak a k\u00f6zpontja, ahol templomot is \u00e1ll\u00edtottak neki.<\/p>\n<p><b>B\u00e9sz<\/b><\/p>\n<p>Ez a szak\u00e1llas t\u00f6rpe alakj\u00e1ban megjelen\u0151 isten nagyon kedvelt, mert \u0151 v\u00e9di meg a terhes any\u00e1kat. \u0150 hozza a h\u00e1zakba az \u00e9let\u00f6r\u00f6m\u00f6t, el\u0151zi a vesz\u00e9lyes \u00e1llatokat \u00e9s a gonosz lelkeket.<\/p>\n<p><a href=\"http:\/\/www.lerzso.hu\/?uamfiletype=attachment&amp;uamgetfile=http:\/\/www.lerzso.hu\/wp-content\/uploads\/2013\/11\/Anibis-Apisz-Besz-Hapi-Horusz.jpg\"><img loading=\"lazy\" decoding=\"async\" class=\"alignnone size-large wp-image-554\" alt=\"Anibis-Apisz-Besz-Hapi-Horusz\" src=\"http:\/\/www.lerzso.hu\/?uamfiletype=attachment&amp;uamgetfile=http:\/\/www.lerzso.hu\/wp-content\/uploads\/2013\/11\/Anibis-Apisz-Besz-Hapi-Horusz-1024x491.jpg\" width=\"1024\" height=\"491\" \/><\/a><\/p>\n<p><b>H\u00e1pi<\/b><\/p>\n<p>Hozz\u00e1 fordulnak az egyiptomiak, amikor a N\u00edlus j\u00f3 \u00e1rad\u00e1s\u00e1\u00e9rt im\u00e1dkoznak. L\u00f3tusz-, vagy papiruszvir\u00e1g koron\u00e1t hord.<\/p>\n<p><b>H\u00f3rusz<\/b><\/p>\n<p>Ozirisz \u00e9s \u00cdzisz egyetlen gyermeke, s\u00f3lyomk\u00e9nt, vagy s\u00f3lyomfej\u0171 emberk\u00e9nt \u00e1br\u00e1zolj\u00e1k. Szeme, ami amuletteken is l\u00e1that\u00f3, a v\u00e9delmez\u00e9s szimb\u00f3luma.<\/p>\n<p><b>Hnum<\/b><\/p>\n<p>Ez a kosfej\u0171 isten form\u00e1lta az embereket fazekaskorongj\u00e1n. A munk\u00e1sok istene, skik a f\u00f6ldeken dolgoznak, t\u0151le v\u00e1rj\u00e1k a j\u00f3 \u00e9rad\u00e1st \u00e9s a term\u00e9keny iszapot.<\/p>\n<p><a href=\"http:\/\/www.lerzso.hu\/?uamfiletype=attachment&amp;uamgetfile=http:\/\/www.lerzso.hu\/wp-content\/uploads\/2013\/11\/Image15.png\"><img loading=\"lazy\" decoding=\"async\" class=\"alignnone size-medium wp-image-600\" alt=\"Image15\" src=\"http:\/\/www.lerzso.hu\/?uamfiletype=attachment&amp;uamgetfile=http:\/\/www.lerzso.hu\/wp-content\/uploads\/2013\/11\/Image15-152x300.png\" width=\"152\" height=\"300\" \/><\/a><\/p>\n<p><b>Ozirisz<\/b><\/p>\n<p>Amikor \u00cdzisz, aki a testv\u00e9re \u00e9s feles\u00e9ge is volt egyben visszaadta neki az \u00e9letet, Oziriszb\u0151l a t\u00falvil\u00e1g \u00e9s a holtak istene lett.<\/p>\n<p><a href=\"http:\/\/www.lerzso.hu\/?uamfiletype=attachment&amp;uamgetfile=http:\/\/www.lerzso.hu\/wp-content\/uploads\/2013\/11\/Image16.jpg\"><img loading=\"lazy\" decoding=\"async\" class=\"alignnone size-full wp-image-601\" alt=\"Image16\" src=\"http:\/\/www.lerzso.hu\/?uamfiletype=attachment&amp;uamgetfile=http:\/\/www.lerzso.hu\/wp-content\/uploads\/2013\/11\/Image16.jpg\" width=\"250\" height=\"542\" \/><\/a><\/p>\n<p><b>Ptah<\/b><\/p>\n<p>\u0150 a m\u0171v\u00e9szek \u00e9s az \u00f6tv\u00f6s\u00f6k istene, Memphiszben a vil\u00e1g megalkot\u00f3jak\u00e9nt k\u00f6sz\u00f6ntik.<\/p>\n<p><b>Szobek<\/b><\/p>\n<p>Ez a krokodilfej\u0171 isten a foly\u00f3k \u00e9s a mocsarak ura, a term\u00e9kenys\u00e9g jelk\u00e9pe.<\/p>\n<p><b>Sz\u00e9th <\/b><\/p>\n<p>\u0150 Ozirisz f\u00e9lt\u00e9keny testv\u00e9re. \u00c9jszaka R\u00e9nek seg\u00edt utaz\u00e1s\u00e1ban, nappal a sivatag ura.<\/p>\n<p><a href=\"http:\/\/www.lerzso.hu\/?uamfiletype=attachment&amp;uamgetfile=http:\/\/www.lerzso.hu\/wp-content\/uploads\/2013\/11\/Image17.png\"><img loading=\"lazy\" decoding=\"async\" class=\"alignnone size-medium wp-image-603\" alt=\"Image17\" src=\"http:\/\/www.lerzso.hu\/?uamfiletype=attachment&amp;uamgetfile=http:\/\/www.lerzso.hu\/wp-content\/uploads\/2013\/11\/Image17-144x300.png\" width=\"144\" height=\"300\" \/><\/a><\/p>\n<p><b>Thot<\/b><\/p>\n<p>Ez az \u00edbiszfej\u0171 istens\u00e9g tal\u00e1lta fel az \u00edr\u00e1st, a Hold, az \u00edrnokok \u00e9s a tud\u00e1s istene.<\/p>\n<p><a href=\"http:\/\/www.lerzso.hu\/?uamfiletype=attachment&amp;uamgetfile=http:\/\/www.lerzso.hu\/wp-content\/uploads\/2013\/11\/Thot.jpg\"><img loading=\"lazy\" decoding=\"async\" class=\"alignnone size-full wp-image-552\" alt=\"Thot\" src=\"http:\/\/www.lerzso.hu\/?uamfiletype=attachment&amp;uamgetfile=http:\/\/www.lerzso.hu\/wp-content\/uploads\/2013\/11\/Thot.jpg\" width=\"518\" height=\"671\" \/><\/a><\/p>\n<p><b>\u00a0<\/b><b>\u00cdzisz<\/b><\/p>\n<p>Ozirisz testv\u00e9re \u00e9s feles\u00e9ge, miut\u00e1n f\u00e9rj\u00e9t felt\u00e1masztotta, megsz\u00fcletik gyermek\u00fck, H\u00f3rusz. Var\u00e1zsl\u00f3i k\u00e9pess\u00e9geir\u0151l ismert, gyakran egy napkoronggal a homlok\u00e1n \u00e1br\u00e1zolj\u00e1k.<\/p>\n<p><a href=\"http:\/\/www.lerzso.hu\/?uamfiletype=attachment&amp;uamgetfile=http:\/\/www.lerzso.hu\/wp-content\/uploads\/2013\/11\/Izisz.jpg\"><img loading=\"lazy\" decoding=\"async\" class=\"alignnone size-full wp-image-551\" alt=\"Izisz\" src=\"http:\/\/www.lerzso.hu\/?uamfiletype=attachment&amp;uamgetfile=http:\/\/www.lerzso.hu\/wp-content\/uploads\/2013\/11\/Izisz.jpg\" width=\"495\" height=\"693\" \/><\/a><\/p>\n<p><b>B\u00e1sztet \u00e9s Szehmet<\/b><\/p>\n<p>Egy \u00e9s ugyanazon istenr\u0151l van sz\u00f3, R\u00e9 l\u00e1ny\u00e1r\u00f3l. Macskak\u00e9nt \u00e1br\u00e1zolva B\u00e1sztet, a Nap j\u00f3t\u00e9tem\u00e9nyeit szimboliz\u00e1lja. Oroszl\u00e1nk\u00e9nt \u00e1br\u00e1zolva, Szehmet a vesz\u00e9lyes csap\u00e1sokat szimboliz\u00e1lja (sz\u00e1razs\u00e1g, \u00e9g\u00e9sek).<\/p>\n<p><b>Hator<\/b><\/p>\n<p>Gyakran teh\u00e9nk\u00e9nt vagy szarvakkal rendelkez\u0151 n\u0151k\u00e9nt \u00e1br\u00e1zolj\u00e1k. A szerelem, az \u00f6r\u00f6m \u00e9s a zene istenn\u0151je, anyatej\u00e9vel a kir\u00e1lyi sarjat t\u00e1pl\u00e1lja.<\/p>\n<p><b>\u00a0<a href=\"http:\/\/www.lerzso.hu\/?uamfiletype=attachment&amp;uamgetfile=http:\/\/www.lerzso.hu\/wp-content\/uploads\/2013\/11\/Basztet-Hathor-Maat-Szehmet-Thoerisz.jpg\"><img loading=\"lazy\" decoding=\"async\" class=\"alignnone size-large wp-image-553\" alt=\"Basztet-Hathor-Maat-Szehmet-Thoerisz\" src=\"http:\/\/www.lerzso.hu\/?uamfiletype=attachment&amp;uamgetfile=http:\/\/www.lerzso.hu\/wp-content\/uploads\/2013\/11\/Basztet-Hathor-Maat-Szehmet-Thoerisz-1024x481.jpg\" width=\"1024\" height=\"481\" \/><\/a><\/b><\/p>\n<p><b>Maat<\/b><\/p>\n<p>Az igazs\u00e1got \u00e9s a rendet szimboliz\u00e1lja. Egy strucctoll van a haj\u00e1ban, amit m\u00e9rleg\u00e9nek serpeny\u0151j\u00e9be tesz, amikor megm\u00e9ri az elhunytak sz\u00edv\u00e9t.<\/p>\n<p><b>Tho\u00e9risz<\/b><\/p>\n<p>V\u00edzil\u00f3 teste \u00e9s oroszl\u00e1nl\u00e1bai vannak. Hasa ugyan\u00fagy kig\u00f6mb\u00f6ly\u00f6dik, mint az \u00e1ltala v\u00e9delmezett \u00e9s seg\u00edtett terhes n\u0151k\u00e9.<\/p>\n","protected":false},"excerpt":{"rendered":"<p>Amon \u00e9s R\u00e9 R\u00e9, a napisten, a vil\u00e1g teremt\u0151je. Hatalm\u00e1nak k\u00f6sz\u00f6nhet\u0151en a Nun vizei nem lepik el a f\u00f6ldet. Amon R\u00e9 k\u00e9pm\u00e1sa. Az \u00dajbirodalomt\u00f3l kezdve a k\u00e9t istennevet \u00f6sszekapcsolj\u00e1k. Anubisz Sak\u00e1l, vagy sak\u00e1lfej\u0171 ember. \u00cdzisznek seg\u00edt Ozirisz bebalzsamoz\u00e1sakor. Ez az isten fogadja a halottakat, jelen van bebalzsamoz\u00e1sukkor, \u00e9s eg\u00e9szen Ozirisz \u00edt\u00e9l\u0151sz\u00e9k\u00e9ig k\u00eds\u00e9ri \u0151ket. \u00c1pisz Ez &hellip; <\/p>\n<p><a class=\"more-link btn\" href=\"http:\/\/www.lerzso.hu\/?page_id=549\">Olvass tov\u00e1bb<\/a><\/p>\n","protected":false},"author":1,"featured_media":0,"parent":127,"menu_order":0,"comment_status":"closed","ping_status":"open","template":"","meta":{"footnotes":""},"class_list":["post-549","page","type-page","status-publish","hentry","nodate","item-wrap"],"_links":{"self":[{"href":"http:\/\/www.lerzso.hu\/index.php?rest_route=\/wp\/v2\/pages\/549","targetHints":{"allow":["GET"]}}],"collection":[{"href":"http:\/\/www.lerzso.hu\/index.php?rest_route=\/wp\/v2\/pages"}],"about":[{"href":"http:\/\/www.lerzso.hu\/index.php?rest_route=\/wp\/v2\/types\/page"}],"author":[{"embeddable":true,"href":"http:\/\/www.lerzso.hu\/index.php?rest_route=\/wp\/v2\/users\/1"}],"replies":[{"embeddable":true,"href":"http:\/\/www.lerzso.hu\/index.php?rest_route=%2Fwp%2Fv2%2Fcomments&post=549"}],"version-history":[{"count":8,"href":"http:\/\/www.lerzso.hu\/index.php?rest_route=\/wp\/v2\/pages\/549\/revisions"}],"predecessor-version":[{"id":604,"href":"http:\/\/www.lerzso.hu\/index.php?rest_route=\/wp\/v2\/pages\/549\/revisions\/604"}],"up":[{"embeddable":true,"href":"http:\/\/www.lerzso.hu\/index.php?rest_route=\/wp\/v2\/pages\/127"}],"wp:attachment":[{"href":"http:\/\/www.lerzso.hu\/index.php?rest_route=%2Fwp%2Fv2%2Fmedia&parent=549"}],"curies":[{"name":"wp","href":"https:\/\/api.w.org\/{rel}","templated":true}]}}